{"id":1052,"date":"2022-01-03T17:18:13","date_gmt":"2022-01-03T14:18:13","guid":{"rendered":"https:\/\/sadeoncubakliyat.com\/tr\/?page_id=1052"},"modified":"2022-02-01T18:46:28","modified_gmt":"2022-02-01T15:46:28","slug":"kirmizi-mercimek","status":"publish","type":"page","link":"https:\/\/sadeoncubakliyat.com\/ar\/kirmizi-mercimek\/","title":{"rendered":"\u0627\u0644\u0639\u062f\u0633 \u0627\u0644\u0623\u062d\u0645\u0631"},"content":{"rendered":"<div class=\"vc_row wpb_row vc_custom_1641219515782 porto-inner-container\"><div class=\"porto-wrap-container container\"><div class=\"row\"><div class=\"vc_column_container col-md-12\"><div class=\"wpb_wrapper vc_column-inner\">\n\t<div class=\"wpb_text_column wpb_content_element\" >\n\t\t<div class=\"wpb_wrapper\">\n\t\t\t<p class=\" translation-block\"><img loading=\"lazy\" class=\"porto-lazyload alignright wp-image-1038 lazy-load-load\"> \u0628\u0642\u0648\u0644\u064a\u0627\u062a \u0628\u0632\u0647\u0648\u0631 \u0628\u064a\u0636\u0627\u0621 <strong> \u0627\u0644\u0639\u062f\u0633 <\/strong> \u0646\u0628\u0627\u062a \u064a\u0639\u0637\u064a \u0628\u0630\u0648\u0631\u064b\u0627 \u0635\u063a\u064a\u0631\u0629 \u060c \u062e\u0636\u0631\u0627\u0621 \u0623\u0648 \u062d\u0645\u0631\u0627\u0621 \u060c \u0645\u0633\u062a\u062f\u064a\u0631\u0629 \u0648\u0645\u0633\u0637\u062d\u0629 \u0639\u0646\u062f\u0645\u0627 \u064a\u0623\u062a\u064a \u0627\u0644\u0645\u0648\u0633\u0645. \u0645\u0646 \u062d\u064a\u062b \u0638\u0631\u0648\u0641 \u0627\u0644\u0646\u0645\u0648 \u060c \u0627\u0644\u0639\u062f\u0633 \u0647\u0648 \u063a\u0630\u0627\u0621 \u064a\u0632\u0631\u0639 \u0641\u064a \u0627\u0644\u0645\u0646\u0627\u0637\u0642 \u0627\u0644\u062a\u064a \u062a\u0633\u0648\u062f \u0641\u064a\u0647\u0627 \u0627\u0644\u0638\u0631\u0648\u0641 \u0627\u0644\u0645\u0646\u0627\u062e\u064a\u0629 \u0627\u0644\u062f\u0627\u0641\u0626\u0629 \u0648\u0627\u0644\u0645\u0639\u062a\u062f\u0644\u0629. \u0627\u0644\u0639\u062f\u0633 \u0647\u0648 \u0627\u0644\u0623\u0643\u062b\u0631 \u0645\u0642\u0627\u0648\u0645\u0629 \u0644\u0644\u062c\u0641\u0627\u0641 \u0648\u0627\u0644\u062d\u0631\u0627\u0631\u0629 \u0648\u0627\u0644\u0628\u0631\u0648\u062f\u0629 \u0628\u064a\u0646 \u0627\u0644\u0628\u0642\u0648\u0644\u064a\u0627\u062a.<\/p>\n<p class=\" translation-block\">\u0644\u0627 \u064a\u0645\u0643\u0646 \u0632\u0631\u0627\u0639\u0629 \u0627\u0644\u0639\u062f\u0633 \u0627\u0644\u0635\u064a\u0641\u064a \u0641\u064a \u0628\u0644\u0627\u062f\u0646\u0627 \u060c \u0644\u0623\u0646 \u0623\u0634\u0647\u0631 \u0627\u0644\u0635\u064a\u0641 \u0634\u062f\u064a\u062f\u0629 \u0627\u0644\u062d\u0631\u0627\u0631\u0629 \u0648\u0645\u0645\u0637\u0631\u0629. \u064a\u062a\u0645 \u0625\u0646\u062a\u0627\u062c \u0634\u062a\u0627\u0621 <\/strong> \u0627\u0644\u0639\u062f\u0633 \u0627\u0644\u0623\u062d\u0645\u0631 <\/strong> \u0641\u064a \u0628\u0644\u0627\u062f\u0646\u0627. \u0645\u0646 \u0646\u0627\u062d\u064a\u0629 \u0623\u062e\u0631\u0649 \u060c \u064a\u0632\u0631\u0639 \u0627\u0644\u0639\u062f\u0633 \u0627\u0644\u0623\u062d\u0645\u0631 \u0641\u064a \u0645\u0646\u0637\u0642\u0629 \u062c\u0646\u0648\u0628 \u0634\u0631\u0642 \u0627\u0644\u0623\u0646\u0627\u0636\u0648\u0644 \u060c \u0648\u0647\u064a \u0645\u0646\u0627\u0633\u0628\u0629 \u0644\u0638\u0631\u0648\u0641 \u0627\u0644\u0645\u0646\u0627\u062e \u0627\u0644\u0634\u062a\u0648\u064a \u0641\u064a \u0628\u0644\u0627\u062f\u0646\u0627. \u0627\u0644\u0639\u062f\u0633 \u0627\u0644\u0623\u062d\u0645\u0631 \u060c \u0623\u062d\u062f \u0627\u0644\u0623\u0637\u0639\u0645\u0629 \u0627\u0644\u062a\u064a \u0644\u0627 \u063a\u0646\u0649 \u0639\u0646\u0647\u0627 \u0644\u0637\u0627\u0648\u0644\u0627\u062a \u0627\u0644\u0634\u062a\u0627\u0621 \u0641\u064a \u0628\u0644\u0627\u062f\u0646\u0627 \u060c \u0644\u0647 \u0637\u0639\u0645 \u064a\u062f\u0647\u0634 \u0627\u0644\u062c\u0645\u064a\u0639 \u0628\u0645\u0630\u0627\u0642\u0647.<\/p>\n<h3><span style=\"color: #000000;\">\u0645\u0627 \u0647\u064a \u0641\u0648\u0627\u0626\u062f \u0627\u0644\u0639\u062f\u0633 \u0627\u0644\u0623\u062d\u0645\u0631\u061f<\/span><\/h3>\n<p><span style=\"color: #000000;\">\u0643\u062b\u064a\u0631\u0627 \u0645\u0627 \u064a\u0633\u062a\u0647\u0644\u0643 \u0627\u0644\u0639\u062f\u0633 \u0627\u0644\u0623\u062d\u0645\u0631 \u0641\u064a \u0627\u0644\u0645\u0637\u0628\u062e \u0627\u0644\u062a\u0631\u0643\u064a \u0645\u0639 \u0643\u0631\u0627\u062a \u0627\u0644\u0644\u062d\u0645 \u0648\u0627\u0644\u0633\u0644\u0637\u0627\u062a \u0648\u0627\u0644\u0634\u0648\u0631\u0628\u0627\u062a \u0648\u0627\u0644\u0645\u0642\u0628\u0644\u0627\u062a. \u0628\u0627\u0644\u0625\u0636\u0627\u0641\u0629 \u0625\u0644\u0649 \u0645\u0630\u0627\u0642\u0647 \u060c \u0641\u0628\u0641\u0636\u0644 \u0645\u0627 \u064a\u062d\u062a\u0648\u064a\u0647 \u0645\u0646 \u0627\u0644\u0645\u0639\u0627\u062f\u0646 \u0648\u0627\u0644\u0641\u064a\u062a\u0627\u0645\u064a\u0646\u0627\u062a \u060c \u064a\u0648\u0641\u0631 \u0627\u0644\u0639\u062f\u0633 \u0627\u0644\u0623\u062d\u0645\u0631 \u0627\u0644\u0639\u062f\u064a\u062f \u0645\u0646 \u0627\u0644\u0641\u0648\u0627\u0626\u062f \u0644\u062c\u0633\u0645 \u0627\u0644\u0625\u0646\u0633\u0627\u0646 \u060c \u0645\u0646 \u062d\u0645\u0627\u064a\u0629 \u0635\u062d\u0629 \u0627\u0644\u062c\u0644\u062f \u0625\u0644\u0649 \u0625\u0628\u0642\u0627\u0626\u0647 \u0645\u0645\u062a\u0644\u0626\u064b\u0627. \u0642\u0645\u0646\u0627 \u0628\u062a\u062c\u0645\u064a\u0639 \u0641\u0648\u0627\u0626\u062f \u0627\u0644\u0639\u062f\u0633 \u0627\u0644\u0623\u062d\u0645\u0631 \u0644\u062c\u0633\u0645 \u0627\u0644\u0625\u0646\u0633\u0627\u0646 \u0645\u0646 \u0623\u062c\u0644\u0643.<\/span><\/p>\n<p><span style=\"color: #000000;\"><img loading=\"lazy\" class=\"alignleft wp-image-1053 size-full\" src=\"https:\/\/sadeoncubakliyat.com\/tr\/wp-content\/uploads\/2022\/01\/kirmizi-mercimek-faydalari.jpg\" alt=\"\" width=\"480\" height=\"300\" srcset=\"https:\/\/sadeoncubakliyat.com\/wp-content\/uploads\/2022\/01\/kirmizi-mercimek-faydalari.jpg 480w, https:\/\/sadeoncubakliyat.com\/wp-content\/uploads\/2022\/01\/kirmizi-mercimek-faydalari-400x250.jpg 400w, https:\/\/sadeoncubakliyat.com\/wp-content\/uploads\/2022\/01\/kirmizi-mercimek-faydalari-367x229.jpg 367w\" sizes=\"(max-width: 480px) 100vw, 480px\" \/><\/span><\/p>\n<ul>\n<li><span style=\"color: #000000;\">\u0627\u0644\u0639\u062f\u0633 \u0627\u0644\u0623\u062d\u0645\u0631 \u0645\u0641\u064a\u062f \u0644\u0644\u063a\u0627\u064a\u0629 \u0644\u0644\u0628\u0634\u0631\u0629. \u0645\u0646 \u0627\u0644\u0645\u0639\u0631\u0648\u0641 \u0623\u0646 \u0645\u0646\u062a\u062c \u0627\u0644\u0639\u062f\u0633 \u0627\u0644\u0623\u062d\u0645\u0631 \u060c \u0627\u0644\u0630\u064a \u064a\u0642\u0644\u0644 \u0645\u0646 \u0622\u062b\u0627\u0631 \u0627\u0644\u0634\u064a\u062e\u0648\u062e\u0629 \u0639\u0644\u0649 \u0627\u0644\u062c\u0644\u062f \u0639\u0646\u062f \u062a\u0646\u0627\u0648\u0644\u0647 \u0628\u0627\u0646\u062a\u0638\u0627\u0645 \u060c \u064a\u0645\u0646\u0639 \u0623\u064a\u0636\u064b\u0627 \u062a\u0643\u0648\u064a\u0646 \u062d\u0628 \u0627\u0644\u0634\u0628\u0627\u0628.<\/span><\/li>\n<li><span style=\"color: #000000;\">\u0627\u0644\u0639\u062f\u0633 \u0627\u0644\u0623\u062d\u0645\u0631 \u060c \u0627\u0644\u0630\u064a \u064a\u062d\u062a\u0648\u064a \u0639\u0644\u0649 \u0643\u0645\u064a\u0629 \u0639\u0627\u0644\u064a\u0629 \u0645\u0646 \u0627\u0644\u0623\u0644\u064a\u0627\u0641 \u060c \u0647\u0648 \u0639\u0646\u0635\u0631 \u063a\u0630\u0627\u0626\u064a \u064a\u0641\u0636\u0644\u0647 \u0627\u0644\u0623\u0634\u062e\u0627\u0635 \u0627\u0644\u0630\u064a\u0646 \u064a\u062a\u0628\u0639\u0648\u0646 \u0646\u0638\u0627\u0645\u064b\u0627 \u063a\u0630\u0627\u0626\u064a\u064b\u0627 \u060c \u0648\u0630\u0644\u0643 \u0628\u0641\u0636\u0644 \u062e\u0627\u0635\u064a\u0629 \u0627\u0644\u0634\u0628\u0639 \u0641\u064a\u0647.<\/span><\/li>\n<li><span style=\"color: #000000;\">Protein ve mineral bak\u0131m\u0131ndan olduk\u00e7a zengin olan di\u015f, kemik ve g\u00f6z sa\u011fl\u0131\u011f\u0131 i\u00e7in son derece faydal\u0131 bir g\u0131da maddesidir.<\/span><\/li>\n<li><span style=\"color: #000000;\">K\u0131rm\u0131z\u0131 mercimek \u00fcr\u00fcn\u00fc, i\u00e7eri\u011finde bulunan mineraller sayesinde sindirimi kolayla\u015ft\u0131rmaya yard\u0131mc\u0131 olmaktad\u0131r.<\/span><\/li>\n<li><span style=\"color: #000000;\">\u0625\u0646\u0647 \u0627\u0644\u0627\u062e\u062a\u064a\u0627\u0631 \u0627\u0644\u0635\u062d\u064a\u062d \u0644\u0645\u0631\u0636\u0649 \u0627\u0644\u0633\u0643\u0631 \u0644\u0623\u0646\u0647 \u064a\u0646\u0638\u0645 \u0646\u0633\u0628\u0629 \u0627\u0644\u0633\u0643\u0631 \u0641\u064a \u0627\u0644\u062f\u0645.<\/span><\/li>\n<li><span style=\"color: #000000;\">\u0639\u0646\u062f \u062a\u0646\u0627\u0648\u0644\u0647 \u0628\u0627\u0646\u062a\u0638\u0627\u0645 \u060c \u064a\u0642\u0644\u0644 \u0627\u0644\u0639\u062f\u0633 \u0627\u0644\u0623\u062d\u0645\u0631 \u0645\u0646 \u062e\u0637\u0631 \u0627\u0644\u0625\u0635\u0627\u0628\u0629 \u0628\u0623\u0646\u0648\u0627\u0639 \u0627\u0644\u0633\u0631\u0637\u0627\u0646 \u0645\u062b\u0644 \u0633\u0631\u0637\u0627\u0646 \u0627\u0644\u0631\u0626\u0629 \u0648\u0627\u0644\u0623\u0645\u0639\u0627\u0621 \u0648\u0627\u0644\u062b\u062f\u064a.<\/span><\/li>\n<li><span style=\"color: #000000;\">\u0625\u0646\u0647 \u063a\u0630\u0627\u0621 \u0645\u0641\u064a\u062f \u0644\u0635\u062d\u0629 \u0627\u0644\u0642\u0644\u0628 \u0648\u0627\u0644\u0623\u0648\u0639\u064a\u0629 \u0627\u0644\u062f\u0645\u0648\u064a\u0629 \u0639\u0646 \u0637\u0631\u064a\u0642 \u062a\u062d\u0633\u064a\u0646 \u0645\u0633\u062a\u0648\u0649 \u0627\u0644\u0643\u0648\u0644\u064a\u0633\u062a\u0631\u0648\u0644.<\/span><\/li>\n<\/ul>\n<h3><span style=\"color: #000000;\">\u0644\u0645\u0627\u0630\u0627 \u0627\u0644\u0639\u062f\u0633 \u0627\u0644\u0623\u062d\u0645\u0631 \u0627\u0644\u0628\u0631\u062a\u0642\u0627\u0644\u064a\u061f<\/span><\/h3>\n<p class=\" translation-block\"><span style=\"color: # 000000\u061b\"> \u0627\u0644\u0639\u062f\u0633 \u0627\u0644\u0623\u062d\u0645\u0631 \u064a\u062d\u062a\u0648\u064a \u0639\u0644\u0649 \u0623\u0635\u0628\u0627\u063a. \u0644\u0648\u0646 \u0627\u0644\u0639\u062f\u0633 \u0627\u0644\u0623\u062d\u0645\u0631 \u0628\u0631\u062a\u0642\u0627\u0644\u064a \u0628\u0633\u0628\u0628 \u0647\u0630\u0647 \u0627\u0644\u0623\u0635\u0628\u0627\u063a \u0627\u0644\u062a\u064a \u062a\u0648\u0641\u0631 \u0627\u0644\u0644\u0648\u0646 <strong> \u0627\u0644\u0628\u0631\u062a\u0642\u0627\u0644\u064a <\/strong> \u0644\u0646\u0628\u0627\u062a\u0627\u062a \u0627\u0644\u0643\u0627\u0631\u0648\u062a\u064a\u0646. <\/span><\/p>\n\n\t\t<\/div>\n\t<\/div>\n<\/div><\/div><\/div><\/div><\/div>","protected":false},"excerpt":{"rendered":"Baklagiller familyas\u0131ndan beyaz \u00e7i\u00e7ekli bir bitki olan\u00a0mercimek, mevsimi geldi\u011finde ufak, ye\u015fil ya da k\u0131rm\u0131z\u0131, yuvarlak ve yass\u0131ca \u015fekillerde tohum veren bir bitkidir. Mercimek, yeti\u015fme ko\u015fullar\u0131 bak\u0131m\u0131ndan s\u0131cak \u0131l\u0131man iklim ko\u015fullar\u0131n\u0131n h\u00e2kim oldu\u011fu b\u00f6lgelerde yeti\u015ftirilen bir besindir. Mercimek yemeklik baklagiller i\u00e7erisinde kura\u011fa, s\u0131ca\u011fa ve so\u011fu\u011fa en dayan\u0131kl\u0131 olan g\u0131da maddesidir. \u00dclkemizde yaz aylar\u0131, \u00e7ok s\u0131cak ve [...]","protected":false},"author":1,"featured_media":0,"parent":0,"menu_order":0,"comment_status":"closed","ping_status":"closed","template":"","meta":{"_mi_skip_tracking":false},"yoast_head":"<!-- This site is optimized with the Yoast SEO Premium plugin v17.7 (Yoast SEO v17.7) - https:\/\/yoast.com\/wordpress\/plugins\/seo\/ -->\n<title>K\u0131rm\u0131z\u0131 Mercimek - Sade \u00d6nc\u00fc Bakliyat<\/title>\n<meta name=\"description\" content=\"Mersin&#039;de baklagiller familyas\u0131ndan bir bitki olan\u00a0mercimek, ufak, ye\u015fil ya da k\u0131rm\u0131z\u0131, yuvarlak ve yass\u0131ca \u015fekillerde bir bitkidir.\" \/>\n<meta name=\"robots\" content=\"index, follow, max-snippet:-1, max-image-preview:large, max-video-preview:-1\" \/>\n<link rel=\"canonical\" href=\"https:\/\/sadeoncubakliyat.com\/ar\/kirmizi-mercimek\/\" \/>\n<meta property=\"og:locale\" content=\"ar_AR\" \/>\n<meta property=\"og:type\" content=\"article\" \/>\n<meta property=\"og:title\" content=\"K\u0131rm\u0131z\u0131 Mercimek\" \/>\n<meta property=\"og:description\" content=\"Mersin&#039;de baklagiller familyas\u0131ndan bir bitki olan\u00a0mercimek, ufak, ye\u015fil ya da k\u0131rm\u0131z\u0131, yuvarlak ve yass\u0131ca \u015fekillerde bir bitkidir.\" \/>\n<meta property=\"og:url\" content=\"https:\/\/sadeoncubakliyat.com\/ar\/kirmizi-mercimek\/\" \/>\n<meta property=\"og:site_name\" content=\"Sade \u00d6nc\u00fc Bakliyat\" \/>\n<meta property=\"article:modified_time\" content=\"2022-02-01T15:46:28+00:00\" \/>\n<meta property=\"og:image\" content=\"https:\/\/sadeoncubakliyat.com\/tr\/wp-content\/uploads\/2022\/01\/kirmizi-mercimek-300x300.jpg\" \/>\n<meta name=\"twitter:card\" content=\"summary\" \/>\n<meta name=\"twitter:label1\" content=\"\u0648\u0642\u062a \u0627\u0644\u0642\u0631\u0627\u0621\u0629 \u0627\u0644\u0645\u064f\u0642\u062f\u0651\u0631\" \/>\n\t<meta name=\"twitter:data1\" content=\"\u062f\u0642\u064a\u0642\u062a\u0627\u0646\" \/>\n<script type=\"application\/ld+json\" class=\"yoast-schema-graph\">{\"@context\":\"https:\/\/schema.org\",\"@graph\":[{\"@type\":\"Organization\",\"@id\":\"https:\/\/sadeoncubakliyat.com\/#organization\",\"name\":\"Sade \\u00d6nc\\u00fc Bakliyat\",\"url\":\"https:\/\/sadeoncubakliyat.com\/\",\"sameAs\":[],\"logo\":{\"@type\":\"ImageObject\",\"@id\":\"https:\/\/sadeoncubakliyat.com\/#logo\",\"inLanguage\":\"ar\",\"url\":\"https:\/\/sadeoncubakliyat.com\/wp-content\/uploads\/2021\/12\/sade_oncu_bakliyat_logo-3.png\",\"contentUrl\":\"https:\/\/sadeoncubakliyat.com\/wp-content\/uploads\/2021\/12\/sade_oncu_bakliyat_logo-3.png\",\"width\":512,\"height\":512,\"caption\":\"Sade \\u00d6nc\\u00fc Bakliyat\"},\"image\":{\"@id\":\"https:\/\/sadeoncubakliyat.com\/#logo\"}},{\"@type\":\"WebSite\",\"@id\":\"https:\/\/sadeoncubakliyat.com\/#website\",\"url\":\"https:\/\/sadeoncubakliyat.com\/\",\"name\":\"Sade \\u00d6nc\\u00fc Bakliyat\",\"description\":\"Kalitede ve Sadelikte \\u00d6nc\\u00fc\",\"publisher\":{\"@id\":\"https:\/\/sadeoncubakliyat.com\/#organization\"},\"potentialAction\":[{\"@type\":\"SearchAction\",\"target\":{\"@type\":\"EntryPoint\",\"urlTemplate\":\"https:\/\/sadeoncubakliyat.com\/?s={search_term_string}\"},\"query-input\":\"required name=search_term_string\"}],\"inLanguage\":\"ar\"},{\"@type\":\"ImageObject\",\"@id\":\"https:\/\/sadeoncubakliyat.com\/kirmizi-mercimek\/#primaryimage\",\"inLanguage\":\"ar\",\"url\":\"https:\/\/sadeoncubakliyat.com\/tr\/wp-content\/uploads\/2022\/01\/kirmizi-mercimek-300x300.jpg\",\"contentUrl\":\"https:\/\/sadeoncubakliyat.com\/tr\/wp-content\/uploads\/2022\/01\/kirmizi-mercimek-300x300.jpg\"},{\"@type\":\"WebPage\",\"@id\":\"https:\/\/sadeoncubakliyat.com\/kirmizi-mercimek\/#webpage\",\"url\":\"https:\/\/sadeoncubakliyat.com\/kirmizi-mercimek\/\",\"name\":\"K\\u0131rm\\u0131z\\u0131 Mercimek - Sade \\u00d6nc\\u00fc Bakliyat\",\"isPartOf\":{\"@id\":\"https:\/\/sadeoncubakliyat.com\/#website\"},\"primaryImageOfPage\":{\"@id\":\"https:\/\/sadeoncubakliyat.com\/kirmizi-mercimek\/#primaryimage\"},\"datePublished\":\"2022-01-03T14:18:13+00:00\",\"dateModified\":\"2022-02-01T15:46:28+00:00\",\"description\":\"Mersin'de baklagiller familyas\\u0131ndan bir bitki olan\\u00a0mercimek, ufak, ye\\u015fil ya da k\\u0131rm\\u0131z\\u0131, yuvarlak ve yass\\u0131ca \\u015fekillerde bir bitkidir.\",\"breadcrumb\":{\"@id\":\"https:\/\/sadeoncubakliyat.com\/kirmizi-mercimek\/#breadcrumb\"},\"inLanguage\":\"ar\",\"potentialAction\":[{\"@type\":\"ReadAction\",\"target\":[\"https:\/\/sadeoncubakliyat.com\/kirmizi-mercimek\/\"]}]},{\"@type\":\"BreadcrumbList\",\"@id\":\"https:\/\/sadeoncubakliyat.com\/kirmizi-mercimek\/#breadcrumb\",\"itemListElement\":[{\"@type\":\"ListItem\",\"position\":1,\"name\":\"Anasayfa\",\"item\":\"https:\/\/sadeoncubakliyat.com\/\"},{\"@type\":\"ListItem\",\"position\":2,\"name\":\"K\\u0131rm\\u0131z\\u0131 Mercimek\"}]}]}<\/script>\n<!-- \/ Yoast SEO Premium plugin. -->","yoast_head_json":{"title":"K\u0131rm\u0131z\u0131 Mercimek - Sade \u00d6nc\u00fc Bakliyat","description":"Mersin'de baklagiller familyas\u0131ndan bir bitki olan\u00a0mercimek, ufak, ye\u015fil ya da k\u0131rm\u0131z\u0131, yuvarlak ve yass\u0131ca \u015fekillerde bir bitkidir.","robots":{"index":"index","follow":"follow","max-snippet":"max-snippet:-1","max-image-preview":"max-image-preview:large","max-video-preview":"max-video-preview:-1"},"canonical":"https:\/\/sadeoncubakliyat.com\/ar\/kirmizi-mercimek\/","og_locale":"ar_AR","og_type":"article","og_title":"K\u0131rm\u0131z\u0131 Mercimek","og_description":"Mersin'de baklagiller familyas\u0131ndan bir bitki olan\u00a0mercimek, ufak, ye\u015fil ya da k\u0131rm\u0131z\u0131, yuvarlak ve yass\u0131ca \u015fekillerde bir bitkidir.","og_url":"https:\/\/sadeoncubakliyat.com\/ar\/kirmizi-mercimek\/","og_site_name":"Sade \u00d6nc\u00fc Bakliyat","article_modified_time":"2022-02-01T15:46:28+00:00","og_image":[{"url":"https:\/\/sadeoncubakliyat.com\/tr\/wp-content\/uploads\/2022\/01\/kirmizi-mercimek-300x300.jpg"}],"twitter_card":"summary","twitter_misc":{"\u0648\u0642\u062a \u0627\u0644\u0642\u0631\u0627\u0621\u0629 \u0627\u0644\u0645\u064f\u0642\u062f\u0651\u0631":"\u062f\u0642\u064a\u0642\u062a\u0627\u0646"},"schema":{"@context":"https:\/\/schema.org","@graph":[{"@type":"Organization","@id":"https:\/\/sadeoncubakliyat.com\/#organization","name":"Sade \u00d6nc\u00fc Bakliyat","url":"https:\/\/sadeoncubakliyat.com\/","sameAs":[],"logo":{"@type":"ImageObject","@id":"https:\/\/sadeoncubakliyat.com\/#logo","inLanguage":"ar","url":"https:\/\/sadeoncubakliyat.com\/wp-content\/uploads\/2021\/12\/sade_oncu_bakliyat_logo-3.png","contentUrl":"https:\/\/sadeoncubakliyat.com\/wp-content\/uploads\/2021\/12\/sade_oncu_bakliyat_logo-3.png","width":512,"height":512,"caption":"Sade \u00d6nc\u00fc Bakliyat"},"image":{"@id":"https:\/\/sadeoncubakliyat.com\/#logo"}},{"@type":"WebSite","@id":"https:\/\/sadeoncubakliyat.com\/#website","url":"https:\/\/sadeoncubakliyat.com\/","name":"Sade \u00d6nc\u00fc Bakliyat","description":"Kalitede ve Sadelikte \u00d6nc\u00fc","publisher":{"@id":"https:\/\/sadeoncubakliyat.com\/#organization"},"potentialAction":[{"@type":"SearchAction","target":{"@type":"EntryPoint","urlTemplate":"https:\/\/sadeoncubakliyat.com\/?s={search_term_string}"},"query-input":"required name=search_term_string"}],"inLanguage":"ar"},{"@type":"ImageObject","@id":"https:\/\/sadeoncubakliyat.com\/kirmizi-mercimek\/#primaryimage","inLanguage":"ar","url":"https:\/\/sadeoncubakliyat.com\/tr\/wp-content\/uploads\/2022\/01\/kirmizi-mercimek-300x300.jpg","contentUrl":"https:\/\/sadeoncubakliyat.com\/tr\/wp-content\/uploads\/2022\/01\/kirmizi-mercimek-300x300.jpg"},{"@type":"WebPage","@id":"https:\/\/sadeoncubakliyat.com\/kirmizi-mercimek\/#webpage","url":"https:\/\/sadeoncubakliyat.com\/kirmizi-mercimek\/","name":"K\u0131rm\u0131z\u0131 Mercimek - Sade \u00d6nc\u00fc Bakliyat","isPartOf":{"@id":"https:\/\/sadeoncubakliyat.com\/#website"},"primaryImageOfPage":{"@id":"https:\/\/sadeoncubakliyat.com\/kirmizi-mercimek\/#primaryimage"},"datePublished":"2022-01-03T14:18:13+00:00","dateModified":"2022-02-01T15:46:28+00:00","description":"Mersin'de baklagiller familyas\u0131ndan bir bitki olan\u00a0mercimek, ufak, ye\u015fil ya da k\u0131rm\u0131z\u0131, yuvarlak ve yass\u0131ca \u015fekillerde bir bitkidir.","breadcrumb":{"@id":"https:\/\/sadeoncubakliyat.com\/kirmizi-mercimek\/#breadcrumb"},"inLanguage":"ar","potentialAction":[{"@type":"ReadAction","target":["https:\/\/sadeoncubakliyat.com\/kirmizi-mercimek\/"]}]},{"@type":"BreadcrumbList","@id":"https:\/\/sadeoncubakliyat.com\/kirmizi-mercimek\/#breadcrumb","itemListElement":[{"@type":"ListItem","position":1,"name":"Anasayfa","item":"https:\/\/sadeoncubakliyat.com\/"},{"@type":"ListItem","position":2,"name":"K\u0131rm\u0131z\u0131 Mercimek"}]}]}},"_links":{"self":[{"href":"https:\/\/sadeoncubakliyat.com\/ar\/wp-json\/wp\/v2\/pages\/1052"}],"collection":[{"href":"https:\/\/sadeoncubakliyat.com\/ar\/wp-json\/wp\/v2\/pages"}],"about":[{"href":"https:\/\/sadeoncubakliyat.com\/ar\/wp-json\/wp\/v2\/types\/page"}],"author":[{"embeddable":true,"href":"https:\/\/sadeoncubakliyat.com\/ar\/wp-json\/wp\/v2\/users\/1"}],"replies":[{"embeddable":true,"href":"https:\/\/sadeoncubakliyat.com\/ar\/wp-json\/wp\/v2\/comments?post=1052"}],"version-history":[{"count":9,"href":"https:\/\/sadeoncubakliyat.com\/ar\/wp-json\/wp\/v2\/pages\/1052\/revisions"}],"predecessor-version":[{"id":1059,"href":"https:\/\/sadeoncubakliyat.com\/ar\/wp-json\/wp\/v2\/pages\/1052\/revisions\/1059"}],"wp:attachment":[{"href":"https:\/\/sadeoncubakliyat.com\/ar\/wp-json\/wp\/v2\/media?parent=1052"}],"curies":[{"name":"wp","href":"https:\/\/api.w.org\/{rel}","templated":true}]}}