{"id":1078,"date":"2022-01-03T17:47:20","date_gmt":"2022-01-03T14:47:20","guid":{"rendered":"https:\/\/sadeoncubakliyat.com\/tr\/?page_id=1078"},"modified":"2022-01-07T22:35:56","modified_gmt":"2022-01-07T19:35:56","slug":"kuru-fasulye","status":"publish","type":"page","link":"https:\/\/sadeoncubakliyat.com\/ar\/kuru-fasulye\/","title":{"rendered":"\u0641\u0627\u0635\u0648\u0644\u064a\u0627\u0621 \u062c\u0627\u0641\u0629"},"content":{"rendered":"<div class=\"vc_row wpb_row vc_custom_1641219515782 porto-inner-container\"><div class=\"porto-wrap-container container\"><div class=\"row\"><div class=\"vc_column_container col-md-12\"><div class=\"wpb_wrapper vc_column-inner\">\n\t<div class=\"wpb_text_column wpb_content_element\" >\n\t\t<div class=\"wpb_wrapper\">\n\t\t\t<p><img loading=\"lazy\" class=\"alignleft size-medium wp-image-997\" src=\"https:\/\/sadeoncubakliyat.com\/tr\/wp-content\/uploads\/2021\/12\/kuru-fasulye-1-300x300.jpg\" alt=\"\" width=\"300\" height=\"300\" \/>\u0627\u0644\u0641\u0627\u0635\u0648\u0644\u064a\u0627 \u0627\u0644\u062c\u0627\u0641\u0629 \u0645\u0646 \u0623\u0634\u0647\u0631 \u0623\u0637\u0628\u0627\u0642 \u0627\u0644\u0645\u0637\u0628\u062e \u0627\u0644\u062a\u0631\u0643\u064a. \u0646\u0643\u0647\u0629 \u0645\u0637\u0628\u0648\u062e\u0629 \u0641\u064a \u0643\u0644 \u0645\u0646\u0632\u0644 \u0648\u0623\u0635\u0628\u062d\u062a \u0639\u0628\u0627\u062f\u0629 \u0645\u0639 \u0627\u0644\u0623\u0631\u0632. \u0646\u0638\u0631\u064b\u0627 \u0644\u0627\u0631\u062a\u0641\u0627\u0639 \u0625\u0646\u062a\u0627\u062c\u064a\u0629 \u0627\u0644\u0641\u0627\u0635\u0648\u0644\u064a\u0627 \u0627\u0644\u062c\u0627\u0641\u0629 \u0641\u064a \u062a\u0631\u0643\u064a\u0627 \u060c \u064a\u062a\u0645 \u0627\u0633\u062a\u0647\u0644\u0627\u0643\u0647\u0627 \u0628\u0643\u062b\u0631\u0629. \u0627\u0644\u0641\u0627\u0635\u0648\u0644\u064a\u0627 \u0627\u0644\u062c\u0627\u0641\u0629 \u060c \u0627\u0644\u062a\u064a \u062a\u062d\u062a\u0648\u064a \u0639\u0644\u0649 \u0643\u0645\u064a\u0629 \u0639\u0627\u0644\u064a\u0629 \u0645\u0646 \u0627\u0644\u0628\u0631\u0648\u062a\u064a\u0646 \u060c \u0643\u0627\u0646\u062a \u0636\u0645\u0646 \u0645\u062c\u0645\u0648\u0639\u0629 \u0627\u0644\u0623\u0637\u0639\u0645\u0629 \u0627\u0644\u062a\u064a \u062a\u0645 \u062a\u0646\u0627\u0648\u0644\u0647\u0627 \u0628\u0627\u0633\u062a\u0645\u0631\u0627\u0631 \u0628\u0627\u0633\u0645 \u0627\u0644\u0637\u0639\u0627\u0645 \u0627\u0644\u0633\u064a\u0621 \u0645\u0646\u0630 \u0633\u0646\u0648\u0627\u062a. \u0627\u0644\u064a\u0648\u0645 \u060c \u0646\u0638\u0631\u064b\u0627 \u0644\u0627\u0631\u062a\u0641\u0627\u0639 \u0623\u0633\u0639\u0627\u0631 \u0627\u0644\u0641\u0627\u0635\u0648\u0644\u064a\u0627 \u0627\u0644\u062c\u0627\u0641\u0629 \u060c \u0641\u0642\u062f \u0628\u062f\u0623 \u064a\u0634\u0627\u0631 \u0625\u0644\u064a\u0647\u0627 \u0628\u062e\u0641\u0629 \u062f\u0645 \u0639\u0644\u0649 \u0623\u0646\u0647\u0627 \"\u0627\u0644\u0637\u0639\u0627\u0645 \u0627\u0644\u063a\u0646\u064a\". \u064a\u062a\u0645 \u062a\u0636\u0645\u064a\u0646 \u0627\u0644\u0641\u0627\u0635\u0648\u0644\u064a\u0627 \u0627\u0644\u0645\u062e\u0628\u0648\u0632\u0629 \u0641\u064a \u0643\u0644 \u0648\u0635\u0641\u0629 \u0645\u0646 \u0627\u0644\u0641\u0627\u0635\u0648\u0644\u064a\u0627 \u0627\u0644\u0645\u062e\u0628\u0648\u0632\u0629 \u0625\u0644\u0649 \u0627\u0644\u0628\u064a\u0627\u0633 \u0648\u0627\u0644\u0628\u0631\u0627\u0648\u0646\u064a\u0632.<\/p>\n<p>\u062a\u062d\u062a\u0648\u064a \u0627\u0644\u0641\u0627\u0635\u0648\u0644\u064a\u0627 \u0627\u0644\u062c\u0627\u0641\u0629 \u0639\u0644\u0649 \u0646\u0633\u0628\u0629 \u0639\u0627\u0644\u064a\u0629 \u062c\u062f\u064b\u0627 \u0645\u0646 \u0627\u0644\u0628\u0631\u0648\u062a\u064a\u0646. \u0628\u0627\u0633\u062a\u062e\u062f\u0627\u0645 \u0647\u0630\u0627 \u0627\u0644\u0645\u0635\u062f\u0631 \u0627\u0644\u0635\u062d\u064a \u0644\u0644\u0628\u0642\u0648\u0644\u064a\u0627\u062a \u060c \u064a\u0645\u0643\u0646 \u0627\u0644\u062d\u0635\u0648\u0644 \u0639\u0644\u0649 \u0646\u0633\u0628\u0629 \u0627\u0644\u0628\u0631\u0648\u062a\u064a\u0646 \u0627\u0644\u062a\u064a \u064a\u0645\u0643\u0646 \u0627\u0644\u062d\u0635\u0648\u0644 \u0639\u0644\u064a\u0647\u0627 \u0645\u0646 \u0623\u0637\u0628\u0627\u0642 \u0627\u0644\u0644\u062d\u0648\u0645. \u064a\u0645\u0643\u0646 \u0623\u0646 \u062a\u0644\u0628\u064a \u0645\u0639\u0638\u0645 \u0627\u0644\u0642\u064a\u0645 \u0627\u0644\u063a\u0630\u0627\u0626\u064a\u0629 \u0627\u0644\u062a\u064a \u062a\u0648\u0641\u0631\u0647\u0627 \u0627\u0644\u0644\u062d\u0648\u0645 \u0627\u0644\u062d\u0645\u0631\u0627\u0621 \u0644\u0644\u062c\u0633\u0645. \u0645\u0646 \u0623\u0634\u0647\u0631 \u0623\u0637\u0628\u0627\u0642 \u0627\u0644\u0645\u0637\u0628\u062e \u0627\u0644\u062a\u0631\u0643\u064a \u0627\u0644\u0641\u0627\u0635\u0648\u0644\u064a\u0627 \u0627\u0644\u062c\u0627\u0641\u0629. \u0627\u0644\u0641\u0627\u0635\u0648\u0644\u064a\u0627 \u0627\u0644\u062c\u0627\u0641\u0629 \u060c \u0648\u0647\u064a \u063a\u0646\u064a\u0629 \u062c\u062f\u064b\u0627 \u0628\u0627\u0644\u0642\u064a\u0645 \u0627\u0644\u063a\u0630\u0627\u0626\u064a\u0629 \u060c \u0644\u0647\u0627 \u0641\u0648\u0627\u0626\u062f \u062a\u064f\u062f\u0639\u0649 \u0645\u0647\u0645\u0629 \u0644\u0644\u0635\u062d\u0629.<\/p>\n<p>\u0647\u0646\u0627\u0643 \u0623\u0646\u0648\u0627\u0639 \u0639\u062f\u064a\u062f\u0629 \u0645\u0646 \u0627\u0644\u0641\u0627\u0635\u0648\u0644\u064a\u0627 \u0627\u0644\u0645\u062c\u0641\u0641\u0629. \u0623\u0646\u0648\u0627\u0639 \u0627\u0644\u0641\u0627\u0635\u0648\u0644\u064a\u0627 \u0627\u0644\u0645\u062c\u0641\u0641\u0629: \u0635\u0627\u0644\u062d\u0629 \u0644\u0644\u0623\u0643\u0644 \u060c \u0645\u0645\u062a\u0644\u0626\u0629 \u060c \u0634\u062c\u064a\u0631\u0629 \u060c \u062f\u064a\u0643 \u060c \u062b\u064a\u0633\u0627\u0644\u0648\u0646\u064a\u0643\u064a \u060c \u062f\u064a\u0631\u0645\u0627\u0633\u0648\u0646 \u060c \u0633\u0643\u0631 \u060c \u0628\u062a\u0627\u0644 \u060c \u0641\u0627\u0635\u0648\u0644\u064a\u0627 \u062d\u0645\u0631\u0627\u0621 \u060c \u0628\u0648\u0645\u0628\u0627 \u0648\u0635\u0641. \u0628\u0635\u0631\u0641 \u0627\u0644\u0646\u0638\u0631 \u0639\u0646 \u0647\u0630\u0627 \u060c \u064a\u0648\u062c\u062f \u0623\u064a\u0636\u064b\u0627 \u062f\u0642\u064a\u0642 \u0627\u0644\u0641\u0627\u0635\u0648\u0644\u064a\u0627 \u0627\u0644\u062c\u0627\u0641\u0629.<\/p>\n<h2 id=\"h-gelelim-fasulyenin-faydalar-na\"><strong>\u00a0<\/strong><\/h2>\n<p><img loading=\"lazy\" class=\"alignright size-full wp-image-1079\" src=\"https:\/\/sadeoncubakliyat.com\/tr\/wp-content\/uploads\/2022\/01\/organik-kuru-fasulye.jpg\" alt=\"\" width=\"500\" height=\"500\" srcset=\"https:\/\/sadeoncubakliyat.com\/wp-content\/uploads\/2022\/01\/organik-kuru-fasulye.jpg 500w, https:\/\/sadeoncubakliyat.com\/wp-content\/uploads\/2022\/01\/organik-kuru-fasulye-400x400.jpg 400w, https:\/\/sadeoncubakliyat.com\/wp-content\/uploads\/2022\/01\/organik-kuru-fasulye-367x367.jpg 367w\" sizes=\"(max-width: 500px) 100vw, 500px\" \/><\/p>\n<h2 id=\"h-gelelim-fasulyenin-faydalar-na\"><strong>\u0641\u0648\u0627\u0626\u062f \u0627\u0644\u0641\u0648\u0644<\/strong><\/h2>\n<p>\u0627\u0644\u0641\u0627\u0635\u0648\u0644\u064a\u0627 \u0627\u0644\u062c\u0627\u0641\u0629 \u063a\u0630\u0627\u0621 \u0645\u0641\u064a\u062f \u062c\u062f\u0627 \u0628\u0634\u0643\u0644 \u0639\u0627\u0645. \u0644\u0627 \u064a\u0632\u064a\u062f \u0627\u0644\u0633\u0643\u0631 \u0628\u0644 \u0639\u0644\u0649 \u0627\u0644\u0639\u0643\u0633 \u064a\u0648\u0627\u0632\u0646 \u0627\u0644\u0633\u0643\u0631. \u0627\u0644\u0641\u0627\u0635\u0648\u0644\u064a\u0627 \u0627\u0644\u062c\u0627\u0641\u0629 \u0645\u0641\u064a\u062f\u0629 \u0641\u064a \u062d\u0644 \u0627\u0644\u0639\u062f\u064a\u062f \u0645\u0646 \u0627\u0644\u0645\u0634\u0627\u0643\u0644 \u0627\u0644\u0635\u062d\u064a\u0629. \u062a\u062d\u062a\u0648\u064a \u0627\u0644\u0641\u0627\u0635\u0648\u0644\u064a\u0627 \u0627\u0644\u062c\u0627\u0641\u0629 \u060c \u0627\u0644\u062a\u064a \u0644\u0647\u0627 \u0641\u0648\u0627\u0626\u062f \u062d\u064a\u0648\u064a\u0629 \u060c \u0639\u0644\u0649 \u0645\u0633\u062a\u0648\u064a\u0627\u062a \u0639\u0627\u0644\u064a\u0629 \u062c\u062f\u064b\u0627 \u0645\u0646 \u0627\u0644\u0628\u0631\u0648\u062a\u064a\u0646. \u0627\u0644\u0641\u0627\u0635\u0648\u0644\u064a\u0627 \u0627\u0644\u062c\u0627\u0641\u0629 \u060c \u0645\u0646\u062e\u0641\u0636\u0629 \u0627\u0644\u0633\u0639\u0631\u0627\u062a \u0627\u0644\u062d\u0631\u0627\u0631\u064a\u0629 \u060c \u062a\u0632\u064a\u062f \u0645\u0646 \u0645\u0639\u062f\u0644 \u0627\u0644\u0623\u064a\u0636. \u064a\u0639\u0645\u0644 \u0628\u0634\u0643\u0644 \u0641\u0639\u0627\u0644 \u0636\u062f \u0623\u0645\u0631\u0627\u0636 \u0627\u0644\u0643\u0644\u0649. \u064a\u0648\u0641\u0631 \u0627\u0644\u0645\u0632\u064a\u062f \u0645\u0646 \u0627\u0644\u062f\u0639\u0645 \u0644\u0644\u0643\u0644\u0649 \u0628\u064a\u0646 \u0623\u0639\u0636\u0627\u0621 \u0627\u0644\u062c\u0633\u0645. \u064a\u0633\u0627\u0639\u062f \u0641\u064a \u062d\u0644 \u0627\u0644\u0645\u0634\u0627\u0643\u0644. \u0644\u0644\u0641\u0627\u0635\u0648\u0644\u064a\u0627 \u0627\u0644\u062c\u0627\u0641\u0629 \u0627\u0644\u0639\u0634\u0631\u0627\u062a \u0645\u0646 \u0627\u0644\u0641\u0648\u0627\u0626\u062f \u0644\u0644\u062d\u0641\u0627\u0638 \u0639\u0644\u0649 \u0628\u0646\u064a\u0629 \u0627\u0644\u062c\u0633\u0645. \u0628\u0627\u0644\u0625\u0636\u0627\u0641\u0629 \u0625\u0644\u0649 \u0630\u0644\u0643 \u060c \u0641\u0625\u0646\u0647 \u064a\u0648\u0641\u0631 \u0627\u0644\u0631\u0639\u0627\u064a\u0629 \u0627\u0644\u062a\u064a \u0644\u0627 \u062a\u0648\u0641\u0631\u0647\u0627 \u0645\u0633\u062a\u062d\u0636\u0631\u0627\u062a \u0627\u0644\u062a\u062c\u0645\u064a\u0644 \u0627\u0644\u0643\u064a\u0645\u064a\u0627\u0626\u064a\u0629 \u0644\u0644\u0628\u0634\u0631\u0629.<\/p>\n<p>\u0625\u0646\u0647 \u0645\u0641\u064a\u062f \u062c\u062f\u064b\u0627 \u0644\u0635\u062d\u0629 \u0627\u0644\u062c\u0633\u0645 \u062f\u0627\u062e\u0644\u064a\u064b\u0627 \u0648\u062e\u0627\u0631\u062c\u064a\u064b\u0627 \u0641\u064a \u0627\u0644\u0639\u0646\u0627\u064a\u0629 \u0628\u0627\u0644\u0628\u0634\u0631\u0629 \u0627\u0644\u0637\u0628\u064a\u0639\u064a\u0629 \u0628\u062f\u0644\u0627\u064b \u0645\u0646 \u0645\u0633\u062a\u062d\u0636\u0631\u0627\u062a \u0627\u0644\u062a\u062c\u0645\u064a\u0644. \u0627\u0644\u062f\u0642\u064a\u0642 \u0627\u0644\u0645\u0646\u062a\u062c \u0645\u0646 \u0627\u0644\u0641\u0627\u0635\u0648\u0644\u064a\u0627 \u0627\u0644\u062c\u0627\u0641\u0629 \u063a\u0646\u064a \u0628\u0627\u0644\u0642\u064a\u0645\u0629 \u0627\u0644\u063a\u0630\u0627\u0626\u064a\u0629. \u0625\u0646\u0647 \u0645\u0641\u064a\u062f \u0639\u0646\u062f \u062a\u0646\u0627\u0648\u0644\u0647 \u0643\u063a\u0630\u0627\u0621. \u064a\u0633\u0627\u0639\u062f \u0627\u0644\u0642\u0646\u0627\u0639 \u0627\u0644\u0645\u0635\u0646\u0648\u0639 \u0645\u0646 \u0647\u0630\u0627 \u0627\u0644\u0637\u062d\u064a\u0646 \u0641\u064a \u0627\u0644\u062d\u0641\u0627\u0638 \u0639\u0644\u0649 \u0627\u0644\u0628\u0646\u064a\u0629 \u0627\u0644\u0637\u0628\u064a\u0639\u064a\u0629 \u0644\u0644\u0628\u0634\u0631\u0629. \u0645\u0646 \u0627\u0644\u0641\u0648\u0627\u0626\u062f \u0627\u0644\u062a\u064a \u064a\u0648\u0641\u0631\u0647\u0627 \u0644\u0644\u062c\u0644\u062f \u0647\u0648 \u0623\u0646 \u0644\u0647 \u062a\u0623\u062b\u064a\u0631\u0627\u062a \u0648\u0642\u0627\u0626\u064a\u0629 \u0639\u0644\u0649 \u0627\u0644\u063a\u062f\u062f \u0627\u0644\u062f\u0647\u0646\u064a\u0629. \u0628\u0641\u0636\u0644 \u0622\u062b\u0627\u0631\u0647 \u060c \u064a\u0639\u0645\u0644 \u0643\u0645\u062b\u0628\u0637 \u0644\u062a\u0643\u0648\u064a\u0646 \u062d\u0628 \u0627\u0644\u0634\u0628\u0627\u0628 \u0648\u062d\u0628 \u0627\u0644\u0634\u0628\u0627\u0628.<\/p>\n<p>\u0628\u0627\u0644\u0645\u0642\u0627\u0631\u0646\u0629 \u0645\u0639 \u0627\u0644\u0644\u062d\u0648\u0645 \u0627\u0644\u062d\u0645\u0631\u0627\u0621 \u0645\u0646 \u062d\u064a\u062b \u0627\u0644\u0645\u062d\u062a\u0648\u0649 \u060c \u062a\u062d\u062a\u0648\u064a \u0627\u0644\u0641\u0627\u0635\u0648\u0644\u064a\u0627 \u0627\u0644\u062c\u0627\u0641\u0629 \u0639\u0644\u0649 \u0645\u0639\u0627\u062f\u0646 \u062f\u0627\u0639\u0645\u0629 \u0644\u0644\u0635\u062d\u0629. \u0639\u0646\u062f \u062a\u0646\u0627\u0648\u0644\u0647 \u0628\u0627\u0646\u062a\u0638\u0627\u0645 \u060c \u0641\u0625\u0646\u0647 \u064a\u0642\u0648\u064a \u0627\u0644\u062c\u0647\u0627\u0632 \u0627\u0644\u0647\u0636\u0645\u064a \u060c \u0648\u064a\u062d\u0633\u0646 \u0628\u0646\u064a\u0629 \u0627\u0644\u0639\u0638\u0627\u0645 \u0648\u064a\u0633\u0627\u0639\u062f \u0641\u064a \u062d\u0644 \u0627\u0644\u0645\u0634\u0627\u0643\u0644 \u0627\u0644\u0623\u062e\u0631\u0649. \u0627\u0644\u0641\u0627\u0635\u0648\u0644\u064a\u0627 \u0627\u0644\u062c\u0627\u0641\u0629 \u0644\u0647\u0627 \u062a\u0623\u062b\u064a\u0631 \u0641\u064a \u062a\u0633\u0631\u064a\u0639 \u0639\u0645\u0644\u064a\u0629 \u0627\u0644\u062a\u0645\u062b\u064a\u0644 \u0627\u0644\u063a\u0630\u0627\u0626\u064a. \u062d\u062a\u0649 \u0623\u0646\u0647 \u064a\u0633\u0627\u0639\u062f \u0641\u064a \u062d\u0644 \u0645\u0634\u0627\u0643\u0644 \u0627\u0644\u0625\u0645\u0633\u0627\u0643. \u064a\u0633\u0627\u0639\u062f \u0639\u0644\u0649 \u0625\u0646\u0642\u0627\u0635 \u0627\u0644\u0648\u0632\u0646.<\/p>\n<p>\u0628\u0627\u0644\u0645\u0642\u0627\u0631\u0646\u0629 \u0645\u0639 \u0627\u0644\u0644\u062d\u0648\u0645 \u0627\u0644\u062d\u0645\u0631\u0627\u0621 \u0645\u0646 \u062d\u064a\u062b \u0627\u0644\u0645\u062d\u062a\u0648\u0649 \u060c \u062a\u062d\u062a\u0648\u064a \u0627\u0644\u0641\u0627\u0635\u0648\u0644\u064a\u0627 \u0627\u0644\u062c\u0627\u0641\u0629 \u0639\u0644\u0649 \u0645\u0639\u0627\u062f\u0646 \u062f\u0627\u0639\u0645\u0629 \u0644\u0644\u0635\u062d\u0629. \u0639\u0646\u062f \u062a\u0646\u0627\u0648\u0644\u0647 \u0628\u0627\u0646\u062a\u0638\u0627\u0645 \u060c \u0641\u0625\u0646\u0647 \u064a\u0642\u0648\u064a \u0627\u0644\u062c\u0647\u0627\u0632 \u0627\u0644\u0647\u0636\u0645\u064a \u060c \u0648\u064a\u062d\u0633\u0646 \u0628\u0646\u064a\u0629 \u0627\u0644\u0639\u0638\u0627\u0645 \u0648\u064a\u0633\u0627\u0639\u062f \u0641\u064a \u062d\u0644 \u0627\u0644\u0645\u0634\u0627\u0643\u0644 \u0627\u0644\u0623\u062e\u0631\u0649. \u0627\u0644\u0641\u0627\u0635\u0648\u0644\u064a\u0627 \u0627\u0644\u062c\u0627\u0641\u0629 \u0644\u0647\u0627 \u062a\u0623\u062b\u064a\u0631 \u0641\u064a \u062a\u0633\u0631\u064a\u0639 \u0639\u0645\u0644\u064a\u0629 \u0627\u0644\u062a\u0645\u062b\u064a\u0644 \u0627\u0644\u063a\u0630\u0627\u0626\u064a. \u062d\u062a\u0649 \u0623\u0646\u0647 \u064a\u0633\u0627\u0639\u062f \u0641\u064a \u062d\u0644 \u0645\u0634\u0627\u0643\u0644 \u0627\u0644\u0625\u0645\u0633\u0627\u0643. \u064a\u0633\u0627\u0639\u062f \u0639\u0644\u0649 \u0625\u0646\u0642\u0627\u0635 \u0627\u0644\u0648\u0632\u0646.<\/p>\n<h2 id=\"h-kuru-fasulye-kalori-ve-besin-de-eri-nedir\"><strong>\u0645\u0627 \u0647\u064a \u0627\u0644\u0633\u0639\u0631\u0627\u062a \u0627\u0644\u062d\u0631\u0627\u0631\u064a\u0629 \u0648\u0627\u0644\u0642\u064a\u0645\u0629 \u0627\u0644\u063a\u0630\u0627\u0626\u064a\u0629 \u0644\u0644\u0641\u0627\u0635\u0648\u0644\u064a\u0627 \u0627\u0644\u062c\u0627\u0641\u0629\u061f<\/strong><\/h2>\n<p>\u0627\u0644\u0641\u0627\u0635\u0648\u0644\u064a\u0627 \u0627\u0644\u062c\u0627\u0641\u0629 \u063a\u0646\u064a\u0629 \u062c\u062f\u064b\u0627 \u0628\u0627\u0644\u0642\u064a\u0645\u0629 \u0627\u0644\u063a\u0630\u0627\u0626\u064a\u0629. \u064a\u062d\u062a\u0648\u064a \u0639\u0644\u0649 \u0628\u0631\u0648\u062a\u064a\u0646. \u0625\u0646\u0647 \u0623\u062d\u062f \u0627\u0644\u0623\u0637\u0639\u0645\u0629 \u0627\u0644\u062a\u064a \u062a\u062d\u062a\u0648\u064a \u0639\u0644\u0649 \u0623\u0639\u0644\u0649 \u0646\u0633\u0628\u0629 \u0645\u0646 \u0627\u0644\u0623\u0644\u064a\u0627\u0641. \u0641\u064a\u062a\u0627\u0645\u064a\u0646\u0627\u062a \u0627\u0644\u0641\u0627\u0635\u0648\u0644\u064a\u0627 \u0627\u0644\u062c\u0627\u0641\u0629 \u0647\u064a \u0641\u064a\u062a\u0627\u0645\u064a\u0646 \u0623 \u0648\u0641\u064a\u062a\u0627\u0645\u064a\u0646 \u0633\u064a. \u0643\u0645\u0627 \u0623\u0646\u0647 \u064a\u062d\u062a\u0648\u064a \u0639\u0644\u0649 \u0627\u0644\u0628\u0648\u062a\u0627\u0633\u064a\u0648\u0645 \u0648\u0627\u0644\u062d\u062f\u064a\u062f \u0648\u0627\u0644\u0643\u0627\u0644\u0633\u064a\u0648\u0645.<\/p>\n<h2 id=\"h-kuru-fasulye-ka-kalori\"><strong>\u0643\u0645 \u0639\u062f\u062f \u0627\u0644\u0633\u0639\u0631\u0627\u062a \u0627\u0644\u062d\u0631\u0627\u0631\u064a\u0629 \u0641\u064a \u0627\u0644\u0641\u0627\u0635\u0648\u0644\u064a\u0627 \u0627\u0644\u0645\u062c\u0641\u0641\u0629\u061f<\/strong><\/h2>\n<p>\u0627\u0644\u0641\u0627\u0635\u0648\u0644\u064a\u0627 \u0627\u0644\u062c\u0627\u0641\u0629 \u062d\u0648\u0627\u0644\u064a 350-400 \u0633\u0639\u0631\u0629 \u062d\u0631\u0627\u0631\u064a\u0629. \u0625\u0646\u0647 \u0635\u062d\u064a \u0648\u0645\u062b\u0627\u0644\u064a \u0644\u0623\u062e\u0635\u0627\u0626\u064a\u064a \u0627\u0644\u062d\u0645\u064a\u0627\u062a.<\/p>\n\n\t\t<\/div>\n\t<\/div>\n<\/div><\/div><\/div><\/div><\/div>","protected":false},"excerpt":{"rendered":"Kuru fasulye T\u00fcrk mutfa\u011f\u0131n\u0131n en pop\u00fcler yemeklerinden biridir. Her evde pi\u015fen, pilav ile birlikte bir k\u00fclt haline gelmi\u015f olan bir lezzet. T\u00fcrkiye\u2019de kuru fasulye verimi y\u00fcksek oldu\u011fundan dolay\u0131 bolca t\u00fcketilir. Y\u00fcksek oranda protein i\u00e7eren kuru fasulye, y\u0131llar \u00f6nce fakir yiyece\u011fi ismiyle s\u00fcrekli t\u00fcketilen yiyecekler grubu i\u00e7erisindeydi. G\u00fcn\u00fcm\u00fczde ise y\u00fcksek seyreden kuru fasulye fiyatlar\u0131 nedeniyle esprili [...]","protected":false},"author":1,"featured_media":0,"parent":0,"menu_order":0,"comment_status":"closed","ping_status":"closed","template":"","meta":{"_mi_skip_tracking":false},"yoast_head":"<!-- This site is optimized with the Yoast SEO Premium plugin v17.7 (Yoast SEO v17.7) - https:\/\/yoast.com\/wordpress\/plugins\/seo\/ -->\n<title>Kuru Fasulye - Sade \u00d6nc\u00fc Bakliyat<\/title>\n<meta name=\"robots\" content=\"index, follow, max-snippet:-1, max-image-preview:large, max-video-preview:-1\" \/>\n<link rel=\"canonical\" href=\"https:\/\/sadeoncubakliyat.com\/ar\/kuru-fasulye\/\" \/>\n<meta property=\"og:locale\" content=\"ar_AR\" \/>\n<meta property=\"og:type\" content=\"article\" \/>\n<meta property=\"og:title\" content=\"Kuru Fasulye\" \/>\n<meta property=\"og:url\" content=\"https:\/\/sadeoncubakliyat.com\/ar\/kuru-fasulye\/\" \/>\n<meta property=\"og:site_name\" content=\"Sade \u00d6nc\u00fc Bakliyat\" \/>\n<meta property=\"article:modified_time\" content=\"2022-01-07T19:35:56+00:00\" \/>\n<meta property=\"og:image\" content=\"https:\/\/sadeoncubakliyat.com\/tr\/wp-content\/uploads\/2021\/12\/kuru-fasulye-1-300x300.jpg\" \/>\n<meta name=\"twitter:card\" content=\"summary\" \/>\n<meta name=\"twitter:label1\" content=\"\u0648\u0642\u062a \u0627\u0644\u0642\u0631\u0627\u0621\u0629 \u0627\u0644\u0645\u064f\u0642\u062f\u0651\u0631\" \/>\n\t<meta name=\"twitter:data1\" content=\"3 \u062f\u0642\u0627\u0626\u0642\" \/>\n<script type=\"application\/ld+json\" class=\"yoast-schema-graph\">{\"@context\":\"https:\/\/schema.org\",\"@graph\":[{\"@type\":\"Organization\",\"@id\":\"https:\/\/sadeoncubakliyat.com\/#organization\",\"name\":\"Sade \\u00d6nc\\u00fc Bakliyat\",\"url\":\"https:\/\/sadeoncubakliyat.com\/\",\"sameAs\":[],\"logo\":{\"@type\":\"ImageObject\",\"@id\":\"https:\/\/sadeoncubakliyat.com\/#logo\",\"inLanguage\":\"ar\",\"url\":\"https:\/\/sadeoncubakliyat.com\/wp-content\/uploads\/2021\/12\/sade_oncu_bakliyat_logo-3.png\",\"contentUrl\":\"https:\/\/sadeoncubakliyat.com\/wp-content\/uploads\/2021\/12\/sade_oncu_bakliyat_logo-3.png\",\"width\":512,\"height\":512,\"caption\":\"Sade \\u00d6nc\\u00fc Bakliyat\"},\"image\":{\"@id\":\"https:\/\/sadeoncubakliyat.com\/#logo\"}},{\"@type\":\"WebSite\",\"@id\":\"https:\/\/sadeoncubakliyat.com\/#website\",\"url\":\"https:\/\/sadeoncubakliyat.com\/\",\"name\":\"Sade \\u00d6nc\\u00fc Bakliyat\",\"description\":\"Kalitede ve Sadelikte \\u00d6nc\\u00fc\",\"publisher\":{\"@id\":\"https:\/\/sadeoncubakliyat.com\/#organization\"},\"potentialAction\":[{\"@type\":\"SearchAction\",\"target\":{\"@type\":\"EntryPoint\",\"urlTemplate\":\"https:\/\/sadeoncubakliyat.com\/?s={search_term_string}\"},\"query-input\":\"required name=search_term_string\"}],\"inLanguage\":\"ar\"},{\"@type\":\"ImageObject\",\"@id\":\"https:\/\/sadeoncubakliyat.com\/kuru-fasulye\/#primaryimage\",\"inLanguage\":\"ar\",\"url\":\"https:\/\/sadeoncubakliyat.com\/tr\/wp-content\/uploads\/2021\/12\/kuru-fasulye-1-300x300.jpg\",\"contentUrl\":\"https:\/\/sadeoncubakliyat.com\/tr\/wp-content\/uploads\/2021\/12\/kuru-fasulye-1-300x300.jpg\"},{\"@type\":\"WebPage\",\"@id\":\"https:\/\/sadeoncubakliyat.com\/kuru-fasulye\/#webpage\",\"url\":\"https:\/\/sadeoncubakliyat.com\/kuru-fasulye\/\",\"name\":\"Kuru Fasulye - Sade \\u00d6nc\\u00fc Bakliyat\",\"isPartOf\":{\"@id\":\"https:\/\/sadeoncubakliyat.com\/#website\"},\"primaryImageOfPage\":{\"@id\":\"https:\/\/sadeoncubakliyat.com\/kuru-fasulye\/#primaryimage\"},\"datePublished\":\"2022-01-03T14:47:20+00:00\",\"dateModified\":\"2022-01-07T19:35:56+00:00\",\"breadcrumb\":{\"@id\":\"https:\/\/sadeoncubakliyat.com\/kuru-fasulye\/#breadcrumb\"},\"inLanguage\":\"ar\",\"potentialAction\":[{\"@type\":\"ReadAction\",\"target\":[\"https:\/\/sadeoncubakliyat.com\/kuru-fasulye\/\"]}]},{\"@type\":\"BreadcrumbList\",\"@id\":\"https:\/\/sadeoncubakliyat.com\/kuru-fasulye\/#breadcrumb\",\"itemListElement\":[{\"@type\":\"ListItem\",\"position\":1,\"name\":\"Anasayfa\",\"item\":\"https:\/\/sadeoncubakliyat.com\/\"},{\"@type\":\"ListItem\",\"position\":2,\"name\":\"Kuru Fasulye\"}]}]}<\/script>\n<!-- \/ Yoast SEO Premium plugin. -->","yoast_head_json":{"title":"Kuru Fasulye - Sade \u00d6nc\u00fc Bakliyat","robots":{"index":"index","follow":"follow","max-snippet":"max-snippet:-1","max-image-preview":"max-image-preview:large","max-video-preview":"max-video-preview:-1"},"canonical":"https:\/\/sadeoncubakliyat.com\/ar\/kuru-fasulye\/","og_locale":"ar_AR","og_type":"article","og_title":"Kuru Fasulye","og_url":"https:\/\/sadeoncubakliyat.com\/ar\/kuru-fasulye\/","og_site_name":"Sade \u00d6nc\u00fc Bakliyat","article_modified_time":"2022-01-07T19:35:56+00:00","og_image":[{"url":"https:\/\/sadeoncubakliyat.com\/tr\/wp-content\/uploads\/2021\/12\/kuru-fasulye-1-300x300.jpg"}],"twitter_card":"summary","twitter_misc":{"\u0648\u0642\u062a \u0627\u0644\u0642\u0631\u0627\u0621\u0629 \u0627\u0644\u0645\u064f\u0642\u062f\u0651\u0631":"3 \u062f\u0642\u0627\u0626\u0642"},"schema":{"@context":"https:\/\/schema.org","@graph":[{"@type":"Organization","@id":"https:\/\/sadeoncubakliyat.com\/#organization","name":"Sade \u00d6nc\u00fc Bakliyat","url":"https:\/\/sadeoncubakliyat.com\/","sameAs":[],"logo":{"@type":"ImageObject","@id":"https:\/\/sadeoncubakliyat.com\/#logo","inLanguage":"ar","url":"https:\/\/sadeoncubakliyat.com\/wp-content\/uploads\/2021\/12\/sade_oncu_bakliyat_logo-3.png","contentUrl":"https:\/\/sadeoncubakliyat.com\/wp-content\/uploads\/2021\/12\/sade_oncu_bakliyat_logo-3.png","width":512,"height":512,"caption":"Sade \u00d6nc\u00fc Bakliyat"},"image":{"@id":"https:\/\/sadeoncubakliyat.com\/#logo"}},{"@type":"WebSite","@id":"https:\/\/sadeoncubakliyat.com\/#website","url":"https:\/\/sadeoncubakliyat.com\/","name":"Sade \u00d6nc\u00fc Bakliyat","description":"Kalitede ve Sadelikte \u00d6nc\u00fc","publisher":{"@id":"https:\/\/sadeoncubakliyat.com\/#organization"},"potentialAction":[{"@type":"SearchAction","target":{"@type":"EntryPoint","urlTemplate":"https:\/\/sadeoncubakliyat.com\/?s={search_term_string}"},"query-input":"required name=search_term_string"}],"inLanguage":"ar"},{"@type":"ImageObject","@id":"https:\/\/sadeoncubakliyat.com\/kuru-fasulye\/#primaryimage","inLanguage":"ar","url":"https:\/\/sadeoncubakliyat.com\/tr\/wp-content\/uploads\/2021\/12\/kuru-fasulye-1-300x300.jpg","contentUrl":"https:\/\/sadeoncubakliyat.com\/tr\/wp-content\/uploads\/2021\/12\/kuru-fasulye-1-300x300.jpg"},{"@type":"WebPage","@id":"https:\/\/sadeoncubakliyat.com\/kuru-fasulye\/#webpage","url":"https:\/\/sadeoncubakliyat.com\/kuru-fasulye\/","name":"Kuru Fasulye - Sade \u00d6nc\u00fc Bakliyat","isPartOf":{"@id":"https:\/\/sadeoncubakliyat.com\/#website"},"primaryImageOfPage":{"@id":"https:\/\/sadeoncubakliyat.com\/kuru-fasulye\/#primaryimage"},"datePublished":"2022-01-03T14:47:20+00:00","dateModified":"2022-01-07T19:35:56+00:00","breadcrumb":{"@id":"https:\/\/sadeoncubakliyat.com\/kuru-fasulye\/#breadcrumb"},"inLanguage":"ar","potentialAction":[{"@type":"ReadAction","target":["https:\/\/sadeoncubakliyat.com\/kuru-fasulye\/"]}]},{"@type":"BreadcrumbList","@id":"https:\/\/sadeoncubakliyat.com\/kuru-fasulye\/#breadcrumb","itemListElement":[{"@type":"ListItem","position":1,"name":"Anasayfa","item":"https:\/\/sadeoncubakliyat.com\/"},{"@type":"ListItem","position":2,"name":"Kuru Fasulye"}]}]}},"_links":{"self":[{"href":"https:\/\/sadeoncubakliyat.com\/ar\/wp-json\/wp\/v2\/pages\/1078"}],"collection":[{"href":"https:\/\/sadeoncubakliyat.com\/ar\/wp-json\/wp\/v2\/pages"}],"about":[{"href":"https:\/\/sadeoncubakliyat.com\/ar\/wp-json\/wp\/v2\/types\/page"}],"author":[{"embeddable":true,"href":"https:\/\/sadeoncubakliyat.com\/ar\/wp-json\/wp\/v2\/users\/1"}],"replies":[{"embeddable":true,"href":"https:\/\/sadeoncubakliyat.com\/ar\/wp-json\/wp\/v2\/comments?post=1078"}],"version-history":[{"count":4,"href":"https:\/\/sadeoncubakliyat.com\/ar\/wp-json\/wp\/v2\/pages\/1078\/revisions"}],"predecessor-version":[{"id":1193,"href":"https:\/\/sadeoncubakliyat.com\/ar\/wp-json\/wp\/v2\/pages\/1078\/revisions\/1193"}],"wp:attachment":[{"href":"https:\/\/sadeoncubakliyat.com\/ar\/wp-json\/wp\/v2\/media?parent=1078"}],"curies":[{"name":"wp","href":"https:\/\/api.w.org\/{rel}","templated":true}]}}