{"id":1085,"date":"2022-01-03T18:04:35","date_gmt":"2022-01-03T15:04:35","guid":{"rendered":"https:\/\/sadeoncubakliyat.com\/tr\/?page_id=1085"},"modified":"2022-01-08T10:08:18","modified_gmt":"2022-01-08T07:08:18","slug":"bezelye","status":"publish","type":"page","link":"https:\/\/sadeoncubakliyat.com\/ar\/bezelye\/","title":{"rendered":"\u0628\u0627\u0632\u064a\u0644\u0627\u0621"},"content":{"rendered":"<div class=\"vc_row wpb_row vc_custom_1641219515782 porto-inner-container\"><div class=\"porto-wrap-container container\"><div class=\"row\"><div class=\"vc_column_container col-md-12\"><div class=\"wpb_wrapper vc_column-inner\">\n\t<div class=\"wpb_text_column wpb_content_element\" >\n\t\t<div class=\"wpb_wrapper\">\n\t\t\t<p><img loading=\"lazy\" class=\"alignleft wp-image-995\" src=\"https:\/\/sadeoncubakliyat.com\/tr\/wp-content\/uploads\/2021\/12\/bezelye-1-300x300.jpg\" alt=\"\" width=\"400\" height=\"400\" srcset=\"https:\/\/sadeoncubakliyat.com\/wp-content\/uploads\/2021\/12\/bezelye-1-400x400.jpg 400w, https:\/\/sadeoncubakliyat.com\/wp-content\/uploads\/2021\/12\/bezelye-1-367x367.jpg 367w\" sizes=\"(max-width: 400px) 100vw, 400px\" \/>\u0646\u0628\u0627\u062a \u0627\u0644\u0628\u0627\u0632\u0644\u0627\u0621 \u060c \u0627\u0644\u0630\u064a \u064a\u0639\u0637\u064a \u0646\u0628\u0627\u062a\u0627\u062a \u0644\u0630\u064a\u0630\u0629 \u0648\u0645\u063a\u0630\u064a\u0629 \u0644\u0644\u063a\u0627\u064a\u0629 \u062a\u0633\u0645\u0649 \u0627\u0644\u0628\u0627\u0632\u0644\u0627\u0621 \u0641\u064a \u0627\u0644\u0631\u0628\u064a\u0639 \u0648\u0627\u0644\u0635\u064a\u0641 \u060c \u0645\u0646 \u0627\u0644\u0628\u0642\u0648\u0644\u064a\u0627\u062a. \u0646\u0628\u062a\u0629 \u0627\u0644\u0628\u0627\u0632\u0644\u0627\u0621 \u060c \u0645\u0648\u0637\u0646\u0647\u0627 \u063a\u064a\u0631 \u0645\u0639\u0631\u0648\u0641 \u060c \u062a\u0645\u062a \u0632\u0631\u0627\u0639\u062a\u0647\u0627 \u0641\u064a \u0623\u0648\u0631\u0627\u0633\u064a\u0627 \u0645\u0646\u0630 \u0627\u0644\u0639\u0635\u0648\u0631 \u0627\u0644\u0642\u062f\u064a\u0645\u0629. \u0627\u0644\u064a\u0648\u0645 \u060c \u0643\u0645\u0627 \u0647\u0648 \u0627\u0644\u062d\u0627\u0644 \u0641\u064a \u0623\u062c\u0632\u0627\u0621 \u0643\u062b\u064a\u0631\u0629 \u0645\u0646 \u0627\u0644\u0639\u0627\u0644\u0645 \u060c \u064a\u0632\u0631\u0639 \u0623\u064a\u0636\u064b\u0627 \u0628\u0643\u062b\u0631\u0629 \u0641\u064a \u062a\u0631\u0643\u064a\u0627.<\/p>\n<p>\u0647\u0646\u0627\u0643 \u0627\u0644\u0639\u062f\u064a\u062f \u0645\u0646 \u0623\u0646\u0648\u0627\u0639 \u0647\u0630\u0647 \u0627\u0644\u0646\u0628\u062a\u0629 \u0627\u0644\u0639\u0634\u0628\u064a\u0629 \u0627\u0644\u0633\u0646\u0648\u064a\u0629 \u062a\u0633\u0645\u0649 \u0628\u0627\u0632\u0644\u0627\u0621 \u0627\u0644\u062d\u062f\u064a\u0642\u0629 (P. sativum): \u0628\u0639\u0636\u0647\u0627 \u0642\u0632\u0645 \u0648\u064a\u0646\u0645\u0648 \u062d\u062a\u0649 30-40 \u0633\u0645. \u064a\u0646\u0645\u0648 \u0648\u064a\u0646\u062a\u0634\u0631 \u0639\u0644\u0649 \u0627\u0644\u0623\u0631\u0636 \u0628\u0623\u0648\u0631\u0627\u0642\u0647 \u0627\u0644\u062e\u0636\u0631\u0627\u0621 \u0648\u064a\u063a\u0637\u064a \u0627\u0644\u0623\u0631\u0636. \u0627\u0644\u0635\u0646\u0641 \u0627\u0644\u0622\u062e\u0631 \u060c \u0627\u0644\u0630\u064a \u064a\u064f\u0637\u0644\u0642 \u0639\u0644\u064a\u0647 \u0627\u0633\u0645 \u0627\u0644\u0628\u0627\u0632\u0644\u0627\u0621 \u060c \u0647\u0648 \u0646\u0628\u0627\u062a \u0645\u062a\u0633\u0644\u0642 \u064a\u062a\u0634\u0628\u062b \u0628\u0643\u0644 \u0645\u0627 \u064a\u062c\u062f \u0637\u0648\u064a\u0644\u0627\u064b \u0645\u0639 \u0627\u0644\u0639\u0644\u0642\u0627\u062a \u0627\u0644\u062a\u064a \u064a\u0632\u064a\u0644\u0647\u0627 \u0645\u0646 \u0633\u0627\u0642\u0647. \u0647\u0630\u0647 \u062a\u062d\u062a\u0627\u062c \u0625\u0644\u0649 \u062f\u0639\u0645 \u0628\u062d\u0645\u0627\u0633. \u062a\u0624\u0643\u0644 \u062d\u0628\u0648\u0628 \u0628\u0639\u0636 \u0623\u0635\u0646\u0627\u0641 \u0627\u0644\u0628\u0627\u0632\u0644\u0627\u0621 \u0641\u0642\u0637. \u0648\u0645\u0639 \u0630\u0644\u0643 \u060c \u0641\u0625\u0646 \u0628\u0639\u0636 \u0627\u0644\u0628\u0627\u0632\u0644\u0627\u0621 \u0644\u0627 \u062a\u062d\u062a\u0648\u064a \u0639\u0644\u0649 \u0637\u0628\u0642\u0629 \u0635\u0644\u0628\u0629 \u062a\u0633\u0645\u0649 \u0627\u0644\u0645\u062e\u0637\u0648\u0637\u0627\u062a \u0641\u064a \u0623\u062c\u0633\u0627\u0645\u0647\u0627.<\/p>\n<p>\u0647\u0630\u0627 \u0627\u0644\u0646\u0648\u0639 \u0645\u0646 \u0627\u0644\u0628\u0627\u0632\u0644\u0627\u0621 \u060c \u064a\u0633\u0645\u0649 \u0627\u0644\u0628\u0627\u0632\u0644\u0627\u0621 \u0627\u0644\u0633\u0644\u0637\u0627\u0646\u064a\u0629 \u060c \u064a\u0624\u0643\u0644 \u0628\u0642\u0634\u0631\u0647\u0627. \u0646\u0648\u0639 \u0622\u062e\u0631 \u0645\u0647\u0645 \u0647\u0648 \u0627\u0644\u0628\u0627\u0632\u0644\u0627\u0621 \u060c \u0627\u0644\u062a\u064a \u062a\u062d\u062a\u0648\u064a \u0639\u0644\u0649 \u062d\u0628\u0648\u0628 \u0643\u0628\u064a\u0631\u0629. \u062a\u064f\u062d\u0628 \u0627\u0644\u0628\u0627\u0632\u0644\u0627\u0621 \u0637\u0627\u0632\u062c\u0629 \u0648\u062a\u0624\u0643\u0644 \u0641\u064a \u0645\u062c\u0645\u0648\u0639\u0629 \u0645\u062a\u0646\u0648\u0639\u0629 \u0645\u0646 \u0627\u0644\u0623\u0637\u0628\u0627\u0642 \u060c \u0641\u0636\u0644\u0627\u064b \u0639\u0646 \u0643\u0648\u0646\u0647\u0627 \u0645\u062c\u0641\u0641\u0629 \u0648\u0645\u062c\u0645\u062f\u0629 \u0648\u0645\u0639\u0644\u0628\u0629 \u0648\u062a\u062e\u0632\u064a\u0646\u0647\u0627 \u0644\u0644\u0627\u0633\u062a\u0647\u0644\u0627\u0643 \u0627\u0644\u0645\u0633\u062a\u0642\u0628\u0644\u064a. \u064a\u0633\u062a\u062e\u062f\u0645 \u0627\u0644\u062f\u0642\u064a\u0642 \u0627\u0644\u0645\u0635\u0646\u0648\u0639 \u0645\u0646 \u0627\u0644\u0628\u0627\u0632\u0644\u0627\u0621 \u0627\u0644\u0645\u062c\u0641\u0641\u0629 \u0641\u064a \u062a\u062d\u0636\u064a\u0631 \u0634\u0648\u0631\u0628\u0629 \u0627\u0644\u0628\u0627\u0632\u0644\u0627\u0621 \u0627\u0644\u0644\u0630\u064a\u0630\u0629 \u0648\u0628\u0639\u0636 \u0627\u0644\u0623\u0637\u0628\u0627\u0642. \u0647\u0646\u0627\u0643 \u0623\u064a\u0636\u064b\u0627 \u0623\u0646\u0648\u0627\u0639 \u0645\u062e\u062a\u0644\u0641\u0629 \u0645\u0646 \u0627\u0644\u0628\u0627\u0632\u0644\u0627\u0621 \u0627\u0644\u0639\u0644\u0641\u064a\u0629 \u062a\u064f\u0632\u0631\u0639 \u0641\u0642\u0637 \u0644\u0627\u0633\u062a\u062e\u062f\u0627\u0645\u0647\u0627 \u0643\u0639\u0644\u0641 \u0644\u0644\u062d\u064a\u0648\u0627\u0646\u0627\u062a.<\/p>\n<h2>\u0627\u0644\u0642\u064a\u0645 \u0627\u0644\u063a\u0630\u0627\u0626\u064a\u0629<\/h2>\n<h3><b><img loading=\"lazy\" class=\"wp-image-1086 alignright\" src=\"https:\/\/sadeoncubakliyat.com\/tr\/wp-content\/uploads\/2022\/01\/ezelye.jpg\" alt=\"\" width=\"349\" height=\"218\" \/><\/b><\/h3>\n<p>100 \u063a\u0631\u0627\u0645 \u064a\u0645\u0643\u0646 \u0633\u0631\u062f \u0627\u0644\u0642\u064a\u0645 \u0627\u0644\u063a\u0630\u0627\u0626\u064a\u0629 \u0644\u0644\u0628\u0627\u0632\u0644\u0627\u0621 \u0627\u0644\u0637\u0627\u0632\u062c\u0629 \u0627\u0644\u0646\u064a\u0626\u0629 (\u063a\u064a\u0631 \u0627\u0644\u0645\u0637\u0628\u0648\u062e\u0629) \u0639\u0644\u0649 \u0627\u0644\u0646\u062d\u0648 \u0627\u0644\u062a\u0627\u0644\u064a: 84 \u0633\u0639\u0631\u0629 \u062d\u0631\u0627\u0631\u064a\u0629. 6.3 \u063a\u0631\u0627\u0645 \u0628\u0631\u0648\u062a\u064a\u0646\u061b 14.4 \u062c\u0631\u0627\u0645 \u0627\u0644\u0643\u0631\u0628\u0648\u0647\u064a\u062f\u0631\u0627\u062a. 0 \u0643\u0648\u0644\u064a\u0633\u062a\u0631\u0648\u0644 0.4 \u063a\u0631\u0627\u0645 \u0632\u064a\u062a\u061b 2 \u063a\u0631\u0627\u0645 \u0627\u0644\u0623\u0633\u0627\u0633\u064a\u0629\u061b 116 \u0645\u062c\u0645. \u0627\u0644\u0641\u0648\u0633\u0641\u0648\u0631. 26 \u0645\u0644\u063a. \u0627\u0644\u0643\u0627\u0644\u0633\u064a\u0648\u0645. 1.9 \u0645\u062c\u0645. \u062d\u062f\u064a\u062f: \u0662 \u0645\u0644\u063a. \u0635\u0648\u062f\u064a\u0648\u0645\u061b 316 \u0645\u062c\u0645. \u0627\u0644\u0628\u0648\u062a\u0627\u0633\u064a\u0648\u0645. 35 \u0645\u062c\u0645. \u0627\u0644\u0645\u063a\u0646\u064a\u0633\u064a\u0648\u0645\u061b 640 \u0648\u062d\u062f\u0629 \u062f\u0648\u0644\u064a\u0629 \u0645\u0646 \u0641\u064a\u062a\u0627\u0645\u064a\u0646 \u0623 \u061b 0.35 \u0645\u0644\u062c\u0645. \u0641\u064a\u062a\u0627\u0645\u064a\u0646 \u0628 1 \u061b 0.14 \u0645\u062c\u0645. \u0641\u064a\u062a\u0627\u0645\u064a\u0646 \u0628 2 2.9 \u0645\u062c\u0645. \u0641\u064a\u062a\u0627\u0645\u064a\u0646 \u0628 3: 0.16 \u0645\u0644\u064a \u062c\u0631\u0627\u0645. \u0641\u064a\u062a\u0627\u0645\u064a\u0646 \u0628 6 \u061b 35.5 \u0645\u0643\u063a. \u062d\u0645\u0636 \u0627\u0644\u0641\u0648\u0644\u064a\u0643\u061b 27 \u0645\u062c\u0645. \u0641\u064a\u062a\u0627\u0645\u064a\u0646 \u062c \u0648 2.1 \u0645\u062c\u0645. \u0641\u064a\u062a\u0627\u0645\u064a\u0646 \u0647\u0640.<\/p>\n<p>\u064a\u062a\u0643\u0627\u062b\u0631 \u0646\u0628\u0627\u062a \u0627\u0644\u0628\u0627\u0632\u0644\u0627\u0621 \u0628\u0628\u0630\u0648\u0631\u0647 (\u0627\u0644\u062d\u0628\u0648\u0628 \u0627\u0644\u0645\u062c\u0641\u0641\u0629). \u062a\u0632\u0631\u0639 \u0647\u0630\u0647 \u0627\u0644\u0628\u0630\u0648\u0631 \u0645\u0628\u0627\u0634\u0631\u0629 \u0641\u064a \u0627\u0644\u062d\u062f\u064a\u0642\u0629 \u0623\u0648 \u0627\u0644\u062d\u0642\u0644 \u062d\u064a\u062b \u0633\u062a\u062a\u0645 \u0632\u0631\u0627\u0639\u0629 \u0627\u0644\u0628\u0627\u0632\u0644\u0627\u0621. \u062a\u064f\u0632\u0631\u0639 \u0627\u0644\u0628\u0627\u0632\u0644\u0627\u0621 \u0627\u0644\u062a\u064a \u0633\u064a\u062a\u0645 \u062d\u0635\u0627\u062f\u0647\u0627 \u0641\u064a \u0627\u0644\u0631\u0628\u064a\u0639 \u0641\u064a \u0623\u0643\u062a\u0648\u0628\u0631 - \u0646\u0648\u0641\u0645\u0628\u0631 - \u062f\u064a\u0633\u0645\u0628\u0631 \u060c \u0648\u062a\u0644\u0643 \u0627\u0644\u062a\u064a \u0633\u064a\u062a\u0645 \u062d\u0635\u0627\u062f\u0647\u0627 \u0641\u064a \u0627\u0644\u0635\u064a\u0641 \u062a\u0632\u0631\u0639 \u0641\u064a \u0627\u0644\u0631\u0628\u064a\u0639. \u0644\u0627 \u064a\u0646\u0628\u063a\u064a \u0623\u0628\u062f\u064b\u0627 \u0632\u0631\u0639 \u0628\u0630\u0648\u0631 \u0627\u0644\u0628\u0627\u0632\u0644\u0627\u0621 \u0641\u064a \u0627\u0644\u062a\u0631\u0628\u0629 \u0627\u0644\u0628\u0627\u0631\u062f\u0629 \u0648\u0627\u0644\u0631\u0637\u0628\u0629 \u060c \u0648\u064a\u062c\u0628 \u0627\u0644\u062d\u0631\u0635 \u0639\u0644\u0649 \u0623\u0646 \u0632\u0631\u0627\u0639\u0629 \u0627\u0644\u0628\u0627\u0632\u0644\u0627\u0621 \u0644\u0645 \u062a\u062a\u0645 \u0641\u064a \u0646\u0641\u0633 \u0627\u0644\u062a\u0631\u0628\u0629 \u0644\u0645\u062f\u0629 \u0639\u0627\u0645\u064a\u0646. \u0639\u0646\u062f\u0645\u0627 \u064a\u062a\u0645 \u0627\u0644\u0628\u0630\u0631 \u064a\u062f\u0648\u064a\u064b\u0627 \u060c \u064a\u062c\u0628 \u0636\u063a\u0637 \u0627\u0644\u0628\u0630\u0648\u0631 \u0628\u0625\u062d\u0643\u0627\u0645 \u0628\u0627\u0633\u062a\u062e\u062f\u0627\u0645 \u0645\u0644\u0627\u0637 \u200b\u200b\u0627\u0644\u0623\u0633\u0645\u062f\u0629.<\/p>\n\n\t\t<\/div>\n\t<\/div>\n<\/div><\/div><\/div><\/div><\/div>","protected":false},"excerpt":{"rendered":"Bezelye\u00a0adl\u0131 lezzetli ve \u00e7ok besleyici sebzeyi ilkbaharda ve yaz\u0131n veren Bezelye bitkisi,\u00a0Baklagiller'dendir. Anayurdu bilinmeyen bezelye bitkisi \u00e7ok eski \u00e7a\u011flardan beri Avrasya'da yeti\u015ftirilmi\u015ftir. G\u00fcn\u00fcm\u00fczde d\u00fcnyan\u0131n pek \u00e7ok yerinde oldu\u011fu gibi\u00a0T\u00fcrkiye'de de bol bol yeti\u015ftirilmektedir. Bah\u00e7e bezelyesi (P. sativum) ad\u0131 verilen bu biry\u0131ll\u0131k otsu bitkinin bir\u00e7ok \u00e7e\u015fidi vard\u0131r: Bunlardan baz\u0131s\u0131 bodur olup en \u00e7ok 30-40 cm. boylanarak [...]","protected":false},"author":1,"featured_media":0,"parent":0,"menu_order":0,"comment_status":"closed","ping_status":"closed","template":"","meta":{"_mi_skip_tracking":false},"yoast_head":"<!-- This site is optimized with the Yoast SEO Premium plugin v17.7 (Yoast SEO v17.7) - https:\/\/yoast.com\/wordpress\/plugins\/seo\/ -->\n<title>Bezelye - Sade \u00d6nc\u00fc Bakliyat<\/title>\n<meta name=\"robots\" content=\"index, follow, max-snippet:-1, max-image-preview:large, max-video-preview:-1\" \/>\n<link rel=\"canonical\" href=\"https:\/\/sadeoncubakliyat.com\/ar\/bezelye\/\" \/>\n<meta property=\"og:locale\" content=\"ar_AR\" \/>\n<meta property=\"og:type\" content=\"article\" \/>\n<meta property=\"og:title\" content=\"Bezelye\" \/>\n<meta property=\"og:url\" content=\"https:\/\/sadeoncubakliyat.com\/ar\/bezelye\/\" \/>\n<meta property=\"og:site_name\" content=\"Sade \u00d6nc\u00fc Bakliyat\" \/>\n<meta property=\"article:modified_time\" content=\"2022-01-08T07:08:18+00:00\" \/>\n<meta property=\"og:image\" content=\"https:\/\/sadeoncubakliyat.com\/tr\/wp-content\/uploads\/2021\/12\/bezelye-1-300x300.jpg\" \/>\n<meta name=\"twitter:card\" content=\"summary\" \/>\n<meta name=\"twitter:label1\" content=\"\u0648\u0642\u062a \u0627\u0644\u0642\u0631\u0627\u0621\u0629 \u0627\u0644\u0645\u064f\u0642\u062f\u0651\u0631\" \/>\n\t<meta name=\"twitter:data1\" content=\"\u062f\u0642\u064a\u0642\u062a\u0627\u0646\" \/>\n<script type=\"application\/ld+json\" class=\"yoast-schema-graph\">{\"@context\":\"https:\/\/schema.org\",\"@graph\":[{\"@type\":\"Organization\",\"@id\":\"https:\/\/sadeoncubakliyat.com\/#organization\",\"name\":\"Sade \\u00d6nc\\u00fc Bakliyat\",\"url\":\"https:\/\/sadeoncubakliyat.com\/\",\"sameAs\":[],\"logo\":{\"@type\":\"ImageObject\",\"@id\":\"https:\/\/sadeoncubakliyat.com\/#logo\",\"inLanguage\":\"ar\",\"url\":\"https:\/\/sadeoncubakliyat.com\/wp-content\/uploads\/2021\/12\/sade_oncu_bakliyat_logo-3.png\",\"contentUrl\":\"https:\/\/sadeoncubakliyat.com\/wp-content\/uploads\/2021\/12\/sade_oncu_bakliyat_logo-3.png\",\"width\":512,\"height\":512,\"caption\":\"Sade \\u00d6nc\\u00fc Bakliyat\"},\"image\":{\"@id\":\"https:\/\/sadeoncubakliyat.com\/#logo\"}},{\"@type\":\"WebSite\",\"@id\":\"https:\/\/sadeoncubakliyat.com\/#website\",\"url\":\"https:\/\/sadeoncubakliyat.com\/\",\"name\":\"Sade \\u00d6nc\\u00fc Bakliyat\",\"description\":\"Kalitede ve Sadelikte \\u00d6nc\\u00fc\",\"publisher\":{\"@id\":\"https:\/\/sadeoncubakliyat.com\/#organization\"},\"potentialAction\":[{\"@type\":\"SearchAction\",\"target\":{\"@type\":\"EntryPoint\",\"urlTemplate\":\"https:\/\/sadeoncubakliyat.com\/?s={search_term_string}\"},\"query-input\":\"required name=search_term_string\"}],\"inLanguage\":\"ar\"},{\"@type\":\"ImageObject\",\"@id\":\"https:\/\/sadeoncubakliyat.com\/bezelye\/#primaryimage\",\"inLanguage\":\"ar\",\"url\":\"https:\/\/sadeoncubakliyat.com\/tr\/wp-content\/uploads\/2021\/12\/bezelye-1-300x300.jpg\",\"contentUrl\":\"https:\/\/sadeoncubakliyat.com\/tr\/wp-content\/uploads\/2021\/12\/bezelye-1-300x300.jpg\"},{\"@type\":\"WebPage\",\"@id\":\"https:\/\/sadeoncubakliyat.com\/bezelye\/#webpage\",\"url\":\"https:\/\/sadeoncubakliyat.com\/bezelye\/\",\"name\":\"Bezelye - Sade \\u00d6nc\\u00fc Bakliyat\",\"isPartOf\":{\"@id\":\"https:\/\/sadeoncubakliyat.com\/#website\"},\"primaryImageOfPage\":{\"@id\":\"https:\/\/sadeoncubakliyat.com\/bezelye\/#primaryimage\"},\"datePublished\":\"2022-01-03T15:04:35+00:00\",\"dateModified\":\"2022-01-08T07:08:18+00:00\",\"breadcrumb\":{\"@id\":\"https:\/\/sadeoncubakliyat.com\/bezelye\/#breadcrumb\"},\"inLanguage\":\"ar\",\"potentialAction\":[{\"@type\":\"ReadAction\",\"target\":[\"https:\/\/sadeoncubakliyat.com\/bezelye\/\"]}]},{\"@type\":\"BreadcrumbList\",\"@id\":\"https:\/\/sadeoncubakliyat.com\/bezelye\/#breadcrumb\",\"itemListElement\":[{\"@type\":\"ListItem\",\"position\":1,\"name\":\"Anasayfa\",\"item\":\"https:\/\/sadeoncubakliyat.com\/\"},{\"@type\":\"ListItem\",\"position\":2,\"name\":\"Bezelye\"}]}]}<\/script>\n<!-- \/ Yoast SEO Premium plugin. -->","yoast_head_json":{"title":"Bezelye - Sade \u00d6nc\u00fc Bakliyat","robots":{"index":"index","follow":"follow","max-snippet":"max-snippet:-1","max-image-preview":"max-image-preview:large","max-video-preview":"max-video-preview:-1"},"canonical":"https:\/\/sadeoncubakliyat.com\/ar\/bezelye\/","og_locale":"ar_AR","og_type":"article","og_title":"Bezelye","og_url":"https:\/\/sadeoncubakliyat.com\/ar\/bezelye\/","og_site_name":"Sade \u00d6nc\u00fc Bakliyat","article_modified_time":"2022-01-08T07:08:18+00:00","og_image":[{"url":"https:\/\/sadeoncubakliyat.com\/tr\/wp-content\/uploads\/2021\/12\/bezelye-1-300x300.jpg"}],"twitter_card":"summary","twitter_misc":{"\u0648\u0642\u062a \u0627\u0644\u0642\u0631\u0627\u0621\u0629 \u0627\u0644\u0645\u064f\u0642\u062f\u0651\u0631":"\u062f\u0642\u064a\u0642\u062a\u0627\u0646"},"schema":{"@context":"https:\/\/schema.org","@graph":[{"@type":"Organization","@id":"https:\/\/sadeoncubakliyat.com\/#organization","name":"Sade \u00d6nc\u00fc Bakliyat","url":"https:\/\/sadeoncubakliyat.com\/","sameAs":[],"logo":{"@type":"ImageObject","@id":"https:\/\/sadeoncubakliyat.com\/#logo","inLanguage":"ar","url":"https:\/\/sadeoncubakliyat.com\/wp-content\/uploads\/2021\/12\/sade_oncu_bakliyat_logo-3.png","contentUrl":"https:\/\/sadeoncubakliyat.com\/wp-content\/uploads\/2021\/12\/sade_oncu_bakliyat_logo-3.png","width":512,"height":512,"caption":"Sade \u00d6nc\u00fc Bakliyat"},"image":{"@id":"https:\/\/sadeoncubakliyat.com\/#logo"}},{"@type":"WebSite","@id":"https:\/\/sadeoncubakliyat.com\/#website","url":"https:\/\/sadeoncubakliyat.com\/","name":"Sade \u00d6nc\u00fc Bakliyat","description":"Kalitede ve Sadelikte \u00d6nc\u00fc","publisher":{"@id":"https:\/\/sadeoncubakliyat.com\/#organization"},"potentialAction":[{"@type":"SearchAction","target":{"@type":"EntryPoint","urlTemplate":"https:\/\/sadeoncubakliyat.com\/?s={search_term_string}"},"query-input":"required name=search_term_string"}],"inLanguage":"ar"},{"@type":"ImageObject","@id":"https:\/\/sadeoncubakliyat.com\/bezelye\/#primaryimage","inLanguage":"ar","url":"https:\/\/sadeoncubakliyat.com\/tr\/wp-content\/uploads\/2021\/12\/bezelye-1-300x300.jpg","contentUrl":"https:\/\/sadeoncubakliyat.com\/tr\/wp-content\/uploads\/2021\/12\/bezelye-1-300x300.jpg"},{"@type":"WebPage","@id":"https:\/\/sadeoncubakliyat.com\/bezelye\/#webpage","url":"https:\/\/sadeoncubakliyat.com\/bezelye\/","name":"Bezelye - Sade \u00d6nc\u00fc Bakliyat","isPartOf":{"@id":"https:\/\/sadeoncubakliyat.com\/#website"},"primaryImageOfPage":{"@id":"https:\/\/sadeoncubakliyat.com\/bezelye\/#primaryimage"},"datePublished":"2022-01-03T15:04:35+00:00","dateModified":"2022-01-08T07:08:18+00:00","breadcrumb":{"@id":"https:\/\/sadeoncubakliyat.com\/bezelye\/#breadcrumb"},"inLanguage":"ar","potentialAction":[{"@type":"ReadAction","target":["https:\/\/sadeoncubakliyat.com\/bezelye\/"]}]},{"@type":"BreadcrumbList","@id":"https:\/\/sadeoncubakliyat.com\/bezelye\/#breadcrumb","itemListElement":[{"@type":"ListItem","position":1,"name":"Anasayfa","item":"https:\/\/sadeoncubakliyat.com\/"},{"@type":"ListItem","position":2,"name":"Bezelye"}]}]}},"_links":{"self":[{"href":"https:\/\/sadeoncubakliyat.com\/ar\/wp-json\/wp\/v2\/pages\/1085"}],"collection":[{"href":"https:\/\/sadeoncubakliyat.com\/ar\/wp-json\/wp\/v2\/pages"}],"about":[{"href":"https:\/\/sadeoncubakliyat.com\/ar\/wp-json\/wp\/v2\/types\/page"}],"author":[{"embeddable":true,"href":"https:\/\/sadeoncubakliyat.com\/ar\/wp-json\/wp\/v2\/users\/1"}],"replies":[{"embeddable":true,"href":"https:\/\/sadeoncubakliyat.com\/ar\/wp-json\/wp\/v2\/comments?post=1085"}],"version-history":[{"count":6,"href":"https:\/\/sadeoncubakliyat.com\/ar\/wp-json\/wp\/v2\/pages\/1085\/revisions"}],"predecessor-version":[{"id":1197,"href":"https:\/\/sadeoncubakliyat.com\/ar\/wp-json\/wp\/v2\/pages\/1085\/revisions\/1197"}],"wp:attachment":[{"href":"https:\/\/sadeoncubakliyat.com\/ar\/wp-json\/wp\/v2\/media?parent=1085"}],"curies":[{"name":"wp","href":"https:\/\/api.w.org\/{rel}","templated":true}]}}