{"id":1097,"date":"2022-01-03T18:12:45","date_gmt":"2022-01-03T15:12:45","guid":{"rendered":"https:\/\/sadeoncubakliyat.com\/tr\/?page_id=1097"},"modified":"2022-01-08T10:43:03","modified_gmt":"2022-01-08T07:43:03","slug":"misir","status":"publish","type":"page","link":"https:\/\/sadeoncubakliyat.com\/ar\/misir\/","title":{"rendered":"\u0630\u0631\u0629 \u062d\u0644\u0648\u0647"},"content":{"rendered":"<div class=\"vc_row wpb_row vc_custom_1641219515782 porto-inner-container\"><div class=\"porto-wrap-container container\"><div class=\"row\"><div class=\"vc_column_container col-md-12\"><div class=\"wpb_wrapper vc_column-inner\">\n\t<div class=\"wpb_text_column wpb_content_element\" >\n\t\t<div class=\"wpb_wrapper\">\n\t\t\t<h2><img loading=\"lazy\" class=\"alignright wp-image-994\" src=\"https:\/\/sadeoncubakliyat.com\/tr\/wp-content\/uploads\/2021\/12\/misir-1-300x300.jpg\" alt=\"\" width=\"400\" height=\"400\" srcset=\"https:\/\/sadeoncubakliyat.com\/wp-content\/uploads\/2021\/12\/misir-1-400x400.jpg 400w, https:\/\/sadeoncubakliyat.com\/wp-content\/uploads\/2021\/12\/misir-1-367x367.jpg 367w\" sizes=\"(max-width: 400px) 100vw, 400px\" \/>\u0645\u0627 \u0647\u064a \u0627\u0644\u0630\u0631\u0629\u061f \u0645\u0627 \u0647\u064a \u0627\u0644\u0645\u0646\u0627\u0641\u0639\u061f<\/h2>\n<p class=\" translation-block\"><strong> \u0645\u0639\u0644\u0648\u0645\u0627\u062a \u0646\u0628\u0627\u062a\u064a\u0629: <\/strong> \u062a\u0646\u062a\u0645\u064a \u0625\u0644\u0649 \u0639\u0627\u0626\u0644\u0629 \u0639\u0634\u0628\u0629 \u0627\u0644\u0642\u0645\u062d. \u0625\u0646\u0647 \u0646\u0628\u0627\u062a \u0639\u0634\u0628\u064a \u0633\u0646\u0648\u064a \u0648\u064a\u0645\u0643\u0646 \u0623\u0646 \u064a\u062a\u0631\u0627\u0648\u062d \u0637\u0648\u0644\u0647 \u0628\u064a\u0646 1.5 \u0648 3 \u0623\u0645\u062a\u0627\u0631 \u062d\u0633\u0628 \u0627\u0644\u0645\u0646\u0637\u0642\u0629 \u0627\u0644\u062a\u064a \u064a\u0646\u0645\u0648 \u0641\u064a\u0647\u0627. \u0627\u0644\u0623\u0648\u0631\u0627\u0642 \u0639\u0644\u0649 \u0634\u0643\u0644 \u0631\u0645\u062d \u0637\u0648\u064a\u0644 \u0648\u0631\u0641\u064a\u0639 \u0645\u0633\u062a\u062f\u0642 \u0628\u0627\u062a\u062c\u0627\u0647 \u0627\u0644\u062d\u0627\u0641\u0629. \u062d\u0648\u0627\u0641 \u0627\u0644\u0623\u0648\u0631\u0627\u0642 \u0643\u0627\u0645\u0644\u0629 \u060c \u0645\u062a\u0645\u0648\u062c\u0629 \u060c \u0645\u0639 \u0648\u0631\u064a\u062f \u0631\u0626\u064a\u0633\u064a \u0643\u0628\u064a\u0631 \u0623\u0628\u064a\u0636 \u0645\u0627\u0626\u0644 \u0644\u0644\u0631\u0645\u0627\u062f\u064a \u064a\u0645\u062a\u062f \u0645\u0646 \u0627\u0644\u0648\u0633\u0637 \u0648\u0639\u0634\u0631\u0627\u062a \u0627\u0644\u0623\u0648\u0631\u062f\u0629 \u0627\u0644\u062c\u0627\u0646\u0628\u064a\u0629 \u0627\u0644\u064a\u0645\u0646\u0649 \u0648\u0627\u0644\u064a\u0633\u0631\u0649 \u0645\u0648\u0627\u0632\u064a\u0629 \u0644\u0647. \u062a\u0642\u0641 \u0627\u0644\u0623\u0632\u0647\u0627\u0631 \u0627\u0644\u0645\u0630\u0643\u0631 \u0648\u0627\u0644\u0625\u0646\u0627\u062b \u0645\u0646\u0641\u0635\u0644\u0629 \u060c \u0648\u0644\u0643\u0646 \u0639\u0644\u0649 \u0646\u0641\u0633 \u0627\u0644\u0646\u0628\u0627\u062a. \u0627\u0644\u0632\u0647\u0648\u0631 \u0627\u0644\u0623\u0646\u062b\u0648\u064a\u0629 \u0634\u0631\u0627\u0628\u0627\u062a \u062a\u062e\u0631\u062c \u0645\u0646 \u0642\u0637\u0639\u0629 \u062e\u0628\u0632. \u0648\u062a\u0633\u0645\u0649 \u062b\u0645\u0627\u0631\u0647\u0627 \u0643\u0648\u0632 \u0627\u0644\u0630\u0631\u0629 \u0628\u0627\u062e\u062a\u0635\u0627\u0631 \u060c \u0648\u062a\u0635\u0637\u0641 100-200 \u0628\u0630\u0631\u0629 \u0630\u0631\u0629 \u0639\u0644\u0649 \u0647\u0630\u0627 \u0627\u0644\u0632\u0648\u062c.<\/p>\n<p><img loading=\"lazy\" class=\"alignleft\" title=\"misir.gif\" src=\"https:\/\/www.saglikaktuel.com\/d\/encyclopedia\/misir.gif\" alt=\"misir.gif\" width=\"390\" height=\"312\" \/><strong>\u0627\u0644\u0623\u0645\u0627\u0643\u0646 \u0627\u0644\u0645\u0632\u0631\u0648\u0639\u0629:<\/strong>\u00a0\u0627\u0644\u0630\u0631\u0629 \u060c \u0645\u0648\u0637\u0646\u0647\u0627 \u0623\u0645\u0631\u064a\u0643\u0627 \u0627\u0644\u062c\u0646\u0648\u0628\u064a\u0629 \u060c \u062c\u0644\u0628\u0647\u0627 \u0627\u0644\u0628\u062d\u0627\u0631\u0629 \u0625\u0644\u0649 \u0623\u0648\u0631\u0648\u0628\u0627 \u0628\u0639\u062f \u0627\u0643\u062a\u0634\u0627\u0641 \u0627\u0644\u0623\u0645\u0631\u064a\u0643\u062a\u064a\u0646. \u0645\u0646 \u0647\u0646\u0627\u0643 \u060c \u064a\u064f\u0639\u062a\u0642\u062f \u0623\u0646 \u0647\u0630\u0627 \u0627\u0644\u0646\u0628\u0627\u062a \u064a\u0633\u0645\u0649 \u0627\u0644\u0630\u0631\u0629 \u0641\u064a \u0644\u063a\u062a\u0646\u0627 \u060c \u062d\u064a\u062b \u062a\u0645 \u0625\u062d\u0636\u0627\u0631\u0647\u0627 \u0625\u0644\u0649 \u0628\u0644\u0627\u062f\u0646\u0627 \u0645\u0646 \u0627\u0644\u0628\u0631 \u0627\u0644\u0623\u0641\u0631\u064a\u0642\u064a \u0639\u0628\u0631 \u0645\u0635\u0631. \u0645\u0646\u0627\u062e \u062a\u0631\u0643\u064a\u0627 \u0645\u0646\u0627\u0633\u0628 \u062a\u0645\u0627\u0645\u064b\u0627 \u0644\u0645\u0635\u0631 \u060c \u0644\u0630\u0627 \u0641\u0647\u064a \u062a\u0632\u0631\u0639 \u0639\u0644\u0649 \u0645\u0633\u0627\u062d\u0629 \u0648\u0627\u0633\u0639\u0629.<\/p>\n<p class=\" translation-block\"><strong> \u0627\u0644\u062a\u062c\u0645\u064a\u0639 - \u0627\u0644\u062a\u062e\u0632\u064a\u0646: <\/strong> \u064a\u062a\u0645 \u062c\u0645\u0639 \u0623\u0643\u0648\u0627\u0632 \u0627\u0644\u0630\u0631\u0629 \u0627\u0644\u0646\u0627\u0636\u062c\u0629 \u0648\u062a\u062c\u0641\u064a\u0641\u0647\u0627 \u0648\u0627\u0644\u062d\u0635\u0648\u0644 \u0639\u0644\u0649 \u0627\u0644\u0646\u0634\u0627 \u0623\u0648 \u0627\u0644\u0632\u064a\u062a \u0645\u0646\u0647\u0627. \u064a\u062a\u0645 \u062c\u0645\u0639 \u0634\u0631\u0627\u0628\u0627\u062a \u0627\u0644\u0630\u0631\u0629 \u0641\u064a \u064a\u0648\u0646\u064a\u0648 \u0623\u0648 \u064a\u0648\u0644\u064a\u0648 \u060c \u0648\u062a\u062c\u0641\u064a\u0641\u0647\u0627 \u0641\u064a \u0627\u0644\u0638\u0644 \u0648\u062a\u062e\u0632\u064a\u0646\u0647\u0627 \u0641\u064a \u062d\u0627\u0648\u064a\u0627\u062a \u0645\u063a\u0644\u0642\u0629 \u062e\u0627\u0635\u0629.<\/p>\n<p class=\" translation-block\"><strong> \u0627\u0644\u062a\u0631\u0643\u064a\u0628 \u0627\u0644\u0645\u0639\u0631\u0648\u0641: <\/strong> \u062a\u062d\u062a\u0648\u064a \u062d\u0628\u0648\u0628 \u0646\u0628\u062a\u0629 \u0627\u0644\u0630\u0631\u0629 \u0639\u0644\u0649 \u0646\u0633\u0628\u0629 \u0639\u0627\u0644\u064a\u0629 \u0645\u0646 \u0627\u0644\u0646\u0634\u0627 \u0648\u0627\u0644\u0623\u062d\u0645\u0627\u0636 \u0627\u0644\u062f\u0647\u0646\u064a\u0629 \u063a\u064a\u0631 \u0627\u0644\u0645\u0634\u0628\u0639\u0629 \u0648\u0641\u064a\u062a\u0627\u0645\u064a\u0646 \u0623 \u0648\u0627\u0644\u0633\u062a\u064a\u0631\u0648\u0644\u0627\u062a. \u0645\u0643\u0648\u0646\u0627\u062a \u062d\u0631\u064a\u0631 \u0627\u0644\u0630\u0631\u0629 \u0627\u0644\u0645\u0633\u062a\u062e\u062f\u0645\u0629 \u0643\u062f\u0648\u0627\u0621 \u0647\u064a \u0643\u0645\u0627 \u064a\u0644\u064a: \u0627\u0644\u0633\u0643\u0631\u064a\u0627\u062a \u0645\u062b\u0644 \u0627\u0644\u062c\u0644\u0648\u0643\u0648\u0632 \u0648\u0627\u0644\u0645\u0627\u0644\u062a\u0648\u0632 \u0648\u0627\u0644\u0633\u062a\u064a\u0631\u0648\u0644\u0627\u062a \u0648\u0627\u0644\u0631\u0627\u062a\u0646\u062c \u0648\u0623\u0645\u0644\u0627\u062d \u0627\u0644\u0628\u0648\u062a\u0627\u0633\u064a\u0648\u0645 \u0648\u0627\u0644\u0632\u064a\u0648\u062a \u0627\u0644\u0639\u0637\u0631\u064a\u0629.<\/p>\n<p class=\" translation-block\"><strong> \u0623\u0645\u0627\u0643\u0646 \u0627\u0644\u0627\u0633\u062a\u062e\u062f\u0627\u0645: <\/strong> \u0632\u064a\u062a \u0627\u0644\u0630\u0631\u0629 \u0627\u0644\u0630\u064a \u064a\u062a\u0645 \u0627\u0644\u062d\u0635\u0648\u0644 \u0639\u0644\u064a\u0647 \u0645\u0646 \u062d\u0628\u0627\u062a \u0627\u0644\u0630\u0631\u0629 \u060c \u0643\u0632\u064a\u062a \u0646\u0628\u0627\u062a\u064a \u0633\u0627\u0626\u0644 \u0644\u0644\u0637\u0628\u062e \u060c \u0645\u0639\u0631\u0648\u0641 \u0628\u0645\u0646\u0639 \u062a\u0635\u0644\u0628 \u0627\u0644\u0634\u0631\u0627\u064a\u064a\u0646. \u0628\u0627\u0644\u0625\u0636\u0627\u0641\u0629 \u0625\u0644\u0649 \u0630\u0644\u0643 \u060c \u0646\u0638\u0631\u064b\u0627 \u0644\u0642\u064a\u0645\u062a\u0647\u0627 \u0627\u0644\u063a\u0630\u0627\u0626\u064a\u0629 \u060c \u062a\u064f\u0633\u062a\u062e\u062f\u0645 \u062d\u0628\u0648\u0628 \u0627\u0644\u0630\u0631\u0629 \u0623\u064a\u0636\u064b\u0627 \u0641\u064a \u0635\u0646\u0627\u0639\u0629 \u0627\u0644\u0623\u0639\u0644\u0627\u0641 \u0644\u0644\u062d\u064a\u0648\u0627\u0646\u0627\u062a. \u064a\u062a\u0645 \u0627\u0644\u062d\u0635\u0648\u0644 \u0639\u0644\u0649 \u0627\u0644\u062f\u0642\u064a\u0642 \u0645\u0646 \u062d\u0628\u0648\u0628\u0647. \u062d\u062a\u0649 \u0627\u0644\u064a\u0648\u0645 \u060c \u0627\u0633\u062a\u062e\u062f\u0627\u0645\u0647 \u0645\u0646\u062a\u0634\u0631 \u0639\u0644\u0649 \u0646\u0637\u0627\u0642 \u0648\u0627\u0633\u0639.<\/p>\n<p class=\" translation-block\"><strong> \u0627\u0644\u0641\u0648\u0627\u0626\u062f: <\/strong> \u0641\u0639\u0627\u0644 \u0641\u064a \u0639\u0644\u0627\u062c \u0627\u0644\u062a\u0647\u0627\u0628 \u0627\u0644\u0625\u062d\u0644\u064a\u0644 (\u0639\u062f\u0648\u0649 \u0627\u0644\u0645\u0633\u0627\u0644\u0643 \u0627\u0644\u0628\u0648\u0644\u064a\u0629) \u0648\u0627\u0644\u062a\u0647\u0627\u0628 \u0627\u0644\u0645\u062b\u0627\u0646\u0629 (\u0639\u062f\u0648\u0649 \u0627\u0644\u0645\u062b\u0627\u0646\u0629) \u0648\u0627\u0644\u062a\u0647\u0627\u0628 \u0627\u0644\u0628\u0631\u0648\u0633\u062a\u0627\u062a\u0627 (\u0639\u062f\u0648\u0649 \u063a\u062f\u0629 \u0627\u0644\u0628\u0631\u0648\u0633\u062a\u0627\u062a\u0627). \u064a\u0633\u0627\u0639\u062f \u0641\u064a \u0627\u0644\u062a\u063a\u0644\u0628 \u0639\u0644\u0649 \u0645\u0634\u0627\u0643\u0644 \u0627\u0644\u0643\u0644\u0649 \u0639\u0646\u062f \u0627\u0644\u0623\u0637\u0641\u0627\u0644. \u0648\u0647\u0648 \u0645\u062f\u0631 \u0644\u0644\u0628\u0648\u0644 \u0648\u064a\u0642\u0644\u0644 \u0645\u0646 \u062d\u0635\u0648\u0627\u062a \u0627\u0644\u0645\u062b\u0627\u0646\u0629. \u0625\u0646\u0647 \u0645\u0646\u0634\u0637 \u064a\u0642\u0648\u064a \u0627\u0644\u062c\u0633\u0645 \u060c \u0641\u0647\u0648 \u0645\u0647\u062f\u0626. \u064a\u0633\u0627\u0639\u062f \u0641\u064a \u0639\u0644\u0627\u062c \u0627\u0644\u0631\u0648\u0645\u0627\u062a\u064a\u0632\u0645.<\/p>\n\n\t\t<\/div>\n\t<\/div>\n<\/div><\/div><\/div><\/div><\/div>","protected":false},"excerpt":{"rendered":"M\u0131s\u0131r nedir? Faydalar\u0131 nelerdir? Botanik Bilgi :\u00a0Bu\u011fdaygiller familyas\u0131ndand\u0131r. Bir y\u0131ll\u0131k otsu bir bitki olup yeti\u015fti\u011fi b\u00f6lgeye g\u00f6re boyu 1,5-3 metre aras\u0131nda olabilir. Yapraklar\u0131 uca do\u011fru gittik\u00e7e sivrilerek, uzun ince bir m\u0131zrak \u015feklindedir. Yapraklar\u0131n kenarlar\u0131 b\u00fct\u00fcn, dalgal\u0131, ortas\u0131ndan grimsi beyaz b\u00fcy\u00fck bir ana damar ve ona paralele olarak bir d\u00fczine sa\u011fl\u0131, sollu yan damarlar uzan\u0131r. \u00c7i\u00e7ekleri [...]","protected":false},"author":1,"featured_media":0,"parent":0,"menu_order":0,"comment_status":"closed","ping_status":"closed","template":"","meta":{"_mi_skip_tracking":false},"yoast_head":"<!-- This site is optimized with the Yoast SEO Premium plugin v17.7 (Yoast SEO v17.7) - https:\/\/yoast.com\/wordpress\/plugins\/seo\/ -->\n<title>M\u0131s\u0131r - Sade \u00d6nc\u00fc Bakliyat<\/title>\n<meta name=\"robots\" content=\"index, follow, max-snippet:-1, max-image-preview:large, max-video-preview:-1\" \/>\n<link rel=\"canonical\" href=\"https:\/\/sadeoncubakliyat.com\/ar\/misir\/\" \/>\n<meta property=\"og:locale\" content=\"ar_AR\" \/>\n<meta property=\"og:type\" content=\"article\" \/>\n<meta property=\"og:title\" content=\"M\u0131s\u0131r\" \/>\n<meta property=\"og:url\" content=\"https:\/\/sadeoncubakliyat.com\/ar\/misir\/\" \/>\n<meta property=\"og:site_name\" content=\"Sade \u00d6nc\u00fc Bakliyat\" \/>\n<meta property=\"article:modified_time\" content=\"2022-01-08T07:43:03+00:00\" \/>\n<meta property=\"og:image\" content=\"https:\/\/sadeoncubakliyat.com\/tr\/wp-content\/uploads\/2021\/12\/misir-1-300x300.jpg\" \/>\n<meta name=\"twitter:card\" content=\"summary\" \/>\n<meta name=\"twitter:label1\" content=\"\u0648\u0642\u062a \u0627\u0644\u0642\u0631\u0627\u0621\u0629 \u0627\u0644\u0645\u064f\u0642\u062f\u0651\u0631\" \/>\n\t<meta name=\"twitter:data1\" content=\"\u062f\u0642\u064a\u0642\u062a\u0627\u0646\" \/>\n<script type=\"application\/ld+json\" class=\"yoast-schema-graph\">{\"@context\":\"https:\/\/schema.org\",\"@graph\":[{\"@type\":\"Organization\",\"@id\":\"https:\/\/sadeoncubakliyat.com\/#organization\",\"name\":\"Sade \\u00d6nc\\u00fc Bakliyat\",\"url\":\"https:\/\/sadeoncubakliyat.com\/\",\"sameAs\":[],\"logo\":{\"@type\":\"ImageObject\",\"@id\":\"https:\/\/sadeoncubakliyat.com\/#logo\",\"inLanguage\":\"ar\",\"url\":\"https:\/\/sadeoncubakliyat.com\/wp-content\/uploads\/2021\/12\/sade_oncu_bakliyat_logo-3.png\",\"contentUrl\":\"https:\/\/sadeoncubakliyat.com\/wp-content\/uploads\/2021\/12\/sade_oncu_bakliyat_logo-3.png\",\"width\":512,\"height\":512,\"caption\":\"Sade \\u00d6nc\\u00fc Bakliyat\"},\"image\":{\"@id\":\"https:\/\/sadeoncubakliyat.com\/#logo\"}},{\"@type\":\"WebSite\",\"@id\":\"https:\/\/sadeoncubakliyat.com\/#website\",\"url\":\"https:\/\/sadeoncubakliyat.com\/\",\"name\":\"Sade \\u00d6nc\\u00fc Bakliyat\",\"description\":\"Kalitede ve Sadelikte \\u00d6nc\\u00fc\",\"publisher\":{\"@id\":\"https:\/\/sadeoncubakliyat.com\/#organization\"},\"potentialAction\":[{\"@type\":\"SearchAction\",\"target\":{\"@type\":\"EntryPoint\",\"urlTemplate\":\"https:\/\/sadeoncubakliyat.com\/?s={search_term_string}\"},\"query-input\":\"required name=search_term_string\"}],\"inLanguage\":\"ar\"},{\"@type\":\"ImageObject\",\"@id\":\"https:\/\/sadeoncubakliyat.com\/misir\/#primaryimage\",\"inLanguage\":\"ar\",\"url\":\"https:\/\/sadeoncubakliyat.com\/tr\/wp-content\/uploads\/2021\/12\/misir-1-300x300.jpg\",\"contentUrl\":\"https:\/\/sadeoncubakliyat.com\/tr\/wp-content\/uploads\/2021\/12\/misir-1-300x300.jpg\"},{\"@type\":\"WebPage\",\"@id\":\"https:\/\/sadeoncubakliyat.com\/misir\/#webpage\",\"url\":\"https:\/\/sadeoncubakliyat.com\/misir\/\",\"name\":\"M\\u0131s\\u0131r - Sade \\u00d6nc\\u00fc Bakliyat\",\"isPartOf\":{\"@id\":\"https:\/\/sadeoncubakliyat.com\/#website\"},\"primaryImageOfPage\":{\"@id\":\"https:\/\/sadeoncubakliyat.com\/misir\/#primaryimage\"},\"datePublished\":\"2022-01-03T15:12:45+00:00\",\"dateModified\":\"2022-01-08T07:43:03+00:00\",\"breadcrumb\":{\"@id\":\"https:\/\/sadeoncubakliyat.com\/misir\/#breadcrumb\"},\"inLanguage\":\"ar\",\"potentialAction\":[{\"@type\":\"ReadAction\",\"target\":[\"https:\/\/sadeoncubakliyat.com\/misir\/\"]}]},{\"@type\":\"BreadcrumbList\",\"@id\":\"https:\/\/sadeoncubakliyat.com\/misir\/#breadcrumb\",\"itemListElement\":[{\"@type\":\"ListItem\",\"position\":1,\"name\":\"Anasayfa\",\"item\":\"https:\/\/sadeoncubakliyat.com\/\"},{\"@type\":\"ListItem\",\"position\":2,\"name\":\"M\\u0131s\\u0131r\"}]}]}<\/script>\n<!-- \/ Yoast SEO Premium plugin. -->","yoast_head_json":{"title":"M\u0131s\u0131r - Sade \u00d6nc\u00fc Bakliyat","robots":{"index":"index","follow":"follow","max-snippet":"max-snippet:-1","max-image-preview":"max-image-preview:large","max-video-preview":"max-video-preview:-1"},"canonical":"https:\/\/sadeoncubakliyat.com\/ar\/misir\/","og_locale":"ar_AR","og_type":"article","og_title":"M\u0131s\u0131r","og_url":"https:\/\/sadeoncubakliyat.com\/ar\/misir\/","og_site_name":"Sade \u00d6nc\u00fc Bakliyat","article_modified_time":"2022-01-08T07:43:03+00:00","og_image":[{"url":"https:\/\/sadeoncubakliyat.com\/tr\/wp-content\/uploads\/2021\/12\/misir-1-300x300.jpg"}],"twitter_card":"summary","twitter_misc":{"\u0648\u0642\u062a \u0627\u0644\u0642\u0631\u0627\u0621\u0629 \u0627\u0644\u0645\u064f\u0642\u062f\u0651\u0631":"\u062f\u0642\u064a\u0642\u062a\u0627\u0646"},"schema":{"@context":"https:\/\/schema.org","@graph":[{"@type":"Organization","@id":"https:\/\/sadeoncubakliyat.com\/#organization","name":"Sade \u00d6nc\u00fc Bakliyat","url":"https:\/\/sadeoncubakliyat.com\/","sameAs":[],"logo":{"@type":"ImageObject","@id":"https:\/\/sadeoncubakliyat.com\/#logo","inLanguage":"ar","url":"https:\/\/sadeoncubakliyat.com\/wp-content\/uploads\/2021\/12\/sade_oncu_bakliyat_logo-3.png","contentUrl":"https:\/\/sadeoncubakliyat.com\/wp-content\/uploads\/2021\/12\/sade_oncu_bakliyat_logo-3.png","width":512,"height":512,"caption":"Sade \u00d6nc\u00fc Bakliyat"},"image":{"@id":"https:\/\/sadeoncubakliyat.com\/#logo"}},{"@type":"WebSite","@id":"https:\/\/sadeoncubakliyat.com\/#website","url":"https:\/\/sadeoncubakliyat.com\/","name":"Sade \u00d6nc\u00fc Bakliyat","description":"Kalitede ve Sadelikte \u00d6nc\u00fc","publisher":{"@id":"https:\/\/sadeoncubakliyat.com\/#organization"},"potentialAction":[{"@type":"SearchAction","target":{"@type":"EntryPoint","urlTemplate":"https:\/\/sadeoncubakliyat.com\/?s={search_term_string}"},"query-input":"required name=search_term_string"}],"inLanguage":"ar"},{"@type":"ImageObject","@id":"https:\/\/sadeoncubakliyat.com\/misir\/#primaryimage","inLanguage":"ar","url":"https:\/\/sadeoncubakliyat.com\/tr\/wp-content\/uploads\/2021\/12\/misir-1-300x300.jpg","contentUrl":"https:\/\/sadeoncubakliyat.com\/tr\/wp-content\/uploads\/2021\/12\/misir-1-300x300.jpg"},{"@type":"WebPage","@id":"https:\/\/sadeoncubakliyat.com\/misir\/#webpage","url":"https:\/\/sadeoncubakliyat.com\/misir\/","name":"M\u0131s\u0131r - Sade \u00d6nc\u00fc Bakliyat","isPartOf":{"@id":"https:\/\/sadeoncubakliyat.com\/#website"},"primaryImageOfPage":{"@id":"https:\/\/sadeoncubakliyat.com\/misir\/#primaryimage"},"datePublished":"2022-01-03T15:12:45+00:00","dateModified":"2022-01-08T07:43:03+00:00","breadcrumb":{"@id":"https:\/\/sadeoncubakliyat.com\/misir\/#breadcrumb"},"inLanguage":"ar","potentialAction":[{"@type":"ReadAction","target":["https:\/\/sadeoncubakliyat.com\/misir\/"]}]},{"@type":"BreadcrumbList","@id":"https:\/\/sadeoncubakliyat.com\/misir\/#breadcrumb","itemListElement":[{"@type":"ListItem","position":1,"name":"Anasayfa","item":"https:\/\/sadeoncubakliyat.com\/"},{"@type":"ListItem","position":2,"name":"M\u0131s\u0131r"}]}]}},"_links":{"self":[{"href":"https:\/\/sadeoncubakliyat.com\/ar\/wp-json\/wp\/v2\/pages\/1097"}],"collection":[{"href":"https:\/\/sadeoncubakliyat.com\/ar\/wp-json\/wp\/v2\/pages"}],"about":[{"href":"https:\/\/sadeoncubakliyat.com\/ar\/wp-json\/wp\/v2\/types\/page"}],"author":[{"embeddable":true,"href":"https:\/\/sadeoncubakliyat.com\/ar\/wp-json\/wp\/v2\/users\/1"}],"replies":[{"embeddable":true,"href":"https:\/\/sadeoncubakliyat.com\/ar\/wp-json\/wp\/v2\/comments?post=1097"}],"version-history":[{"count":6,"href":"https:\/\/sadeoncubakliyat.com\/ar\/wp-json\/wp\/v2\/pages\/1097\/revisions"}],"predecessor-version":[{"id":1201,"href":"https:\/\/sadeoncubakliyat.com\/ar\/wp-json\/wp\/v2\/pages\/1097\/revisions\/1201"}],"wp:attachment":[{"href":"https:\/\/sadeoncubakliyat.com\/ar\/wp-json\/wp\/v2\/media?parent=1097"}],"curies":[{"name":"wp","href":"https:\/\/api.w.org\/{rel}","templated":true}]}}