{"id":1101,"date":"2022-01-03T18:56:13","date_gmt":"2022-01-03T15:56:13","guid":{"rendered":"https:\/\/sadeoncubakliyat.com\/tr\/?page_id=1101"},"modified":"2022-01-08T10:50:10","modified_gmt":"2022-01-08T07:50:10","slug":"pirinc","status":"publish","type":"page","link":"https:\/\/sadeoncubakliyat.com\/ar\/pirinc\/","title":{"rendered":"\u0623\u0631\u0632"},"content":{"rendered":"<div class=\"vc_row wpb_row vc_custom_1641219515782 porto-inner-container\"><div class=\"porto-wrap-container container\"><div class=\"row\"><div class=\"vc_column_container col-md-12\"><div class=\"wpb_wrapper vc_column-inner\">\n\t<div class=\"wpb_text_column wpb_content_element\" >\n\t\t<div class=\"wpb_wrapper\">\n\t\t\t<p><img loading=\"lazy\" class=\"alignleft wp-image-1003\" src=\"https:\/\/sadeoncubakliyat.com\/tr\/wp-content\/uploads\/2021\/12\/pirinc-1-300x300.jpg\" alt=\"\" width=\"400\" height=\"400\" srcset=\"https:\/\/sadeoncubakliyat.com\/wp-content\/uploads\/2021\/12\/pirinc-1-400x400.jpg 400w, https:\/\/sadeoncubakliyat.com\/wp-content\/uploads\/2021\/12\/pirinc-1-367x367.jpg 367w\" sizes=\"(max-width: 400px) 100vw, 400px\" \/>\u064a\u0634\u0643\u0644 \u0627\u0644\u0623\u0631\u0632 \u060c \u062e\u0627\u0635\u0629 \u0641\u064a \u0622\u0633\u064a\u0627 \u060c \u0645\u0639\u0638\u0645 \u0625\u0646\u062a\u0627\u062c \u0627\u0644\u0623\u0631\u0632 \u0641\u064a \u0627\u0644\u0639\u0627\u0644\u0645 \u060c \u0648\u0628\u0627\u0644\u062a\u0627\u0644\u064a \u0641\u0647\u0648 \u0623\u062d\u062f \u0627\u0644\u0645\u0646\u062a\u062c\u0627\u062a \u0627\u0644\u0632\u0631\u0627\u0639\u064a\u0629 \u0627\u0644\u0623\u0643\u062b\u0631 \u0634\u0639\u0628\u064a\u0629 \u0641\u064a \u0622\u0633\u064a\u0627. \u064a\u0632\u0631\u0639 \u0627\u0644\u0623\u0631\u0632 \u0641\u064a \u0623\u0643\u062b\u0631 \u0645\u0646 110 \u062f\u0648\u0644\u0629. \u0623\u0643\u0628\u0631 5 \u062f\u0648\u0644 \u0645\u0646\u062a\u062c\u0629 \u0644\u0644\u0623\u0631\u0632 \u0641\u064a \u062c\u0645\u064a\u0639 \u0623\u0646\u062d\u0627\u0621 \u0627\u0644\u0639\u0627\u0644\u0645 \u0647\u064a \u0627\u0644\u0635\u064a\u0646 \u0648\u0627\u0644\u0647\u0646\u062f \u0648\u0625\u0646\u062f\u0648\u0646\u064a\u0633\u064a\u0627 \u0648\u0628\u0646\u063a\u0644\u0627\u062f\u064a\u0634 \u0648\u0641\u064a\u062a\u0646\u0627\u0645. \u0643\u0645\u0627 \u0623\u0646 \u0627\u0644\u062f\u0648\u0644 \u0627\u0644\u0631\u0627\u0626\u062f\u0629 \u0641\u064a \u062a\u0635\u062f\u064a\u0631 \u0627\u0644\u0623\u0631\u0632 \u0647\u064a \u0627\u0644\u0647\u0646\u062f \u0648\u062a\u0627\u064a\u0644\u0627\u0646\u062f \u0648\u0627\u0644\u0648\u0644\u0627\u064a\u0627\u062a \u0627\u0644\u0645\u062a\u062d\u062f\u0629 \u0627\u0644\u0623\u0645\u0631\u064a\u0643\u064a\u0629 \u0648\u0628\u0627\u0643\u0633\u062a\u0627\u0646 \u0648\u0641\u064a\u062a\u0646\u0627\u0645. \u0625\u0644\u0649 \u062c\u0627\u0646\u0628 \u0630\u0644\u0643 \u060c \u064a\u0632\u0631\u0639 \u0627\u0644\u0623\u0631\u0632 \u0628\u0646\u062c\u0627\u062d \u0641\u064a \u062f\u0648\u0644 \u0627\u0644\u0628\u062d\u0631 \u0627\u0644\u0623\u0628\u064a\u0636 \u0627\u0644\u0645\u062a\u0648\u0633\u0637 \u200b\u200b(\u0625\u064a\u0637\u0627\u0644\u064a\u0627 \u060c \u0627\u0644\u0645\u063a\u0631\u0628 \u060c \u0627\u0644\u064a\u0648\u0646\u0627\u0646) \u060c \u0623\u0645\u0631\u064a\u0643\u0627 \u0627\u0644\u0644\u0627\u062a\u064a\u0646\u064a\u0629 (\u0623\u0648\u0631\u0648\u063a\u0648\u0627\u064a \u060c \u0628\u0627\u0631\u0627\u062c\u0648\u0627\u064a \u060c \u0627\u0644\u0628\u0631\u0627\u0632\u064a\u0644 \u060c \u0627\u0644\u0623\u0631\u062c\u0646\u062a\u064a\u0646) \u0648\u062d\u062a\u0649 \u0641\u064a \u0623\u0648\u0631\u0648\u0628\u0627 \u0627\u0644\u0648\u0633\u0637\u0649 (\u0628\u0644\u062c\u064a\u0643\u0627 \u060c \u0647\u0648\u0644\u0646\u062f\u0627). \u064a\u064f\u0639\u062a\u0642\u062f \u0623\u0646 \u0627\u0644\u0623\u0631\u0632 \u0647\u0648 \u062b\u0627\u0644\u062b \u0623\u0647\u0645 \u0645\u0646\u062a\u062c \u0632\u0631\u0627\u0639\u064a \u0628\u0639\u062f \u0627\u0644\u0633\u0643\u0631 \u0648\u0627\u0644\u0630\u0631\u0629.<\/p>\n<h2><b>\u0645\u0639\u0644\u0648\u0645\u0627\u062a \u0639\u0646 \u0646\u0628\u0627\u062a \u0627\u0644\u0623\u0631\u0632<\/b><\/h2>\n<p class=\" translation-block\">\u0646\u0628\u0627\u062a \u0627\u0644\u0623\u0631\u0632 \u0623\u0648 \u0627\u0644\u0623\u0631\u0632 (<em> Oryza sativa <\/em>) \u0647\u0648 \u0639\u0634\u0628 \u0633\u0646\u0648\u064a \u0623\u062d\u0627\u062f\u064a \u0627\u0644\u0641\u0644\u0642\u0629 \u064a\u0646\u062a\u0645\u064a \u0625\u0644\u0649 \u0639\u0627\u0626\u0644\u0629 Poaceae (Gramineae). \u062a\u0632\u0631\u0639 \u0623\u0635\u0646\u0627\u0641 \u0623\u0631\u0632 \u0627\u0644\u0623\u0648\u0631\u064a\u0632\u0627 \u0644\u0644\u0627\u0633\u062a\u0647\u0644\u0627\u0643 \u0648\u064a\u062a\u0645 \u062c\u0645\u0639 \u0628\u0630\u0648\u0631 \u0627\u0644\u0646\u0628\u0627\u062a\u0627\u062a. \u0628\u0627\u0644\u0646\u0633\u0628\u0629 \u0644\u0644\u062c\u0632\u0621 \u0627\u0644\u0623\u0643\u0628\u0631 \u060c \u064a\u0639\u062a\u0628\u0631 \u0627\u0644\u0623\u0631\u0632 \u0639\u0634\u0628\u064b\u0627 \u0633\u0646\u0648\u064a\u064b\u0627. \u0648\u0645\u0639 \u0630\u0644\u0643 \u060c \u0646\u0627\u062f\u0631\u064b\u0627 \u0645\u0627 \u064a\u0646\u0645\u0648 \u0646\u0628\u0627\u062a \u0627\u0644\u0623\u0631\u0632 \u0643\u0645\u0639\u0645\u0631 \u0648\u064a\u0645\u0643\u0646 \u0623\u0646 \u064a\u0639\u064a\u0634 \u0644\u0645\u062f\u0629 10 \u0633\u0646\u0648\u0627\u062a \u0623\u0648 \u0623\u0643\u062b\u0631. \u062a\u062a\u0631\u0627\u0648\u062d \u0641\u062a\u0631\u0629 \u0627\u0644\u0646\u0645\u0648 (\u0645\u0646 \u0627\u0644\u0634\u062a\u0644\u0627\u062a \u0625\u0644\u0649 \u0627\u0644\u062d\u0635\u0627\u062f) \u0644\u0646\u0628\u0627\u062a \u0627\u0644\u0623\u0631\u0632 \u0627\u0644\u0633\u0646\u0648\u064a \u0628\u064a\u0646 95 \u064a\u0648\u0645\u064b\u0627 (\u0627\u0644\u0623\u0635\u0646\u0627\u0641 \u0627\u0644\u0645\u0628\u0643\u0631\u0629) \u0648\u062d\u0648\u0627\u0644\u064a 250 \u064a\u0648\u0645\u064b\u0627 (\u0627\u0644\u0623\u0635\u0646\u0627\u0641 \u0627\u0644\u0645\u062a\u0623\u062e\u0631\u0629). \u064a\u0645\u0643\u0646 \u062d\u0635\u0627\u062f \u0627\u0644\u0623\u0635\u0646\u0627\u0641 \u0627\u0644\u0645\u0628\u0643\u0631\u0629 \u0627\u0644\u0645\u062a\u0648\u0633\u0637\u0629 120-150 \u064a\u0648\u0645\u064b\u0627 \u0628\u0639\u062f \u0627\u0644\u0628\u0630\u0631.<\/p>\n<p>\u064a\u062a\u0643\u0648\u0646 \u0646\u0628\u0627\u062a \u0627\u0644\u0623\u0631\u0632 \u0645\u0646 \u0627\u0644\u062c\u0630\u0631 \u0648\u0627\u0644\u0633\u0627\u0642 \u0648\u0627\u0644\u0623\u0648\u0631\u0627\u0642 \u0648\u0627\u0644\u0646\u0648\u0631\u0627\u062a. \u064a\u062a\u0631\u0627\u0648\u062d \u0637\u0648\u0644 \u0646\u0638\u0627\u0645 \u062c\u0630\u0631 \u0627\u0644\u0646\u0628\u0627\u062a \u0645\u0646 25-30 \u0633\u0645 \u0625\u0644\u0649 100 \u0633\u0645. \u063a\u0627\u0644\u0628\u064b\u0627 \u0645\u0627 \u062a\u0633\u0645\u0649 \u0628\u0630\u0648\u0631 \u0627\u0644\u0623\u0631\u0632 \u0628\u0627\u0644\u062d\u0628\u0648\u0628. \u0639\u0646\u062f\u0645\u0627 \u062a\u0646\u0636\u062c \u0627\u0644\u0639\u0646\u0627\u0642\u064a\u062f \u060c \u062a\u062d\u062a\u0648\u064a \u0643\u0644 \u0646\u0628\u062a\u0629 \u0623\u0631\u0632 \u0639\u0627\u062f\u0629 \u0639\u0644\u0649 50-60 \u0623\u0648 \u0623\u0643\u062b\u0631 \u0645\u0646 120 \u062d\u0628\u0629. \u062a\u062a\u0643\u0648\u0646 \u0627\u0644\u062d\u0628\u0648\u0628 \u0645\u0646 \u062b\u0644\u0627\u062b\u0629 \u0623\u062c\u0632\u0627\u0621 \u0631\u0626\u064a\u0633\u064a\u0629 \u061b \u0627\u0644\u0633\u0648\u064a\u062f\u0627\u0621 \u062a\u062d\u062a\u0648\u064a \u0639\u0644\u0649 \u0642\u0634\u0631 \u0648\u0646\u062e\u0627\u0644\u0629 \u0648\u062c\u0646\u064a\u0646.<\/p>\n\n\t\t<\/div>\n\t<\/div>\n<\/div><\/div><\/div><\/div><\/div>","protected":false},"excerpt":{"rendered":"Pirin\u00e7, \u00f6zellikle Asya\u2019da d\u00fcnya \u00e7ap\u0131nda pirin\u00e7 \u00fcretiminin b\u00fcy\u00fck bir k\u0131sm\u0131 ger\u00e7ekle\u015fir ve dolay\u0131s\u0131yla Asya\u2019da en pop\u00fcler tar\u0131m \u00fcr\u00fcnlerinden biridir. Pirin\u00e7 110\u2019dan fazla \u00fclkede yeti\u015ftirilir. D\u00fcnya \u00e7ap\u0131nda pirin\u00e7 \u00fcreten ilk 5 \u00fclke \u00c7in, Hindistan, Endonezya, Banglade\u015f ve Vietnam\u2019d\u0131r. Ayr\u0131ca, pirin\u00e7 ihracat\u0131nda \u00f6nde gelen \u00fclkeler Hindistan, Tayland, ABD, Pakistan ve Vietnam\u2019d\u0131r. Bunun yan\u0131 s\u0131ra, Akdeniz \u00fclkelerinde (\u0130talya, [...]","protected":false},"author":1,"featured_media":0,"parent":0,"menu_order":0,"comment_status":"closed","ping_status":"closed","template":"","meta":{"_mi_skip_tracking":false},"yoast_head":"<!-- This site is optimized with the Yoast SEO Premium plugin v17.7 (Yoast SEO v17.7) - https:\/\/yoast.com\/wordpress\/plugins\/seo\/ -->\n<title>Pirin\u00e7 - Sade \u00d6nc\u00fc Bakliyat<\/title>\n<meta name=\"robots\" content=\"index, follow, max-snippet:-1, max-image-preview:large, max-video-preview:-1\" \/>\n<link rel=\"canonical\" href=\"https:\/\/sadeoncubakliyat.com\/ar\/pirinc\/\" \/>\n<meta property=\"og:locale\" content=\"ar_AR\" \/>\n<meta property=\"og:type\" content=\"article\" \/>\n<meta property=\"og:title\" content=\"Pirin\u00e7\" \/>\n<meta property=\"og:url\" content=\"https:\/\/sadeoncubakliyat.com\/ar\/pirinc\/\" \/>\n<meta property=\"og:site_name\" content=\"Sade \u00d6nc\u00fc Bakliyat\" \/>\n<meta property=\"article:modified_time\" content=\"2022-01-08T07:50:10+00:00\" \/>\n<meta property=\"og:image\" content=\"https:\/\/sadeoncubakliyat.com\/tr\/wp-content\/uploads\/2021\/12\/pirinc-1-300x300.jpg\" \/>\n<meta name=\"twitter:card\" content=\"summary\" \/>\n<meta name=\"twitter:label1\" content=\"\u0648\u0642\u062a \u0627\u0644\u0642\u0631\u0627\u0621\u0629 \u0627\u0644\u0645\u064f\u0642\u062f\u0651\u0631\" \/>\n\t<meta name=\"twitter:data1\" content=\"\u062f\u0642\u064a\u0642\u062a\u0627\u0646\" \/>\n<script type=\"application\/ld+json\" class=\"yoast-schema-graph\">{\"@context\":\"https:\/\/schema.org\",\"@graph\":[{\"@type\":\"Organization\",\"@id\":\"https:\/\/sadeoncubakliyat.com\/#organization\",\"name\":\"Sade \\u00d6nc\\u00fc Bakliyat\",\"url\":\"https:\/\/sadeoncubakliyat.com\/\",\"sameAs\":[],\"logo\":{\"@type\":\"ImageObject\",\"@id\":\"https:\/\/sadeoncubakliyat.com\/#logo\",\"inLanguage\":\"ar\",\"url\":\"https:\/\/sadeoncubakliyat.com\/wp-content\/uploads\/2021\/12\/sade_oncu_bakliyat_logo-3.png\",\"contentUrl\":\"https:\/\/sadeoncubakliyat.com\/wp-content\/uploads\/2021\/12\/sade_oncu_bakliyat_logo-3.png\",\"width\":512,\"height\":512,\"caption\":\"Sade \\u00d6nc\\u00fc Bakliyat\"},\"image\":{\"@id\":\"https:\/\/sadeoncubakliyat.com\/#logo\"}},{\"@type\":\"WebSite\",\"@id\":\"https:\/\/sadeoncubakliyat.com\/#website\",\"url\":\"https:\/\/sadeoncubakliyat.com\/\",\"name\":\"Sade \\u00d6nc\\u00fc Bakliyat\",\"description\":\"Kalitede ve Sadelikte \\u00d6nc\\u00fc\",\"publisher\":{\"@id\":\"https:\/\/sadeoncubakliyat.com\/#organization\"},\"potentialAction\":[{\"@type\":\"SearchAction\",\"target\":{\"@type\":\"EntryPoint\",\"urlTemplate\":\"https:\/\/sadeoncubakliyat.com\/?s={search_term_string}\"},\"query-input\":\"required name=search_term_string\"}],\"inLanguage\":\"ar\"},{\"@type\":\"ImageObject\",\"@id\":\"https:\/\/sadeoncubakliyat.com\/pirinc\/#primaryimage\",\"inLanguage\":\"ar\",\"url\":\"https:\/\/sadeoncubakliyat.com\/tr\/wp-content\/uploads\/2021\/12\/pirinc-1-300x300.jpg\",\"contentUrl\":\"https:\/\/sadeoncubakliyat.com\/tr\/wp-content\/uploads\/2021\/12\/pirinc-1-300x300.jpg\"},{\"@type\":\"WebPage\",\"@id\":\"https:\/\/sadeoncubakliyat.com\/pirinc\/#webpage\",\"url\":\"https:\/\/sadeoncubakliyat.com\/pirinc\/\",\"name\":\"Pirin\\u00e7 - Sade \\u00d6nc\\u00fc Bakliyat\",\"isPartOf\":{\"@id\":\"https:\/\/sadeoncubakliyat.com\/#website\"},\"primaryImageOfPage\":{\"@id\":\"https:\/\/sadeoncubakliyat.com\/pirinc\/#primaryimage\"},\"datePublished\":\"2022-01-03T15:56:13+00:00\",\"dateModified\":\"2022-01-08T07:50:10+00:00\",\"breadcrumb\":{\"@id\":\"https:\/\/sadeoncubakliyat.com\/pirinc\/#breadcrumb\"},\"inLanguage\":\"ar\",\"potentialAction\":[{\"@type\":\"ReadAction\",\"target\":[\"https:\/\/sadeoncubakliyat.com\/pirinc\/\"]}]},{\"@type\":\"BreadcrumbList\",\"@id\":\"https:\/\/sadeoncubakliyat.com\/pirinc\/#breadcrumb\",\"itemListElement\":[{\"@type\":\"ListItem\",\"position\":1,\"name\":\"Anasayfa\",\"item\":\"https:\/\/sadeoncubakliyat.com\/\"},{\"@type\":\"ListItem\",\"position\":2,\"name\":\"Pirin\\u00e7\"}]}]}<\/script>\n<!-- \/ Yoast SEO Premium plugin. -->","yoast_head_json":{"title":"Pirin\u00e7 - Sade \u00d6nc\u00fc Bakliyat","robots":{"index":"index","follow":"follow","max-snippet":"max-snippet:-1","max-image-preview":"max-image-preview:large","max-video-preview":"max-video-preview:-1"},"canonical":"https:\/\/sadeoncubakliyat.com\/ar\/pirinc\/","og_locale":"ar_AR","og_type":"article","og_title":"Pirin\u00e7","og_url":"https:\/\/sadeoncubakliyat.com\/ar\/pirinc\/","og_site_name":"Sade \u00d6nc\u00fc Bakliyat","article_modified_time":"2022-01-08T07:50:10+00:00","og_image":[{"url":"https:\/\/sadeoncubakliyat.com\/tr\/wp-content\/uploads\/2021\/12\/pirinc-1-300x300.jpg"}],"twitter_card":"summary","twitter_misc":{"\u0648\u0642\u062a \u0627\u0644\u0642\u0631\u0627\u0621\u0629 \u0627\u0644\u0645\u064f\u0642\u062f\u0651\u0631":"\u062f\u0642\u064a\u0642\u062a\u0627\u0646"},"schema":{"@context":"https:\/\/schema.org","@graph":[{"@type":"Organization","@id":"https:\/\/sadeoncubakliyat.com\/#organization","name":"Sade \u00d6nc\u00fc Bakliyat","url":"https:\/\/sadeoncubakliyat.com\/","sameAs":[],"logo":{"@type":"ImageObject","@id":"https:\/\/sadeoncubakliyat.com\/#logo","inLanguage":"ar","url":"https:\/\/sadeoncubakliyat.com\/wp-content\/uploads\/2021\/12\/sade_oncu_bakliyat_logo-3.png","contentUrl":"https:\/\/sadeoncubakliyat.com\/wp-content\/uploads\/2021\/12\/sade_oncu_bakliyat_logo-3.png","width":512,"height":512,"caption":"Sade \u00d6nc\u00fc Bakliyat"},"image":{"@id":"https:\/\/sadeoncubakliyat.com\/#logo"}},{"@type":"WebSite","@id":"https:\/\/sadeoncubakliyat.com\/#website","url":"https:\/\/sadeoncubakliyat.com\/","name":"Sade \u00d6nc\u00fc Bakliyat","description":"Kalitede ve Sadelikte \u00d6nc\u00fc","publisher":{"@id":"https:\/\/sadeoncubakliyat.com\/#organization"},"potentialAction":[{"@type":"SearchAction","target":{"@type":"EntryPoint","urlTemplate":"https:\/\/sadeoncubakliyat.com\/?s={search_term_string}"},"query-input":"required name=search_term_string"}],"inLanguage":"ar"},{"@type":"ImageObject","@id":"https:\/\/sadeoncubakliyat.com\/pirinc\/#primaryimage","inLanguage":"ar","url":"https:\/\/sadeoncubakliyat.com\/tr\/wp-content\/uploads\/2021\/12\/pirinc-1-300x300.jpg","contentUrl":"https:\/\/sadeoncubakliyat.com\/tr\/wp-content\/uploads\/2021\/12\/pirinc-1-300x300.jpg"},{"@type":"WebPage","@id":"https:\/\/sadeoncubakliyat.com\/pirinc\/#webpage","url":"https:\/\/sadeoncubakliyat.com\/pirinc\/","name":"Pirin\u00e7 - Sade \u00d6nc\u00fc Bakliyat","isPartOf":{"@id":"https:\/\/sadeoncubakliyat.com\/#website"},"primaryImageOfPage":{"@id":"https:\/\/sadeoncubakliyat.com\/pirinc\/#primaryimage"},"datePublished":"2022-01-03T15:56:13+00:00","dateModified":"2022-01-08T07:50:10+00:00","breadcrumb":{"@id":"https:\/\/sadeoncubakliyat.com\/pirinc\/#breadcrumb"},"inLanguage":"ar","potentialAction":[{"@type":"ReadAction","target":["https:\/\/sadeoncubakliyat.com\/pirinc\/"]}]},{"@type":"BreadcrumbList","@id":"https:\/\/sadeoncubakliyat.com\/pirinc\/#breadcrumb","itemListElement":[{"@type":"ListItem","position":1,"name":"Anasayfa","item":"https:\/\/sadeoncubakliyat.com\/"},{"@type":"ListItem","position":2,"name":"Pirin\u00e7"}]}]}},"_links":{"self":[{"href":"https:\/\/sadeoncubakliyat.com\/ar\/wp-json\/wp\/v2\/pages\/1101"}],"collection":[{"href":"https:\/\/sadeoncubakliyat.com\/ar\/wp-json\/wp\/v2\/pages"}],"about":[{"href":"https:\/\/sadeoncubakliyat.com\/ar\/wp-json\/wp\/v2\/types\/page"}],"author":[{"embeddable":true,"href":"https:\/\/sadeoncubakliyat.com\/ar\/wp-json\/wp\/v2\/users\/1"}],"replies":[{"embeddable":true,"href":"https:\/\/sadeoncubakliyat.com\/ar\/wp-json\/wp\/v2\/comments?post=1101"}],"version-history":[{"count":3,"href":"https:\/\/sadeoncubakliyat.com\/ar\/wp-json\/wp\/v2\/pages\/1101\/revisions"}],"predecessor-version":[{"id":1202,"href":"https:\/\/sadeoncubakliyat.com\/ar\/wp-json\/wp\/v2\/pages\/1101\/revisions\/1202"}],"wp:attachment":[{"href":"https:\/\/sadeoncubakliyat.com\/ar\/wp-json\/wp\/v2\/media?parent=1101"}],"curies":[{"name":"wp","href":"https:\/\/api.w.org\/{rel}","templated":true}]}}