{"id":1052,"date":"2022-01-03T17:18:13","date_gmt":"2022-01-03T14:18:13","guid":{"rendered":"https:\/\/sadeoncubakliyat.com\/tr\/?page_id=1052"},"modified":"2022-02-01T18:46:28","modified_gmt":"2022-02-01T15:46:28","slug":"kirmizi-mercimek","status":"publish","type":"page","link":"https:\/\/sadeoncubakliyat.com\/de\/kirmizi-mercimek\/","title":{"rendered":"Rote Linsen"},"content":{"rendered":"<div class=\"vc_row wpb_row vc_custom_1641219515782 porto-inner-container\"><div class=\"porto-wrap-container container\"><div class=\"row\"><div class=\"vc_column_container col-md-12\"><div class=\"wpb_wrapper vc_column-inner\">\n\t<div class=\"wpb_text_column wpb_content_element\" >\n\t\t<div class=\"wpb_wrapper\">\n\t\t\t<p class=\" translation-block\"><img loading=\"lazy\" class=\"porto-lazyload alignright wp-image-1038 lazy-load-loaded\" src=\"https:\/\/sadeoncubakliyat.com\/en\/wp-content\/uploads\/2022\/01\/red- mercimek-300x300.jpg\" data-oi=\"https:\/\/sadeoncubakliyat.com\/tr\/wp-content\/uploads\/2022\/01\/kirmizi-mercimek-300x300.jpg\" alt=\"\" width=\"400\" height=\"400\" data-srcset=\"https:\/\/sadeoncubakliyat.com\/tr\/wp-content\/uploads\/2022\/01\/kirmizi-lentil-400x400.jpg 400w, https: \/\/sadeoncubakliyat.com\/tr\/wp-content\/uploads\/2022\/01\/red-lentils-367x367.jpg 367w\">H\u00fclsenfr\u00fcchte mit wei\u00dfen Bl\u00fcten Die <strong>Linse<\/strong>, die eine Pflanze ist, ist eine Pflanze, die kleine, gr\u00fcne oder rote, runde und flache Samen gibt, wenn die Saison kommt. In Bezug auf die Wachstumsbedingungen sind Linsen ein Nahrungsmittel, das in Regionen angebaut wird, in denen warme und gem\u00e4\u00dfigte Klimabedingungen vorherrschen. Linsen sind unter den H\u00fclsenfr\u00fcchten die widerstandsf\u00e4higsten gegen Trockenheit, Hitze und K\u00e4lte.<\/p>\n<p class=\" translation-block\">Sommerlinsen k\u00f6nnen in unserem Land nicht angebaut werden, da die Sommermonate sehr hei\u00df und regnerisch sind. Winter <\/strong>rote Linsen<\/strong> werden in unserem Land produziert. Rote Linsen hingegen werden in der Region S\u00fcdostanatolien angebaut, die f\u00fcr die winterlichen Klimabedingungen in unserem Land geeignet ist. Rote Linsen, eines der unverzichtbaren Lebensmittel der Wintertafel in unserem Land, haben einen Geschmack, der jeden mit seinem Geschmack \u00fcberrascht.<\/p>\n<h3><span style=\"color: #000000;\">Was sind die Vorteile von roten Linsen?<\/span><\/h3>\n<p><span style=\"color: #000000;\">Rote Linsen werden in der t\u00fcrkischen K\u00fcche h\u00e4ufig zu Fleischb\u00e4llchen, Salaten, Suppen und Vorspeisen verzehrt. Neben ihrem Geschmack bieten rote Linsen dank der enthaltenen Mineralien und Vitamine zahlreiche Vorteile f\u00fcr den menschlichen K\u00f6rper, vom Schutz der Gesundheit der Haut bis hin zur S\u00e4ttigung. Wir haben die Vorteile von roten Linsen f\u00fcr den menschlichen K\u00f6rper f\u00fcr Sie zusammengestellt.<\/span><\/p>\n<p><span style=\"color: #000000;\"><img loading=\"lazy\" class=\"alignleft wp-image-1053 size-full\" src=\"https:\/\/sadeoncubakliyat.com\/tr\/wp-content\/uploads\/2022\/01\/kirmizi-mercimek-faydalari.jpg\" alt=\"\" width=\"480\" height=\"300\" srcset=\"https:\/\/sadeoncubakliyat.com\/wp-content\/uploads\/2022\/01\/kirmizi-mercimek-faydalari.jpg 480w, https:\/\/sadeoncubakliyat.com\/wp-content\/uploads\/2022\/01\/kirmizi-mercimek-faydalari-400x250.jpg 400w, https:\/\/sadeoncubakliyat.com\/wp-content\/uploads\/2022\/01\/kirmizi-mercimek-faydalari-367x229.jpg 367w\" sizes=\"(max-width: 480px) 100vw, 480px\" \/><\/span><\/p>\n<ul>\n<li><span style=\"color: #000000;\">Rote Linsen sind \u00e4u\u00dferst vorteilhaft f\u00fcr die Haut. Es ist bekannt, dass das Produkt aus roten Linsen, das bei regelm\u00e4\u00dfigem Verzehr die Auswirkungen der Hautalterung minimiert, auch der Entstehung von Akne vorbeugt.<\/span><\/li>\n<li><span style=\"color: #000000;\">Rote Linsen, die einen hohen Anteil an Ballaststoffen enthalten, sind aufgrund ihrer S\u00e4ttigungsfunktion ein Nahrungsmittel, das von Menschen, die eine Di\u00e4t machen, bevorzugt wird.<\/span><\/li>\n<li><span style=\"color: #000000;\">Protein ve mineral bak\u0131m\u0131ndan olduk\u00e7a zengin olan di\u015f, kemik ve g\u00f6z sa\u011fl\u0131\u011f\u0131 i\u00e7in son derece faydal\u0131 bir g\u0131da maddesidir.<\/span><\/li>\n<li><span style=\"color: #000000;\">K\u0131rm\u0131z\u0131 mercimek \u00fcr\u00fcn\u00fc, i\u00e7eri\u011finde bulunan mineraller sayesinde sindirimi kolayla\u015ft\u0131rmaya yard\u0131mc\u0131 olmaktad\u0131r.<\/span><\/li>\n<li><span style=\"color: #000000;\">Es ist die richtige Wahl f\u00fcr Diabetiker, da es den Blutzucker reguliert.<\/span><\/li>\n<li><span style=\"color: #000000;\">Bei regelm\u00e4\u00dfigem Verzehr minimieren rote Linsen das Risiko, an Krebsarten wie Lungen-, Darm- und Brustkrebs zu erkranken.<\/span><\/li>\n<li><span style=\"color: #000000;\">Es ist ein Lebensmittel, das f\u00fcr die Herz-Kreislauf-Gesundheit von Vorteil ist, indem es den Cholesterinspiegel optimiert.<\/span><\/li>\n<\/ul>\n<h3><span style=\"color: #000000;\">Warum sind rote Linsen orange?<\/span><\/h3>\n<p class=\" translation-block\"><span style=\"color: #000000\">Rote Linsen enthalten Pigmente. Die Farbe roter Linsen ist aufgrund dieser Pigmente orange, die Carotinpflanzen die <strong>orange<\/strong> Farbe verleihen.<\/span><\/p>\n\n\t\t<\/div>\n\t<\/div>\n<\/div><\/div><\/div><\/div><\/div>","protected":false},"excerpt":{"rendered":"Baklagiller familyas\u0131ndan beyaz \u00e7i\u00e7ekli bir bitki olan\u00a0mercimek, mevsimi geldi\u011finde ufak, ye\u015fil ya da k\u0131rm\u0131z\u0131, yuvarlak ve yass\u0131ca \u015fekillerde tohum veren bir bitkidir. Mercimek, yeti\u015fme ko\u015fullar\u0131 bak\u0131m\u0131ndan s\u0131cak \u0131l\u0131man iklim ko\u015fullar\u0131n\u0131n h\u00e2kim oldu\u011fu b\u00f6lgelerde yeti\u015ftirilen bir besindir. Mercimek yemeklik baklagiller i\u00e7erisinde kura\u011fa, s\u0131ca\u011fa ve so\u011fu\u011fa en dayan\u0131kl\u0131 olan g\u0131da maddesidir. \u00dclkemizde yaz aylar\u0131, \u00e7ok s\u0131cak ve [...]","protected":false},"author":1,"featured_media":0,"parent":0,"menu_order":0,"comment_status":"closed","ping_status":"closed","template":"","meta":{"_mi_skip_tracking":false},"yoast_head":"<!-- This site is optimized with the Yoast SEO Premium plugin v17.7 (Yoast SEO v17.7) - https:\/\/yoast.com\/wordpress\/plugins\/seo\/ -->\n<title>K\u0131rm\u0131z\u0131 Mercimek - Sade \u00d6nc\u00fc Bakliyat<\/title>\n<meta name=\"description\" content=\"Mersin&#039;de baklagiller familyas\u0131ndan bir bitki olan\u00a0mercimek, ufak, ye\u015fil ya da k\u0131rm\u0131z\u0131, yuvarlak ve yass\u0131ca \u015fekillerde bir bitkidir.\" \/>\n<meta name=\"robots\" content=\"index, follow, max-snippet:-1, max-image-preview:large, max-video-preview:-1\" \/>\n<link rel=\"canonical\" href=\"https:\/\/sadeoncubakliyat.com\/de\/kirmizi-mercimek\/\" \/>\n<meta property=\"og:locale\" content=\"de_DE\" \/>\n<meta property=\"og:type\" content=\"article\" \/>\n<meta property=\"og:title\" content=\"K\u0131rm\u0131z\u0131 Mercimek\" \/>\n<meta property=\"og:description\" content=\"Mersin&#039;de baklagiller familyas\u0131ndan bir bitki olan\u00a0mercimek, ufak, ye\u015fil ya da k\u0131rm\u0131z\u0131, yuvarlak ve yass\u0131ca \u015fekillerde bir bitkidir.\" \/>\n<meta property=\"og:url\" content=\"https:\/\/sadeoncubakliyat.com\/de\/kirmizi-mercimek\/\" \/>\n<meta property=\"og:site_name\" content=\"Sade \u00d6nc\u00fc Bakliyat\" \/>\n<meta property=\"article:modified_time\" content=\"2022-02-01T15:46:28+00:00\" \/>\n<meta property=\"og:image\" content=\"https:\/\/sadeoncubakliyat.com\/tr\/wp-content\/uploads\/2022\/01\/kirmizi-mercimek-300x300.jpg\" \/>\n<meta name=\"twitter:card\" content=\"summary\" \/>\n<meta name=\"twitter:label1\" content=\"Gesch\u00e4tzte Lesezeit\" \/>\n\t<meta name=\"twitter:data1\" content=\"2 Minuten\" \/>\n<script type=\"application\/ld+json\" class=\"yoast-schema-graph\">{\"@context\":\"https:\/\/schema.org\",\"@graph\":[{\"@type\":\"Organization\",\"@id\":\"https:\/\/sadeoncubakliyat.com\/#organization\",\"name\":\"Sade \\u00d6nc\\u00fc Bakliyat\",\"url\":\"https:\/\/sadeoncubakliyat.com\/\",\"sameAs\":[],\"logo\":{\"@type\":\"ImageObject\",\"@id\":\"https:\/\/sadeoncubakliyat.com\/#logo\",\"inLanguage\":\"de-DE\",\"url\":\"https:\/\/sadeoncubakliyat.com\/wp-content\/uploads\/2021\/12\/sade_oncu_bakliyat_logo-3.png\",\"contentUrl\":\"https:\/\/sadeoncubakliyat.com\/wp-content\/uploads\/2021\/12\/sade_oncu_bakliyat_logo-3.png\",\"width\":512,\"height\":512,\"caption\":\"Sade \\u00d6nc\\u00fc Bakliyat\"},\"image\":{\"@id\":\"https:\/\/sadeoncubakliyat.com\/#logo\"}},{\"@type\":\"WebSite\",\"@id\":\"https:\/\/sadeoncubakliyat.com\/#website\",\"url\":\"https:\/\/sadeoncubakliyat.com\/\",\"name\":\"Sade \\u00d6nc\\u00fc Bakliyat\",\"description\":\"Kalitede ve Sadelikte \\u00d6nc\\u00fc\",\"publisher\":{\"@id\":\"https:\/\/sadeoncubakliyat.com\/#organization\"},\"potentialAction\":[{\"@type\":\"SearchAction\",\"target\":{\"@type\":\"EntryPoint\",\"urlTemplate\":\"https:\/\/sadeoncubakliyat.com\/?s={search_term_string}\"},\"query-input\":\"required name=search_term_string\"}],\"inLanguage\":\"de-DE\"},{\"@type\":\"ImageObject\",\"@id\":\"https:\/\/sadeoncubakliyat.com\/kirmizi-mercimek\/#primaryimage\",\"inLanguage\":\"de-DE\",\"url\":\"https:\/\/sadeoncubakliyat.com\/tr\/wp-content\/uploads\/2022\/01\/kirmizi-mercimek-300x300.jpg\",\"contentUrl\":\"https:\/\/sadeoncubakliyat.com\/tr\/wp-content\/uploads\/2022\/01\/kirmizi-mercimek-300x300.jpg\"},{\"@type\":\"WebPage\",\"@id\":\"https:\/\/sadeoncubakliyat.com\/kirmizi-mercimek\/#webpage\",\"url\":\"https:\/\/sadeoncubakliyat.com\/kirmizi-mercimek\/\",\"name\":\"K\\u0131rm\\u0131z\\u0131 Mercimek - Sade \\u00d6nc\\u00fc Bakliyat\",\"isPartOf\":{\"@id\":\"https:\/\/sadeoncubakliyat.com\/#website\"},\"primaryImageOfPage\":{\"@id\":\"https:\/\/sadeoncubakliyat.com\/kirmizi-mercimek\/#primaryimage\"},\"datePublished\":\"2022-01-03T14:18:13+00:00\",\"dateModified\":\"2022-02-01T15:46:28+00:00\",\"description\":\"Mersin'de baklagiller familyas\\u0131ndan bir bitki olan\\u00a0mercimek, ufak, ye\\u015fil ya da k\\u0131rm\\u0131z\\u0131, yuvarlak ve yass\\u0131ca \\u015fekillerde bir bitkidir.\",\"breadcrumb\":{\"@id\":\"https:\/\/sadeoncubakliyat.com\/kirmizi-mercimek\/#breadcrumb\"},\"inLanguage\":\"de-DE\",\"potentialAction\":[{\"@type\":\"ReadAction\",\"target\":[\"https:\/\/sadeoncubakliyat.com\/kirmizi-mercimek\/\"]}]},{\"@type\":\"BreadcrumbList\",\"@id\":\"https:\/\/sadeoncubakliyat.com\/kirmizi-mercimek\/#breadcrumb\",\"itemListElement\":[{\"@type\":\"ListItem\",\"position\":1,\"name\":\"Anasayfa\",\"item\":\"https:\/\/sadeoncubakliyat.com\/\"},{\"@type\":\"ListItem\",\"position\":2,\"name\":\"K\\u0131rm\\u0131z\\u0131 Mercimek\"}]}]}<\/script>\n<!-- \/ Yoast SEO Premium plugin. -->","yoast_head_json":{"title":"K\u0131rm\u0131z\u0131 Mercimek - Sade \u00d6nc\u00fc Bakliyat","description":"Mersin'de baklagiller familyas\u0131ndan bir bitki olan\u00a0mercimek, ufak, ye\u015fil ya da k\u0131rm\u0131z\u0131, yuvarlak ve yass\u0131ca \u015fekillerde bir bitkidir.","robots":{"index":"index","follow":"follow","max-snippet":"max-snippet:-1","max-image-preview":"max-image-preview:large","max-video-preview":"max-video-preview:-1"},"canonical":"https:\/\/sadeoncubakliyat.com\/de\/kirmizi-mercimek\/","og_locale":"de_DE","og_type":"article","og_title":"K\u0131rm\u0131z\u0131 Mercimek","og_description":"Mersin'de baklagiller familyas\u0131ndan bir bitki olan\u00a0mercimek, ufak, ye\u015fil ya da k\u0131rm\u0131z\u0131, yuvarlak ve yass\u0131ca \u015fekillerde bir bitkidir.","og_url":"https:\/\/sadeoncubakliyat.com\/de\/kirmizi-mercimek\/","og_site_name":"Sade \u00d6nc\u00fc Bakliyat","article_modified_time":"2022-02-01T15:46:28+00:00","og_image":[{"url":"https:\/\/sadeoncubakliyat.com\/tr\/wp-content\/uploads\/2022\/01\/kirmizi-mercimek-300x300.jpg"}],"twitter_card":"summary","twitter_misc":{"Gesch\u00e4tzte Lesezeit":"2 Minuten"},"schema":{"@context":"https:\/\/schema.org","@graph":[{"@type":"Organization","@id":"https:\/\/sadeoncubakliyat.com\/#organization","name":"Sade \u00d6nc\u00fc Bakliyat","url":"https:\/\/sadeoncubakliyat.com\/","sameAs":[],"logo":{"@type":"ImageObject","@id":"https:\/\/sadeoncubakliyat.com\/#logo","inLanguage":"de-DE","url":"https:\/\/sadeoncubakliyat.com\/wp-content\/uploads\/2021\/12\/sade_oncu_bakliyat_logo-3.png","contentUrl":"https:\/\/sadeoncubakliyat.com\/wp-content\/uploads\/2021\/12\/sade_oncu_bakliyat_logo-3.png","width":512,"height":512,"caption":"Sade \u00d6nc\u00fc Bakliyat"},"image":{"@id":"https:\/\/sadeoncubakliyat.com\/#logo"}},{"@type":"WebSite","@id":"https:\/\/sadeoncubakliyat.com\/#website","url":"https:\/\/sadeoncubakliyat.com\/","name":"Sade \u00d6nc\u00fc Bakliyat","description":"Kalitede ve Sadelikte \u00d6nc\u00fc","publisher":{"@id":"https:\/\/sadeoncubakliyat.com\/#organization"},"potentialAction":[{"@type":"SearchAction","target":{"@type":"EntryPoint","urlTemplate":"https:\/\/sadeoncubakliyat.com\/?s={search_term_string}"},"query-input":"required name=search_term_string"}],"inLanguage":"de-DE"},{"@type":"ImageObject","@id":"https:\/\/sadeoncubakliyat.com\/kirmizi-mercimek\/#primaryimage","inLanguage":"de-DE","url":"https:\/\/sadeoncubakliyat.com\/tr\/wp-content\/uploads\/2022\/01\/kirmizi-mercimek-300x300.jpg","contentUrl":"https:\/\/sadeoncubakliyat.com\/tr\/wp-content\/uploads\/2022\/01\/kirmizi-mercimek-300x300.jpg"},{"@type":"WebPage","@id":"https:\/\/sadeoncubakliyat.com\/kirmizi-mercimek\/#webpage","url":"https:\/\/sadeoncubakliyat.com\/kirmizi-mercimek\/","name":"K\u0131rm\u0131z\u0131 Mercimek - Sade \u00d6nc\u00fc Bakliyat","isPartOf":{"@id":"https:\/\/sadeoncubakliyat.com\/#website"},"primaryImageOfPage":{"@id":"https:\/\/sadeoncubakliyat.com\/kirmizi-mercimek\/#primaryimage"},"datePublished":"2022-01-03T14:18:13+00:00","dateModified":"2022-02-01T15:46:28+00:00","description":"Mersin'de baklagiller familyas\u0131ndan bir bitki olan\u00a0mercimek, ufak, ye\u015fil ya da k\u0131rm\u0131z\u0131, yuvarlak ve yass\u0131ca \u015fekillerde bir bitkidir.","breadcrumb":{"@id":"https:\/\/sadeoncubakliyat.com\/kirmizi-mercimek\/#breadcrumb"},"inLanguage":"de-DE","potentialAction":[{"@type":"ReadAction","target":["https:\/\/sadeoncubakliyat.com\/kirmizi-mercimek\/"]}]},{"@type":"BreadcrumbList","@id":"https:\/\/sadeoncubakliyat.com\/kirmizi-mercimek\/#breadcrumb","itemListElement":[{"@type":"ListItem","position":1,"name":"Anasayfa","item":"https:\/\/sadeoncubakliyat.com\/"},{"@type":"ListItem","position":2,"name":"K\u0131rm\u0131z\u0131 Mercimek"}]}]}},"_links":{"self":[{"href":"https:\/\/sadeoncubakliyat.com\/de\/wp-json\/wp\/v2\/pages\/1052"}],"collection":[{"href":"https:\/\/sadeoncubakliyat.com\/de\/wp-json\/wp\/v2\/pages"}],"about":[{"href":"https:\/\/sadeoncubakliyat.com\/de\/wp-json\/wp\/v2\/types\/page"}],"author":[{"embeddable":true,"href":"https:\/\/sadeoncubakliyat.com\/de\/wp-json\/wp\/v2\/users\/1"}],"replies":[{"embeddable":true,"href":"https:\/\/sadeoncubakliyat.com\/de\/wp-json\/wp\/v2\/comments?post=1052"}],"version-history":[{"count":9,"href":"https:\/\/sadeoncubakliyat.com\/de\/wp-json\/wp\/v2\/pages\/1052\/revisions"}],"predecessor-version":[{"id":1059,"href":"https:\/\/sadeoncubakliyat.com\/de\/wp-json\/wp\/v2\/pages\/1052\/revisions\/1059"}],"wp:attachment":[{"href":"https:\/\/sadeoncubakliyat.com\/de\/wp-json\/wp\/v2\/media?parent=1052"}],"curies":[{"name":"wp","href":"https:\/\/api.w.org\/{rel}","templated":true}]}}