{"id":1078,"date":"2022-01-03T17:47:20","date_gmt":"2022-01-03T14:47:20","guid":{"rendered":"https:\/\/sadeoncubakliyat.com\/tr\/?page_id=1078"},"modified":"2022-01-07T22:35:56","modified_gmt":"2022-01-07T19:35:56","slug":"kuru-fasulye","status":"publish","type":"page","link":"https:\/\/sadeoncubakliyat.com\/de\/kuru-fasulye\/","title":{"rendered":"Die Bohnen"},"content":{"rendered":"<div class=\"vc_row wpb_row vc_custom_1641219515782 porto-inner-container\"><div class=\"porto-wrap-container container\"><div class=\"row\"><div class=\"vc_column_container col-md-12\"><div class=\"wpb_wrapper vc_column-inner\">\n\t<div class=\"wpb_text_column wpb_content_element\" >\n\t\t<div class=\"wpb_wrapper\">\n\t\t\t<p><img loading=\"lazy\" class=\"alignleft size-medium wp-image-997\" src=\"https:\/\/sadeoncubakliyat.com\/tr\/wp-content\/uploads\/2021\/12\/kuru-fasulye-1-300x300.jpg\" alt=\"\" width=\"300\" height=\"300\" \/>Trockene Bohnen sind eines der beliebtesten Gerichte der t\u00fcrkischen K\u00fcche. Ein Geschmack, der in jedem Haushalt gekocht wird und mit Reis zum Kult geworden ist. Aufgrund der hohen Ausbeute an trockenen Bohnen in der T\u00fcrkei wird es reichlich konsumiert. Trockene Bohnen, die einen hohen Proteingehalt aufweisen, geh\u00f6rten vor Jahren zu der Gruppe der Lebensmittel, die vor Jahren st\u00e4ndig mit dem Namen Schlechtes Essen verzehrt wurden. Heute wird es aufgrund der hohen Preise f\u00fcr trockene Bohnen humorvoll als \"reiches Essen\" bezeichnet. Baked Beans sind in jedem Rezept enthalten, von Baked Beans \u00fcber Piyas bis hin zu Brownies.<\/p>\n<p>Trockene Bohnen haben sehr hohe Proteinwerte. Mit der Verwendung dieser Gesundheitsquelle H\u00fclsenfr\u00fcchte kann das Proteinverh\u00e4ltnis, das aus Fleischgerichten gewonnen werden kann, erreicht werden. Es kann die meisten N\u00e4hrwerte erf\u00fcllen, die rotes Fleisch dem K\u00f6rper liefert. Eines der beliebtesten Gerichte der t\u00fcrkischen K\u00fcche sind trockene Bohnen. Trockene Bohnen, die sehr reich an N\u00e4hrwerten sind, haben Vorteile, die als wichtig f\u00fcr die Gesundheit bezeichnet werden.<\/p>\n<p>Es gibt viele Sorten getrockneter Bohnen. Arten von getrockneten Bohnen: essbar, mollig, Busch, Hahn, Thessaloniki, Dermason, Zucker, Battal, rote Bohnen, Bomba und Row. Daneben gibt es auch trockenes Bohnenmehl.<\/p>\n<h2 id=\"h-gelelim-fasulyenin-faydalar-na\"><strong>\u00a0<\/strong><\/h2>\n<p><img loading=\"lazy\" class=\"alignright size-full wp-image-1079\" src=\"https:\/\/sadeoncubakliyat.com\/tr\/wp-content\/uploads\/2022\/01\/organik-kuru-fasulye.jpg\" alt=\"\" width=\"500\" height=\"500\" srcset=\"https:\/\/sadeoncubakliyat.com\/wp-content\/uploads\/2022\/01\/organik-kuru-fasulye.jpg 500w, https:\/\/sadeoncubakliyat.com\/wp-content\/uploads\/2022\/01\/organik-kuru-fasulye-400x400.jpg 400w, https:\/\/sadeoncubakliyat.com\/wp-content\/uploads\/2022\/01\/organik-kuru-fasulye-367x367.jpg 367w\" sizes=\"(max-width: 500px) 100vw, 500px\" \/><\/p>\n<h2 id=\"h-gelelim-fasulyenin-faydalar-na\"><strong>Vorteile von Bohnen<\/strong><\/h2>\n<p>Trockene Bohnen sind im Allgemeinen ein sehr n\u00fctzliches Lebensmittel. Es erh\u00f6ht den Zucker nicht, im Gegenteil, es gleicht den Zucker aus. Trockene Bohnen sind bei der L\u00f6sung vieler gesundheitlicher Probleme von Vorteil. Trockene Bohnen, die lebenswichtige Vorteile haben, haben einen sehr hohen Proteingehalt. Trockene Bohnen, die kalorienarm sind, erh\u00f6hen den Stoffwechsel. Es wirkt effektiv gegen Nierenleiden. Es bietet mehr Unterst\u00fctzung f\u00fcr die Niere zwischen den Organen des K\u00f6rpers. Es hilft bei der L\u00f6sung von Problemen. Trockene Bohnen haben Dutzende von Vorteilen f\u00fcr die Erhaltung der K\u00f6rperstruktur. Dar\u00fcber hinaus bietet es die Pflege, die chemische Kosmetikprodukte der Haut nicht bieten k\u00f6nnen.<\/p>\n<p>Es ist sehr vorteilhaft f\u00fcr die K\u00f6rpergesundheit sowohl von innen als auch von au\u00dfen in der nat\u00fcrlichen Hautpflege anstelle von Kosmetika. Aus trockenen Bohnen hergestelltes Mehl ist reich an N\u00e4hrwerten. Es ist vorteilhaft, wenn es als Nahrung verzehrt wird. Die aus diesem Mehl hergestellte Maske hilft, die nat\u00fcrliche Struktur der Haut zu erhalten. Einer der Vorteile f\u00fcr die Haut ist die vorbeugende Wirkung auf die Talgdr\u00fcsen. Dank seiner Wirkung wirkt es als Hemmstoff gegen Akne und Aknebildung.<\/p>\n<p>Im Vergleich zu rotem Fleisch enthalten Trockenbohnen gesundheitsf\u00f6rdernde Mineralstoffe. Bei regelm\u00e4\u00dfiger Einnahme st\u00e4rkt es das Verdauungssystem, verbessert die Knochenstruktur und hilft bei der L\u00f6sung anderer Probleme. Trockene Bohnen haben die Wirkung, den Stoffwechsel zu beschleunigen. Es hilft sogar bei der L\u00f6sung von Verstopfungsproblemen. Es hilft beim Abnehmen.<\/p>\n<p>Im Vergleich zu rotem Fleisch enthalten Trockenbohnen gesundheitsf\u00f6rdernde Mineralstoffe. Bei regelm\u00e4\u00dfiger Einnahme st\u00e4rkt es das Verdauungssystem, verbessert die Knochenstruktur und hilft bei der L\u00f6sung anderer Probleme. Trockene Bohnen haben die Wirkung, den Stoffwechsel zu beschleunigen. Es hilft sogar bei der L\u00f6sung von Verstopfungsproblemen. Es hilft beim Abnehmen.<\/p>\n<h2 id=\"h-kuru-fasulye-kalori-ve-besin-de-eri-nedir\"><strong>Was sind die Kalorien und der N\u00e4hrwert von Trockenbohnen?<\/strong><\/h2>\n<p>Trockene Bohnen sind extrem reich an N\u00e4hrwerten. Es enth\u00e4lt Eiwei\u00df. Es ist eines der Lebensmittel mit dem h\u00f6chsten Ballaststoffgehalt. Die Vitamine der trockenen Bohnen sind Vitamin A und Vitamin C. Es enth\u00e4lt auch Kalium, Eisen und Kalzium.<\/p>\n<h2 id=\"h-kuru-fasulye-ka-kalori\"><strong>Wie viele Kalorien haben getrocknete Bohnen?<\/strong><\/h2>\n<p>Trockene Bohnen haben etwa 350-400 Kalorien. Es ist gesund und ideal f\u00fcr Di\u00e4ten.<\/p>\n\n\t\t<\/div>\n\t<\/div>\n<\/div><\/div><\/div><\/div><\/div>","protected":false},"excerpt":{"rendered":"Kuru fasulye T\u00fcrk mutfa\u011f\u0131n\u0131n en pop\u00fcler yemeklerinden biridir. Her evde pi\u015fen, pilav ile birlikte bir k\u00fclt haline gelmi\u015f olan bir lezzet. T\u00fcrkiye\u2019de kuru fasulye verimi y\u00fcksek oldu\u011fundan dolay\u0131 bolca t\u00fcketilir. Y\u00fcksek oranda protein i\u00e7eren kuru fasulye, y\u0131llar \u00f6nce fakir yiyece\u011fi ismiyle s\u00fcrekli t\u00fcketilen yiyecekler grubu i\u00e7erisindeydi. G\u00fcn\u00fcm\u00fczde ise y\u00fcksek seyreden kuru fasulye fiyatlar\u0131 nedeniyle esprili [...]","protected":false},"author":1,"featured_media":0,"parent":0,"menu_order":0,"comment_status":"closed","ping_status":"closed","template":"","meta":{"_mi_skip_tracking":false},"yoast_head":"<!-- This site is optimized with the Yoast SEO Premium plugin v17.7 (Yoast SEO v17.7) - https:\/\/yoast.com\/wordpress\/plugins\/seo\/ -->\n<title>Kuru Fasulye - Sade \u00d6nc\u00fc Bakliyat<\/title>\n<meta name=\"robots\" content=\"index, follow, max-snippet:-1, max-image-preview:large, max-video-preview:-1\" \/>\n<link rel=\"canonical\" href=\"https:\/\/sadeoncubakliyat.com\/de\/kuru-fasulye\/\" \/>\n<meta property=\"og:locale\" content=\"de_DE\" \/>\n<meta property=\"og:type\" content=\"article\" \/>\n<meta property=\"og:title\" content=\"Kuru Fasulye\" \/>\n<meta property=\"og:url\" content=\"https:\/\/sadeoncubakliyat.com\/de\/kuru-fasulye\/\" \/>\n<meta property=\"og:site_name\" content=\"Sade \u00d6nc\u00fc Bakliyat\" \/>\n<meta property=\"article:modified_time\" content=\"2022-01-07T19:35:56+00:00\" \/>\n<meta property=\"og:image\" content=\"https:\/\/sadeoncubakliyat.com\/tr\/wp-content\/uploads\/2021\/12\/kuru-fasulye-1-300x300.jpg\" \/>\n<meta name=\"twitter:card\" content=\"summary\" \/>\n<meta name=\"twitter:label1\" content=\"Gesch\u00e4tzte Lesezeit\" \/>\n\t<meta name=\"twitter:data1\" content=\"3 Minuten\" \/>\n<script type=\"application\/ld+json\" class=\"yoast-schema-graph\">{\"@context\":\"https:\/\/schema.org\",\"@graph\":[{\"@type\":\"Organization\",\"@id\":\"https:\/\/sadeoncubakliyat.com\/#organization\",\"name\":\"Sade \\u00d6nc\\u00fc Bakliyat\",\"url\":\"https:\/\/sadeoncubakliyat.com\/\",\"sameAs\":[],\"logo\":{\"@type\":\"ImageObject\",\"@id\":\"https:\/\/sadeoncubakliyat.com\/#logo\",\"inLanguage\":\"de-DE\",\"url\":\"https:\/\/sadeoncubakliyat.com\/wp-content\/uploads\/2021\/12\/sade_oncu_bakliyat_logo-3.png\",\"contentUrl\":\"https:\/\/sadeoncubakliyat.com\/wp-content\/uploads\/2021\/12\/sade_oncu_bakliyat_logo-3.png\",\"width\":512,\"height\":512,\"caption\":\"Sade \\u00d6nc\\u00fc Bakliyat\"},\"image\":{\"@id\":\"https:\/\/sadeoncubakliyat.com\/#logo\"}},{\"@type\":\"WebSite\",\"@id\":\"https:\/\/sadeoncubakliyat.com\/#website\",\"url\":\"https:\/\/sadeoncubakliyat.com\/\",\"name\":\"Sade \\u00d6nc\\u00fc Bakliyat\",\"description\":\"Kalitede ve Sadelikte \\u00d6nc\\u00fc\",\"publisher\":{\"@id\":\"https:\/\/sadeoncubakliyat.com\/#organization\"},\"potentialAction\":[{\"@type\":\"SearchAction\",\"target\":{\"@type\":\"EntryPoint\",\"urlTemplate\":\"https:\/\/sadeoncubakliyat.com\/?s={search_term_string}\"},\"query-input\":\"required name=search_term_string\"}],\"inLanguage\":\"de-DE\"},{\"@type\":\"ImageObject\",\"@id\":\"https:\/\/sadeoncubakliyat.com\/kuru-fasulye\/#primaryimage\",\"inLanguage\":\"de-DE\",\"url\":\"https:\/\/sadeoncubakliyat.com\/tr\/wp-content\/uploads\/2021\/12\/kuru-fasulye-1-300x300.jpg\",\"contentUrl\":\"https:\/\/sadeoncubakliyat.com\/tr\/wp-content\/uploads\/2021\/12\/kuru-fasulye-1-300x300.jpg\"},{\"@type\":\"WebPage\",\"@id\":\"https:\/\/sadeoncubakliyat.com\/kuru-fasulye\/#webpage\",\"url\":\"https:\/\/sadeoncubakliyat.com\/kuru-fasulye\/\",\"name\":\"Kuru Fasulye - Sade \\u00d6nc\\u00fc Bakliyat\",\"isPartOf\":{\"@id\":\"https:\/\/sadeoncubakliyat.com\/#website\"},\"primaryImageOfPage\":{\"@id\":\"https:\/\/sadeoncubakliyat.com\/kuru-fasulye\/#primaryimage\"},\"datePublished\":\"2022-01-03T14:47:20+00:00\",\"dateModified\":\"2022-01-07T19:35:56+00:00\",\"breadcrumb\":{\"@id\":\"https:\/\/sadeoncubakliyat.com\/kuru-fasulye\/#breadcrumb\"},\"inLanguage\":\"de-DE\",\"potentialAction\":[{\"@type\":\"ReadAction\",\"target\":[\"https:\/\/sadeoncubakliyat.com\/kuru-fasulye\/\"]}]},{\"@type\":\"BreadcrumbList\",\"@id\":\"https:\/\/sadeoncubakliyat.com\/kuru-fasulye\/#breadcrumb\",\"itemListElement\":[{\"@type\":\"ListItem\",\"position\":1,\"name\":\"Anasayfa\",\"item\":\"https:\/\/sadeoncubakliyat.com\/\"},{\"@type\":\"ListItem\",\"position\":2,\"name\":\"Kuru Fasulye\"}]}]}<\/script>\n<!-- \/ Yoast SEO Premium plugin. -->","yoast_head_json":{"title":"Kuru Fasulye - Sade \u00d6nc\u00fc Bakliyat","robots":{"index":"index","follow":"follow","max-snippet":"max-snippet:-1","max-image-preview":"max-image-preview:large","max-video-preview":"max-video-preview:-1"},"canonical":"https:\/\/sadeoncubakliyat.com\/de\/kuru-fasulye\/","og_locale":"de_DE","og_type":"article","og_title":"Kuru Fasulye","og_url":"https:\/\/sadeoncubakliyat.com\/de\/kuru-fasulye\/","og_site_name":"Sade \u00d6nc\u00fc Bakliyat","article_modified_time":"2022-01-07T19:35:56+00:00","og_image":[{"url":"https:\/\/sadeoncubakliyat.com\/tr\/wp-content\/uploads\/2021\/12\/kuru-fasulye-1-300x300.jpg"}],"twitter_card":"summary","twitter_misc":{"Gesch\u00e4tzte Lesezeit":"3 Minuten"},"schema":{"@context":"https:\/\/schema.org","@graph":[{"@type":"Organization","@id":"https:\/\/sadeoncubakliyat.com\/#organization","name":"Sade \u00d6nc\u00fc Bakliyat","url":"https:\/\/sadeoncubakliyat.com\/","sameAs":[],"logo":{"@type":"ImageObject","@id":"https:\/\/sadeoncubakliyat.com\/#logo","inLanguage":"de-DE","url":"https:\/\/sadeoncubakliyat.com\/wp-content\/uploads\/2021\/12\/sade_oncu_bakliyat_logo-3.png","contentUrl":"https:\/\/sadeoncubakliyat.com\/wp-content\/uploads\/2021\/12\/sade_oncu_bakliyat_logo-3.png","width":512,"height":512,"caption":"Sade \u00d6nc\u00fc Bakliyat"},"image":{"@id":"https:\/\/sadeoncubakliyat.com\/#logo"}},{"@type":"WebSite","@id":"https:\/\/sadeoncubakliyat.com\/#website","url":"https:\/\/sadeoncubakliyat.com\/","name":"Sade \u00d6nc\u00fc Bakliyat","description":"Kalitede ve Sadelikte \u00d6nc\u00fc","publisher":{"@id":"https:\/\/sadeoncubakliyat.com\/#organization"},"potentialAction":[{"@type":"SearchAction","target":{"@type":"EntryPoint","urlTemplate":"https:\/\/sadeoncubakliyat.com\/?s={search_term_string}"},"query-input":"required name=search_term_string"}],"inLanguage":"de-DE"},{"@type":"ImageObject","@id":"https:\/\/sadeoncubakliyat.com\/kuru-fasulye\/#primaryimage","inLanguage":"de-DE","url":"https:\/\/sadeoncubakliyat.com\/tr\/wp-content\/uploads\/2021\/12\/kuru-fasulye-1-300x300.jpg","contentUrl":"https:\/\/sadeoncubakliyat.com\/tr\/wp-content\/uploads\/2021\/12\/kuru-fasulye-1-300x300.jpg"},{"@type":"WebPage","@id":"https:\/\/sadeoncubakliyat.com\/kuru-fasulye\/#webpage","url":"https:\/\/sadeoncubakliyat.com\/kuru-fasulye\/","name":"Kuru Fasulye - Sade \u00d6nc\u00fc Bakliyat","isPartOf":{"@id":"https:\/\/sadeoncubakliyat.com\/#website"},"primaryImageOfPage":{"@id":"https:\/\/sadeoncubakliyat.com\/kuru-fasulye\/#primaryimage"},"datePublished":"2022-01-03T14:47:20+00:00","dateModified":"2022-01-07T19:35:56+00:00","breadcrumb":{"@id":"https:\/\/sadeoncubakliyat.com\/kuru-fasulye\/#breadcrumb"},"inLanguage":"de-DE","potentialAction":[{"@type":"ReadAction","target":["https:\/\/sadeoncubakliyat.com\/kuru-fasulye\/"]}]},{"@type":"BreadcrumbList","@id":"https:\/\/sadeoncubakliyat.com\/kuru-fasulye\/#breadcrumb","itemListElement":[{"@type":"ListItem","position":1,"name":"Anasayfa","item":"https:\/\/sadeoncubakliyat.com\/"},{"@type":"ListItem","position":2,"name":"Kuru Fasulye"}]}]}},"_links":{"self":[{"href":"https:\/\/sadeoncubakliyat.com\/de\/wp-json\/wp\/v2\/pages\/1078"}],"collection":[{"href":"https:\/\/sadeoncubakliyat.com\/de\/wp-json\/wp\/v2\/pages"}],"about":[{"href":"https:\/\/sadeoncubakliyat.com\/de\/wp-json\/wp\/v2\/types\/page"}],"author":[{"embeddable":true,"href":"https:\/\/sadeoncubakliyat.com\/de\/wp-json\/wp\/v2\/users\/1"}],"replies":[{"embeddable":true,"href":"https:\/\/sadeoncubakliyat.com\/de\/wp-json\/wp\/v2\/comments?post=1078"}],"version-history":[{"count":4,"href":"https:\/\/sadeoncubakliyat.com\/de\/wp-json\/wp\/v2\/pages\/1078\/revisions"}],"predecessor-version":[{"id":1193,"href":"https:\/\/sadeoncubakliyat.com\/de\/wp-json\/wp\/v2\/pages\/1078\/revisions\/1193"}],"wp:attachment":[{"href":"https:\/\/sadeoncubakliyat.com\/de\/wp-json\/wp\/v2\/media?parent=1078"}],"curies":[{"name":"wp","href":"https:\/\/api.w.org\/{rel}","templated":true}]}}