{"id":1085,"date":"2022-01-03T18:04:35","date_gmt":"2022-01-03T15:04:35","guid":{"rendered":"https:\/\/sadeoncubakliyat.com\/tr\/?page_id=1085"},"modified":"2022-01-08T10:08:18","modified_gmt":"2022-01-08T07:08:18","slug":"bezelye","status":"publish","type":"page","link":"https:\/\/sadeoncubakliyat.com\/de\/bezelye\/","title":{"rendered":"Erbsen"},"content":{"rendered":"<div class=\"vc_row wpb_row vc_custom_1641219515782 porto-inner-container\"><div class=\"porto-wrap-container container\"><div class=\"row\"><div class=\"vc_column_container col-md-12\"><div class=\"wpb_wrapper vc_column-inner\">\n\t<div class=\"wpb_text_column wpb_content_element\" >\n\t\t<div class=\"wpb_wrapper\">\n\t\t\t<p><img loading=\"lazy\" class=\"alignleft wp-image-995\" src=\"https:\/\/sadeoncubakliyat.com\/tr\/wp-content\/uploads\/2021\/12\/bezelye-1-300x300.jpg\" alt=\"\" width=\"400\" height=\"400\" srcset=\"https:\/\/sadeoncubakliyat.com\/wp-content\/uploads\/2021\/12\/bezelye-1-400x400.jpg 400w, https:\/\/sadeoncubakliyat.com\/wp-content\/uploads\/2021\/12\/bezelye-1-367x367.jpg 367w\" sizes=\"(max-width: 400px) 100vw, 400px\" \/>Die Erbsenpflanze, die im Fr\u00fchjahr und Sommer ein k\u00f6stliches und sehr nahrhaftes Gem\u00fcse namens Erbsen ergibt, stammt aus H\u00fclsenfr\u00fcchten. Die Erbsenpflanze, deren Heimat unbekannt ist, wird in Eurasien seit der Antike angebaut. Heute wird sie, wie in vielen Teilen der Welt, auch in der T\u00fcrkei im \u00dcberfluss angebaut.<\/p>\n<p>Es gibt viele Sorten dieser einj\u00e4hrigen krautigen Pflanze namens Gartenerbse (P. sativum): Einige von ihnen sind Zwerge und werden 30-40 cm gro\u00df. es w\u00e4chst und breitet sich mit seinen gr\u00fcnen Bl\u00e4ttern auf dem Boden aus und bedeckt den Boden. Die andere Sorte, Polerbse genannt, ist eine Kletterpflanze, die sich mit den Blutegeln, die sie von ihrem Stamm entfernt, an alles festh\u00e4lt, was sie hoch findet. Diese gilt es mit Begeisterung zu unterst\u00fctzen. Von einigen Erbsensorten werden nur die K\u00f6rner gegessen. Einige Erbsen haben jedoch keine harte Schicht namens Pergament in ihrem K\u00f6rper.<\/p>\n<p>Diese Art von Erbsen, Sultanerbsen genannt, wird mit ihren Schalen gegessen. Eine weitere wichtige Sorte ist die Araka-Erbse, die gro\u00dfe K\u00f6rner hat. Erbsen werden frisch geliebt und in einer Vielzahl von Gerichten gegessen sowie getrocknet, eingefroren, in Dosen verpackt und f\u00fcr den zuk\u00fcnftigen Verzehr gelagert. Mehl aus getrockneten Erbsen wird bei der Zubereitung von leckeren Erbsensuppen und einigen Gerichten verwendet. Es gibt auch Sorten von Futtererbsen, die ausschlie\u00dflich zur Verwendung als Tierfutter angebaut werden.<\/p>\n<h2>ERN\u00c4HRUNGSWERTE<\/h2>\n<h3><b><img loading=\"lazy\" class=\"wp-image-1086 alignright\" src=\"https:\/\/sadeoncubakliyat.com\/tr\/wp-content\/uploads\/2022\/01\/ezelye.jpg\" alt=\"\" width=\"349\" height=\"218\" \/><\/b><\/h3>\n<p>100gr. Die N\u00e4hrwerte von rohen (ungekochten) frischen Erbsen k\u00f6nnen wie folgt aufgef\u00fchrt werden: 84 Kalorien; 6,3 gr. Protein; 14,4 gr. Kohlenhydrat; 0 Cholesterin; 0,4gr. \u00d6l; 2 gr. Faser; 116 mg. Phosphor; 26mg. Kalzium; 1,9 mg. Eisen: 2 mg. Natrium; 316 mg. Kalium; 35 mg. Magnesium; 640 IE Vitamin A; 0,35 mg. Vitamin B1; 0,14 mg. Vitamin B2; 2,9 mg. Vitamin B3: 0,16 mg. Vitamin B6; 35,5mcgr. Fols\u00e4ure; 27 mg. Vitamin C und 2,1 mg. Vitamin E.<\/p>\n<p>Die Erbsenpflanze wird durch ihre Samen (getrocknete K\u00f6rner) vermehrt. Diese Samen werden direkt in den Garten oder das Feld ges\u00e4t, in dem die Erbsen angebaut werden. Die im Fr\u00fchjahr geernteten Erbsen werden im Oktober-November-Dezember gepflanzt, die im Sommer geernteten im Fr\u00fchjahr. Erbsensamen sollten niemals in kalte und nasse Erde gepflanzt werden, und es sollte darauf geachtet werden, dass die Erbsenanbau nicht seit zwei Jahren in derselben Erde erfolgt. Bei der Aussaat per Hand sollte das Saatgut mit D\u00fcngerm\u00f6rtel fest angedr\u00fcckt werden.<\/p>\n\n\t\t<\/div>\n\t<\/div>\n<\/div><\/div><\/div><\/div><\/div>","protected":false},"excerpt":{"rendered":"Bezelye\u00a0adl\u0131 lezzetli ve \u00e7ok besleyici sebzeyi ilkbaharda ve yaz\u0131n veren Bezelye bitkisi,\u00a0Baklagiller'dendir. Anayurdu bilinmeyen bezelye bitkisi \u00e7ok eski \u00e7a\u011flardan beri Avrasya'da yeti\u015ftirilmi\u015ftir. G\u00fcn\u00fcm\u00fczde d\u00fcnyan\u0131n pek \u00e7ok yerinde oldu\u011fu gibi\u00a0T\u00fcrkiye'de de bol bol yeti\u015ftirilmektedir. Bah\u00e7e bezelyesi (P. sativum) ad\u0131 verilen bu biry\u0131ll\u0131k otsu bitkinin bir\u00e7ok \u00e7e\u015fidi vard\u0131r: Bunlardan baz\u0131s\u0131 bodur olup en \u00e7ok 30-40 cm. boylanarak [...]","protected":false},"author":1,"featured_media":0,"parent":0,"menu_order":0,"comment_status":"closed","ping_status":"closed","template":"","meta":{"_mi_skip_tracking":false},"yoast_head":"<!-- This site is optimized with the Yoast SEO Premium plugin v17.7 (Yoast SEO v17.7) - https:\/\/yoast.com\/wordpress\/plugins\/seo\/ -->\n<title>Bezelye - Sade \u00d6nc\u00fc Bakliyat<\/title>\n<meta name=\"robots\" content=\"index, follow, max-snippet:-1, max-image-preview:large, max-video-preview:-1\" \/>\n<link rel=\"canonical\" href=\"https:\/\/sadeoncubakliyat.com\/de\/bezelye\/\" \/>\n<meta property=\"og:locale\" content=\"de_DE\" \/>\n<meta property=\"og:type\" content=\"article\" \/>\n<meta property=\"og:title\" content=\"Bezelye\" \/>\n<meta property=\"og:url\" content=\"https:\/\/sadeoncubakliyat.com\/de\/bezelye\/\" \/>\n<meta property=\"og:site_name\" content=\"Sade \u00d6nc\u00fc Bakliyat\" \/>\n<meta property=\"article:modified_time\" content=\"2022-01-08T07:08:18+00:00\" \/>\n<meta property=\"og:image\" content=\"https:\/\/sadeoncubakliyat.com\/tr\/wp-content\/uploads\/2021\/12\/bezelye-1-300x300.jpg\" \/>\n<meta name=\"twitter:card\" content=\"summary\" \/>\n<meta name=\"twitter:label1\" content=\"Gesch\u00e4tzte Lesezeit\" \/>\n\t<meta name=\"twitter:data1\" content=\"2 Minuten\" \/>\n<script type=\"application\/ld+json\" class=\"yoast-schema-graph\">{\"@context\":\"https:\/\/schema.org\",\"@graph\":[{\"@type\":\"Organization\",\"@id\":\"https:\/\/sadeoncubakliyat.com\/#organization\",\"name\":\"Sade \\u00d6nc\\u00fc Bakliyat\",\"url\":\"https:\/\/sadeoncubakliyat.com\/\",\"sameAs\":[],\"logo\":{\"@type\":\"ImageObject\",\"@id\":\"https:\/\/sadeoncubakliyat.com\/#logo\",\"inLanguage\":\"de-DE\",\"url\":\"https:\/\/sadeoncubakliyat.com\/wp-content\/uploads\/2021\/12\/sade_oncu_bakliyat_logo-3.png\",\"contentUrl\":\"https:\/\/sadeoncubakliyat.com\/wp-content\/uploads\/2021\/12\/sade_oncu_bakliyat_logo-3.png\",\"width\":512,\"height\":512,\"caption\":\"Sade \\u00d6nc\\u00fc Bakliyat\"},\"image\":{\"@id\":\"https:\/\/sadeoncubakliyat.com\/#logo\"}},{\"@type\":\"WebSite\",\"@id\":\"https:\/\/sadeoncubakliyat.com\/#website\",\"url\":\"https:\/\/sadeoncubakliyat.com\/\",\"name\":\"Sade \\u00d6nc\\u00fc Bakliyat\",\"description\":\"Kalitede ve Sadelikte \\u00d6nc\\u00fc\",\"publisher\":{\"@id\":\"https:\/\/sadeoncubakliyat.com\/#organization\"},\"potentialAction\":[{\"@type\":\"SearchAction\",\"target\":{\"@type\":\"EntryPoint\",\"urlTemplate\":\"https:\/\/sadeoncubakliyat.com\/?s={search_term_string}\"},\"query-input\":\"required name=search_term_string\"}],\"inLanguage\":\"de-DE\"},{\"@type\":\"ImageObject\",\"@id\":\"https:\/\/sadeoncubakliyat.com\/bezelye\/#primaryimage\",\"inLanguage\":\"de-DE\",\"url\":\"https:\/\/sadeoncubakliyat.com\/tr\/wp-content\/uploads\/2021\/12\/bezelye-1-300x300.jpg\",\"contentUrl\":\"https:\/\/sadeoncubakliyat.com\/tr\/wp-content\/uploads\/2021\/12\/bezelye-1-300x300.jpg\"},{\"@type\":\"WebPage\",\"@id\":\"https:\/\/sadeoncubakliyat.com\/bezelye\/#webpage\",\"url\":\"https:\/\/sadeoncubakliyat.com\/bezelye\/\",\"name\":\"Bezelye - Sade \\u00d6nc\\u00fc Bakliyat\",\"isPartOf\":{\"@id\":\"https:\/\/sadeoncubakliyat.com\/#website\"},\"primaryImageOfPage\":{\"@id\":\"https:\/\/sadeoncubakliyat.com\/bezelye\/#primaryimage\"},\"datePublished\":\"2022-01-03T15:04:35+00:00\",\"dateModified\":\"2022-01-08T07:08:18+00:00\",\"breadcrumb\":{\"@id\":\"https:\/\/sadeoncubakliyat.com\/bezelye\/#breadcrumb\"},\"inLanguage\":\"de-DE\",\"potentialAction\":[{\"@type\":\"ReadAction\",\"target\":[\"https:\/\/sadeoncubakliyat.com\/bezelye\/\"]}]},{\"@type\":\"BreadcrumbList\",\"@id\":\"https:\/\/sadeoncubakliyat.com\/bezelye\/#breadcrumb\",\"itemListElement\":[{\"@type\":\"ListItem\",\"position\":1,\"name\":\"Anasayfa\",\"item\":\"https:\/\/sadeoncubakliyat.com\/\"},{\"@type\":\"ListItem\",\"position\":2,\"name\":\"Bezelye\"}]}]}<\/script>\n<!-- \/ Yoast SEO Premium plugin. -->","yoast_head_json":{"title":"Bezelye - Sade \u00d6nc\u00fc Bakliyat","robots":{"index":"index","follow":"follow","max-snippet":"max-snippet:-1","max-image-preview":"max-image-preview:large","max-video-preview":"max-video-preview:-1"},"canonical":"https:\/\/sadeoncubakliyat.com\/de\/bezelye\/","og_locale":"de_DE","og_type":"article","og_title":"Bezelye","og_url":"https:\/\/sadeoncubakliyat.com\/de\/bezelye\/","og_site_name":"Sade \u00d6nc\u00fc Bakliyat","article_modified_time":"2022-01-08T07:08:18+00:00","og_image":[{"url":"https:\/\/sadeoncubakliyat.com\/tr\/wp-content\/uploads\/2021\/12\/bezelye-1-300x300.jpg"}],"twitter_card":"summary","twitter_misc":{"Gesch\u00e4tzte Lesezeit":"2 Minuten"},"schema":{"@context":"https:\/\/schema.org","@graph":[{"@type":"Organization","@id":"https:\/\/sadeoncubakliyat.com\/#organization","name":"Sade \u00d6nc\u00fc Bakliyat","url":"https:\/\/sadeoncubakliyat.com\/","sameAs":[],"logo":{"@type":"ImageObject","@id":"https:\/\/sadeoncubakliyat.com\/#logo","inLanguage":"de-DE","url":"https:\/\/sadeoncubakliyat.com\/wp-content\/uploads\/2021\/12\/sade_oncu_bakliyat_logo-3.png","contentUrl":"https:\/\/sadeoncubakliyat.com\/wp-content\/uploads\/2021\/12\/sade_oncu_bakliyat_logo-3.png","width":512,"height":512,"caption":"Sade \u00d6nc\u00fc Bakliyat"},"image":{"@id":"https:\/\/sadeoncubakliyat.com\/#logo"}},{"@type":"WebSite","@id":"https:\/\/sadeoncubakliyat.com\/#website","url":"https:\/\/sadeoncubakliyat.com\/","name":"Sade \u00d6nc\u00fc Bakliyat","description":"Kalitede ve Sadelikte \u00d6nc\u00fc","publisher":{"@id":"https:\/\/sadeoncubakliyat.com\/#organization"},"potentialAction":[{"@type":"SearchAction","target":{"@type":"EntryPoint","urlTemplate":"https:\/\/sadeoncubakliyat.com\/?s={search_term_string}"},"query-input":"required name=search_term_string"}],"inLanguage":"de-DE"},{"@type":"ImageObject","@id":"https:\/\/sadeoncubakliyat.com\/bezelye\/#primaryimage","inLanguage":"de-DE","url":"https:\/\/sadeoncubakliyat.com\/tr\/wp-content\/uploads\/2021\/12\/bezelye-1-300x300.jpg","contentUrl":"https:\/\/sadeoncubakliyat.com\/tr\/wp-content\/uploads\/2021\/12\/bezelye-1-300x300.jpg"},{"@type":"WebPage","@id":"https:\/\/sadeoncubakliyat.com\/bezelye\/#webpage","url":"https:\/\/sadeoncubakliyat.com\/bezelye\/","name":"Bezelye - Sade \u00d6nc\u00fc Bakliyat","isPartOf":{"@id":"https:\/\/sadeoncubakliyat.com\/#website"},"primaryImageOfPage":{"@id":"https:\/\/sadeoncubakliyat.com\/bezelye\/#primaryimage"},"datePublished":"2022-01-03T15:04:35+00:00","dateModified":"2022-01-08T07:08:18+00:00","breadcrumb":{"@id":"https:\/\/sadeoncubakliyat.com\/bezelye\/#breadcrumb"},"inLanguage":"de-DE","potentialAction":[{"@type":"ReadAction","target":["https:\/\/sadeoncubakliyat.com\/bezelye\/"]}]},{"@type":"BreadcrumbList","@id":"https:\/\/sadeoncubakliyat.com\/bezelye\/#breadcrumb","itemListElement":[{"@type":"ListItem","position":1,"name":"Anasayfa","item":"https:\/\/sadeoncubakliyat.com\/"},{"@type":"ListItem","position":2,"name":"Bezelye"}]}]}},"_links":{"self":[{"href":"https:\/\/sadeoncubakliyat.com\/de\/wp-json\/wp\/v2\/pages\/1085"}],"collection":[{"href":"https:\/\/sadeoncubakliyat.com\/de\/wp-json\/wp\/v2\/pages"}],"about":[{"href":"https:\/\/sadeoncubakliyat.com\/de\/wp-json\/wp\/v2\/types\/page"}],"author":[{"embeddable":true,"href":"https:\/\/sadeoncubakliyat.com\/de\/wp-json\/wp\/v2\/users\/1"}],"replies":[{"embeddable":true,"href":"https:\/\/sadeoncubakliyat.com\/de\/wp-json\/wp\/v2\/comments?post=1085"}],"version-history":[{"count":6,"href":"https:\/\/sadeoncubakliyat.com\/de\/wp-json\/wp\/v2\/pages\/1085\/revisions"}],"predecessor-version":[{"id":1197,"href":"https:\/\/sadeoncubakliyat.com\/de\/wp-json\/wp\/v2\/pages\/1085\/revisions\/1197"}],"wp:attachment":[{"href":"https:\/\/sadeoncubakliyat.com\/de\/wp-json\/wp\/v2\/media?parent=1085"}],"curies":[{"name":"wp","href":"https:\/\/api.w.org\/{rel}","templated":true}]}}