{"id":1097,"date":"2022-01-03T18:12:45","date_gmt":"2022-01-03T15:12:45","guid":{"rendered":"https:\/\/sadeoncubakliyat.com\/tr\/?page_id=1097"},"modified":"2022-01-08T10:43:03","modified_gmt":"2022-01-08T07:43:03","slug":"misir","status":"publish","type":"page","link":"https:\/\/sadeoncubakliyat.com\/de\/misir\/","title":{"rendered":"Zuckermais"},"content":{"rendered":"<div class=\"vc_row wpb_row vc_custom_1641219515782 porto-inner-container\"><div class=\"porto-wrap-container container\"><div class=\"row\"><div class=\"vc_column_container col-md-12\"><div class=\"wpb_wrapper vc_column-inner\">\n\t<div class=\"wpb_text_column wpb_content_element\" >\n\t\t<div class=\"wpb_wrapper\">\n\t\t\t<h2><img loading=\"lazy\" class=\"alignright wp-image-994\" src=\"https:\/\/sadeoncubakliyat.com\/tr\/wp-content\/uploads\/2021\/12\/misir-1-300x300.jpg\" alt=\"\" width=\"400\" height=\"400\" srcset=\"https:\/\/sadeoncubakliyat.com\/wp-content\/uploads\/2021\/12\/misir-1-400x400.jpg 400w, https:\/\/sadeoncubakliyat.com\/wp-content\/uploads\/2021\/12\/misir-1-367x367.jpg 367w\" sizes=\"(max-width: 400px) 100vw, 400px\" \/>Was ist Mais? Was sind die Vorteile?<\/h2>\n<p class=\" translation-block\"><strong>Botanische Informationen:<\/strong>\u00a0Es geh\u00f6rt zur Familie der Weizengras. Sie ist eine einj\u00e4hrige krautige Pflanze und kann je nach Anbauregion zwischen 1,5 und 3 Meter lang werden. Die Bl\u00e4tter haben die Form eines langen, d\u00fcnnen Speeres, der sich zur Spitze hin verj\u00fcngt. Die Blattr\u00e4nder sind ganzrandig, gewellt, mit einer gr\u00e4ulich-wei\u00dfen gro\u00dfen Hauptader, die von der Mitte aus verl\u00e4uft, und einem Dutzend linker und rechter Seitenadern parallel dazu. Die m\u00e4nnlichen und weiblichen Bl\u00fcten stehen getrennt, aber auf derselben Pflanze. Die weiblichen Bl\u00fcten sind Quasten, die aus dem Kolben herausragen. Seine Frucht wird kurz Maiskolben genannt, und 100-200 Maissamen sind auf diesem Ehemann aufgereiht.<\/p>\n<p><img loading=\"lazy\" class=\"alignleft\" title=\"misir.gif\" src=\"https:\/\/www.saglikaktuel.com\/d\/encyclopedia\/misir.gif\" alt=\"misir.gif\" width=\"390\" height=\"312\" \/><strong>Kultivierte Orte:<\/strong>\u00a0Mais, dessen Heimat S\u00fcdamerika ist, wurde nach der Entdeckung Amerikas von Seefahrern nach Europa gebracht. Von dort wird angenommen, dass diese Pflanze in unserer Sprache Mais genannt wird, da sie vom afrikanischen Festland \u00fcber \u00c4gypten in unser Land gebracht wurde. Das Klima der T\u00fcrkei ist f\u00fcr \u00c4gypten gut geeignet, daher wird sie in einem weiten Gebiet angebaut.<\/p>\n<p class=\" translation-block\"><strong>Sammeln \u2013 Lagerung:<\/strong>\u00a0Gereifte Maiskolben werden gesammelt, getrocknet und daraus St\u00e4rke oder \u00d6l gewonnen. Maisquasten werden im Juni oder Juli gesammelt, im Schatten getrocknet und in speziellen geschlossenen Beh\u00e4ltern gelagert.<\/p>\n<p class=\" translation-block\"><strong>Bekannte Zusammensetzung:<\/strong>\u00a0Die K\u00f6rner der Maispflanze enthalten einen hohen Anteil an St\u00e4rke, unges\u00e4ttigten Fetts\u00e4uren, Vitamin A und Sterinen. Die Inhaltsstoffe der als Medizin verwendeten Maisseide sind: Zucker wie Glukose und Maltose, Sterine, Harz, Kaliumsalze und \u00e4therisches \u00d6l.<\/p>\n<p class=\" translation-block\"><strong>Verwendungsorte:<\/strong>\u00a0Das aus Maisk\u00f6rnern gewonnene Mais\u00f6l als fl\u00fcssiges Pflanzenspeise\u00f6l ist daf\u00fcr bekannt, Arteriosklerose zu verhindern. Dar\u00fcber hinaus werden Maisk\u00f6rner aufgrund ihres N\u00e4hrwerts auch in der Futtermittelindustrie f\u00fcr Tiere verwendet. Aus seinen K\u00f6rnern wird Mehl gewonnen. Noch heute ist seine Verwendung weit verbreitet.<\/p>\n<p class=\" translation-block\"><strong>Vorteile: <\/strong>Wirksam bei der Behandlung von Urethritis (Harnwegsinfektion), Zystitis (Blaseninfektion) und Prostatitis (Prostatainfektion). Es hilft, Nierenprobleme bei Kindern zu \u00fcberwinden. Es ist harntreibend, reduziert Blasensteine. Es ist ein Tonikum, das den K\u00f6rper st\u00e4rkt, es beruhigt. Es hilft bei der Behandlung von Rheuma.<\/p>\n\n\t\t<\/div>\n\t<\/div>\n<\/div><\/div><\/div><\/div><\/div>","protected":false},"excerpt":{"rendered":"M\u0131s\u0131r nedir? Faydalar\u0131 nelerdir? Botanik Bilgi :\u00a0Bu\u011fdaygiller familyas\u0131ndand\u0131r. Bir y\u0131ll\u0131k otsu bir bitki olup yeti\u015fti\u011fi b\u00f6lgeye g\u00f6re boyu 1,5-3 metre aras\u0131nda olabilir. Yapraklar\u0131 uca do\u011fru gittik\u00e7e sivrilerek, uzun ince bir m\u0131zrak \u015feklindedir. Yapraklar\u0131n kenarlar\u0131 b\u00fct\u00fcn, dalgal\u0131, ortas\u0131ndan grimsi beyaz b\u00fcy\u00fck bir ana damar ve ona paralele olarak bir d\u00fczine sa\u011fl\u0131, sollu yan damarlar uzan\u0131r. \u00c7i\u00e7ekleri [...]","protected":false},"author":1,"featured_media":0,"parent":0,"menu_order":0,"comment_status":"closed","ping_status":"closed","template":"","meta":{"_mi_skip_tracking":false},"yoast_head":"<!-- This site is optimized with the Yoast SEO Premium plugin v17.7 (Yoast SEO v17.7) - https:\/\/yoast.com\/wordpress\/plugins\/seo\/ -->\n<title>M\u0131s\u0131r - Sade \u00d6nc\u00fc Bakliyat<\/title>\n<meta name=\"robots\" content=\"index, follow, max-snippet:-1, max-image-preview:large, max-video-preview:-1\" \/>\n<link rel=\"canonical\" href=\"https:\/\/sadeoncubakliyat.com\/de\/misir\/\" \/>\n<meta property=\"og:locale\" content=\"de_DE\" \/>\n<meta property=\"og:type\" content=\"article\" \/>\n<meta property=\"og:title\" content=\"M\u0131s\u0131r\" \/>\n<meta property=\"og:url\" content=\"https:\/\/sadeoncubakliyat.com\/de\/misir\/\" \/>\n<meta property=\"og:site_name\" content=\"Sade \u00d6nc\u00fc Bakliyat\" \/>\n<meta property=\"article:modified_time\" content=\"2022-01-08T07:43:03+00:00\" \/>\n<meta property=\"og:image\" content=\"https:\/\/sadeoncubakliyat.com\/tr\/wp-content\/uploads\/2021\/12\/misir-1-300x300.jpg\" \/>\n<meta name=\"twitter:card\" content=\"summary\" \/>\n<meta name=\"twitter:label1\" content=\"Gesch\u00e4tzte Lesezeit\" \/>\n\t<meta name=\"twitter:data1\" content=\"2 Minuten\" \/>\n<script type=\"application\/ld+json\" class=\"yoast-schema-graph\">{\"@context\":\"https:\/\/schema.org\",\"@graph\":[{\"@type\":\"Organization\",\"@id\":\"https:\/\/sadeoncubakliyat.com\/#organization\",\"name\":\"Sade \\u00d6nc\\u00fc Bakliyat\",\"url\":\"https:\/\/sadeoncubakliyat.com\/\",\"sameAs\":[],\"logo\":{\"@type\":\"ImageObject\",\"@id\":\"https:\/\/sadeoncubakliyat.com\/#logo\",\"inLanguage\":\"de-DE\",\"url\":\"https:\/\/sadeoncubakliyat.com\/wp-content\/uploads\/2021\/12\/sade_oncu_bakliyat_logo-3.png\",\"contentUrl\":\"https:\/\/sadeoncubakliyat.com\/wp-content\/uploads\/2021\/12\/sade_oncu_bakliyat_logo-3.png\",\"width\":512,\"height\":512,\"caption\":\"Sade \\u00d6nc\\u00fc Bakliyat\"},\"image\":{\"@id\":\"https:\/\/sadeoncubakliyat.com\/#logo\"}},{\"@type\":\"WebSite\",\"@id\":\"https:\/\/sadeoncubakliyat.com\/#website\",\"url\":\"https:\/\/sadeoncubakliyat.com\/\",\"name\":\"Sade \\u00d6nc\\u00fc Bakliyat\",\"description\":\"Kalitede ve Sadelikte \\u00d6nc\\u00fc\",\"publisher\":{\"@id\":\"https:\/\/sadeoncubakliyat.com\/#organization\"},\"potentialAction\":[{\"@type\":\"SearchAction\",\"target\":{\"@type\":\"EntryPoint\",\"urlTemplate\":\"https:\/\/sadeoncubakliyat.com\/?s={search_term_string}\"},\"query-input\":\"required name=search_term_string\"}],\"inLanguage\":\"de-DE\"},{\"@type\":\"ImageObject\",\"@id\":\"https:\/\/sadeoncubakliyat.com\/misir\/#primaryimage\",\"inLanguage\":\"de-DE\",\"url\":\"https:\/\/sadeoncubakliyat.com\/tr\/wp-content\/uploads\/2021\/12\/misir-1-300x300.jpg\",\"contentUrl\":\"https:\/\/sadeoncubakliyat.com\/tr\/wp-content\/uploads\/2021\/12\/misir-1-300x300.jpg\"},{\"@type\":\"WebPage\",\"@id\":\"https:\/\/sadeoncubakliyat.com\/misir\/#webpage\",\"url\":\"https:\/\/sadeoncubakliyat.com\/misir\/\",\"name\":\"M\\u0131s\\u0131r - Sade \\u00d6nc\\u00fc Bakliyat\",\"isPartOf\":{\"@id\":\"https:\/\/sadeoncubakliyat.com\/#website\"},\"primaryImageOfPage\":{\"@id\":\"https:\/\/sadeoncubakliyat.com\/misir\/#primaryimage\"},\"datePublished\":\"2022-01-03T15:12:45+00:00\",\"dateModified\":\"2022-01-08T07:43:03+00:00\",\"breadcrumb\":{\"@id\":\"https:\/\/sadeoncubakliyat.com\/misir\/#breadcrumb\"},\"inLanguage\":\"de-DE\",\"potentialAction\":[{\"@type\":\"ReadAction\",\"target\":[\"https:\/\/sadeoncubakliyat.com\/misir\/\"]}]},{\"@type\":\"BreadcrumbList\",\"@id\":\"https:\/\/sadeoncubakliyat.com\/misir\/#breadcrumb\",\"itemListElement\":[{\"@type\":\"ListItem\",\"position\":1,\"name\":\"Anasayfa\",\"item\":\"https:\/\/sadeoncubakliyat.com\/\"},{\"@type\":\"ListItem\",\"position\":2,\"name\":\"M\\u0131s\\u0131r\"}]}]}<\/script>\n<!-- \/ Yoast SEO Premium plugin. -->","yoast_head_json":{"title":"M\u0131s\u0131r - Sade \u00d6nc\u00fc Bakliyat","robots":{"index":"index","follow":"follow","max-snippet":"max-snippet:-1","max-image-preview":"max-image-preview:large","max-video-preview":"max-video-preview:-1"},"canonical":"https:\/\/sadeoncubakliyat.com\/de\/misir\/","og_locale":"de_DE","og_type":"article","og_title":"M\u0131s\u0131r","og_url":"https:\/\/sadeoncubakliyat.com\/de\/misir\/","og_site_name":"Sade \u00d6nc\u00fc Bakliyat","article_modified_time":"2022-01-08T07:43:03+00:00","og_image":[{"url":"https:\/\/sadeoncubakliyat.com\/tr\/wp-content\/uploads\/2021\/12\/misir-1-300x300.jpg"}],"twitter_card":"summary","twitter_misc":{"Gesch\u00e4tzte Lesezeit":"2 Minuten"},"schema":{"@context":"https:\/\/schema.org","@graph":[{"@type":"Organization","@id":"https:\/\/sadeoncubakliyat.com\/#organization","name":"Sade \u00d6nc\u00fc Bakliyat","url":"https:\/\/sadeoncubakliyat.com\/","sameAs":[],"logo":{"@type":"ImageObject","@id":"https:\/\/sadeoncubakliyat.com\/#logo","inLanguage":"de-DE","url":"https:\/\/sadeoncubakliyat.com\/wp-content\/uploads\/2021\/12\/sade_oncu_bakliyat_logo-3.png","contentUrl":"https:\/\/sadeoncubakliyat.com\/wp-content\/uploads\/2021\/12\/sade_oncu_bakliyat_logo-3.png","width":512,"height":512,"caption":"Sade \u00d6nc\u00fc Bakliyat"},"image":{"@id":"https:\/\/sadeoncubakliyat.com\/#logo"}},{"@type":"WebSite","@id":"https:\/\/sadeoncubakliyat.com\/#website","url":"https:\/\/sadeoncubakliyat.com\/","name":"Sade \u00d6nc\u00fc Bakliyat","description":"Kalitede ve Sadelikte \u00d6nc\u00fc","publisher":{"@id":"https:\/\/sadeoncubakliyat.com\/#organization"},"potentialAction":[{"@type":"SearchAction","target":{"@type":"EntryPoint","urlTemplate":"https:\/\/sadeoncubakliyat.com\/?s={search_term_string}"},"query-input":"required name=search_term_string"}],"inLanguage":"de-DE"},{"@type":"ImageObject","@id":"https:\/\/sadeoncubakliyat.com\/misir\/#primaryimage","inLanguage":"de-DE","url":"https:\/\/sadeoncubakliyat.com\/tr\/wp-content\/uploads\/2021\/12\/misir-1-300x300.jpg","contentUrl":"https:\/\/sadeoncubakliyat.com\/tr\/wp-content\/uploads\/2021\/12\/misir-1-300x300.jpg"},{"@type":"WebPage","@id":"https:\/\/sadeoncubakliyat.com\/misir\/#webpage","url":"https:\/\/sadeoncubakliyat.com\/misir\/","name":"M\u0131s\u0131r - Sade \u00d6nc\u00fc Bakliyat","isPartOf":{"@id":"https:\/\/sadeoncubakliyat.com\/#website"},"primaryImageOfPage":{"@id":"https:\/\/sadeoncubakliyat.com\/misir\/#primaryimage"},"datePublished":"2022-01-03T15:12:45+00:00","dateModified":"2022-01-08T07:43:03+00:00","breadcrumb":{"@id":"https:\/\/sadeoncubakliyat.com\/misir\/#breadcrumb"},"inLanguage":"de-DE","potentialAction":[{"@type":"ReadAction","target":["https:\/\/sadeoncubakliyat.com\/misir\/"]}]},{"@type":"BreadcrumbList","@id":"https:\/\/sadeoncubakliyat.com\/misir\/#breadcrumb","itemListElement":[{"@type":"ListItem","position":1,"name":"Anasayfa","item":"https:\/\/sadeoncubakliyat.com\/"},{"@type":"ListItem","position":2,"name":"M\u0131s\u0131r"}]}]}},"_links":{"self":[{"href":"https:\/\/sadeoncubakliyat.com\/de\/wp-json\/wp\/v2\/pages\/1097"}],"collection":[{"href":"https:\/\/sadeoncubakliyat.com\/de\/wp-json\/wp\/v2\/pages"}],"about":[{"href":"https:\/\/sadeoncubakliyat.com\/de\/wp-json\/wp\/v2\/types\/page"}],"author":[{"embeddable":true,"href":"https:\/\/sadeoncubakliyat.com\/de\/wp-json\/wp\/v2\/users\/1"}],"replies":[{"embeddable":true,"href":"https:\/\/sadeoncubakliyat.com\/de\/wp-json\/wp\/v2\/comments?post=1097"}],"version-history":[{"count":6,"href":"https:\/\/sadeoncubakliyat.com\/de\/wp-json\/wp\/v2\/pages\/1097\/revisions"}],"predecessor-version":[{"id":1201,"href":"https:\/\/sadeoncubakliyat.com\/de\/wp-json\/wp\/v2\/pages\/1097\/revisions\/1201"}],"wp:attachment":[{"href":"https:\/\/sadeoncubakliyat.com\/de\/wp-json\/wp\/v2\/media?parent=1097"}],"curies":[{"name":"wp","href":"https:\/\/api.w.org\/{rel}","templated":true}]}}