{"id":1101,"date":"2022-01-03T18:56:13","date_gmt":"2022-01-03T15:56:13","guid":{"rendered":"https:\/\/sadeoncubakliyat.com\/tr\/?page_id=1101"},"modified":"2022-01-08T10:50:10","modified_gmt":"2022-01-08T07:50:10","slug":"pirinc","status":"publish","type":"page","link":"https:\/\/sadeoncubakliyat.com\/de\/pirinc\/","title":{"rendered":"Reis"},"content":{"rendered":"<div class=\"vc_row wpb_row vc_custom_1641219515782 porto-inner-container\"><div class=\"porto-wrap-container container\"><div class=\"row\"><div class=\"vc_column_container col-md-12\"><div class=\"wpb_wrapper vc_column-inner\">\n\t<div class=\"wpb_text_column wpb_content_element\" >\n\t\t<div class=\"wpb_wrapper\">\n\t\t\t<p><img loading=\"lazy\" class=\"alignleft wp-image-1003\" src=\"https:\/\/sadeoncubakliyat.com\/tr\/wp-content\/uploads\/2021\/12\/pirinc-1-300x300.jpg\" alt=\"\" width=\"400\" height=\"400\" srcset=\"https:\/\/sadeoncubakliyat.com\/wp-content\/uploads\/2021\/12\/pirinc-1-400x400.jpg 400w, https:\/\/sadeoncubakliyat.com\/wp-content\/uploads\/2021\/12\/pirinc-1-367x367.jpg 367w\" sizes=\"(max-width: 400px) 100vw, 400px\" \/>Reis, insbesondere in Asien, macht den gr\u00f6\u00dften Teil der weltweiten Reisproduktion aus und ist damit eines der beliebtesten Agrarprodukte in Asien. Reis wird in mehr als 110 L\u00e4ndern angebaut. Die Top 5 Reis produzierenden L\u00e4nder weltweit sind China, Indien, Indonesien, Bangladesch und Vietnam. Auch die f\u00fchrenden L\u00e4nder beim Reisexport sind Indien, Thailand, USA, Pakistan und Vietnam. Au\u00dferdem wird Reis in Mittelmeerl\u00e4ndern (Italien, Marokko, Griechenland), Lateinamerika (Uruguay, Paraguay, Brasilien, Argentinien) und sogar in Mitteleuropa (Belgien, Niederlande) erfolgreich angebaut. Reis gilt nach Zucker und Mais als das drittwichtigste Agrarprodukt.<\/p>\n<h2><b>Informationen zur Reispflanze<\/b><\/h2>\n<p class=\" translation-block\">Die Reis- oder Paddy-Pflanze (<em>Oryza sativa<\/em>) ist eine einj\u00e4hrige, einkeimbl\u00e4ttrige Pflanze aus der Familie der Poaceae (Gramineae). Oryza-Reissorten werden f\u00fcr den Verzehr angebaut und die Samen der Pflanzen gesammelt. Reis ist zum gr\u00f6\u00dften Teil ein einj\u00e4hriges Kraut. Selten w\u00e4chst die Reispflanze jedoch mehrj\u00e4hrig und kann 10 Jahre oder l\u00e4nger leben. Die Wachstumszeit (vom Keimling bis zur Ernte) einer einj\u00e4hrigen Reispflanze variiert zwischen 95 Tagen (fr\u00fche Sorten) und etwa 250 Tagen (sp\u00e4te Sorten). Mittelfr\u00fche Sorten k\u00f6nnen 120-150 Tage nach der Aussaat geerntet werden.<\/p>\n<p>Reispflanze besteht aus Wurzel, St\u00e4ngel, Bl\u00e4ttern und Bl\u00fctenst\u00e4nden. Die Wurzelsysteml\u00e4nge der Pflanze betr\u00e4gt 25-30 cm bis 100 cm. Reissamen werden oft als Getreide bezeichnet. Wenn die Trauben reif sind, enth\u00e4lt jede Reispflanze normalerweise 50-60 oder mehr als 120 K\u00f6rner. Getreide besteht aus drei Hauptteilen; Endosperm mit Schale, Kleie und Embryo.<\/p>\n\n\t\t<\/div>\n\t<\/div>\n<\/div><\/div><\/div><\/div><\/div>","protected":false},"excerpt":{"rendered":"Pirin\u00e7, \u00f6zellikle Asya\u2019da d\u00fcnya \u00e7ap\u0131nda pirin\u00e7 \u00fcretiminin b\u00fcy\u00fck bir k\u0131sm\u0131 ger\u00e7ekle\u015fir ve dolay\u0131s\u0131yla Asya\u2019da en pop\u00fcler tar\u0131m \u00fcr\u00fcnlerinden biridir. Pirin\u00e7 110\u2019dan fazla \u00fclkede yeti\u015ftirilir. D\u00fcnya \u00e7ap\u0131nda pirin\u00e7 \u00fcreten ilk 5 \u00fclke \u00c7in, Hindistan, Endonezya, Banglade\u015f ve Vietnam\u2019d\u0131r. Ayr\u0131ca, pirin\u00e7 ihracat\u0131nda \u00f6nde gelen \u00fclkeler Hindistan, Tayland, ABD, Pakistan ve Vietnam\u2019d\u0131r. Bunun yan\u0131 s\u0131ra, Akdeniz \u00fclkelerinde (\u0130talya, [...]","protected":false},"author":1,"featured_media":0,"parent":0,"menu_order":0,"comment_status":"closed","ping_status":"closed","template":"","meta":{"_mi_skip_tracking":false},"yoast_head":"<!-- This site is optimized with the Yoast SEO Premium plugin v17.7 (Yoast SEO v17.7) - https:\/\/yoast.com\/wordpress\/plugins\/seo\/ -->\n<title>Pirin\u00e7 - Sade \u00d6nc\u00fc Bakliyat<\/title>\n<meta name=\"robots\" content=\"index, follow, max-snippet:-1, max-image-preview:large, max-video-preview:-1\" \/>\n<link rel=\"canonical\" href=\"https:\/\/sadeoncubakliyat.com\/de\/pirinc\/\" \/>\n<meta property=\"og:locale\" content=\"de_DE\" \/>\n<meta property=\"og:type\" content=\"article\" \/>\n<meta property=\"og:title\" content=\"Pirin\u00e7\" \/>\n<meta property=\"og:url\" content=\"https:\/\/sadeoncubakliyat.com\/de\/pirinc\/\" \/>\n<meta property=\"og:site_name\" content=\"Sade \u00d6nc\u00fc Bakliyat\" \/>\n<meta property=\"article:modified_time\" content=\"2022-01-08T07:50:10+00:00\" \/>\n<meta property=\"og:image\" content=\"https:\/\/sadeoncubakliyat.com\/tr\/wp-content\/uploads\/2021\/12\/pirinc-1-300x300.jpg\" \/>\n<meta name=\"twitter:card\" content=\"summary\" \/>\n<meta name=\"twitter:label1\" content=\"Gesch\u00e4tzte Lesezeit\" \/>\n\t<meta name=\"twitter:data1\" content=\"2 Minuten\" \/>\n<script type=\"application\/ld+json\" class=\"yoast-schema-graph\">{\"@context\":\"https:\/\/schema.org\",\"@graph\":[{\"@type\":\"Organization\",\"@id\":\"https:\/\/sadeoncubakliyat.com\/#organization\",\"name\":\"Sade \\u00d6nc\\u00fc Bakliyat\",\"url\":\"https:\/\/sadeoncubakliyat.com\/\",\"sameAs\":[],\"logo\":{\"@type\":\"ImageObject\",\"@id\":\"https:\/\/sadeoncubakliyat.com\/#logo\",\"inLanguage\":\"de-DE\",\"url\":\"https:\/\/sadeoncubakliyat.com\/wp-content\/uploads\/2021\/12\/sade_oncu_bakliyat_logo-3.png\",\"contentUrl\":\"https:\/\/sadeoncubakliyat.com\/wp-content\/uploads\/2021\/12\/sade_oncu_bakliyat_logo-3.png\",\"width\":512,\"height\":512,\"caption\":\"Sade \\u00d6nc\\u00fc Bakliyat\"},\"image\":{\"@id\":\"https:\/\/sadeoncubakliyat.com\/#logo\"}},{\"@type\":\"WebSite\",\"@id\":\"https:\/\/sadeoncubakliyat.com\/#website\",\"url\":\"https:\/\/sadeoncubakliyat.com\/\",\"name\":\"Sade \\u00d6nc\\u00fc Bakliyat\",\"description\":\"Kalitede ve Sadelikte \\u00d6nc\\u00fc\",\"publisher\":{\"@id\":\"https:\/\/sadeoncubakliyat.com\/#organization\"},\"potentialAction\":[{\"@type\":\"SearchAction\",\"target\":{\"@type\":\"EntryPoint\",\"urlTemplate\":\"https:\/\/sadeoncubakliyat.com\/?s={search_term_string}\"},\"query-input\":\"required name=search_term_string\"}],\"inLanguage\":\"de-DE\"},{\"@type\":\"ImageObject\",\"@id\":\"https:\/\/sadeoncubakliyat.com\/pirinc\/#primaryimage\",\"inLanguage\":\"de-DE\",\"url\":\"https:\/\/sadeoncubakliyat.com\/tr\/wp-content\/uploads\/2021\/12\/pirinc-1-300x300.jpg\",\"contentUrl\":\"https:\/\/sadeoncubakliyat.com\/tr\/wp-content\/uploads\/2021\/12\/pirinc-1-300x300.jpg\"},{\"@type\":\"WebPage\",\"@id\":\"https:\/\/sadeoncubakliyat.com\/pirinc\/#webpage\",\"url\":\"https:\/\/sadeoncubakliyat.com\/pirinc\/\",\"name\":\"Pirin\\u00e7 - Sade \\u00d6nc\\u00fc Bakliyat\",\"isPartOf\":{\"@id\":\"https:\/\/sadeoncubakliyat.com\/#website\"},\"primaryImageOfPage\":{\"@id\":\"https:\/\/sadeoncubakliyat.com\/pirinc\/#primaryimage\"},\"datePublished\":\"2022-01-03T15:56:13+00:00\",\"dateModified\":\"2022-01-08T07:50:10+00:00\",\"breadcrumb\":{\"@id\":\"https:\/\/sadeoncubakliyat.com\/pirinc\/#breadcrumb\"},\"inLanguage\":\"de-DE\",\"potentialAction\":[{\"@type\":\"ReadAction\",\"target\":[\"https:\/\/sadeoncubakliyat.com\/pirinc\/\"]}]},{\"@type\":\"BreadcrumbList\",\"@id\":\"https:\/\/sadeoncubakliyat.com\/pirinc\/#breadcrumb\",\"itemListElement\":[{\"@type\":\"ListItem\",\"position\":1,\"name\":\"Anasayfa\",\"item\":\"https:\/\/sadeoncubakliyat.com\/\"},{\"@type\":\"ListItem\",\"position\":2,\"name\":\"Pirin\\u00e7\"}]}]}<\/script>\n<!-- \/ Yoast SEO Premium plugin. -->","yoast_head_json":{"title":"Pirin\u00e7 - Sade \u00d6nc\u00fc Bakliyat","robots":{"index":"index","follow":"follow","max-snippet":"max-snippet:-1","max-image-preview":"max-image-preview:large","max-video-preview":"max-video-preview:-1"},"canonical":"https:\/\/sadeoncubakliyat.com\/de\/pirinc\/","og_locale":"de_DE","og_type":"article","og_title":"Pirin\u00e7","og_url":"https:\/\/sadeoncubakliyat.com\/de\/pirinc\/","og_site_name":"Sade \u00d6nc\u00fc Bakliyat","article_modified_time":"2022-01-08T07:50:10+00:00","og_image":[{"url":"https:\/\/sadeoncubakliyat.com\/tr\/wp-content\/uploads\/2021\/12\/pirinc-1-300x300.jpg"}],"twitter_card":"summary","twitter_misc":{"Gesch\u00e4tzte Lesezeit":"2 Minuten"},"schema":{"@context":"https:\/\/schema.org","@graph":[{"@type":"Organization","@id":"https:\/\/sadeoncubakliyat.com\/#organization","name":"Sade \u00d6nc\u00fc Bakliyat","url":"https:\/\/sadeoncubakliyat.com\/","sameAs":[],"logo":{"@type":"ImageObject","@id":"https:\/\/sadeoncubakliyat.com\/#logo","inLanguage":"de-DE","url":"https:\/\/sadeoncubakliyat.com\/wp-content\/uploads\/2021\/12\/sade_oncu_bakliyat_logo-3.png","contentUrl":"https:\/\/sadeoncubakliyat.com\/wp-content\/uploads\/2021\/12\/sade_oncu_bakliyat_logo-3.png","width":512,"height":512,"caption":"Sade \u00d6nc\u00fc Bakliyat"},"image":{"@id":"https:\/\/sadeoncubakliyat.com\/#logo"}},{"@type":"WebSite","@id":"https:\/\/sadeoncubakliyat.com\/#website","url":"https:\/\/sadeoncubakliyat.com\/","name":"Sade \u00d6nc\u00fc Bakliyat","description":"Kalitede ve Sadelikte \u00d6nc\u00fc","publisher":{"@id":"https:\/\/sadeoncubakliyat.com\/#organization"},"potentialAction":[{"@type":"SearchAction","target":{"@type":"EntryPoint","urlTemplate":"https:\/\/sadeoncubakliyat.com\/?s={search_term_string}"},"query-input":"required name=search_term_string"}],"inLanguage":"de-DE"},{"@type":"ImageObject","@id":"https:\/\/sadeoncubakliyat.com\/pirinc\/#primaryimage","inLanguage":"de-DE","url":"https:\/\/sadeoncubakliyat.com\/tr\/wp-content\/uploads\/2021\/12\/pirinc-1-300x300.jpg","contentUrl":"https:\/\/sadeoncubakliyat.com\/tr\/wp-content\/uploads\/2021\/12\/pirinc-1-300x300.jpg"},{"@type":"WebPage","@id":"https:\/\/sadeoncubakliyat.com\/pirinc\/#webpage","url":"https:\/\/sadeoncubakliyat.com\/pirinc\/","name":"Pirin\u00e7 - Sade \u00d6nc\u00fc Bakliyat","isPartOf":{"@id":"https:\/\/sadeoncubakliyat.com\/#website"},"primaryImageOfPage":{"@id":"https:\/\/sadeoncubakliyat.com\/pirinc\/#primaryimage"},"datePublished":"2022-01-03T15:56:13+00:00","dateModified":"2022-01-08T07:50:10+00:00","breadcrumb":{"@id":"https:\/\/sadeoncubakliyat.com\/pirinc\/#breadcrumb"},"inLanguage":"de-DE","potentialAction":[{"@type":"ReadAction","target":["https:\/\/sadeoncubakliyat.com\/pirinc\/"]}]},{"@type":"BreadcrumbList","@id":"https:\/\/sadeoncubakliyat.com\/pirinc\/#breadcrumb","itemListElement":[{"@type":"ListItem","position":1,"name":"Anasayfa","item":"https:\/\/sadeoncubakliyat.com\/"},{"@type":"ListItem","position":2,"name":"Pirin\u00e7"}]}]}},"_links":{"self":[{"href":"https:\/\/sadeoncubakliyat.com\/de\/wp-json\/wp\/v2\/pages\/1101"}],"collection":[{"href":"https:\/\/sadeoncubakliyat.com\/de\/wp-json\/wp\/v2\/pages"}],"about":[{"href":"https:\/\/sadeoncubakliyat.com\/de\/wp-json\/wp\/v2\/types\/page"}],"author":[{"embeddable":true,"href":"https:\/\/sadeoncubakliyat.com\/de\/wp-json\/wp\/v2\/users\/1"}],"replies":[{"embeddable":true,"href":"https:\/\/sadeoncubakliyat.com\/de\/wp-json\/wp\/v2\/comments?post=1101"}],"version-history":[{"count":3,"href":"https:\/\/sadeoncubakliyat.com\/de\/wp-json\/wp\/v2\/pages\/1101\/revisions"}],"predecessor-version":[{"id":1202,"href":"https:\/\/sadeoncubakliyat.com\/de\/wp-json\/wp\/v2\/pages\/1101\/revisions\/1202"}],"wp:attachment":[{"href":"https:\/\/sadeoncubakliyat.com\/de\/wp-json\/wp\/v2\/media?parent=1101"}],"curies":[{"name":"wp","href":"https:\/\/api.w.org\/{rel}","templated":true}]}}