{"id":1104,"date":"2022-01-03T19:05:12","date_gmt":"2022-01-03T16:05:12","guid":{"rendered":"https:\/\/sadeoncubakliyat.com\/tr\/?page_id=1104"},"modified":"2022-01-08T11:09:29","modified_gmt":"2022-01-08T08:09:29","slug":"barbunya","status":"publish","type":"page","link":"https:\/\/sadeoncubakliyat.com\/de\/barbunya\/","title":{"rendered":"Kidneybohnen"},"content":{"rendered":"<div class=\"vc_row wpb_row vc_custom_1641219515782 porto-inner-container\"><div class=\"porto-wrap-container container\"><div class=\"row\"><div class=\"vc_column_container col-md-12\"><div class=\"wpb_wrapper vc_column-inner\">\n\t<div class=\"wpb_text_column wpb_content_element\" >\n\t\t<div class=\"wpb_wrapper\">\n\t\t\t<p class=\"description\"><img loading=\"lazy\" class=\"alignright wp-image-1002\" src=\"https:\/\/sadeoncubakliyat.com\/tr\/wp-content\/uploads\/2021\/12\/barbunya-1-300x300.jpg\" alt=\"\" width=\"400\" height=\"400\" srcset=\"https:\/\/sadeoncubakliyat.com\/wp-content\/uploads\/2021\/12\/barbunya-1-400x400.jpg 400w, https:\/\/sadeoncubakliyat.com\/wp-content\/uploads\/2021\/12\/barbunya-1-367x367.jpg 367w\" sizes=\"(max-width: 400px) 100vw, 400px\" \/>Kidneybohnen, die ein komplettes Protein und reich an Ballaststoffen sind, verhindern viele Krankheiten im Verdauungssystem, einschlie\u00dflich der Immunit\u00e4t. Es ist ein ideales Lebensmittel f\u00fcr diejenigen, die kein rotes Fleisch konsumieren k\u00f6nnen. Wir haben f\u00fcr Sie alle Neugierigen rund um Kidneybohnen zusammengestellt, die auch den B-Vitamin-Komplex enthalten. Wenn es jedoch \u00fcberm\u00e4\u00dfig konsumiert wird, verst\u00e4rkt es Krankheiten wie Migr\u00e4ne. Was sind die Vorteile von Kidneybohnen? Welche Krankheiten beugt Kidneybohnen vor?<\/p>\n<p>Bohnen\u00e4hnlich im Aussehen, aber v\u00f6llig unterschiedlich im Geschmack, werden Kidneybohnen in Italien, Spanien, der T\u00fcrkei und Griechenland h\u00e4ufig konsumiert. Kidneybohnen, die erstmals im antiken Griechenland angebaut und entwickelt wurden, werden auch R\u00f6mische Bohnen genannt. Dieses ballaststoffreiche Lebensmittel ist in den Listen enthalten, die Ern\u00e4hrungsexperten f\u00fcr ihre Patienten erstellen. Es ist fettarm und reich an Proteinen. Ein Teller Kidneybohnen deckt 50 Prozent des Proteins, das der K\u00f6rper braucht. Insofern ist es ein ideales Lebensmittel f\u00fcr Menschen, die nicht gerne Fleisch konsumieren. Kidneybohnen, die zur Familie der H\u00fclsenfr\u00fcchte geh\u00f6ren, werden vor allem im Winter h\u00e4ufig verzehrt. Studien zufolge geh\u00f6rt es zu den Lebensmitteln, die Frauen w\u00e4hrend der Stillzeit und Schwangerschaft h\u00e4ufig zu sich nehmen sollten. Kidneybohnen, die in L\u00e4ndern, die die Weltk\u00fcche ausmachen, wie Mexiko, h\u00e4ufig konsumiert werden, sind in schlichter violetter Farbe erh\u00e4ltlich. Diese Bohne, die Cranberry genannt wird, und die in unserem Land angebauten roten Kidneybohnen haben Geschmacks- und N\u00e4hrwerte. Es sieht einer Bohne sehr \u00e4hnlich. Seine N\u00e4hrwerte sind jedoch h\u00f6her als bei Bohnen.<\/p>\n<p><img loading=\"lazy\" class=\"i-amphtml-fill-content i-amphtml-replaced-content alignleft\" src=\"http:\/\/i2.haber7.net\/\/haber\/haber7\/photos\/2019\/31\/xQ3yg_1564491950_9219.jpg\" alt=\"barbunyan\u0131n faydalar\u0131\" width=\"485\" height=\"485\" \/><\/p>\n<p><strong>WAS SIND DIE VORTEILE VON BLACK BOUNES?<\/strong><\/p>\n<p>Studien haben gezeigt, dass Kidneybohnen die Bildung von Krebszellen verhindern. Spezialisten betonen, dass Menschen mit Krebs in der Familienanamnese Kidneybohnen zu sich nehmen sollten, die besonders bei Dickdarmkrebs wirksam sind. Es sch\u00fctzt die Gesundheit des Herzens, indem es das schlechte Cholesterin senkt. Dank der enthaltenen unges\u00e4ttigten Fetts\u00e4uren reduziert es Entz\u00fcndungen in den Venen auf null. Dadurch wird die Rate schwerwiegender Probleme wie Schlaganfall und Herzinfarkt reduziert. Der K\u00f6rper ben\u00f6tigt t\u00e4glich mindestens 70 Prozent Vitamin B1 f\u00fcr die Gesundheit des Gehirns. Dieses Vitamin st\u00e4rkt das Ged\u00e4chtnis, indem es die Konzentrationsf\u00e4higkeit des Gehirns erh\u00f6ht. In dieser Hinsicht steht es an erster Stelle der Lebensmittel, die w\u00e4hrend der Schwangerschaft und Jugend empfohlen werden. Kidneybohnen sind eine ideale Nahrungsquelle f\u00fcr diejenigen, die kein Fleisch essen, da sie sowohl an Protein als auch an Eisen reich sind. Es wird auch Frauen empfohlen, die kurz vor der Geburt oder w\u00e4hrend ihrer Menstruation stehen. Mangan ist ein starkes Antioxidans. Diese Substanz gibt dem K\u00f6rper auch Energie. Mit diesen beiden Eigenschaften unterst\u00fctzen Kidneybohnen den K\u00f6rper dabei, den ganzen Tag \u00fcber energisch und kr\u00e4ftig zu sein. Es reduziert auch die Bedingungen wie das Altern, indem es den Zellen erm\u00f6glicht, Energie zu produzieren. Wenn es in ausreichenden Mengen konsumiert wird, hilft es beim Abnehmen, indem es den Ballaststoffanteil im Verdauungssystem erh\u00f6ht. Dar\u00fcber hinaus verhindert es, dass Magen und Darm Giftstoffe speichern und \u00fcber die Harnwege ausscheiden Kidneybohnen als Vitaminspeicher tragen zum Knochenaufbau bei. Es reduziert das Risiko von Knochenerkrankungen, insbesondere im fortgeschrittenen Alter. Es ist auch gut bei genetischem oder sp\u00e4ter aufgetretenem Rheuma. Seine starke antioxidative Wirkung liefert nicht nur Energie, sondern verhindert auch die Bildung von Sand und Steinen in den Nieren. Der gebildete Sandstein hilft, den K\u00f6rper in kurzer Zeit schmerzfrei loszuwerden. Kidneybohnen, die hohe Mengen an Eisen enthalten, werden auch w\u00e4hrend der Schwangerschaft empfohlen. Es unterst\u00fctzt besonders die Entwicklung des Babys im Mutterleib. Dar\u00fcber hinaus bieten folathaltige Kidneybohnen eine zus\u00e4tzliche Ern\u00e4hrung f\u00fcr Frauen w\u00e4hrend der Schwangerschaft. Es reduziert Geburtsfehler. Es unterst\u00fctzt die fehlerfreie Entwicklung der DNA und verhindert das Brechen der N\u00e4gel. Es st\u00e4rkt die Gesundheit der Haut. Es unterst\u00fctzt die Bildung glatter Haut durch die Erneuerung der Zellen. Dank seines hohen Ballaststoffgehalts vermittelt es ein Gef\u00fchl der fr\u00fchen S\u00e4ttigung. Da es au\u00dferdem kalorienarm ist, steht es ganz oben auf der Di\u00e4tliste derjenigen, die abnehmen m\u00f6chten. Neben der Verz\u00f6gerung des Alterns ist es ein idealer N\u00e4hrstoff f\u00fcr die Haut. Kidneybohnen, die sowohl zum Verzehr als auch zur Herstellung von Masken verwendet werden, gl\u00e4tten die Dermisschicht.<\/p>\n\n\t\t<\/div>\n\t<\/div>\n<\/div><\/div><\/div><\/div><\/div>","protected":false},"excerpt":{"rendered":"Tam bir protein ve lif zengini olan barbunya ba\u011f\u0131\u015f\u0131kl\u0131ktan tutunda sindirim sistemindeki bir\u00e7ok hastal\u0131\u011f\u0131n ya\u015fanmas\u0131n\u0131 engeller. K\u0131r\u0131m\u0131z\u0131 et t\u00fcketemeyenler i\u00e7inde ideal bir besindir. B vitamin kompleksi de i\u00e7eren barbunya hakk\u0131nda t\u00fcm merak edilenleri sizler i\u00e7in derledik. Ancak a\u015f\u0131r\u0131 t\u00fcketildi\u011finde de migren gibi hastal\u0131klar\u0131 art\u0131r\u0131r. Peki Barbunyan\u0131n faydalar\u0131 nelerdir? Barbunya hangi hastal\u0131klar\u0131 \u00f6nl\u00fcyor? G\u00f6r\u00fcn\u00fc\u015f olarak fasulyeye [...]","protected":false},"author":1,"featured_media":0,"parent":0,"menu_order":0,"comment_status":"closed","ping_status":"closed","template":"","meta":{"_mi_skip_tracking":false},"yoast_head":"<!-- This site is optimized with the Yoast SEO Premium plugin v17.7 (Yoast SEO v17.7) - https:\/\/yoast.com\/wordpress\/plugins\/seo\/ -->\n<title>Barbunya - Sade \u00d6nc\u00fc Bakliyat<\/title>\n<meta name=\"robots\" content=\"index, follow, max-snippet:-1, max-image-preview:large, max-video-preview:-1\" \/>\n<link rel=\"canonical\" href=\"https:\/\/sadeoncubakliyat.com\/de\/barbunya\/\" \/>\n<meta property=\"og:locale\" content=\"de_DE\" \/>\n<meta property=\"og:type\" content=\"article\" \/>\n<meta property=\"og:title\" content=\"Barbunya\" \/>\n<meta property=\"og:url\" content=\"https:\/\/sadeoncubakliyat.com\/de\/barbunya\/\" \/>\n<meta property=\"og:site_name\" content=\"Sade \u00d6nc\u00fc Bakliyat\" \/>\n<meta property=\"article:modified_time\" content=\"2022-01-08T08:09:29+00:00\" \/>\n<meta property=\"og:image\" content=\"https:\/\/sadeoncubakliyat.com\/tr\/wp-content\/uploads\/2021\/12\/barbunya-1-300x300.jpg\" \/>\n<meta name=\"twitter:card\" content=\"summary\" \/>\n<meta name=\"twitter:label1\" content=\"Gesch\u00e4tzte Lesezeit\" \/>\n\t<meta name=\"twitter:data1\" content=\"4 Minuten\" \/>\n<script type=\"application\/ld+json\" class=\"yoast-schema-graph\">{\"@context\":\"https:\/\/schema.org\",\"@graph\":[{\"@type\":\"Organization\",\"@id\":\"https:\/\/sadeoncubakliyat.com\/#organization\",\"name\":\"Sade \\u00d6nc\\u00fc Bakliyat\",\"url\":\"https:\/\/sadeoncubakliyat.com\/\",\"sameAs\":[],\"logo\":{\"@type\":\"ImageObject\",\"@id\":\"https:\/\/sadeoncubakliyat.com\/#logo\",\"inLanguage\":\"de-DE\",\"url\":\"https:\/\/sadeoncubakliyat.com\/wp-content\/uploads\/2021\/12\/sade_oncu_bakliyat_logo-3.png\",\"contentUrl\":\"https:\/\/sadeoncubakliyat.com\/wp-content\/uploads\/2021\/12\/sade_oncu_bakliyat_logo-3.png\",\"width\":512,\"height\":512,\"caption\":\"Sade \\u00d6nc\\u00fc Bakliyat\"},\"image\":{\"@id\":\"https:\/\/sadeoncubakliyat.com\/#logo\"}},{\"@type\":\"WebSite\",\"@id\":\"https:\/\/sadeoncubakliyat.com\/#website\",\"url\":\"https:\/\/sadeoncubakliyat.com\/\",\"name\":\"Sade \\u00d6nc\\u00fc Bakliyat\",\"description\":\"Kalitede ve Sadelikte \\u00d6nc\\u00fc\",\"publisher\":{\"@id\":\"https:\/\/sadeoncubakliyat.com\/#organization\"},\"potentialAction\":[{\"@type\":\"SearchAction\",\"target\":{\"@type\":\"EntryPoint\",\"urlTemplate\":\"https:\/\/sadeoncubakliyat.com\/?s={search_term_string}\"},\"query-input\":\"required name=search_term_string\"}],\"inLanguage\":\"de-DE\"},{\"@type\":\"ImageObject\",\"@id\":\"https:\/\/sadeoncubakliyat.com\/barbunya\/#primaryimage\",\"inLanguage\":\"de-DE\",\"url\":\"https:\/\/sadeoncubakliyat.com\/tr\/wp-content\/uploads\/2021\/12\/barbunya-1-300x300.jpg\",\"contentUrl\":\"https:\/\/sadeoncubakliyat.com\/tr\/wp-content\/uploads\/2021\/12\/barbunya-1-300x300.jpg\"},{\"@type\":\"WebPage\",\"@id\":\"https:\/\/sadeoncubakliyat.com\/barbunya\/#webpage\",\"url\":\"https:\/\/sadeoncubakliyat.com\/barbunya\/\",\"name\":\"Barbunya - Sade \\u00d6nc\\u00fc Bakliyat\",\"isPartOf\":{\"@id\":\"https:\/\/sadeoncubakliyat.com\/#website\"},\"primaryImageOfPage\":{\"@id\":\"https:\/\/sadeoncubakliyat.com\/barbunya\/#primaryimage\"},\"datePublished\":\"2022-01-03T16:05:12+00:00\",\"dateModified\":\"2022-01-08T08:09:29+00:00\",\"breadcrumb\":{\"@id\":\"https:\/\/sadeoncubakliyat.com\/barbunya\/#breadcrumb\"},\"inLanguage\":\"de-DE\",\"potentialAction\":[{\"@type\":\"ReadAction\",\"target\":[\"https:\/\/sadeoncubakliyat.com\/barbunya\/\"]}]},{\"@type\":\"BreadcrumbList\",\"@id\":\"https:\/\/sadeoncubakliyat.com\/barbunya\/#breadcrumb\",\"itemListElement\":[{\"@type\":\"ListItem\",\"position\":1,\"name\":\"Anasayfa\",\"item\":\"https:\/\/sadeoncubakliyat.com\/\"},{\"@type\":\"ListItem\",\"position\":2,\"name\":\"Barbunya\"}]}]}<\/script>\n<!-- \/ Yoast SEO Premium plugin. -->","yoast_head_json":{"title":"Barbunya - Sade \u00d6nc\u00fc Bakliyat","robots":{"index":"index","follow":"follow","max-snippet":"max-snippet:-1","max-image-preview":"max-image-preview:large","max-video-preview":"max-video-preview:-1"},"canonical":"https:\/\/sadeoncubakliyat.com\/de\/barbunya\/","og_locale":"de_DE","og_type":"article","og_title":"Barbunya","og_url":"https:\/\/sadeoncubakliyat.com\/de\/barbunya\/","og_site_name":"Sade \u00d6nc\u00fc Bakliyat","article_modified_time":"2022-01-08T08:09:29+00:00","og_image":[{"url":"https:\/\/sadeoncubakliyat.com\/tr\/wp-content\/uploads\/2021\/12\/barbunya-1-300x300.jpg"}],"twitter_card":"summary","twitter_misc":{"Gesch\u00e4tzte Lesezeit":"4 Minuten"},"schema":{"@context":"https:\/\/schema.org","@graph":[{"@type":"Organization","@id":"https:\/\/sadeoncubakliyat.com\/#organization","name":"Sade \u00d6nc\u00fc Bakliyat","url":"https:\/\/sadeoncubakliyat.com\/","sameAs":[],"logo":{"@type":"ImageObject","@id":"https:\/\/sadeoncubakliyat.com\/#logo","inLanguage":"de-DE","url":"https:\/\/sadeoncubakliyat.com\/wp-content\/uploads\/2021\/12\/sade_oncu_bakliyat_logo-3.png","contentUrl":"https:\/\/sadeoncubakliyat.com\/wp-content\/uploads\/2021\/12\/sade_oncu_bakliyat_logo-3.png","width":512,"height":512,"caption":"Sade \u00d6nc\u00fc Bakliyat"},"image":{"@id":"https:\/\/sadeoncubakliyat.com\/#logo"}},{"@type":"WebSite","@id":"https:\/\/sadeoncubakliyat.com\/#website","url":"https:\/\/sadeoncubakliyat.com\/","name":"Sade \u00d6nc\u00fc Bakliyat","description":"Kalitede ve Sadelikte \u00d6nc\u00fc","publisher":{"@id":"https:\/\/sadeoncubakliyat.com\/#organization"},"potentialAction":[{"@type":"SearchAction","target":{"@type":"EntryPoint","urlTemplate":"https:\/\/sadeoncubakliyat.com\/?s={search_term_string}"},"query-input":"required name=search_term_string"}],"inLanguage":"de-DE"},{"@type":"ImageObject","@id":"https:\/\/sadeoncubakliyat.com\/barbunya\/#primaryimage","inLanguage":"de-DE","url":"https:\/\/sadeoncubakliyat.com\/tr\/wp-content\/uploads\/2021\/12\/barbunya-1-300x300.jpg","contentUrl":"https:\/\/sadeoncubakliyat.com\/tr\/wp-content\/uploads\/2021\/12\/barbunya-1-300x300.jpg"},{"@type":"WebPage","@id":"https:\/\/sadeoncubakliyat.com\/barbunya\/#webpage","url":"https:\/\/sadeoncubakliyat.com\/barbunya\/","name":"Barbunya - Sade \u00d6nc\u00fc Bakliyat","isPartOf":{"@id":"https:\/\/sadeoncubakliyat.com\/#website"},"primaryImageOfPage":{"@id":"https:\/\/sadeoncubakliyat.com\/barbunya\/#primaryimage"},"datePublished":"2022-01-03T16:05:12+00:00","dateModified":"2022-01-08T08:09:29+00:00","breadcrumb":{"@id":"https:\/\/sadeoncubakliyat.com\/barbunya\/#breadcrumb"},"inLanguage":"de-DE","potentialAction":[{"@type":"ReadAction","target":["https:\/\/sadeoncubakliyat.com\/barbunya\/"]}]},{"@type":"BreadcrumbList","@id":"https:\/\/sadeoncubakliyat.com\/barbunya\/#breadcrumb","itemListElement":[{"@type":"ListItem","position":1,"name":"Anasayfa","item":"https:\/\/sadeoncubakliyat.com\/"},{"@type":"ListItem","position":2,"name":"Barbunya"}]}]}},"_links":{"self":[{"href":"https:\/\/sadeoncubakliyat.com\/de\/wp-json\/wp\/v2\/pages\/1104"}],"collection":[{"href":"https:\/\/sadeoncubakliyat.com\/de\/wp-json\/wp\/v2\/pages"}],"about":[{"href":"https:\/\/sadeoncubakliyat.com\/de\/wp-json\/wp\/v2\/types\/page"}],"author":[{"embeddable":true,"href":"https:\/\/sadeoncubakliyat.com\/de\/wp-json\/wp\/v2\/users\/1"}],"replies":[{"embeddable":true,"href":"https:\/\/sadeoncubakliyat.com\/de\/wp-json\/wp\/v2\/comments?post=1104"}],"version-history":[{"count":6,"href":"https:\/\/sadeoncubakliyat.com\/de\/wp-json\/wp\/v2\/pages\/1104\/revisions"}],"predecessor-version":[{"id":1207,"href":"https:\/\/sadeoncubakliyat.com\/de\/wp-json\/wp\/v2\/pages\/1104\/revisions\/1207"}],"wp:attachment":[{"href":"https:\/\/sadeoncubakliyat.com\/de\/wp-json\/wp\/v2\/media?parent=1104"}],"curies":[{"name":"wp","href":"https:\/\/api.w.org\/{rel}","templated":true}]}}