{"id":55,"date":"2016-06-13T15:48:45","date_gmt":"2016-06-13T15:48:45","guid":{"rendered":"http:\/\/sw-themes.com\/porto_dummy\/?page_id=55"},"modified":"2022-01-08T13:40:32","modified_gmt":"2022-01-08T10:40:32","slug":"hakkimizda","status":"publish","type":"page","link":"https:\/\/sadeoncubakliyat.com\/de\/hakkimizda\/","title":{"rendered":"\u00fcber uns"},"content":{"rendered":"<div class=\"vc_row wpb_row p-b-lg porto-inner-container\"><div class=\"porto-wrap-container container\"><div class=\"row\"><div class=\"vc_column_container col-md-12\"><div class=\"wpb_wrapper vc_column-inner\"><h2 class=\"word-rotator slide short m-t-xl translation-block\" style=\"line-height:46px;text-align:center;\" data-plugin-options=\"{'waittime': 2500, 'pauseOnHover': false}\"><h2>F\u00fchrende Qualit\u00e4t mit einer Kombination aus Stabilit\u00e4t, Kraft und Erfolg<\/h2><\/h2>\n\t<div class=\"wpb_text_column wpb_content_element  text-center\" >\n\t\t<div class=\"wpb_wrapper\">\n\t\t\t<p class=\"lead translation-block\"><strong>Sade \u00d6nc\u00fc Pulses<\/strong> entwickelt sich schnell zum <strong>PIONIER<\/strong> der H\u00fclsenfr\u00fcchteindustrie zuerst in Mersin, dann in der T\u00fcrkei und auf der ganzen Welt, indem es seine physische, geostrategische, Erfahrung und mentale St\u00e4rke nutzt Vorteile.<\/p>\n\n\t\t<\/div>\n\t<\/div>\n<div class=\"vc_separator vc_text_separator vc_separator_align_center vc_sep_width_100 vc_sep_pos_align_center vc_custom_1640528566263\">\n\t<span class=\"vc_sep_holder vc_sep_holder_l\"><span style=\"background-image: -webkit-linear-gradient(left, transparent, grey);\t background-image: linear-gradient(to right, transparent, grey);\" class=\"vc_sep_line\"><\/span><\/span>\n\t\t\t\t<h2>UNSERE UNTERNEHMENSPOLITIK<\/h2>\t<span class=\"vc_sep_holder vc_sep_holder_r\"><span style=\"background-image: -webkit-linear-gradient(left, grey, transparent);\t background-image: linear-gradient(to right, grey, transparent);\" class=\"vc_sep_line\"><\/span><\/span>\n<\/div>\n<div class=\"vc_row wpb_row vc_inner row\"><div class=\"vc_column_container col-md-4\"><div class=\"wpb_wrapper vc_column-inner\">\n\t<div class=\"wpb_single_image wpb_content_element vc_align_center\">\n\t\t<div class=\"wpb_wrapper\">\n\t\t\t\n\t\t\t<div class=\"vc_single_image-wrapper   vc_box_border_grey\"><img width=\"500\" height=\"202\" src=\"https:\/\/sadeoncubakliyat.com\/wp-content\/uploads\/2021\/12\/sade-oncu-1.jpg\" class=\"vc_single_image-img attachment-full\" alt=\"\" loading=\"lazy\" title=\"sade-oncu\" srcset=\"https:\/\/sadeoncubakliyat.com\/wp-content\/uploads\/2021\/12\/sade-oncu-1.jpg 500w, https:\/\/sadeoncubakliyat.com\/wp-content\/uploads\/2021\/12\/sade-oncu-1-400x162.jpg 400w, https:\/\/sadeoncubakliyat.com\/wp-content\/uploads\/2021\/12\/sade-oncu-1-367x148.jpg 367w\" sizes=\"(max-width: 500px) 100vw, 500px\" \/><\/div>\n\t\t<\/div>\n\t<\/div>\n<\/div><\/div><div class=\"vc_column_container col-md-4\"><div class=\"wpb_wrapper vc_column-inner\"><div class=\"porto-sicon-box style_1 left-icon\"><div class=\"porto-sicon-left\"><div id=\"porto-icon-151248186669eca61f3f6fa\" class=\"porto-just-icon-wrapper\" style=\"text-align:center;\"><div class=\"porto-icon none\" style=\"color:#00652e;font-size:28px;display:inline-block;\"><i class=\"fas fa-road\"><\/i><\/div><\/div><\/div><div class=\"porto-sicon-body\"><div class=\"porto-sicon-header\" ><h3 class=\"porto-sicon-title\" style=\"color:#0e0e0e;\">Stabilit\u00e4tsziel<\/h3><\/div> <!-- header --><div class=\"porto-sicon-description\" style=\"\">Wir arbeiten daran, dass die erfolgreiche Vision, die wir k\u00fcrzlich vorgebracht haben, so aufrechterhalten werden kann, dass sie unserem Land und unseren Leuten viele Jahre zugute kommt.<\/div> <!-- description --><\/div><\/div><!-- porto-sicon-box --><\/div><\/div><div class=\"vc_column_container col-md-4\"><div class=\"wpb_wrapper vc_column-inner\">\n\t<div class=\"wpb_single_image wpb_content_element vc_align_center\">\n\t\t<div class=\"wpb_wrapper\">\n\t\t\t\n\t\t\t<div class=\"vc_single_image-wrapper   vc_box_border_grey\"><img width=\"500\" height=\"202\" src=\"https:\/\/sadeoncubakliyat.com\/wp-content\/uploads\/2021\/12\/tarim-basari.jpg\" class=\"vc_single_image-img attachment-full\" alt=\"\" loading=\"lazy\" title=\"tarim-basari\" srcset=\"https:\/\/sadeoncubakliyat.com\/wp-content\/uploads\/2021\/12\/tarim-basari.jpg 500w, https:\/\/sadeoncubakliyat.com\/wp-content\/uploads\/2021\/12\/tarim-basari-400x162.jpg 400w, https:\/\/sadeoncubakliyat.com\/wp-content\/uploads\/2021\/12\/tarim-basari-367x148.jpg 367w\" sizes=\"(max-width: 500px) 100vw, 500px\" \/><\/div>\n\t\t<\/div>\n\t<\/div>\n<\/div><\/div><\/div><div class=\"vc_row wpb_row vc_inner row\"><div class=\"vc_column_container col-md-4\"><div class=\"wpb_wrapper vc_column-inner\"><div class=\"porto-sicon-box style_1 left-icon\"><div class=\"porto-sicon-left\"><div id=\"porto-icon-93521287269eca61f40581\" class=\"porto-just-icon-wrapper\" style=\"text-align:center;\"><div class=\"porto-icon none\" style=\"color:#00652e;font-size:28px;display:inline-block;\"><i class=\"fas fa-chalkboard-teacher\"><\/i><\/div><\/div><\/div><div class=\"porto-sicon-body\"><div class=\"porto-sicon-header\" ><h3 class=\"porto-sicon-title\" style=\"color:#0e0e0e;\">Personalpolitik<\/h3><\/div> <!-- header --><div class=\"porto-sicon-description\" style=\"\">Wir erledigen unsere Arbeit nicht nur richtig, sondern wissen auch, wie genau wir sie mit den richtigen Mitarbeitern und den richtigen L\u00f6sungspartnern erledigen. Unsere Mitarbeiter sind unsere L\u00f6sungsressourcen.<\/div> <!-- description --><\/div><\/div><!-- porto-sicon-box --><\/div><\/div><div class=\"vc_column_container col-md-4\"><div class=\"wpb_wrapper vc_column-inner\">\n\t<div class=\"wpb_single_image wpb_content_element vc_align_center\">\n\t\t<div class=\"wpb_wrapper\">\n\t\t\t\n\t\t\t<div class=\"vc_single_image-wrapper   vc_box_border_grey\"><img width=\"500\" height=\"202\" src=\"https:\/\/sadeoncubakliyat.com\/wp-content\/uploads\/2021\/12\/guven.jpg\" class=\"vc_single_image-img attachment-full\" alt=\"\" loading=\"lazy\" title=\"guven\" srcset=\"https:\/\/sadeoncubakliyat.com\/wp-content\/uploads\/2021\/12\/guven.jpg 500w, https:\/\/sadeoncubakliyat.com\/wp-content\/uploads\/2021\/12\/guven-400x162.jpg 400w, https:\/\/sadeoncubakliyat.com\/wp-content\/uploads\/2021\/12\/guven-367x148.jpg 367w\" sizes=\"(max-width: 500px) 100vw, 500px\" \/><\/div>\n\t\t<\/div>\n\t<\/div>\n<\/div><\/div><div class=\"vc_column_container col-md-4\"><div class=\"wpb_wrapper vc_column-inner\"><div class=\"porto-sicon-box style_1 left-icon\"><div class=\"porto-sicon-left\"><div id=\"porto-icon-64754202869eca61f40eaa\" class=\"porto-just-icon-wrapper\" style=\"text-align:center;\"><div class=\"porto-icon none\" style=\"color:#00652e;font-size:28px;display:inline-block;\"><i class=\"fas fa-check\"><\/i><\/div><\/div><\/div><div class=\"porto-sicon-body\"><div class=\"porto-sicon-header\" ><h3 class=\"porto-sicon-title\" style=\"color:#0e0e0e;\">Vertrauen<\/h3><\/div> <!-- header --><div class=\"porto-sicon-description\" style=\"\">Wir f\u00fchren unsere T\u00e4tigkeiten vom Acker bis zum Verbraucher so durch, dass das Vertrauen unserer Kunden maximiert wird.<\/div> <!-- description --><\/div><\/div><!-- porto-sicon-box --><\/div><\/div><\/div><\/div><\/div><div class=\"vc_column_container col-md-12\"><div class=\"wpb_wrapper vc_column-inner\"><\/div><\/div><\/div><\/div><\/div><div class=\"vc_row wpb_row porto-inner-container\"><div class=\"porto-wrap-container container\"><div class=\"row\"><div class=\"vc_column_container col-md-6\"><div class=\"wpb_wrapper vc_column-inner\">\n\t<div class=\"wpb_single_image wpb_content_element vc_align_left\">\n\t\t<div class=\"wpb_wrapper\">\n\t\t\t\n\t\t\t<div class=\"vc_single_image-wrapper   vc_box_border_grey\"><img width=\"1000\" height=\"695\" src=\"https:\/\/sadeoncubakliyat.com\/wp-content\/uploads\/2021\/12\/sade-logo-mockup.jpg\" class=\"vc_single_image-img attachment-full\" alt=\"Sade \u00d6nc\u00fc Bakliyat Logo\" loading=\"lazy\" title=\"sade-logo-mockup\" srcset=\"https:\/\/sadeoncubakliyat.com\/wp-content\/uploads\/2021\/12\/sade-logo-mockup.jpg 1000w, https:\/\/sadeoncubakliyat.com\/wp-content\/uploads\/2021\/12\/sade-logo-mockup-768x534.jpg 768w, https:\/\/sadeoncubakliyat.com\/wp-content\/uploads\/2021\/12\/sade-logo-mockup-640x445.jpg 640w, https:\/\/sadeoncubakliyat.com\/wp-content\/uploads\/2021\/12\/sade-logo-mockup-400x278.jpg 400w, https:\/\/sadeoncubakliyat.com\/wp-content\/uploads\/2021\/12\/sade-logo-mockup-367x255.jpg 367w\" sizes=\"(max-width: 1000px) 100vw, 1000px\" \/><\/div>\n\t\t<\/div>\n\t<\/div>\n<\/div><\/div><div class=\"vc_column_container col-md-6\"><div class=\"wpb_wrapper vc_column-inner\"><div class=\"vc_tta-container\" data-vc-action=\"collapse\"><div class=\"vc_general vc_tta vc_tta-accordion vc_tta-color-green vc_tta-style-modern vc_tta-shape-rounded vc_tta-spacing-5 vc_tta-controls-align-left vc_tta-o-no-fill\"><div class=\"vc_tta-panels-container\"><div class=\"vc_tta-panels\"><div class=\"vc_tta-panel vc_active\" id=\"1640529608870-e86bd39c-1807\" data-vc-content=\".vc_tta-panel-body\"><div class=\"vc_tta-panel-heading\"><h4 class=\"vc_tta-panel-title vc_tta-controls-icon-position-left\"><a href=\"#1640529608870-e86bd39c-1807\" data-vc-accordion data-vc-container=\".vc_tta-container\"><span class=\"vc_tta-title-text\">unsere Vision<\/span><i class=\"vc_tta-controls-icon vc_tta-controls-icon-plus\"><\/i><\/a><\/h4><\/div><div class=\"vc_tta-panel-body\">\n\t<div class=\"wpb_text_column wpb_content_element\" >\n\t\t<div class=\"wpb_wrapper\">\n\t\t\t<p>In der T\u00fcrkei und in der Kategorie internationale H\u00fclsenfr\u00fcchte;<\/p>\n<ul>\n<li>Sorgf\u00e4ltiger, bewusster Konsument und im Einklang mit Konsumstatistiken und -kulturen<\/li>\n<li>Herstellung von Produkten, die der menschlichen Gesundheit entsprechen,<\/li>\n<li>Die f\u00fchrende Marke in ihrer Branche zu sein.<\/li>\n<\/ul>\n\n\t\t<\/div>\n\t<\/div>\n<\/div><\/div><div class=\"vc_tta-panel\" id=\"1640529608896-9a76a211-bb2f\" data-vc-content=\".vc_tta-panel-body\"><div class=\"vc_tta-panel-heading\"><h4 class=\"vc_tta-panel-title vc_tta-controls-icon-position-left\"><a href=\"#1640529608896-9a76a211-bb2f\" data-vc-accordion data-vc-container=\".vc_tta-container\"><span class=\"vc_tta-title-text\">Unsere Aufgabe<\/span><i class=\"vc_tta-controls-icon vc_tta-controls-icon-plus\"><\/i><\/a><\/h4><\/div><div class=\"vc_tta-panel-body\">\n\t<div class=\"wpb_text_column wpb_content_element\" >\n\t\t<div class=\"wpb_wrapper\">\n\t\t\t<p>Um eine ges\u00fcndere Zukunft aufzubauen;<\/p>\n<ul>\n<li style=\"font-weight: 400;\">In der Kategorie H\u00fclsenfr\u00fcchte, vom Feld zum Tisch,<\/li>\n<li style=\"font-weight: 400;\">Yenilik\u00e7i, \u0130lkeli ve m\u00fc\u015fteri ihtiya\u00e7lar\u0131n\u0131 baz alan yakla\u015f\u0131mla,<\/li>\n<li style=\"font-weight: 400;\">Eine Marke zu sein, die Mehrwertprodukte produziert und dem Endverbraucher \u00fcber alle Vertriebskan\u00e4le zu erschwinglichen Preisen anbietet.<\/li>\n<\/ul>\n\n\t\t<\/div>\n\t<\/div>\n<\/div><\/div><\/div><\/div><\/div><\/div><\/div><\/div><\/div><\/div><\/div><div data-vc-full-width=\"true\" data-vc-full-width-init=\"false\" class=\"vc_row wpb_row p-b-xl section section-primary mt-0 mb-0 porto-inner-container\"><div class=\"porto-wrap-container container\"><div class=\"row\"><div class=\"vc_column_container col-md-4\"><div class=\"wpb_wrapper vc_column-inner\"><div class=\"stats-block stats-top  m-b\"><div class=\"stats-desc\"><div id=\"counter_172800074969eca61f43f28\" data-id=\"counter_172800074969eca61f43f28\" class=\"stats-number\" style=\" font-size:50px;color:#ffffff;\" data-speed=\"3\" data-counter-value=\"1000\" data-separator=\"none\" data-decimal=\".\">0<\/div><div class=\"counter_suffix mycust\" style=\" font-size:50px;color:#ffffff\">+<\/div><div class=\"stats-text\" style=\"font-size:20px;color:#ffffff;\">Zufriedener Kunde<\/div><\/div><\/div><\/div><\/div><div class=\"vc_column_container col-md-4\"><div class=\"wpb_wrapper vc_column-inner\"><div class=\"stats-block stats-top  m-b\"><div class=\"stats-desc\"><div id=\"counter_188664813869eca61f442dc\" data-id=\"counter_188664813869eca61f442dc\" class=\"stats-number\" style=\" font-size:50px;color:#ffffff;\" data-speed=\"3\" data-counter-value=\"30\" data-separator=\",\" data-decimal=\".\">0<\/div><div class=\"stats-text\" style=\"font-size:20px;color:#ffffff;\">Langj\u00e4hrige Erfahrung<\/div><\/div><\/div><\/div><\/div><div class=\"vc_column_container col-md-4\"><div class=\"wpb_wrapper vc_column-inner\"><div class=\"stats-block stats-top  m-b\"><div class=\"stats-desc\"><div id=\"counter_37664208069eca61f44607\" data-id=\"counter_37664208069eca61f44607\" class=\"stats-number\" style=\" font-size:50px;color:#ffffff;\" data-speed=\"3\" data-counter-value=\"500\" data-separator=\",\" data-decimal=\".\">0<\/div><div class=\"stats-text\" style=\"font-size:20px;color:#ffffff;\">Tonnen t\u00e4gliche Produktionskapazit\u00e4t<\/div><\/div><\/div><\/div><\/div><\/div><\/div><\/div><div class=\"vc_row-full-width vc_clearfix\"><\/div><div class=\"vc_row wpb_row p-t-xxl porto-inner-container\"><div class=\"porto-wrap-container container\"><div class=\"row\"><div class=\"vc_column_container col-md-12\"><div class=\"wpb_wrapper vc_column-inner\"><div class=\"vc_row wpb_row vc_inner row\"><div class=\"vc_column_container col-md-5\"><div class=\"wpb_wrapper vc_column-inner\"><h2  class=\"vc_custom_heading align-left\">Knapp <strong>Sade \u00d6nc\u00fc Bakliyat<\/strong><\/h2>\n\t<div class=\"wpb_text_column wpb_content_element\" >\n\t\t<div class=\"wpb_wrapper\">\n\t\t\t<p>Als Unternehmen, das seine aktuelle Vision in der H\u00fclsenfr\u00fcchte-Industrie erprobt und gro\u00dfe Erfolge f\u00fcr die Zukunft gesp\u00fcrt hat, sind wir ein Unternehmen, das im Rahmen unserer Unternehmenspolitik wegweisende Schritte zum Erfolg macht.<\/p>\n<p>Wir sind uns der Tatsache bewusst, dass wir bei unseren Schritten Faktoren wie Personal, Umwelt, Verbraucher, L\u00e4ndervorteile ber\u00fccksichtigen sollten. Wir haben keinen Zweifel daran, dass die erfolgreichen Statistiken, die wir k\u00fcrzlich erhalten haben, zu unserer landesweiten Bekanntheit in der Zukunft beitragen werden.<\/p>\n\n\t\t<\/div>\n\t<\/div>\n<\/div><\/div><div class=\"vc_column_container col-md-7\"><div class=\"wpb_wrapper vc_column-inner\">\n\t<div class=\"wpb_single_image wpb_content_element vc_align_left\">\n\t\t<div class=\"wpb_wrapper\">\n\t\t\t\n\t\t\t<div class=\"vc_single_image-wrapper   vc_box_border_grey\"><img width=\"1725\" height=\"739\" src=\"https:\/\/sadeoncubakliyat.com\/wp-content\/uploads\/2021\/12\/sade-oncu-bakliyat-fabrika-1.jpg\" class=\"vc_single_image-img attachment-full\" alt=\"\" loading=\"lazy\" title=\"sade-oncu-bakliyat-fabrika\" srcset=\"https:\/\/sadeoncubakliyat.com\/wp-content\/uploads\/2021\/12\/sade-oncu-bakliyat-fabrika-1.jpg 1725w, https:\/\/sadeoncubakliyat.com\/wp-content\/uploads\/2021\/12\/sade-oncu-bakliyat-fabrika-1-1024x439.jpg 1024w, https:\/\/sadeoncubakliyat.com\/wp-content\/uploads\/2021\/12\/sade-oncu-bakliyat-fabrika-1-768x329.jpg 768w, https:\/\/sadeoncubakliyat.com\/wp-content\/uploads\/2021\/12\/sade-oncu-bakliyat-fabrika-1-1536x658.jpg 1536w, https:\/\/sadeoncubakliyat.com\/wp-content\/uploads\/2021\/12\/sade-oncu-bakliyat-fabrika-1-640x274.jpg 640w, https:\/\/sadeoncubakliyat.com\/wp-content\/uploads\/2021\/12\/sade-oncu-bakliyat-fabrika-1-400x171.jpg 400w, https:\/\/sadeoncubakliyat.com\/wp-content\/uploads\/2021\/12\/sade-oncu-bakliyat-fabrika-1-367x157.jpg 367w\" sizes=\"(max-width: 1725px) 100vw, 1725px\" \/><\/div>\n\t\t<\/div>\n\t<\/div>\n<\/div><\/div><\/div><\/div><\/div><\/div><\/div><\/div><div data-vc-full-width=\"true\" data-vc-full-width-init=\"false\" data-vc-stretch-content=\"true\" class=\"vc_row wpb_row row vc_custom_1640528396069 no-padding mt-0 mb-0 pt-0 pb-0 section-no-borders vc_row-has-fill vc_row-no-padding\"><div class=\"vc_column_container col-md-12\"><div class=\"wpb_wrapper vc_column-inner\">\n\t<div class=\"wpb_single_image wpb_content_element vc_align_center\">\n\t\t<div class=\"wpb_wrapper\">\n\t\t\t\n\t\t\t<div class=\"vc_single_image-wrapper   vc_box_border_grey\"><img width=\"1920\" height=\"588\" src=\"https:\/\/sadeoncubakliyat.com\/wp-content\/uploads\/2021\/12\/tarim-1.jpg\" class=\"vc_single_image-img attachment-full\" alt=\"\" loading=\"lazy\" title=\"tarim\" srcset=\"https:\/\/sadeoncubakliyat.com\/wp-content\/uploads\/2021\/12\/tarim-1.jpg 1920w, https:\/\/sadeoncubakliyat.com\/wp-content\/uploads\/2021\/12\/tarim-1-1024x314.jpg 1024w, https:\/\/sadeoncubakliyat.com\/wp-content\/uploads\/2021\/12\/tarim-1-768x235.jpg 768w, https:\/\/sadeoncubakliyat.com\/wp-content\/uploads\/2021\/12\/tarim-1-1536x470.jpg 1536w, https:\/\/sadeoncubakliyat.com\/wp-content\/uploads\/2021\/12\/tarim-1-640x196.jpg 640w, https:\/\/sadeoncubakliyat.com\/wp-content\/uploads\/2021\/12\/tarim-1-400x123.jpg 400w, https:\/\/sadeoncubakliyat.com\/wp-content\/uploads\/2021\/12\/tarim-1-367x112.jpg 367w\" sizes=\"(max-width: 1920px) 100vw, 1920px\" \/><\/div>\n\t\t<\/div>\n\t<\/div>\n<\/div><\/div><\/div><div class=\"vc_row-full-width vc_clearfix\"><\/div>","protected":false},"excerpt":{"rendered":"\u0130stikrarG\u00fc\u00e7Ba\u015far\u0131 Kombinasyonu ile \u00d6nc\u00fc Kalite Sade \u00d6nc\u00fc Bakliyat fiziki, jeostratejik, tecr\u00fcbe ve mental avantajlar\u0131n\u0131 de\u011ferlendirerek \u00f6nce Mersin'de sonra T\u00fcrkiye'de ve D\u00fcnyada bakliyat sekt\u00f6r\u00fcn\u00fcn \u00d6NC\u00dc's\u00fc olmaya yolunda h\u0131zla ilerliyor. KURUMSAL POL\u0130T\u0130KALARIMIZ \u0130stikrar hedefi Yak\u0131n zamanda ortaya koydu\u011fumuz ba\u015far\u0131l\u0131 vizyonun uzun y\u0131llar boyunca \u00fclkemize ve halk\u0131m\u0131za katk\u0131 sa\u011flayacak \u015fekilde s\u00fcrd\u00fcr\u00fclebilmesi i\u00e7in \u00e7al\u0131\u015f\u0131yoruz. \u0130nsan Kaynaklar\u0131 Politikas\u0131 \u0130\u015fimizi do\u011fru [...]","protected":false},"author":1,"featured_media":0,"parent":0,"menu_order":0,"comment_status":"closed","ping_status":"closed","template":"","meta":{"_mi_skip_tracking":false},"yoast_head":"<!-- This site is optimized with the Yoast SEO Premium plugin v17.7 (Yoast SEO v17.7) - https:\/\/yoast.com\/wordpress\/plugins\/seo\/ -->\n<title>Hakk\u0131m\u0131zda - Sade \u00d6nc\u00fc Bakliyat<\/title>\n<meta name=\"description\" content=\"Mersin Bakliyat piyasas\u0131nda \u00f6nc\u00fc kurulu\u015f Sade \u00d6nc\u00fc Bakliyat hakk\u0131nda bilgilere yer verilmi\u015ftir.\" \/>\n<meta name=\"robots\" content=\"index, follow, max-snippet:-1, max-image-preview:large, max-video-preview:-1\" \/>\n<link rel=\"canonical\" href=\"https:\/\/sadeoncubakliyat.com\/de\/hakkimizda\/\" \/>\n<meta property=\"og:locale\" content=\"de_DE\" \/>\n<meta property=\"og:type\" content=\"article\" \/>\n<meta property=\"og:title\" content=\"Hakk\u0131m\u0131zda\" \/>\n<meta property=\"og:description\" content=\"Mersin Bakliyat piyasas\u0131nda \u00f6nc\u00fc kurulu\u015f Sade \u00d6nc\u00fc Bakliyat hakk\u0131nda bilgilere yer verilmi\u015ftir.\" \/>\n<meta property=\"og:url\" content=\"https:\/\/sadeoncubakliyat.com\/de\/hakkimizda\/\" \/>\n<meta property=\"og:site_name\" content=\"Sade \u00d6nc\u00fc Bakliyat\" \/>\n<meta property=\"article:modified_time\" content=\"2022-01-08T10:40:32+00:00\" \/>\n<meta name=\"twitter:card\" content=\"summary\" \/>\n<meta name=\"twitter:label1\" content=\"Gesch\u00e4tzte Lesezeit\" \/>\n\t<meta name=\"twitter:data1\" content=\"5 Minuten\" \/>\n<script type=\"application\/ld+json\" class=\"yoast-schema-graph\">{\"@context\":\"https:\/\/schema.org\",\"@graph\":[{\"@type\":\"Organization\",\"@id\":\"https:\/\/sadeoncubakliyat.com\/#organization\",\"name\":\"Sade \\u00d6nc\\u00fc Bakliyat\",\"url\":\"https:\/\/sadeoncubakliyat.com\/\",\"sameAs\":[],\"logo\":{\"@type\":\"ImageObject\",\"@id\":\"https:\/\/sadeoncubakliyat.com\/#logo\",\"inLanguage\":\"de-DE\",\"url\":\"https:\/\/sadeoncubakliyat.com\/wp-content\/uploads\/2021\/12\/sade_oncu_bakliyat_logo-3.png\",\"contentUrl\":\"https:\/\/sadeoncubakliyat.com\/wp-content\/uploads\/2021\/12\/sade_oncu_bakliyat_logo-3.png\",\"width\":512,\"height\":512,\"caption\":\"Sade \\u00d6nc\\u00fc Bakliyat\"},\"image\":{\"@id\":\"https:\/\/sadeoncubakliyat.com\/#logo\"}},{\"@type\":\"WebSite\",\"@id\":\"https:\/\/sadeoncubakliyat.com\/#website\",\"url\":\"https:\/\/sadeoncubakliyat.com\/\",\"name\":\"Sade \\u00d6nc\\u00fc Bakliyat\",\"description\":\"Kalitede ve Sadelikte \\u00d6nc\\u00fc\",\"publisher\":{\"@id\":\"https:\/\/sadeoncubakliyat.com\/#organization\"},\"potentialAction\":[{\"@type\":\"SearchAction\",\"target\":{\"@type\":\"EntryPoint\",\"urlTemplate\":\"https:\/\/sadeoncubakliyat.com\/?s={search_term_string}\"},\"query-input\":\"required name=search_term_string\"}],\"inLanguage\":\"de-DE\"},{\"@type\":\"WebPage\",\"@id\":\"https:\/\/sadeoncubakliyat.com\/hakkimizda\/#webpage\",\"url\":\"https:\/\/sadeoncubakliyat.com\/hakkimizda\/\",\"name\":\"Hakk\\u0131m\\u0131zda - Sade \\u00d6nc\\u00fc Bakliyat\",\"isPartOf\":{\"@id\":\"https:\/\/sadeoncubakliyat.com\/#website\"},\"datePublished\":\"2016-06-13T15:48:45+00:00\",\"dateModified\":\"2022-01-08T10:40:32+00:00\",\"description\":\"Mersin Bakliyat piyasas\\u0131nda \\u00f6nc\\u00fc kurulu\\u015f Sade \\u00d6nc\\u00fc Bakliyat hakk\\u0131nda bilgilere yer verilmi\\u015ftir.\",\"breadcrumb\":{\"@id\":\"https:\/\/sadeoncubakliyat.com\/hakkimizda\/#breadcrumb\"},\"inLanguage\":\"de-DE\",\"potentialAction\":[{\"@type\":\"ReadAction\",\"target\":[\"https:\/\/sadeoncubakliyat.com\/hakkimizda\/\"]}]},{\"@type\":\"BreadcrumbList\",\"@id\":\"https:\/\/sadeoncubakliyat.com\/hakkimizda\/#breadcrumb\",\"itemListElement\":[{\"@type\":\"ListItem\",\"position\":1,\"name\":\"Anasayfa\",\"item\":\"https:\/\/sadeoncubakliyat.com\/\"},{\"@type\":\"ListItem\",\"position\":2,\"name\":\"Hakk\\u0131m\\u0131zda\"}]}]}<\/script>\n<!-- \/ Yoast SEO Premium plugin. -->","yoast_head_json":{"title":"Hakk\u0131m\u0131zda - Sade \u00d6nc\u00fc Bakliyat","description":"Mersin Bakliyat piyasas\u0131nda \u00f6nc\u00fc kurulu\u015f Sade \u00d6nc\u00fc Bakliyat hakk\u0131nda bilgilere yer verilmi\u015ftir.","robots":{"index":"index","follow":"follow","max-snippet":"max-snippet:-1","max-image-preview":"max-image-preview:large","max-video-preview":"max-video-preview:-1"},"canonical":"https:\/\/sadeoncubakliyat.com\/de\/hakkimizda\/","og_locale":"de_DE","og_type":"article","og_title":"Hakk\u0131m\u0131zda","og_description":"Mersin Bakliyat piyasas\u0131nda \u00f6nc\u00fc kurulu\u015f Sade \u00d6nc\u00fc Bakliyat hakk\u0131nda bilgilere yer verilmi\u015ftir.","og_url":"https:\/\/sadeoncubakliyat.com\/de\/hakkimizda\/","og_site_name":"Sade \u00d6nc\u00fc Bakliyat","article_modified_time":"2022-01-08T10:40:32+00:00","twitter_card":"summary","twitter_misc":{"Gesch\u00e4tzte Lesezeit":"5 Minuten"},"schema":{"@context":"https:\/\/schema.org","@graph":[{"@type":"Organization","@id":"https:\/\/sadeoncubakliyat.com\/#organization","name":"Sade \u00d6nc\u00fc Bakliyat","url":"https:\/\/sadeoncubakliyat.com\/","sameAs":[],"logo":{"@type":"ImageObject","@id":"https:\/\/sadeoncubakliyat.com\/#logo","inLanguage":"de-DE","url":"https:\/\/sadeoncubakliyat.com\/wp-content\/uploads\/2021\/12\/sade_oncu_bakliyat_logo-3.png","contentUrl":"https:\/\/sadeoncubakliyat.com\/wp-content\/uploads\/2021\/12\/sade_oncu_bakliyat_logo-3.png","width":512,"height":512,"caption":"Sade \u00d6nc\u00fc Bakliyat"},"image":{"@id":"https:\/\/sadeoncubakliyat.com\/#logo"}},{"@type":"WebSite","@id":"https:\/\/sadeoncubakliyat.com\/#website","url":"https:\/\/sadeoncubakliyat.com\/","name":"Sade \u00d6nc\u00fc Bakliyat","description":"Kalitede ve Sadelikte \u00d6nc\u00fc","publisher":{"@id":"https:\/\/sadeoncubakliyat.com\/#organization"},"potentialAction":[{"@type":"SearchAction","target":{"@type":"EntryPoint","urlTemplate":"https:\/\/sadeoncubakliyat.com\/?s={search_term_string}"},"query-input":"required name=search_term_string"}],"inLanguage":"de-DE"},{"@type":"WebPage","@id":"https:\/\/sadeoncubakliyat.com\/hakkimizda\/#webpage","url":"https:\/\/sadeoncubakliyat.com\/hakkimizda\/","name":"Hakk\u0131m\u0131zda - Sade \u00d6nc\u00fc Bakliyat","isPartOf":{"@id":"https:\/\/sadeoncubakliyat.com\/#website"},"datePublished":"2016-06-13T15:48:45+00:00","dateModified":"2022-01-08T10:40:32+00:00","description":"Mersin Bakliyat piyasas\u0131nda \u00f6nc\u00fc kurulu\u015f Sade \u00d6nc\u00fc Bakliyat hakk\u0131nda bilgilere yer verilmi\u015ftir.","breadcrumb":{"@id":"https:\/\/sadeoncubakliyat.com\/hakkimizda\/#breadcrumb"},"inLanguage":"de-DE","potentialAction":[{"@type":"ReadAction","target":["https:\/\/sadeoncubakliyat.com\/hakkimizda\/"]}]},{"@type":"BreadcrumbList","@id":"https:\/\/sadeoncubakliyat.com\/hakkimizda\/#breadcrumb","itemListElement":[{"@type":"ListItem","position":1,"name":"Anasayfa","item":"https:\/\/sadeoncubakliyat.com\/"},{"@type":"ListItem","position":2,"name":"Hakk\u0131m\u0131zda"}]}]}},"_links":{"self":[{"href":"https:\/\/sadeoncubakliyat.com\/de\/wp-json\/wp\/v2\/pages\/55"}],"collection":[{"href":"https:\/\/sadeoncubakliyat.com\/de\/wp-json\/wp\/v2\/pages"}],"about":[{"href":"https:\/\/sadeoncubakliyat.com\/de\/wp-json\/wp\/v2\/types\/page"}],"author":[{"embeddable":true,"href":"https:\/\/sadeoncubakliyat.com\/de\/wp-json\/wp\/v2\/users\/1"}],"replies":[{"embeddable":true,"href":"https:\/\/sadeoncubakliyat.com\/de\/wp-json\/wp\/v2\/comments?post=55"}],"version-history":[{"count":18,"href":"https:\/\/sadeoncubakliyat.com\/de\/wp-json\/wp\/v2\/pages\/55\/revisions"}],"predecessor-version":[{"id":1133,"href":"https:\/\/sadeoncubakliyat.com\/de\/wp-json\/wp\/v2\/pages\/55\/revisions\/1133"}],"wp:attachment":[{"href":"https:\/\/sadeoncubakliyat.com\/de\/wp-json\/wp\/v2\/media?parent=55"}],"curies":[{"name":"wp","href":"https:\/\/api.w.org\/{rel}","templated":true}]}}