{"id":1052,"date":"2022-01-03T17:18:13","date_gmt":"2022-01-03T14:18:13","guid":{"rendered":"https:\/\/sadeoncubakliyat.com\/tr\/?page_id=1052"},"modified":"2022-02-01T18:46:28","modified_gmt":"2022-02-01T15:46:28","slug":"kirmizi-mercimek","status":"publish","type":"page","link":"https:\/\/sadeoncubakliyat.com\/en\/kirmizi-mercimek\/","title":{"rendered":"Red lentil"},"content":{"rendered":"<div class=\"vc_row wpb_row vc_custom_1641219515782 porto-inner-container\"><div class=\"porto-wrap-container container\"><div class=\"row\"><div class=\"vc_column_container col-md-12\"><div class=\"wpb_wrapper vc_column-inner\">\n\t<div class=\"wpb_text_column wpb_content_element\" >\n\t\t<div class=\"wpb_wrapper\">\n\t\t\t<p class=\" translation-block\">Lentil , which is a plant with white flowers from the legume family, is a plant that  gives small, green or red, round and flat seeds when the season comes. In terms of growing conditions, lentils are a food grown in regions where warm and temperate climate conditions prevail. Lentil is the most resistant to drought, heat and cold among legumes.<\/p>\n<p class=\" translation-block\">Summer lentils cannot be grown in our country, since the summer months are very hot and rainy. Winter red lentils are  produced in our country  . Red lentils, on the other hand, are grown in the Southeastern Anatolia Region, which is suitable for winter climate conditions in our country. Red lentils, one of the indispensable foods of winter tables in our country, have a taste that amazes everyone with its taste.<\/p>\n<h3><span style=\"color: #000000;\">What are the Benefits of Red Lentils?<\/span><\/h3>\n<p><span style=\"color: #000000;\">Red lentils are frequently consumed in Turkish cuisine with their meatballs, salads, soups and appetizers. In addition to its taste, thanks to the minerals and vitamins it contains, red lentils provide numerous benefits for the human body, from protecting skin health to keeping it full. We have compiled the benefits of red lentils for the human body for you.<\/span><\/p>\n<p><span style=\"color: #000000;\"><img loading=\"lazy\" class=\"alignleft wp-image-1053 size-full\" src=\"https:\/\/sadeoncubakliyat.com\/tr\/wp-content\/uploads\/2022\/01\/kirmizi-mercimek-faydalari.jpg\" alt=\"\" width=\"480\" height=\"300\" srcset=\"https:\/\/sadeoncubakliyat.com\/wp-content\/uploads\/2022\/01\/kirmizi-mercimek-faydalari.jpg 480w, https:\/\/sadeoncubakliyat.com\/wp-content\/uploads\/2022\/01\/kirmizi-mercimek-faydalari-400x250.jpg 400w, https:\/\/sadeoncubakliyat.com\/wp-content\/uploads\/2022\/01\/kirmizi-mercimek-faydalari-367x229.jpg 367w\" sizes=\"(max-width: 480px) 100vw, 480px\" \/><\/span><\/p>\n<ul>\n<li><span style=\"color: #000000;\">Red lentils are extremely beneficial for the skin. It is known that the red lentil product, which minimizes the effects of aging on the skin when consumed regularly, also prevents the formation of acne.<\/span><\/li>\n<li><span style=\"color: #000000;\">Red lentils, which contain a high amount of fiber, are a food item preferred by people who are on a diet, thanks to its satiety feature.<\/span><\/li>\n<li><span style=\"color: #000000;\">Rich in protein and minerals, it is an extremely beneficial food item for teeth, bone and eye health.<\/span><\/li>\n<li><span style=\"color: #000000;\">Thanks to the minerals in the red lentil product, it helps to facilitate digestion.<\/span><\/li>\n<li><span style=\"color: #000000;\">It is the right choice for diabetics as it regulates blood sugar.<\/span><\/li>\n<li><span style=\"color: #000000;\">When consumed regularly, red lentils minimize the risk of developing cancer types such as lung, bowel and breast cancer.<\/span><\/li>\n<li><span style=\"color: #000000;\">It is a food that is beneficial for cardiovascular health by optimizing the cholesterol level.<\/span><\/li>\n<\/ul>\n<h3><span style=\"color: #000000;\">Why Are Red Lentils Orange?<\/span><\/h3>\n<p class=\" translation-block\"><span style=\"color: #000000\">Red lentils contain pigments. The color of red lentils is orange because of these pigments that provide the <strong>orange<\/strong> color to carotene plants.<\/span><\/p>\n\n\t\t<\/div>\n\t<\/div>\n<\/div><\/div><\/div><\/div><\/div>","protected":false},"excerpt":{"rendered":"Baklagiller familyas\u0131ndan beyaz \u00e7i\u00e7ekli bir bitki olan\u00a0mercimek, mevsimi geldi\u011finde ufak, ye\u015fil ya da k\u0131rm\u0131z\u0131, yuvarlak ve yass\u0131ca \u015fekillerde tohum veren bir bitkidir. Mercimek, yeti\u015fme ko\u015fullar\u0131 bak\u0131m\u0131ndan s\u0131cak \u0131l\u0131man iklim ko\u015fullar\u0131n\u0131n h\u00e2kim oldu\u011fu b\u00f6lgelerde yeti\u015ftirilen bir besindir. Mercimek yemeklik baklagiller i\u00e7erisinde kura\u011fa, s\u0131ca\u011fa ve so\u011fu\u011fa en dayan\u0131kl\u0131 olan g\u0131da maddesidir. \u00dclkemizde yaz aylar\u0131, \u00e7ok s\u0131cak ve [...]","protected":false},"author":1,"featured_media":0,"parent":0,"menu_order":0,"comment_status":"closed","ping_status":"closed","template":"","meta":{"_mi_skip_tracking":false},"yoast_head":"<!-- This site is optimized with the Yoast SEO Premium plugin v17.7 (Yoast SEO v17.7) - https:\/\/yoast.com\/wordpress\/plugins\/seo\/ -->\n<title>K\u0131rm\u0131z\u0131 Mercimek - Sade \u00d6nc\u00fc Bakliyat<\/title>\n<meta name=\"description\" content=\"Mersin&#039;de baklagiller familyas\u0131ndan bir bitki olan\u00a0mercimek, ufak, ye\u015fil ya da k\u0131rm\u0131z\u0131, yuvarlak ve yass\u0131ca \u015fekillerde bir bitkidir.\" \/>\n<meta name=\"robots\" content=\"index, follow, max-snippet:-1, max-image-preview:large, max-video-preview:-1\" \/>\n<link rel=\"canonical\" href=\"https:\/\/sadeoncubakliyat.com\/en\/kirmizi-mercimek\/\" \/>\n<meta property=\"og:locale\" content=\"en_US\" \/>\n<meta property=\"og:type\" content=\"article\" \/>\n<meta property=\"og:title\" content=\"K\u0131rm\u0131z\u0131 Mercimek\" \/>\n<meta property=\"og:description\" content=\"Mersin&#039;de baklagiller familyas\u0131ndan bir bitki olan\u00a0mercimek, ufak, ye\u015fil ya da k\u0131rm\u0131z\u0131, yuvarlak ve yass\u0131ca \u015fekillerde bir bitkidir.\" \/>\n<meta property=\"og:url\" content=\"https:\/\/sadeoncubakliyat.com\/en\/kirmizi-mercimek\/\" \/>\n<meta property=\"og:site_name\" content=\"Sade \u00d6nc\u00fc Bakliyat\" \/>\n<meta property=\"article:modified_time\" content=\"2022-02-01T15:46:28+00:00\" \/>\n<meta property=\"og:image\" content=\"https:\/\/sadeoncubakliyat.com\/tr\/wp-content\/uploads\/2022\/01\/kirmizi-mercimek-300x300.jpg\" \/>\n<meta name=\"twitter:card\" content=\"summary\" \/>\n<meta name=\"twitter:label1\" content=\"Est. reading time\" \/>\n\t<meta name=\"twitter:data1\" content=\"2 minutes\" \/>\n<script type=\"application\/ld+json\" class=\"yoast-schema-graph\">{\"@context\":\"https:\/\/schema.org\",\"@graph\":[{\"@type\":\"Organization\",\"@id\":\"https:\/\/sadeoncubakliyat.com\/#organization\",\"name\":\"Sade \\u00d6nc\\u00fc Bakliyat\",\"url\":\"https:\/\/sadeoncubakliyat.com\/\",\"sameAs\":[],\"logo\":{\"@type\":\"ImageObject\",\"@id\":\"https:\/\/sadeoncubakliyat.com\/#logo\",\"inLanguage\":\"en-US\",\"url\":\"https:\/\/sadeoncubakliyat.com\/wp-content\/uploads\/2021\/12\/sade_oncu_bakliyat_logo-3.png\",\"contentUrl\":\"https:\/\/sadeoncubakliyat.com\/wp-content\/uploads\/2021\/12\/sade_oncu_bakliyat_logo-3.png\",\"width\":512,\"height\":512,\"caption\":\"Sade \\u00d6nc\\u00fc Bakliyat\"},\"image\":{\"@id\":\"https:\/\/sadeoncubakliyat.com\/#logo\"}},{\"@type\":\"WebSite\",\"@id\":\"https:\/\/sadeoncubakliyat.com\/#website\",\"url\":\"https:\/\/sadeoncubakliyat.com\/\",\"name\":\"Sade \\u00d6nc\\u00fc Bakliyat\",\"description\":\"Kalitede ve Sadelikte \\u00d6nc\\u00fc\",\"publisher\":{\"@id\":\"https:\/\/sadeoncubakliyat.com\/#organization\"},\"potentialAction\":[{\"@type\":\"SearchAction\",\"target\":{\"@type\":\"EntryPoint\",\"urlTemplate\":\"https:\/\/sadeoncubakliyat.com\/?s={search_term_string}\"},\"query-input\":\"required name=search_term_string\"}],\"inLanguage\":\"en-US\"},{\"@type\":\"ImageObject\",\"@id\":\"https:\/\/sadeoncubakliyat.com\/kirmizi-mercimek\/#primaryimage\",\"inLanguage\":\"en-US\",\"url\":\"https:\/\/sadeoncubakliyat.com\/tr\/wp-content\/uploads\/2022\/01\/kirmizi-mercimek-300x300.jpg\",\"contentUrl\":\"https:\/\/sadeoncubakliyat.com\/tr\/wp-content\/uploads\/2022\/01\/kirmizi-mercimek-300x300.jpg\"},{\"@type\":\"WebPage\",\"@id\":\"https:\/\/sadeoncubakliyat.com\/kirmizi-mercimek\/#webpage\",\"url\":\"https:\/\/sadeoncubakliyat.com\/kirmizi-mercimek\/\",\"name\":\"K\\u0131rm\\u0131z\\u0131 Mercimek - Sade \\u00d6nc\\u00fc Bakliyat\",\"isPartOf\":{\"@id\":\"https:\/\/sadeoncubakliyat.com\/#website\"},\"primaryImageOfPage\":{\"@id\":\"https:\/\/sadeoncubakliyat.com\/kirmizi-mercimek\/#primaryimage\"},\"datePublished\":\"2022-01-03T14:18:13+00:00\",\"dateModified\":\"2022-02-01T15:46:28+00:00\",\"description\":\"Mersin'de baklagiller familyas\\u0131ndan bir bitki olan\\u00a0mercimek, ufak, ye\\u015fil ya da k\\u0131rm\\u0131z\\u0131, yuvarlak ve yass\\u0131ca \\u015fekillerde bir bitkidir.\",\"breadcrumb\":{\"@id\":\"https:\/\/sadeoncubakliyat.com\/kirmizi-mercimek\/#breadcrumb\"},\"inLanguage\":\"en-US\",\"potentialAction\":[{\"@type\":\"ReadAction\",\"target\":[\"https:\/\/sadeoncubakliyat.com\/kirmizi-mercimek\/\"]}]},{\"@type\":\"BreadcrumbList\",\"@id\":\"https:\/\/sadeoncubakliyat.com\/kirmizi-mercimek\/#breadcrumb\",\"itemListElement\":[{\"@type\":\"ListItem\",\"position\":1,\"name\":\"Anasayfa\",\"item\":\"https:\/\/sadeoncubakliyat.com\/\"},{\"@type\":\"ListItem\",\"position\":2,\"name\":\"K\\u0131rm\\u0131z\\u0131 Mercimek\"}]}]}<\/script>\n<!-- \/ Yoast SEO Premium plugin. -->","yoast_head_json":{"title":"K\u0131rm\u0131z\u0131 Mercimek - Sade \u00d6nc\u00fc Bakliyat","description":"Mersin'de baklagiller familyas\u0131ndan bir bitki olan\u00a0mercimek, ufak, ye\u015fil ya da k\u0131rm\u0131z\u0131, yuvarlak ve yass\u0131ca \u015fekillerde bir bitkidir.","robots":{"index":"index","follow":"follow","max-snippet":"max-snippet:-1","max-image-preview":"max-image-preview:large","max-video-preview":"max-video-preview:-1"},"canonical":"https:\/\/sadeoncubakliyat.com\/en\/kirmizi-mercimek\/","og_locale":"en_US","og_type":"article","og_title":"K\u0131rm\u0131z\u0131 Mercimek","og_description":"Mersin'de baklagiller familyas\u0131ndan bir bitki olan\u00a0mercimek, ufak, ye\u015fil ya da k\u0131rm\u0131z\u0131, yuvarlak ve yass\u0131ca \u015fekillerde bir bitkidir.","og_url":"https:\/\/sadeoncubakliyat.com\/en\/kirmizi-mercimek\/","og_site_name":"Sade \u00d6nc\u00fc Bakliyat","article_modified_time":"2022-02-01T15:46:28+00:00","og_image":[{"url":"https:\/\/sadeoncubakliyat.com\/tr\/wp-content\/uploads\/2022\/01\/kirmizi-mercimek-300x300.jpg"}],"twitter_card":"summary","twitter_misc":{"Est. reading time":"2 minutes"},"schema":{"@context":"https:\/\/schema.org","@graph":[{"@type":"Organization","@id":"https:\/\/sadeoncubakliyat.com\/#organization","name":"Sade \u00d6nc\u00fc Bakliyat","url":"https:\/\/sadeoncubakliyat.com\/","sameAs":[],"logo":{"@type":"ImageObject","@id":"https:\/\/sadeoncubakliyat.com\/#logo","inLanguage":"en-US","url":"https:\/\/sadeoncubakliyat.com\/wp-content\/uploads\/2021\/12\/sade_oncu_bakliyat_logo-3.png","contentUrl":"https:\/\/sadeoncubakliyat.com\/wp-content\/uploads\/2021\/12\/sade_oncu_bakliyat_logo-3.png","width":512,"height":512,"caption":"Sade \u00d6nc\u00fc Bakliyat"},"image":{"@id":"https:\/\/sadeoncubakliyat.com\/#logo"}},{"@type":"WebSite","@id":"https:\/\/sadeoncubakliyat.com\/#website","url":"https:\/\/sadeoncubakliyat.com\/","name":"Sade \u00d6nc\u00fc Bakliyat","description":"Kalitede ve Sadelikte \u00d6nc\u00fc","publisher":{"@id":"https:\/\/sadeoncubakliyat.com\/#organization"},"potentialAction":[{"@type":"SearchAction","target":{"@type":"EntryPoint","urlTemplate":"https:\/\/sadeoncubakliyat.com\/?s={search_term_string}"},"query-input":"required name=search_term_string"}],"inLanguage":"en-US"},{"@type":"ImageObject","@id":"https:\/\/sadeoncubakliyat.com\/kirmizi-mercimek\/#primaryimage","inLanguage":"en-US","url":"https:\/\/sadeoncubakliyat.com\/tr\/wp-content\/uploads\/2022\/01\/kirmizi-mercimek-300x300.jpg","contentUrl":"https:\/\/sadeoncubakliyat.com\/tr\/wp-content\/uploads\/2022\/01\/kirmizi-mercimek-300x300.jpg"},{"@type":"WebPage","@id":"https:\/\/sadeoncubakliyat.com\/kirmizi-mercimek\/#webpage","url":"https:\/\/sadeoncubakliyat.com\/kirmizi-mercimek\/","name":"K\u0131rm\u0131z\u0131 Mercimek - Sade \u00d6nc\u00fc Bakliyat","isPartOf":{"@id":"https:\/\/sadeoncubakliyat.com\/#website"},"primaryImageOfPage":{"@id":"https:\/\/sadeoncubakliyat.com\/kirmizi-mercimek\/#primaryimage"},"datePublished":"2022-01-03T14:18:13+00:00","dateModified":"2022-02-01T15:46:28+00:00","description":"Mersin'de baklagiller familyas\u0131ndan bir bitki olan\u00a0mercimek, ufak, ye\u015fil ya da k\u0131rm\u0131z\u0131, yuvarlak ve yass\u0131ca \u015fekillerde bir bitkidir.","breadcrumb":{"@id":"https:\/\/sadeoncubakliyat.com\/kirmizi-mercimek\/#breadcrumb"},"inLanguage":"en-US","potentialAction":[{"@type":"ReadAction","target":["https:\/\/sadeoncubakliyat.com\/kirmizi-mercimek\/"]}]},{"@type":"BreadcrumbList","@id":"https:\/\/sadeoncubakliyat.com\/kirmizi-mercimek\/#breadcrumb","itemListElement":[{"@type":"ListItem","position":1,"name":"Anasayfa","item":"https:\/\/sadeoncubakliyat.com\/"},{"@type":"ListItem","position":2,"name":"K\u0131rm\u0131z\u0131 Mercimek"}]}]}},"_links":{"self":[{"href":"https:\/\/sadeoncubakliyat.com\/en\/wp-json\/wp\/v2\/pages\/1052"}],"collection":[{"href":"https:\/\/sadeoncubakliyat.com\/en\/wp-json\/wp\/v2\/pages"}],"about":[{"href":"https:\/\/sadeoncubakliyat.com\/en\/wp-json\/wp\/v2\/types\/page"}],"author":[{"embeddable":true,"href":"https:\/\/sadeoncubakliyat.com\/en\/wp-json\/wp\/v2\/users\/1"}],"replies":[{"embeddable":true,"href":"https:\/\/sadeoncubakliyat.com\/en\/wp-json\/wp\/v2\/comments?post=1052"}],"version-history":[{"count":9,"href":"https:\/\/sadeoncubakliyat.com\/en\/wp-json\/wp\/v2\/pages\/1052\/revisions"}],"predecessor-version":[{"id":1059,"href":"https:\/\/sadeoncubakliyat.com\/en\/wp-json\/wp\/v2\/pages\/1052\/revisions\/1059"}],"wp:attachment":[{"href":"https:\/\/sadeoncubakliyat.com\/en\/wp-json\/wp\/v2\/media?parent=1052"}],"curies":[{"name":"wp","href":"https:\/\/api.w.org\/{rel}","templated":true}]}}