{"id":1064,"date":"2022-01-03T17:31:08","date_gmt":"2022-01-03T14:31:08","guid":{"rendered":"https:\/\/sadeoncubakliyat.com\/tr\/?page_id=1064"},"modified":"2022-01-03T17:31:08","modified_gmt":"2022-01-03T14:31:08","slug":"sari-mercimek","status":"publish","type":"page","link":"https:\/\/sadeoncubakliyat.com\/en\/sari-mercimek\/","title":{"rendered":"Yellow Lentils"},"content":{"rendered":"<div class=\"vc_row wpb_row vc_custom_1641219515782 porto-inner-container\"><div class=\"porto-wrap-container container\"><div class=\"row\"><div class=\"vc_column_container col-md-12\"><div class=\"wpb_wrapper vc_column-inner\">\n\t<div class=\"wpb_text_column wpb_content_element\" >\n\t\t<div class=\"wpb_wrapper\">\n\t\t\t<p><img loading=\"lazy\" class=\"alignright wp-image-999\" src=\"https:\/\/sadeoncubakliyat.com\/tr\/wp-content\/uploads\/2021\/12\/sari-mercimek-1-300x300.jpg\" alt=\"\" width=\"400\" height=\"400\" srcset=\"https:\/\/sadeoncubakliyat.com\/wp-content\/uploads\/2021\/12\/sari-mercimek-1-400x400.jpg 400w, https:\/\/sadeoncubakliyat.com\/wp-content\/uploads\/2021\/12\/sari-mercimek-1-367x367.jpg 367w\" sizes=\"(max-width: 400px) 100vw, 400px\" \/>Lentils, which is a fibrous and abundant protein food, is rich in B vitamins and iron, as well as calcium, manganese, sodium, copper, zinc and phosphorus minerals.<\/p>\n<p>Benefits of Lentils: Lentils, which have a very high nutritional value, give strength to the body and mind. It strengthens the immune system. It is also beneficial for the eyes. Lentils are also high in calories. It gives energy and relieves fatigue. It is beneficial for the bloodless. It sheds breast milk. It lowers the level of cholesterol in the blood and accelerates the blood flow. It helps to prevent cardiovascular diseases and diabetes. It reduces the risk of heart attack. By running the intestines, it facilitates the removal of harmful substances in the body and relieves constipation.<\/p>\n<p>How to Use Lentils? Lentils are usually consumed by making soup. It also participates in meals. If lentils are boiled and the water is drunk, it relieves chest pains and stops coughing.<\/p>\n<p>Lentil soup, which warms us all especially in winter, is now a guest for our breakfasts. In fact, it is a complete storehouse of vitamins and nutrients. See what the benefits of lentils are.<\/p>\n<p><img loading=\"lazy\" class=\"size-medium wp-image-1066 alignleft\" src=\"https:\/\/sadeoncubakliyat.com\/tr\/wp-content\/uploads\/2022\/01\/73710620ecf218db02330264580524be_1-300x300.jpg\" alt=\"Sar\u0131 Mercimek\" width=\"300\" height=\"300\" \/>* It lowers the level of bad cholesterol in the blood: Thus, it reduces the risk of having a heart attack; It proves to be a heart-friendly food.<br \/>\n* Due to its high fiber content, lentils are a valuable food for diabetics. Because it lowers insulin and blood sugar.<br \/>\n* With its high fiber content, it is good for constipation and regulates the work of the large intestines. It has healing effects in hemorrhoids and other large intestine problems.<br \/>\n* Lentils prevent anemia due to its high iron and folic acid content.<br \/>\n* Due to its rich potassium content, it has high blood pressure lowering effects.<br \/>\n* Lentils reduce the risk of developing cancer with the substances it contains.<br \/>\nDo you know about the nutritional value of lentils?<br \/>\n100 gr. in dried lentils;<br \/>\n* 340 calories, 24.7 g. protein, 22 g. carbohydrates, 0 cholesterol, 1.1 g. oil, 1.5 g. fiber: 145 mg. phosphorus; 79 mg. calcium; 6.8 mg. iron; 6.8 mg. sodium; 370 mg. potassium; 60 IU of vitamin A; 0.37 mg. vitamin B1; 0.32 mg. vitamin B2; 2 mg. Vitamin B3 and high levels of folic acid.<\/p>\n\n\t\t<\/div>\n\t<\/div>\n<\/div><\/div><\/div><\/div><\/div>","protected":false},"excerpt":{"rendered":"Lifli ve bol proteinli bir besin olan mercimek ba\u015fta B vitamini ve demir olmak \u00fczere kalsiyum, manganez, sodyum, bak\u0131r, \u00e7inko ve fosfor mineralleri a\u00e7\u0131s\u0131ndan da zengindir. Mercime\u011fin Faydalar\u0131: Besin de\u011feri olduk\u00e7a y\u00fcksek olan mercimek v\u00fccuda ve zihne g\u00fc\u00e7 verir. Ba\u011f\u0131\u015f\u0131kl\u0131k sistemini kuvvetlendirir. G\u00f6zlere de yararl\u0131d\u0131r. Mercime\u011fin kalori de\u011feri de y\u00fcksektir. Enerji verir ve yorgunlu\u011fu giderir. [...]","protected":false},"author":1,"featured_media":0,"parent":0,"menu_order":0,"comment_status":"closed","ping_status":"closed","template":"","meta":{"_mi_skip_tracking":false},"yoast_head":"<!-- This site is optimized with the Yoast SEO Premium plugin v17.7 (Yoast SEO v17.7) - https:\/\/yoast.com\/wordpress\/plugins\/seo\/ -->\n<title>Sar\u0131 Mercimek - Sade \u00d6nc\u00fc Bakliyat<\/title>\n<meta name=\"robots\" content=\"index, follow, max-snippet:-1, max-image-preview:large, max-video-preview:-1\" \/>\n<link rel=\"canonical\" href=\"https:\/\/sadeoncubakliyat.com\/en\/sari-mercimek\/\" \/>\n<meta property=\"og:locale\" content=\"en_US\" \/>\n<meta property=\"og:type\" content=\"article\" \/>\n<meta property=\"og:title\" content=\"Sar\u0131 Mercimek\" \/>\n<meta property=\"og:url\" content=\"https:\/\/sadeoncubakliyat.com\/en\/sari-mercimek\/\" \/>\n<meta property=\"og:site_name\" content=\"Sade \u00d6nc\u00fc Bakliyat\" \/>\n<meta property=\"og:image\" content=\"https:\/\/sadeoncubakliyat.com\/tr\/wp-content\/uploads\/2021\/12\/sari-mercimek-1-300x300.jpg\" \/>\n<meta name=\"twitter:card\" content=\"summary\" \/>\n<meta name=\"twitter:label1\" content=\"Est. reading time\" \/>\n\t<meta name=\"twitter:data1\" content=\"2 minutes\" \/>\n<script type=\"application\/ld+json\" class=\"yoast-schema-graph\">{\"@context\":\"https:\/\/schema.org\",\"@graph\":[{\"@type\":\"Organization\",\"@id\":\"https:\/\/sadeoncubakliyat.com\/#organization\",\"name\":\"Sade \\u00d6nc\\u00fc Bakliyat\",\"url\":\"https:\/\/sadeoncubakliyat.com\/\",\"sameAs\":[],\"logo\":{\"@type\":\"ImageObject\",\"@id\":\"https:\/\/sadeoncubakliyat.com\/#logo\",\"inLanguage\":\"en-US\",\"url\":\"https:\/\/sadeoncubakliyat.com\/wp-content\/uploads\/2021\/12\/sade_oncu_bakliyat_logo-3.png\",\"contentUrl\":\"https:\/\/sadeoncubakliyat.com\/wp-content\/uploads\/2021\/12\/sade_oncu_bakliyat_logo-3.png\",\"width\":512,\"height\":512,\"caption\":\"Sade \\u00d6nc\\u00fc Bakliyat\"},\"image\":{\"@id\":\"https:\/\/sadeoncubakliyat.com\/#logo\"}},{\"@type\":\"WebSite\",\"@id\":\"https:\/\/sadeoncubakliyat.com\/#website\",\"url\":\"https:\/\/sadeoncubakliyat.com\/\",\"name\":\"Sade \\u00d6nc\\u00fc Bakliyat\",\"description\":\"Kalitede ve Sadelikte \\u00d6nc\\u00fc\",\"publisher\":{\"@id\":\"https:\/\/sadeoncubakliyat.com\/#organization\"},\"potentialAction\":[{\"@type\":\"SearchAction\",\"target\":{\"@type\":\"EntryPoint\",\"urlTemplate\":\"https:\/\/sadeoncubakliyat.com\/?s={search_term_string}\"},\"query-input\":\"required name=search_term_string\"}],\"inLanguage\":\"en-US\"},{\"@type\":\"ImageObject\",\"@id\":\"https:\/\/sadeoncubakliyat.com\/sari-mercimek\/#primaryimage\",\"inLanguage\":\"en-US\",\"url\":\"https:\/\/sadeoncubakliyat.com\/tr\/wp-content\/uploads\/2021\/12\/sari-mercimek-1-300x300.jpg\",\"contentUrl\":\"https:\/\/sadeoncubakliyat.com\/tr\/wp-content\/uploads\/2021\/12\/sari-mercimek-1-300x300.jpg\"},{\"@type\":\"WebPage\",\"@id\":\"https:\/\/sadeoncubakliyat.com\/sari-mercimek\/#webpage\",\"url\":\"https:\/\/sadeoncubakliyat.com\/sari-mercimek\/\",\"name\":\"Sar\\u0131 Mercimek - Sade \\u00d6nc\\u00fc Bakliyat\",\"isPartOf\":{\"@id\":\"https:\/\/sadeoncubakliyat.com\/#website\"},\"primaryImageOfPage\":{\"@id\":\"https:\/\/sadeoncubakliyat.com\/sari-mercimek\/#primaryimage\"},\"datePublished\":\"2022-01-03T14:31:08+00:00\",\"dateModified\":\"2022-01-03T14:31:08+00:00\",\"breadcrumb\":{\"@id\":\"https:\/\/sadeoncubakliyat.com\/sari-mercimek\/#breadcrumb\"},\"inLanguage\":\"en-US\",\"potentialAction\":[{\"@type\":\"ReadAction\",\"target\":[\"https:\/\/sadeoncubakliyat.com\/sari-mercimek\/\"]}]},{\"@type\":\"BreadcrumbList\",\"@id\":\"https:\/\/sadeoncubakliyat.com\/sari-mercimek\/#breadcrumb\",\"itemListElement\":[{\"@type\":\"ListItem\",\"position\":1,\"name\":\"Anasayfa\",\"item\":\"https:\/\/sadeoncubakliyat.com\/\"},{\"@type\":\"ListItem\",\"position\":2,\"name\":\"Sar\\u0131 Mercimek\"}]}]}<\/script>\n<!-- \/ Yoast SEO Premium plugin. -->","yoast_head_json":{"title":"Sar\u0131 Mercimek - Sade \u00d6nc\u00fc Bakliyat","robots":{"index":"index","follow":"follow","max-snippet":"max-snippet:-1","max-image-preview":"max-image-preview:large","max-video-preview":"max-video-preview:-1"},"canonical":"https:\/\/sadeoncubakliyat.com\/en\/sari-mercimek\/","og_locale":"en_US","og_type":"article","og_title":"Sar\u0131 Mercimek","og_url":"https:\/\/sadeoncubakliyat.com\/en\/sari-mercimek\/","og_site_name":"Sade \u00d6nc\u00fc Bakliyat","og_image":[{"url":"https:\/\/sadeoncubakliyat.com\/tr\/wp-content\/uploads\/2021\/12\/sari-mercimek-1-300x300.jpg"}],"twitter_card":"summary","twitter_misc":{"Est. reading time":"2 minutes"},"schema":{"@context":"https:\/\/schema.org","@graph":[{"@type":"Organization","@id":"https:\/\/sadeoncubakliyat.com\/#organization","name":"Sade \u00d6nc\u00fc Bakliyat","url":"https:\/\/sadeoncubakliyat.com\/","sameAs":[],"logo":{"@type":"ImageObject","@id":"https:\/\/sadeoncubakliyat.com\/#logo","inLanguage":"en-US","url":"https:\/\/sadeoncubakliyat.com\/wp-content\/uploads\/2021\/12\/sade_oncu_bakliyat_logo-3.png","contentUrl":"https:\/\/sadeoncubakliyat.com\/wp-content\/uploads\/2021\/12\/sade_oncu_bakliyat_logo-3.png","width":512,"height":512,"caption":"Sade \u00d6nc\u00fc Bakliyat"},"image":{"@id":"https:\/\/sadeoncubakliyat.com\/#logo"}},{"@type":"WebSite","@id":"https:\/\/sadeoncubakliyat.com\/#website","url":"https:\/\/sadeoncubakliyat.com\/","name":"Sade \u00d6nc\u00fc Bakliyat","description":"Kalitede ve Sadelikte \u00d6nc\u00fc","publisher":{"@id":"https:\/\/sadeoncubakliyat.com\/#organization"},"potentialAction":[{"@type":"SearchAction","target":{"@type":"EntryPoint","urlTemplate":"https:\/\/sadeoncubakliyat.com\/?s={search_term_string}"},"query-input":"required name=search_term_string"}],"inLanguage":"en-US"},{"@type":"ImageObject","@id":"https:\/\/sadeoncubakliyat.com\/sari-mercimek\/#primaryimage","inLanguage":"en-US","url":"https:\/\/sadeoncubakliyat.com\/tr\/wp-content\/uploads\/2021\/12\/sari-mercimek-1-300x300.jpg","contentUrl":"https:\/\/sadeoncubakliyat.com\/tr\/wp-content\/uploads\/2021\/12\/sari-mercimek-1-300x300.jpg"},{"@type":"WebPage","@id":"https:\/\/sadeoncubakliyat.com\/sari-mercimek\/#webpage","url":"https:\/\/sadeoncubakliyat.com\/sari-mercimek\/","name":"Sar\u0131 Mercimek - Sade \u00d6nc\u00fc Bakliyat","isPartOf":{"@id":"https:\/\/sadeoncubakliyat.com\/#website"},"primaryImageOfPage":{"@id":"https:\/\/sadeoncubakliyat.com\/sari-mercimek\/#primaryimage"},"datePublished":"2022-01-03T14:31:08+00:00","dateModified":"2022-01-03T14:31:08+00:00","breadcrumb":{"@id":"https:\/\/sadeoncubakliyat.com\/sari-mercimek\/#breadcrumb"},"inLanguage":"en-US","potentialAction":[{"@type":"ReadAction","target":["https:\/\/sadeoncubakliyat.com\/sari-mercimek\/"]}]},{"@type":"BreadcrumbList","@id":"https:\/\/sadeoncubakliyat.com\/sari-mercimek\/#breadcrumb","itemListElement":[{"@type":"ListItem","position":1,"name":"Anasayfa","item":"https:\/\/sadeoncubakliyat.com\/"},{"@type":"ListItem","position":2,"name":"Sar\u0131 Mercimek"}]}]}},"_links":{"self":[{"href":"https:\/\/sadeoncubakliyat.com\/en\/wp-json\/wp\/v2\/pages\/1064"}],"collection":[{"href":"https:\/\/sadeoncubakliyat.com\/en\/wp-json\/wp\/v2\/pages"}],"about":[{"href":"https:\/\/sadeoncubakliyat.com\/en\/wp-json\/wp\/v2\/types\/page"}],"author":[{"embeddable":true,"href":"https:\/\/sadeoncubakliyat.com\/en\/wp-json\/wp\/v2\/users\/1"}],"replies":[{"embeddable":true,"href":"https:\/\/sadeoncubakliyat.com\/en\/wp-json\/wp\/v2\/comments?post=1064"}],"version-history":[{"count":2,"href":"https:\/\/sadeoncubakliyat.com\/en\/wp-json\/wp\/v2\/pages\/1064\/revisions"}],"predecessor-version":[{"id":1067,"href":"https:\/\/sadeoncubakliyat.com\/en\/wp-json\/wp\/v2\/pages\/1064\/revisions\/1067"}],"wp:attachment":[{"href":"https:\/\/sadeoncubakliyat.com\/en\/wp-json\/wp\/v2\/media?parent=1064"}],"curies":[{"name":"wp","href":"https:\/\/api.w.org\/{rel}","templated":true}]}}