{"id":1073,"date":"2022-01-03T17:42:55","date_gmt":"2022-01-03T14:42:55","guid":{"rendered":"https:\/\/sadeoncubakliyat.com\/tr\/?page_id=1073"},"modified":"2022-01-07T22:20:37","modified_gmt":"2022-01-07T19:20:37","slug":"nohut","status":"publish","type":"page","link":"https:\/\/sadeoncubakliyat.com\/en\/nohut\/","title":{"rendered":"Chickpeas"},"content":{"rendered":"<div class=\"vc_row wpb_row vc_custom_1641219515782 porto-inner-container\"><div class=\"porto-wrap-container container\"><div class=\"row\"><div class=\"vc_column_container col-md-12\"><div class=\"wpb_wrapper vc_column-inner\">\n\t<div class=\"wpb_text_column wpb_content_element\" >\n\t\t<div class=\"wpb_wrapper\">\n\t\t\t<p><img loading=\"lazy\" class=\"alignleft wp-image-998\" src=\"https:\/\/sadeoncubakliyat.com\/tr\/wp-content\/uploads\/2021\/12\/nohut-1.jpg\" alt=\"\" width=\"400\" height=\"400\" srcset=\"https:\/\/sadeoncubakliyat.com\/wp-content\/uploads\/2021\/12\/nohut-1-400x400.jpg 400w, https:\/\/sadeoncubakliyat.com\/wp-content\/uploads\/2021\/12\/nohut-1-367x367.jpg 367w\" sizes=\"(max-width: 400px) 100vw, 400px\" \/>Chickpea is a type of legume. It is seen that it is grown in almost every part of our country. Depending on the type of soil it grows in, it cooks late or quickly. The length of the chickpea can reach up to 50 cm. It is one of the easiest plants to grow. It is grown in the barren areas of Anatolia. Its leaves are between 5 mm and 15 mm in size. The seeds of chickpeas can be eaten without drying. However, it is known that dried chickpeas are used in many dishes. Considering the uncooked chickpea, it has been observed that it contains toxic substances. Chickpeas are generally sold in dry or canned form. Chickpeas, which have a very high calorie and nutritional value, contain potassium, phosphorus, iron, protein, etc. are available.<\/p>\n<p><img loading=\"lazy\" class=\"alignright size-full wp-image-1074\" src=\"https:\/\/sadeoncubakliyat.com\/tr\/wp-content\/uploads\/2022\/01\/nohut_nedir_ve_nasil_pisirilir_h39029_4d687.jpg\" alt=\"\" width=\"706\" height=\"431\" srcset=\"https:\/\/sadeoncubakliyat.com\/wp-content\/uploads\/2022\/01\/nohut_nedir_ve_nasil_pisirilir_h39029_4d687.jpg 706w, https:\/\/sadeoncubakliyat.com\/wp-content\/uploads\/2022\/01\/nohut_nedir_ve_nasil_pisirilir_h39029_4d687-640x391.jpg 640w, https:\/\/sadeoncubakliyat.com\/wp-content\/uploads\/2022\/01\/nohut_nedir_ve_nasil_pisirilir_h39029_4d687-400x244.jpg 400w, https:\/\/sadeoncubakliyat.com\/wp-content\/uploads\/2022\/01\/nohut_nedir_ve_nasil_pisirilir_h39029_4d687-367x224.jpg 367w\" sizes=\"(max-width: 706px) 100vw, 706px\" \/><\/p>\n<h3><strong>Chickpea Benefits<\/strong><\/h3>\n<p class=\" translation-block\">\u2013 It strengthens the human body.<br>\n\u2013 It strengthens the stomach.<br>\n\u2013 Appetizing feature is available.<br>\n\u2013 It cleans the urinary tract.<br>\n\u2013 It relieves mental fatigue.<br>\n\u2013 It opens the veins in the human body.<br>\n\u2013 It has the effect of increasing sexual power.<br>\n\u2013 It has a protective feature especially against breast cancer.<br>\n\u2013 It is a very useful plant variety in women's menopause periods.<br>\n\u2013 Good results can be obtained when chickpea powder is applied to wounds on the skin.<br>\n\u2013 When chickpea is ground into powder and applied to the wounds on the skin, its positive effect has been encountered.<\/p>\n<p>No side effects of chickpeas were encountered. Chickpea, which is used as a vegetable in meals, can also be used in the production of chickpeas.<\/p>\n\n\t\t<\/div>\n\t<\/div>\n<\/div><\/div><\/div><\/div><\/div>","protected":false},"excerpt":{"rendered":"Nohut bir baklagil t\u00fcr\u00fcd\u00fcr. \u00dclkemizin hemen hemen her yerinde yeti\u015fti\u011fi g\u00f6r\u00fclmektedir. Yeti\u015fti\u011fi topra\u011f\u0131n cinsine g\u00f6re de ge\u00e7 ya da \u00e7abuk pi\u015fmektedir. Nohutun boyu 50 cm\u2019ye kadar varabilmektedir. Yeti\u015ftirilmesi en kolay bitkilerden bir tanesidir. Anadolu\u2019nun k\u0131ra\u00e7 alanlar\u0131nda yeti\u015ftirilmektedir. Yapraklar\u0131 5 mm \u2013 15 mm aras\u0131 b\u00fcy\u00fckl\u00fc\u011f\u00fcndedir. Nohutun tohumlar\u0131 kurumadan da yenilebilmektedir. Ancak kurutulmu\u015f nohutun bir \u00e7ok [...]","protected":false},"author":1,"featured_media":0,"parent":0,"menu_order":0,"comment_status":"closed","ping_status":"closed","template":"","meta":{"_mi_skip_tracking":false},"yoast_head":"<!-- This site is optimized with the Yoast SEO Premium plugin v17.7 (Yoast SEO v17.7) - https:\/\/yoast.com\/wordpress\/plugins\/seo\/ -->\n<title>Nohut - Sade \u00d6nc\u00fc Bakliyat<\/title>\n<meta name=\"robots\" content=\"index, follow, max-snippet:-1, max-image-preview:large, max-video-preview:-1\" \/>\n<link rel=\"canonical\" href=\"https:\/\/sadeoncubakliyat.com\/en\/nohut\/\" \/>\n<meta property=\"og:locale\" content=\"en_US\" \/>\n<meta property=\"og:type\" content=\"article\" \/>\n<meta property=\"og:title\" content=\"Nohut\" \/>\n<meta property=\"og:url\" content=\"https:\/\/sadeoncubakliyat.com\/en\/nohut\/\" \/>\n<meta property=\"og:site_name\" content=\"Sade \u00d6nc\u00fc Bakliyat\" \/>\n<meta property=\"article:modified_time\" content=\"2022-01-07T19:20:37+00:00\" \/>\n<meta property=\"og:image\" content=\"https:\/\/sadeoncubakliyat.com\/tr\/wp-content\/uploads\/2021\/12\/nohut-1.jpg\" \/>\n<meta name=\"twitter:card\" content=\"summary\" \/>\n<meta name=\"twitter:label1\" content=\"Est. reading time\" \/>\n\t<meta name=\"twitter:data1\" content=\"1 minute\" \/>\n<script type=\"application\/ld+json\" class=\"yoast-schema-graph\">{\"@context\":\"https:\/\/schema.org\",\"@graph\":[{\"@type\":\"Organization\",\"@id\":\"https:\/\/sadeoncubakliyat.com\/#organization\",\"name\":\"Sade \\u00d6nc\\u00fc Bakliyat\",\"url\":\"https:\/\/sadeoncubakliyat.com\/\",\"sameAs\":[],\"logo\":{\"@type\":\"ImageObject\",\"@id\":\"https:\/\/sadeoncubakliyat.com\/#logo\",\"inLanguage\":\"en-US\",\"url\":\"https:\/\/sadeoncubakliyat.com\/wp-content\/uploads\/2021\/12\/sade_oncu_bakliyat_logo-3.png\",\"contentUrl\":\"https:\/\/sadeoncubakliyat.com\/wp-content\/uploads\/2021\/12\/sade_oncu_bakliyat_logo-3.png\",\"width\":512,\"height\":512,\"caption\":\"Sade \\u00d6nc\\u00fc Bakliyat\"},\"image\":{\"@id\":\"https:\/\/sadeoncubakliyat.com\/#logo\"}},{\"@type\":\"WebSite\",\"@id\":\"https:\/\/sadeoncubakliyat.com\/#website\",\"url\":\"https:\/\/sadeoncubakliyat.com\/\",\"name\":\"Sade \\u00d6nc\\u00fc Bakliyat\",\"description\":\"Kalitede ve Sadelikte \\u00d6nc\\u00fc\",\"publisher\":{\"@id\":\"https:\/\/sadeoncubakliyat.com\/#organization\"},\"potentialAction\":[{\"@type\":\"SearchAction\",\"target\":{\"@type\":\"EntryPoint\",\"urlTemplate\":\"https:\/\/sadeoncubakliyat.com\/?s={search_term_string}\"},\"query-input\":\"required name=search_term_string\"}],\"inLanguage\":\"en-US\"},{\"@type\":\"ImageObject\",\"@id\":\"https:\/\/sadeoncubakliyat.com\/nohut\/#primaryimage\",\"inLanguage\":\"en-US\",\"url\":\"https:\/\/sadeoncubakliyat.com\/tr\/wp-content\/uploads\/2021\/12\/nohut-1.jpg\",\"contentUrl\":\"https:\/\/sadeoncubakliyat.com\/tr\/wp-content\/uploads\/2021\/12\/nohut-1.jpg\"},{\"@type\":\"WebPage\",\"@id\":\"https:\/\/sadeoncubakliyat.com\/nohut\/#webpage\",\"url\":\"https:\/\/sadeoncubakliyat.com\/nohut\/\",\"name\":\"Nohut - Sade \\u00d6nc\\u00fc Bakliyat\",\"isPartOf\":{\"@id\":\"https:\/\/sadeoncubakliyat.com\/#website\"},\"primaryImageOfPage\":{\"@id\":\"https:\/\/sadeoncubakliyat.com\/nohut\/#primaryimage\"},\"datePublished\":\"2022-01-03T14:42:55+00:00\",\"dateModified\":\"2022-01-07T19:20:37+00:00\",\"breadcrumb\":{\"@id\":\"https:\/\/sadeoncubakliyat.com\/nohut\/#breadcrumb\"},\"inLanguage\":\"en-US\",\"potentialAction\":[{\"@type\":\"ReadAction\",\"target\":[\"https:\/\/sadeoncubakliyat.com\/nohut\/\"]}]},{\"@type\":\"BreadcrumbList\",\"@id\":\"https:\/\/sadeoncubakliyat.com\/nohut\/#breadcrumb\",\"itemListElement\":[{\"@type\":\"ListItem\",\"position\":1,\"name\":\"Anasayfa\",\"item\":\"https:\/\/sadeoncubakliyat.com\/\"},{\"@type\":\"ListItem\",\"position\":2,\"name\":\"Nohut\"}]}]}<\/script>\n<!-- \/ Yoast SEO Premium plugin. -->","yoast_head_json":{"title":"Nohut - Sade \u00d6nc\u00fc Bakliyat","robots":{"index":"index","follow":"follow","max-snippet":"max-snippet:-1","max-image-preview":"max-image-preview:large","max-video-preview":"max-video-preview:-1"},"canonical":"https:\/\/sadeoncubakliyat.com\/en\/nohut\/","og_locale":"en_US","og_type":"article","og_title":"Nohut","og_url":"https:\/\/sadeoncubakliyat.com\/en\/nohut\/","og_site_name":"Sade \u00d6nc\u00fc Bakliyat","article_modified_time":"2022-01-07T19:20:37+00:00","og_image":[{"url":"https:\/\/sadeoncubakliyat.com\/tr\/wp-content\/uploads\/2021\/12\/nohut-1.jpg"}],"twitter_card":"summary","twitter_misc":{"Est. reading time":"1 minute"},"schema":{"@context":"https:\/\/schema.org","@graph":[{"@type":"Organization","@id":"https:\/\/sadeoncubakliyat.com\/#organization","name":"Sade \u00d6nc\u00fc Bakliyat","url":"https:\/\/sadeoncubakliyat.com\/","sameAs":[],"logo":{"@type":"ImageObject","@id":"https:\/\/sadeoncubakliyat.com\/#logo","inLanguage":"en-US","url":"https:\/\/sadeoncubakliyat.com\/wp-content\/uploads\/2021\/12\/sade_oncu_bakliyat_logo-3.png","contentUrl":"https:\/\/sadeoncubakliyat.com\/wp-content\/uploads\/2021\/12\/sade_oncu_bakliyat_logo-3.png","width":512,"height":512,"caption":"Sade \u00d6nc\u00fc Bakliyat"},"image":{"@id":"https:\/\/sadeoncubakliyat.com\/#logo"}},{"@type":"WebSite","@id":"https:\/\/sadeoncubakliyat.com\/#website","url":"https:\/\/sadeoncubakliyat.com\/","name":"Sade \u00d6nc\u00fc Bakliyat","description":"Kalitede ve Sadelikte \u00d6nc\u00fc","publisher":{"@id":"https:\/\/sadeoncubakliyat.com\/#organization"},"potentialAction":[{"@type":"SearchAction","target":{"@type":"EntryPoint","urlTemplate":"https:\/\/sadeoncubakliyat.com\/?s={search_term_string}"},"query-input":"required name=search_term_string"}],"inLanguage":"en-US"},{"@type":"ImageObject","@id":"https:\/\/sadeoncubakliyat.com\/nohut\/#primaryimage","inLanguage":"en-US","url":"https:\/\/sadeoncubakliyat.com\/tr\/wp-content\/uploads\/2021\/12\/nohut-1.jpg","contentUrl":"https:\/\/sadeoncubakliyat.com\/tr\/wp-content\/uploads\/2021\/12\/nohut-1.jpg"},{"@type":"WebPage","@id":"https:\/\/sadeoncubakliyat.com\/nohut\/#webpage","url":"https:\/\/sadeoncubakliyat.com\/nohut\/","name":"Nohut - Sade \u00d6nc\u00fc Bakliyat","isPartOf":{"@id":"https:\/\/sadeoncubakliyat.com\/#website"},"primaryImageOfPage":{"@id":"https:\/\/sadeoncubakliyat.com\/nohut\/#primaryimage"},"datePublished":"2022-01-03T14:42:55+00:00","dateModified":"2022-01-07T19:20:37+00:00","breadcrumb":{"@id":"https:\/\/sadeoncubakliyat.com\/nohut\/#breadcrumb"},"inLanguage":"en-US","potentialAction":[{"@type":"ReadAction","target":["https:\/\/sadeoncubakliyat.com\/nohut\/"]}]},{"@type":"BreadcrumbList","@id":"https:\/\/sadeoncubakliyat.com\/nohut\/#breadcrumb","itemListElement":[{"@type":"ListItem","position":1,"name":"Anasayfa","item":"https:\/\/sadeoncubakliyat.com\/"},{"@type":"ListItem","position":2,"name":"Nohut"}]}]}},"_links":{"self":[{"href":"https:\/\/sadeoncubakliyat.com\/en\/wp-json\/wp\/v2\/pages\/1073"}],"collection":[{"href":"https:\/\/sadeoncubakliyat.com\/en\/wp-json\/wp\/v2\/pages"}],"about":[{"href":"https:\/\/sadeoncubakliyat.com\/en\/wp-json\/wp\/v2\/types\/page"}],"author":[{"embeddable":true,"href":"https:\/\/sadeoncubakliyat.com\/en\/wp-json\/wp\/v2\/users\/1"}],"replies":[{"embeddable":true,"href":"https:\/\/sadeoncubakliyat.com\/en\/wp-json\/wp\/v2\/comments?post=1073"}],"version-history":[{"count":3,"href":"https:\/\/sadeoncubakliyat.com\/en\/wp-json\/wp\/v2\/pages\/1073\/revisions"}],"predecessor-version":[{"id":1190,"href":"https:\/\/sadeoncubakliyat.com\/en\/wp-json\/wp\/v2\/pages\/1073\/revisions\/1190"}],"wp:attachment":[{"href":"https:\/\/sadeoncubakliyat.com\/en\/wp-json\/wp\/v2\/media?parent=1073"}],"curies":[{"name":"wp","href":"https:\/\/api.w.org\/{rel}","templated":true}]}}