{"id":1081,"date":"2022-01-03T17:51:56","date_gmt":"2022-01-03T14:51:56","guid":{"rendered":"https:\/\/sadeoncubakliyat.com\/tr\/?page_id=1081"},"modified":"2022-01-08T09:53:13","modified_gmt":"2022-01-08T06:53:13","slug":"pilavlik-bulgur","status":"publish","type":"page","link":"https:\/\/sadeoncubakliyat.com\/en\/pilavlik-bulgur\/","title":{"rendered":"Bulgur for Rice"},"content":{"rendered":"<div class=\"vc_row wpb_row vc_custom_1641219515782 porto-inner-container\"><div class=\"porto-wrap-container container\"><div class=\"row\"><div class=\"vc_column_container col-md-12\"><div class=\"wpb_wrapper vc_column-inner\">\n\t<div class=\"wpb_text_column wpb_content_element\" >\n\t\t<div class=\"wpb_wrapper\">\n\t\t\t<h1 class=\"page-title\"><img loading=\"lazy\" class=\"wp-image-996 alignright\" src=\"https:\/\/sadeoncubakliyat.com\/tr\/wp-content\/uploads\/2021\/12\/pilavlik-bulgur-1-300x300.jpg\" alt=\"\" width=\"400\" height=\"400\" srcset=\"https:\/\/sadeoncubakliyat.com\/wp-content\/uploads\/2021\/12\/pilavlik-bulgur-1-400x400.jpg 400w, https:\/\/sadeoncubakliyat.com\/wp-content\/uploads\/2021\/12\/pilavlik-bulgur-1-367x367.jpg 367w\" sizes=\"(max-width: 400px) 100vw, 400px\" \/>WHAT IS BULGUR?<\/h1>\n<div class=\"content-area\">\n<p>It is a very valuable and nutritious, semi-ready foodstuff consisting of only water and wheat, obtained by cleaning, boiling, drying the wheat, peeling the skin and grinding in different types of mills, separating the grains of different sizes. Grain group is an important and economical carbohydrate source rich in minerals located at the base of the nutrition pyramid. Bulgur is also a valuable food in the grain group. In order to better understand bulgur, it is necessary to know wheat, which is its main raw material, very well.<\/p>\n<p>Wheat consists of 3 parts, the core bran and the endosperm, and most of the essential nutrients are included in the core and bran section. The endosperm is the only part of the wheat that gives energy with the carbohydrates and few proteins it contains. Core and bran in the structure of wheat; minerals such as zinc, magnesium, chromium, dietary fiber, some phenols, phytates and selenium; It also contains all B vitamins except B12.<\/p>\n<p><strong>The Difference of Bulgur<\/strong><\/p>\n<p>In products made from wheat, micronutrients in the whole core and bran part are separated during the processing of wheat, and as in white bread, only the energy-giving part of the wheat reaches us. However, bulgur is a product that meets the definition of whole grain; because wheat does not experience this milling stage during bulgur production and a product with higher protein, vitamin, mineral and dietary fiber is produced. In addition, the fact that the glycemic index is lower than pasta and rice makes bulgur even healthier among such foods. In short, bulgur; It reaches us as a very valuable food item rich in fiber, low in carbohydrates and high in protein.<\/p>\n<p><strong>Benefits of Bulgur<\/strong><\/p>\n<p>The fact that it contains a very high amount of fiber has brought bulgur to an important position from intestinal work. The fact that the fibers also have a satiating feature gives bulgur an important role in weight control. As stated by the World Health Organization, we need around 25-30 g of fiber per day. 1 plate of bulgur meets this need in a significant amount. Vitamin B1 in its structure; It plays an important role in strengthening our nervous and digestive system. In addition, this vitamin should be consumed regularly to prevent beriberi. Apart from all these, thanks to the folic acid it contains in its structure, it is very necessary to improve the intelligence level of the babies of pregnant mothers. Due to the low glycemic index of bulgur, bulgur keeps you full for a long time and is a product that can be used in diets as it mixes slowly into the blood. It is also recommended for diabetics. In addition, it is a product that offers a lot of variety because it is an ingredient used in salads, hot and cold dishes.<\/p>\n<p><strong><img loading=\"lazy\" class=\"alignleft size-full wp-image-1082\" src=\"https:\/\/sadeoncubakliyat.com\/tr\/wp-content\/uploads\/2022\/01\/Bulgur-Nasil-Elde-Edilir-Bugdaydan-Farki-Nedir-Hangi-Hastaliklara-Iyi-Gelir.jpg\" alt=\"\" width=\"750\" height=\"430\" srcset=\"https:\/\/sadeoncubakliyat.com\/wp-content\/uploads\/2022\/01\/Bulgur-Nasil-Elde-Edilir-Bugdaydan-Farki-Nedir-Hangi-Hastaliklara-Iyi-Gelir.jpg 750w, https:\/\/sadeoncubakliyat.com\/wp-content\/uploads\/2022\/01\/Bulgur-Nasil-Elde-Edilir-Bugdaydan-Farki-Nedir-Hangi-Hastaliklara-Iyi-Gelir-640x367.jpg 640w, https:\/\/sadeoncubakliyat.com\/wp-content\/uploads\/2022\/01\/Bulgur-Nasil-Elde-Edilir-Bugdaydan-Farki-Nedir-Hangi-Hastaliklara-Iyi-Gelir-400x229.jpg 400w, https:\/\/sadeoncubakliyat.com\/wp-content\/uploads\/2022\/01\/Bulgur-Nasil-Elde-Edilir-Bugdaydan-Farki-Nedir-Hangi-Hastaliklara-Iyi-Gelir-367x210.jpg 367w\" sizes=\"(max-width: 750px) 100vw, 750px\" \/><\/strong><strong>Bulgur-Pasta, Rice?<\/strong><\/p>\n<p>Nutritionists grouped foods into 5 groups. These groups are; meat group, dairy group, cereal group, fruit and vegetable group, sugar and fat group. Grain group has an important place for us and they are cheap energy sources. This important position is that we meet 70% of the energy and protein in our consumption from cereals. As can be seen in the table below, the nutritional value of bulgur is much higher than other grains. Bulgur contains more protein, calcium, potassium and phosphorus than rice. The amount of B vitamins and iron is three times higher than rice and pasta. Since the mineral substances and B vitamins that pass into the water during the boiling of the wheat are reabsorbed by the grain, the nutritional value of the bulgur is not lost. Bulgur is a good source of pulp because it is wholegrain. The bran in bulgur is insoluble in water. Therefore, it prevents the rise of blood sugar and blood fats by reducing the absorption of sugar and fat. By accelerating the work of the digestive system, it prevents many of the negative effects of inactivity to the human body (such as constipation, colon cancer). With the pre-cooking process applied during production, the starch in the wheat becomes gelatinized and gains a hard structure after the drying process. So it lasts longer. In addition, it is easier to cook and digest due to the pre-cooking process. Bulgur is a nutritious, satisfying, delicious and economical food.<\/p>\n<p><strong>In general, bulgur varieties can be grouped into three main classes in terms of color and characteristics.<\/strong><\/p>\n<p class=\" translation-block\"><strong>Yellow Bulgur:<\/strong>\u00a0It is the most consumed bulgur variety in the world and produced from durum wheat. The yellowness is due to the type and color of the wheat.<\/p>\n<p class=\" translation-block\"><strong>Brown Bulgur:<\/strong>\u00a0It is a type of bulgur produced from a type of wheat known as brown wheat among the people and technically called bezostiye and golia. The texture of brown bulgur, which is different in color and taste, is softer. Brown bulgur, which has more elasticity than yellow bulgur, is mostly used by raw meatballs.<\/p>\n<p class=\" translation-block\"><strong>Whole Wheat Bulgur:<\/strong>\u00a0This type of bulgur produced from durum wheat contains much more bran compared to yellow bulgur, due to less peeling of the upper crust of the wheat. Whole wheat bulgur, which has more fiber than yellow bulgur, is highly recommended in diets and weight control.<\/p>\n<\/div>\n\n\t\t<\/div>\n\t<\/div>\n<\/div><\/div><\/div><\/div><\/div>","protected":false},"excerpt":{"rendered":"BULGUR NED\u0130R? Bu\u011fday\u0131n temizlenmesi, kaynat\u0131lmas\u0131, kurutulmas\u0131, kabu\u011funun soyularak de\u011fi\u015fik tipte de\u011firmenlerde \u00f6\u011f\u00fct\u00fclmesi, farkl\u0131 boyutlardaki taneciklerinin ayr\u0131lmas\u0131yla elde edilen sadece su ve bu\u011fdaydan olu\u015fan olduk\u00e7a de\u011ferli ve besleyici, yar\u0131 haz\u0131r bir g\u0131da maddesidir. Tah\u0131l grubu, beslenme piramidinin taban\u0131nda yer alan mineral bak\u0131m\u0131ndan zengin \u00f6nemli ve ekonomik bir karbonhidrat kayna\u011f\u0131d\u0131r. Bulgur da tah\u0131l grubu i\u00e7erisinde yer alan [...]","protected":false},"author":1,"featured_media":0,"parent":0,"menu_order":0,"comment_status":"closed","ping_status":"closed","template":"","meta":{"_mi_skip_tracking":false},"yoast_head":"<!-- This site is optimized with the Yoast SEO Premium plugin v17.7 (Yoast SEO v17.7) - https:\/\/yoast.com\/wordpress\/plugins\/seo\/ -->\n<title>Pilavl\u0131k Bulgur - Sade \u00d6nc\u00fc Bakliyat<\/title>\n<meta name=\"robots\" content=\"index, follow, max-snippet:-1, max-image-preview:large, max-video-preview:-1\" \/>\n<link rel=\"canonical\" href=\"https:\/\/sadeoncubakliyat.com\/en\/pilavlik-bulgur\/\" \/>\n<meta property=\"og:locale\" content=\"en_US\" \/>\n<meta property=\"og:type\" content=\"article\" \/>\n<meta property=\"og:title\" content=\"Pilavl\u0131k Bulgur\" \/>\n<meta property=\"og:url\" content=\"https:\/\/sadeoncubakliyat.com\/en\/pilavlik-bulgur\/\" \/>\n<meta property=\"og:site_name\" content=\"Sade \u00d6nc\u00fc Bakliyat\" \/>\n<meta property=\"article:modified_time\" content=\"2022-01-08T06:53:13+00:00\" \/>\n<meta property=\"og:image\" content=\"https:\/\/sadeoncubakliyat.com\/tr\/wp-content\/uploads\/2021\/12\/pilavlik-bulgur-1-300x300.jpg\" \/>\n<meta name=\"twitter:card\" content=\"summary\" \/>\n<meta name=\"twitter:label1\" content=\"Est. reading time\" \/>\n\t<meta name=\"twitter:data1\" content=\"5 minutes\" \/>\n<script type=\"application\/ld+json\" class=\"yoast-schema-graph\">{\"@context\":\"https:\/\/schema.org\",\"@graph\":[{\"@type\":\"Organization\",\"@id\":\"https:\/\/sadeoncubakliyat.com\/#organization\",\"name\":\"Sade \\u00d6nc\\u00fc Bakliyat\",\"url\":\"https:\/\/sadeoncubakliyat.com\/\",\"sameAs\":[],\"logo\":{\"@type\":\"ImageObject\",\"@id\":\"https:\/\/sadeoncubakliyat.com\/#logo\",\"inLanguage\":\"en-US\",\"url\":\"https:\/\/sadeoncubakliyat.com\/wp-content\/uploads\/2021\/12\/sade_oncu_bakliyat_logo-3.png\",\"contentUrl\":\"https:\/\/sadeoncubakliyat.com\/wp-content\/uploads\/2021\/12\/sade_oncu_bakliyat_logo-3.png\",\"width\":512,\"height\":512,\"caption\":\"Sade \\u00d6nc\\u00fc Bakliyat\"},\"image\":{\"@id\":\"https:\/\/sadeoncubakliyat.com\/#logo\"}},{\"@type\":\"WebSite\",\"@id\":\"https:\/\/sadeoncubakliyat.com\/#website\",\"url\":\"https:\/\/sadeoncubakliyat.com\/\",\"name\":\"Sade \\u00d6nc\\u00fc Bakliyat\",\"description\":\"Kalitede ve Sadelikte \\u00d6nc\\u00fc\",\"publisher\":{\"@id\":\"https:\/\/sadeoncubakliyat.com\/#organization\"},\"potentialAction\":[{\"@type\":\"SearchAction\",\"target\":{\"@type\":\"EntryPoint\",\"urlTemplate\":\"https:\/\/sadeoncubakliyat.com\/?s={search_term_string}\"},\"query-input\":\"required name=search_term_string\"}],\"inLanguage\":\"en-US\"},{\"@type\":\"ImageObject\",\"@id\":\"https:\/\/sadeoncubakliyat.com\/pilavlik-bulgur\/#primaryimage\",\"inLanguage\":\"en-US\",\"url\":\"https:\/\/sadeoncubakliyat.com\/tr\/wp-content\/uploads\/2021\/12\/pilavlik-bulgur-1-300x300.jpg\",\"contentUrl\":\"https:\/\/sadeoncubakliyat.com\/tr\/wp-content\/uploads\/2021\/12\/pilavlik-bulgur-1-300x300.jpg\"},{\"@type\":\"WebPage\",\"@id\":\"https:\/\/sadeoncubakliyat.com\/pilavlik-bulgur\/#webpage\",\"url\":\"https:\/\/sadeoncubakliyat.com\/pilavlik-bulgur\/\",\"name\":\"Pilavl\\u0131k Bulgur - Sade \\u00d6nc\\u00fc Bakliyat\",\"isPartOf\":{\"@id\":\"https:\/\/sadeoncubakliyat.com\/#website\"},\"primaryImageOfPage\":{\"@id\":\"https:\/\/sadeoncubakliyat.com\/pilavlik-bulgur\/#primaryimage\"},\"datePublished\":\"2022-01-03T14:51:56+00:00\",\"dateModified\":\"2022-01-08T06:53:13+00:00\",\"breadcrumb\":{\"@id\":\"https:\/\/sadeoncubakliyat.com\/pilavlik-bulgur\/#breadcrumb\"},\"inLanguage\":\"en-US\",\"potentialAction\":[{\"@type\":\"ReadAction\",\"target\":[\"https:\/\/sadeoncubakliyat.com\/pilavlik-bulgur\/\"]}]},{\"@type\":\"BreadcrumbList\",\"@id\":\"https:\/\/sadeoncubakliyat.com\/pilavlik-bulgur\/#breadcrumb\",\"itemListElement\":[{\"@type\":\"ListItem\",\"position\":1,\"name\":\"Anasayfa\",\"item\":\"https:\/\/sadeoncubakliyat.com\/\"},{\"@type\":\"ListItem\",\"position\":2,\"name\":\"Pilavl\\u0131k Bulgur\"}]}]}<\/script>\n<!-- \/ Yoast SEO Premium plugin. -->","yoast_head_json":{"title":"Pilavl\u0131k Bulgur - Sade \u00d6nc\u00fc Bakliyat","robots":{"index":"index","follow":"follow","max-snippet":"max-snippet:-1","max-image-preview":"max-image-preview:large","max-video-preview":"max-video-preview:-1"},"canonical":"https:\/\/sadeoncubakliyat.com\/en\/pilavlik-bulgur\/","og_locale":"en_US","og_type":"article","og_title":"Pilavl\u0131k Bulgur","og_url":"https:\/\/sadeoncubakliyat.com\/en\/pilavlik-bulgur\/","og_site_name":"Sade \u00d6nc\u00fc Bakliyat","article_modified_time":"2022-01-08T06:53:13+00:00","og_image":[{"url":"https:\/\/sadeoncubakliyat.com\/tr\/wp-content\/uploads\/2021\/12\/pilavlik-bulgur-1-300x300.jpg"}],"twitter_card":"summary","twitter_misc":{"Est. reading time":"5 minutes"},"schema":{"@context":"https:\/\/schema.org","@graph":[{"@type":"Organization","@id":"https:\/\/sadeoncubakliyat.com\/#organization","name":"Sade \u00d6nc\u00fc Bakliyat","url":"https:\/\/sadeoncubakliyat.com\/","sameAs":[],"logo":{"@type":"ImageObject","@id":"https:\/\/sadeoncubakliyat.com\/#logo","inLanguage":"en-US","url":"https:\/\/sadeoncubakliyat.com\/wp-content\/uploads\/2021\/12\/sade_oncu_bakliyat_logo-3.png","contentUrl":"https:\/\/sadeoncubakliyat.com\/wp-content\/uploads\/2021\/12\/sade_oncu_bakliyat_logo-3.png","width":512,"height":512,"caption":"Sade \u00d6nc\u00fc Bakliyat"},"image":{"@id":"https:\/\/sadeoncubakliyat.com\/#logo"}},{"@type":"WebSite","@id":"https:\/\/sadeoncubakliyat.com\/#website","url":"https:\/\/sadeoncubakliyat.com\/","name":"Sade \u00d6nc\u00fc Bakliyat","description":"Kalitede ve Sadelikte \u00d6nc\u00fc","publisher":{"@id":"https:\/\/sadeoncubakliyat.com\/#organization"},"potentialAction":[{"@type":"SearchAction","target":{"@type":"EntryPoint","urlTemplate":"https:\/\/sadeoncubakliyat.com\/?s={search_term_string}"},"query-input":"required name=search_term_string"}],"inLanguage":"en-US"},{"@type":"ImageObject","@id":"https:\/\/sadeoncubakliyat.com\/pilavlik-bulgur\/#primaryimage","inLanguage":"en-US","url":"https:\/\/sadeoncubakliyat.com\/tr\/wp-content\/uploads\/2021\/12\/pilavlik-bulgur-1-300x300.jpg","contentUrl":"https:\/\/sadeoncubakliyat.com\/tr\/wp-content\/uploads\/2021\/12\/pilavlik-bulgur-1-300x300.jpg"},{"@type":"WebPage","@id":"https:\/\/sadeoncubakliyat.com\/pilavlik-bulgur\/#webpage","url":"https:\/\/sadeoncubakliyat.com\/pilavlik-bulgur\/","name":"Pilavl\u0131k Bulgur - Sade \u00d6nc\u00fc Bakliyat","isPartOf":{"@id":"https:\/\/sadeoncubakliyat.com\/#website"},"primaryImageOfPage":{"@id":"https:\/\/sadeoncubakliyat.com\/pilavlik-bulgur\/#primaryimage"},"datePublished":"2022-01-03T14:51:56+00:00","dateModified":"2022-01-08T06:53:13+00:00","breadcrumb":{"@id":"https:\/\/sadeoncubakliyat.com\/pilavlik-bulgur\/#breadcrumb"},"inLanguage":"en-US","potentialAction":[{"@type":"ReadAction","target":["https:\/\/sadeoncubakliyat.com\/pilavlik-bulgur\/"]}]},{"@type":"BreadcrumbList","@id":"https:\/\/sadeoncubakliyat.com\/pilavlik-bulgur\/#breadcrumb","itemListElement":[{"@type":"ListItem","position":1,"name":"Anasayfa","item":"https:\/\/sadeoncubakliyat.com\/"},{"@type":"ListItem","position":2,"name":"Pilavl\u0131k Bulgur"}]}]}},"_links":{"self":[{"href":"https:\/\/sadeoncubakliyat.com\/en\/wp-json\/wp\/v2\/pages\/1081"}],"collection":[{"href":"https:\/\/sadeoncubakliyat.com\/en\/wp-json\/wp\/v2\/pages"}],"about":[{"href":"https:\/\/sadeoncubakliyat.com\/en\/wp-json\/wp\/v2\/types\/page"}],"author":[{"embeddable":true,"href":"https:\/\/sadeoncubakliyat.com\/en\/wp-json\/wp\/v2\/users\/1"}],"replies":[{"embeddable":true,"href":"https:\/\/sadeoncubakliyat.com\/en\/wp-json\/wp\/v2\/comments?post=1081"}],"version-history":[{"count":3,"href":"https:\/\/sadeoncubakliyat.com\/en\/wp-json\/wp\/v2\/pages\/1081\/revisions"}],"predecessor-version":[{"id":1194,"href":"https:\/\/sadeoncubakliyat.com\/en\/wp-json\/wp\/v2\/pages\/1081\/revisions\/1194"}],"wp:attachment":[{"href":"https:\/\/sadeoncubakliyat.com\/en\/wp-json\/wp\/v2\/media?parent=1081"}],"curies":[{"name":"wp","href":"https:\/\/api.w.org\/{rel}","templated":true}]}}