{"id":1104,"date":"2022-01-03T19:05:12","date_gmt":"2022-01-03T16:05:12","guid":{"rendered":"https:\/\/sadeoncubakliyat.com\/tr\/?page_id=1104"},"modified":"2022-01-08T11:09:29","modified_gmt":"2022-01-08T08:09:29","slug":"barbunya","status":"publish","type":"page","link":"https:\/\/sadeoncubakliyat.com\/en\/barbunya\/","title":{"rendered":"Kidney bean"},"content":{"rendered":"<div class=\"vc_row wpb_row vc_custom_1641219515782 porto-inner-container\"><div class=\"porto-wrap-container container\"><div class=\"row\"><div class=\"vc_column_container col-md-12\"><div class=\"wpb_wrapper vc_column-inner\">\n\t<div class=\"wpb_text_column wpb_content_element\" >\n\t\t<div class=\"wpb_wrapper\">\n\t\t\t<p class=\"description\"><img loading=\"lazy\" class=\"alignright wp-image-1002\" src=\"https:\/\/sadeoncubakliyat.com\/tr\/wp-content\/uploads\/2021\/12\/barbunya-1-300x300.jpg\" alt=\"\" width=\"400\" height=\"400\" srcset=\"https:\/\/sadeoncubakliyat.com\/wp-content\/uploads\/2021\/12\/barbunya-1-400x400.jpg 400w, https:\/\/sadeoncubakliyat.com\/wp-content\/uploads\/2021\/12\/barbunya-1-367x367.jpg 367w\" sizes=\"(max-width: 400px) 100vw, 400px\" \/>Kidney beans, which is a complete protein and fiber-rich, prevents many diseases in the digestive system, including immunity. It is an ideal food for those who cannot consume red meat. We have compiled for you all the curious about kidney beans, which also contain B vitamin complex. However, when consumed excessively, it increases diseases such as migraine. So what are the benefits of kidney beans? Which diseases does kidney bean prevent?<\/p>\n<p>Bean-like in appearance but completely different in taste, kidney beans are widely consumed in Italy, Spain, Turkey and Greece. Kidney beans, which were first grown and developed in Ancient Greece, are also called Roman beans. This food, which is rich in fiber, is included in the lists prepared by diet experts for their patients. It is low in fat and rich in protein. A plate of kidney beans meets 50 percent of the protein the body needs. In this respect, it is an ideal food for people who do not like to consume meat. Kidney beans, which belong to the legume family, are consumed frequently, especially in winter. According to studies, it is among the foods that women during breastfeeding and pregnancy should consume frequently. Kidney beans, which are frequently consumed in countries that make up the world cuisine, such as Mexico, are found in plain purple color. This bean, which is called Cranberry, and the red kidney beans grown in our country have taste and nutritional values. It looks a lot like a bean. However, its nutritional values \u200b\u200bare higher than beans.<\/p>\n<p><img loading=\"lazy\" class=\"i-amphtml-fill-content i-amphtml-replaced-content alignleft\" src=\"http:\/\/i2.haber7.net\/\/haber\/haber7\/photos\/2019\/31\/xQ3yg_1564491950_9219.jpg\" alt=\"barbunyan\u0131n faydalar\u0131\" width=\"485\" height=\"485\" \/><\/p>\n<p><strong>WHAT ARE THE BENEFITS OF BLACK BOUNES?<\/strong><\/p>\n<p>Studies have shown that kidney beans prevent the formation of cancer cells. Specialists emphasize that people with a family history of cancer should consume kidney beans, which is especially effective in colon cancer. It protects heart health by lowering bad cholesterol. Thanks to the unsaturated fatty acids it contains, it reduces inflammation in the veins to zero. Thus, it reduces the rate of serious problems such as stroke and heart attack. The body needs at least 70 percent of vitamin B1 daily for brain health. This vitamin strengthens memory by increasing the concentration power of the brain. In this respect, it is in the first place of the foods that are recommended to be consumed during pregnancy and adolescence. Kidney beans are an ideal food source for those who do not eat meat, as they are rich in both protein and iron. It is also recommended for women who are nearing the birth or during their menstrual period. Manganese is a powerful antioxidant. This substance also gives energy to the body. Having these two features, kidney beans support the body to be energetic and vigorous throughout the day. It also reduces conditions such as aging by enabling cells to produce energy. When consumed in sufficient amounts, it helps to lose weight by increasing the fiber ratio in the digestive system. In addition, it prevents the stomach and intestines from holding toxin, and excretes them through the urine. The kidney bean, which is a vitamin store, contributes to bone development. It reduces the risk of bone diseases, especially in advanced ages. It is also good for genetic or later seen rheumatism. Its powerful antioxidant feature not only provides energy, but also prevents the formation of sand and stones in the kidneys. The formed sandstone helps to get rid of the body painlessly in a short time. Kidney beans, which contain high amounts of iron, are also recommended to be consumed during pregnancy. It especially supports the development of the baby in the womb. In addition, kidney beans containing folate provide additional nutrition to women during pregnancy. It reduces birth defects. It helps the error-free development of DNA. It prevents the nails from breaking. It strengthens skin health. It supports the formation of smooth skin by renewing the cells. Thanks to its high fiber, it gives a feeling of early satiety. In addition, since it is low in calories, it is at the top of the diet lists of those who want to lose weight. In addition to delaying aging, it is an ideal nutrient for the skin. Kidney beans, which are used both by consuming and making masks, smoothen the dermis layer.<\/p>\n\n\t\t<\/div>\n\t<\/div>\n<\/div><\/div><\/div><\/div><\/div>","protected":false},"excerpt":{"rendered":"Tam bir protein ve lif zengini olan barbunya ba\u011f\u0131\u015f\u0131kl\u0131ktan tutunda sindirim sistemindeki bir\u00e7ok hastal\u0131\u011f\u0131n ya\u015fanmas\u0131n\u0131 engeller. K\u0131r\u0131m\u0131z\u0131 et t\u00fcketemeyenler i\u00e7inde ideal bir besindir. B vitamin kompleksi de i\u00e7eren barbunya hakk\u0131nda t\u00fcm merak edilenleri sizler i\u00e7in derledik. Ancak a\u015f\u0131r\u0131 t\u00fcketildi\u011finde de migren gibi hastal\u0131klar\u0131 art\u0131r\u0131r. Peki Barbunyan\u0131n faydalar\u0131 nelerdir? Barbunya hangi hastal\u0131klar\u0131 \u00f6nl\u00fcyor? G\u00f6r\u00fcn\u00fc\u015f olarak fasulyeye [...]","protected":false},"author":1,"featured_media":0,"parent":0,"menu_order":0,"comment_status":"closed","ping_status":"closed","template":"","meta":{"_mi_skip_tracking":false},"yoast_head":"<!-- This site is optimized with the Yoast SEO Premium plugin v17.7 (Yoast SEO v17.7) - https:\/\/yoast.com\/wordpress\/plugins\/seo\/ -->\n<title>Barbunya - Sade \u00d6nc\u00fc Bakliyat<\/title>\n<meta name=\"robots\" content=\"index, follow, max-snippet:-1, max-image-preview:large, max-video-preview:-1\" \/>\n<link rel=\"canonical\" href=\"https:\/\/sadeoncubakliyat.com\/en\/barbunya\/\" \/>\n<meta property=\"og:locale\" content=\"en_US\" \/>\n<meta property=\"og:type\" content=\"article\" \/>\n<meta property=\"og:title\" content=\"Barbunya\" \/>\n<meta property=\"og:url\" content=\"https:\/\/sadeoncubakliyat.com\/en\/barbunya\/\" \/>\n<meta property=\"og:site_name\" content=\"Sade \u00d6nc\u00fc Bakliyat\" \/>\n<meta property=\"article:modified_time\" content=\"2022-01-08T08:09:29+00:00\" \/>\n<meta property=\"og:image\" content=\"https:\/\/sadeoncubakliyat.com\/tr\/wp-content\/uploads\/2021\/12\/barbunya-1-300x300.jpg\" \/>\n<meta name=\"twitter:card\" content=\"summary\" \/>\n<meta name=\"twitter:label1\" content=\"Est. reading time\" \/>\n\t<meta name=\"twitter:data1\" content=\"4 minutes\" \/>\n<script type=\"application\/ld+json\" class=\"yoast-schema-graph\">{\"@context\":\"https:\/\/schema.org\",\"@graph\":[{\"@type\":\"Organization\",\"@id\":\"https:\/\/sadeoncubakliyat.com\/#organization\",\"name\":\"Sade \\u00d6nc\\u00fc Bakliyat\",\"url\":\"https:\/\/sadeoncubakliyat.com\/\",\"sameAs\":[],\"logo\":{\"@type\":\"ImageObject\",\"@id\":\"https:\/\/sadeoncubakliyat.com\/#logo\",\"inLanguage\":\"en-US\",\"url\":\"https:\/\/sadeoncubakliyat.com\/wp-content\/uploads\/2021\/12\/sade_oncu_bakliyat_logo-3.png\",\"contentUrl\":\"https:\/\/sadeoncubakliyat.com\/wp-content\/uploads\/2021\/12\/sade_oncu_bakliyat_logo-3.png\",\"width\":512,\"height\":512,\"caption\":\"Sade \\u00d6nc\\u00fc Bakliyat\"},\"image\":{\"@id\":\"https:\/\/sadeoncubakliyat.com\/#logo\"}},{\"@type\":\"WebSite\",\"@id\":\"https:\/\/sadeoncubakliyat.com\/#website\",\"url\":\"https:\/\/sadeoncubakliyat.com\/\",\"name\":\"Sade \\u00d6nc\\u00fc Bakliyat\",\"description\":\"Kalitede ve Sadelikte \\u00d6nc\\u00fc\",\"publisher\":{\"@id\":\"https:\/\/sadeoncubakliyat.com\/#organization\"},\"potentialAction\":[{\"@type\":\"SearchAction\",\"target\":{\"@type\":\"EntryPoint\",\"urlTemplate\":\"https:\/\/sadeoncubakliyat.com\/?s={search_term_string}\"},\"query-input\":\"required name=search_term_string\"}],\"inLanguage\":\"en-US\"},{\"@type\":\"ImageObject\",\"@id\":\"https:\/\/sadeoncubakliyat.com\/barbunya\/#primaryimage\",\"inLanguage\":\"en-US\",\"url\":\"https:\/\/sadeoncubakliyat.com\/tr\/wp-content\/uploads\/2021\/12\/barbunya-1-300x300.jpg\",\"contentUrl\":\"https:\/\/sadeoncubakliyat.com\/tr\/wp-content\/uploads\/2021\/12\/barbunya-1-300x300.jpg\"},{\"@type\":\"WebPage\",\"@id\":\"https:\/\/sadeoncubakliyat.com\/barbunya\/#webpage\",\"url\":\"https:\/\/sadeoncubakliyat.com\/barbunya\/\",\"name\":\"Barbunya - Sade \\u00d6nc\\u00fc Bakliyat\",\"isPartOf\":{\"@id\":\"https:\/\/sadeoncubakliyat.com\/#website\"},\"primaryImageOfPage\":{\"@id\":\"https:\/\/sadeoncubakliyat.com\/barbunya\/#primaryimage\"},\"datePublished\":\"2022-01-03T16:05:12+00:00\",\"dateModified\":\"2022-01-08T08:09:29+00:00\",\"breadcrumb\":{\"@id\":\"https:\/\/sadeoncubakliyat.com\/barbunya\/#breadcrumb\"},\"inLanguage\":\"en-US\",\"potentialAction\":[{\"@type\":\"ReadAction\",\"target\":[\"https:\/\/sadeoncubakliyat.com\/barbunya\/\"]}]},{\"@type\":\"BreadcrumbList\",\"@id\":\"https:\/\/sadeoncubakliyat.com\/barbunya\/#breadcrumb\",\"itemListElement\":[{\"@type\":\"ListItem\",\"position\":1,\"name\":\"Anasayfa\",\"item\":\"https:\/\/sadeoncubakliyat.com\/\"},{\"@type\":\"ListItem\",\"position\":2,\"name\":\"Barbunya\"}]}]}<\/script>\n<!-- \/ Yoast SEO Premium plugin. -->","yoast_head_json":{"title":"Barbunya - Sade \u00d6nc\u00fc Bakliyat","robots":{"index":"index","follow":"follow","max-snippet":"max-snippet:-1","max-image-preview":"max-image-preview:large","max-video-preview":"max-video-preview:-1"},"canonical":"https:\/\/sadeoncubakliyat.com\/en\/barbunya\/","og_locale":"en_US","og_type":"article","og_title":"Barbunya","og_url":"https:\/\/sadeoncubakliyat.com\/en\/barbunya\/","og_site_name":"Sade \u00d6nc\u00fc Bakliyat","article_modified_time":"2022-01-08T08:09:29+00:00","og_image":[{"url":"https:\/\/sadeoncubakliyat.com\/tr\/wp-content\/uploads\/2021\/12\/barbunya-1-300x300.jpg"}],"twitter_card":"summary","twitter_misc":{"Est. reading time":"4 minutes"},"schema":{"@context":"https:\/\/schema.org","@graph":[{"@type":"Organization","@id":"https:\/\/sadeoncubakliyat.com\/#organization","name":"Sade \u00d6nc\u00fc Bakliyat","url":"https:\/\/sadeoncubakliyat.com\/","sameAs":[],"logo":{"@type":"ImageObject","@id":"https:\/\/sadeoncubakliyat.com\/#logo","inLanguage":"en-US","url":"https:\/\/sadeoncubakliyat.com\/wp-content\/uploads\/2021\/12\/sade_oncu_bakliyat_logo-3.png","contentUrl":"https:\/\/sadeoncubakliyat.com\/wp-content\/uploads\/2021\/12\/sade_oncu_bakliyat_logo-3.png","width":512,"height":512,"caption":"Sade \u00d6nc\u00fc Bakliyat"},"image":{"@id":"https:\/\/sadeoncubakliyat.com\/#logo"}},{"@type":"WebSite","@id":"https:\/\/sadeoncubakliyat.com\/#website","url":"https:\/\/sadeoncubakliyat.com\/","name":"Sade \u00d6nc\u00fc Bakliyat","description":"Kalitede ve Sadelikte \u00d6nc\u00fc","publisher":{"@id":"https:\/\/sadeoncubakliyat.com\/#organization"},"potentialAction":[{"@type":"SearchAction","target":{"@type":"EntryPoint","urlTemplate":"https:\/\/sadeoncubakliyat.com\/?s={search_term_string}"},"query-input":"required name=search_term_string"}],"inLanguage":"en-US"},{"@type":"ImageObject","@id":"https:\/\/sadeoncubakliyat.com\/barbunya\/#primaryimage","inLanguage":"en-US","url":"https:\/\/sadeoncubakliyat.com\/tr\/wp-content\/uploads\/2021\/12\/barbunya-1-300x300.jpg","contentUrl":"https:\/\/sadeoncubakliyat.com\/tr\/wp-content\/uploads\/2021\/12\/barbunya-1-300x300.jpg"},{"@type":"WebPage","@id":"https:\/\/sadeoncubakliyat.com\/barbunya\/#webpage","url":"https:\/\/sadeoncubakliyat.com\/barbunya\/","name":"Barbunya - Sade \u00d6nc\u00fc Bakliyat","isPartOf":{"@id":"https:\/\/sadeoncubakliyat.com\/#website"},"primaryImageOfPage":{"@id":"https:\/\/sadeoncubakliyat.com\/barbunya\/#primaryimage"},"datePublished":"2022-01-03T16:05:12+00:00","dateModified":"2022-01-08T08:09:29+00:00","breadcrumb":{"@id":"https:\/\/sadeoncubakliyat.com\/barbunya\/#breadcrumb"},"inLanguage":"en-US","potentialAction":[{"@type":"ReadAction","target":["https:\/\/sadeoncubakliyat.com\/barbunya\/"]}]},{"@type":"BreadcrumbList","@id":"https:\/\/sadeoncubakliyat.com\/barbunya\/#breadcrumb","itemListElement":[{"@type":"ListItem","position":1,"name":"Anasayfa","item":"https:\/\/sadeoncubakliyat.com\/"},{"@type":"ListItem","position":2,"name":"Barbunya"}]}]}},"_links":{"self":[{"href":"https:\/\/sadeoncubakliyat.com\/en\/wp-json\/wp\/v2\/pages\/1104"}],"collection":[{"href":"https:\/\/sadeoncubakliyat.com\/en\/wp-json\/wp\/v2\/pages"}],"about":[{"href":"https:\/\/sadeoncubakliyat.com\/en\/wp-json\/wp\/v2\/types\/page"}],"author":[{"embeddable":true,"href":"https:\/\/sadeoncubakliyat.com\/en\/wp-json\/wp\/v2\/users\/1"}],"replies":[{"embeddable":true,"href":"https:\/\/sadeoncubakliyat.com\/en\/wp-json\/wp\/v2\/comments?post=1104"}],"version-history":[{"count":6,"href":"https:\/\/sadeoncubakliyat.com\/en\/wp-json\/wp\/v2\/pages\/1104\/revisions"}],"predecessor-version":[{"id":1207,"href":"https:\/\/sadeoncubakliyat.com\/en\/wp-json\/wp\/v2\/pages\/1104\/revisions\/1207"}],"wp:attachment":[{"href":"https:\/\/sadeoncubakliyat.com\/en\/wp-json\/wp\/v2\/media?parent=1104"}],"curies":[{"name":"wp","href":"https:\/\/api.w.org\/{rel}","templated":true}]}}