{"id":1108,"date":"2022-01-03T19:13:29","date_gmt":"2022-01-03T16:13:29","guid":{"rendered":"https:\/\/sadeoncubakliyat.com\/tr\/?page_id=1108"},"modified":"2022-01-08T10:55:04","modified_gmt":"2022-01-08T07:55:04","slug":"bakla","status":"publish","type":"page","link":"https:\/\/sadeoncubakliyat.com\/en\/bakla\/","title":{"rendered":"Broad beans"},"content":{"rendered":"<div class=\"vc_row wpb_row vc_custom_1641219515782 porto-inner-container\"><div class=\"porto-wrap-container container\"><div class=\"row\"><div class=\"vc_column_container col-md-12\"><div class=\"wpb_wrapper vc_column-inner\">\n\t<div class=\"wpb_text_column wpb_content_element\" >\n\t\t<div class=\"wpb_wrapper\">\n\t\t\t<p><img loading=\"lazy\" class=\"alignleft wp-image-1006\" src=\"https:\/\/sadeoncubakliyat.com\/tr\/wp-content\/uploads\/2021\/12\/bakla-2-300x300.jpg\" alt=\"\" width=\"400\" height=\"400\" srcset=\"https:\/\/sadeoncubakliyat.com\/wp-content\/uploads\/2021\/12\/bakla-2-400x400.jpg 400w, https:\/\/sadeoncubakliyat.com\/wp-content\/uploads\/2021\/12\/bakla-2-367x367.jpg 367w\" sizes=\"(max-width: 400px) 100vw, 400px\" \/>Broad bean is an annual plant that gives its name to the legume family and is cultivated as a food and fodder plant. The broad bean originates from the Mediterranean and southwestern Asia, including Turkey. It is used as the main protein source of the poor in some Asian and Mediterranean countries such as Egypt. It is widely produced in Egypt, Morocco, Spain, Italy, Turkey, Asia and China.<\/p>\n<p><strong>How are broad beans grown?<\/strong><\/p>\n<p>The cultivation of broad bean, which is a temperate climate plant, is mostly done in winter in Turkey and is consumed in its fresh form in spring. It is a favorite of farmers because of the nitrogen contribution of the small tubers formed on its roots to the soil. It is planted alternately with cereals or summer vegetables. It is cultivated as green manure by plowing before it blooms and as animal feed after harvest. The pods usually have compound leaves and white flowers on a long, hollow and angular stem. From these self-pollinating flowers, the fruits of the plant called pods or badi\u00e7 are formed. Each pod contains 8-10 seeds, also called 'bean pods' or 'inside broad beans'.<\/p>\n<p><strong>Nutritional value of broad beans<\/strong><\/p>\n<p>broad beans; It contains zinc, manganese, magnesium, phosphorus, copper, iron, potassium, selenium, calcium minerals, thiamine (vitamin B1), folate (vitamin B9) and almost all B vitamins. 100 grams of cooked broad beans; It contains about 8 grams of protein, 5 grams of fiber and is 110 calories. In addition, broad beans contain plenty of nitrogen and starch.<\/p>\n<p><strong>Benefits of broad bean<\/strong><\/p>\n<p>Broad bean varieties, especially with their fiber content, help to accelerate metabolism and weight loss. Making room for broad beans in your diet helps strengthen your immune system. It lowers the bad cholesterol level of the body. Bean regulates blood sugar with the insulin it contains. Relieves kidney pain, helps to shed kidney sands and stones. It is good for chest diseases and cough. It relieves lumbago, rheumatism, sciatica and entanglement complaints.<\/p>\n\n\t\t<\/div>\n\t<\/div>\n<\/div><\/div><\/div><\/div><\/div>","protected":false},"excerpt":{"rendered":"Bakla, baklagiller familyas\u0131na ad\u0131n\u0131 veren, g\u0131da ve yem bitkisi olarak tar\u0131m\u0131 yap\u0131lan tek y\u0131ll\u0131k bir bitkidir. Bakla, Akdeniz ve T\u00fcrkiye'nin de i\u00e7inde yer ald\u0131\u011f\u0131 g\u00fcneybat\u0131 Asya k\u00f6kenlidir. M\u0131s\u0131r gibi baz\u0131 Asya ve Akdeniz \u00fclkelerinde yoksullar\u0131n temel protein kayna\u011f\u0131 olarak kullan\u0131l\u0131r. M\u0131s\u0131r, Fas, \u0130spanya, \u0130talya, T\u00fcrkiye, Asya ve \u00c7in'de yayg\u0131n olarak \u00fcretilmektedir. Bakla nas\u0131l yeti\u015ftirilir? Il\u0131man [...]","protected":false},"author":1,"featured_media":0,"parent":0,"menu_order":0,"comment_status":"closed","ping_status":"closed","template":"","meta":{"_mi_skip_tracking":false},"yoast_head":"<!-- This site is optimized with the Yoast SEO Premium plugin v17.7 (Yoast SEO v17.7) - https:\/\/yoast.com\/wordpress\/plugins\/seo\/ -->\n<title>Bakla - Sade \u00d6nc\u00fc Bakliyat<\/title>\n<meta name=\"robots\" content=\"index, follow, max-snippet:-1, max-image-preview:large, max-video-preview:-1\" \/>\n<link rel=\"canonical\" href=\"https:\/\/sadeoncubakliyat.com\/en\/bakla\/\" \/>\n<meta property=\"og:locale\" content=\"en_US\" \/>\n<meta property=\"og:type\" content=\"article\" \/>\n<meta property=\"og:title\" content=\"Bakla\" \/>\n<meta property=\"og:url\" content=\"https:\/\/sadeoncubakliyat.com\/en\/bakla\/\" \/>\n<meta property=\"og:site_name\" content=\"Sade \u00d6nc\u00fc Bakliyat\" \/>\n<meta property=\"article:modified_time\" content=\"2022-01-08T07:55:04+00:00\" \/>\n<meta property=\"og:image\" content=\"https:\/\/sadeoncubakliyat.com\/tr\/wp-content\/uploads\/2021\/12\/bakla-2-300x300.jpg\" \/>\n<meta name=\"twitter:card\" content=\"summary\" \/>\n<meta name=\"twitter:label1\" content=\"Est. reading time\" \/>\n\t<meta name=\"twitter:data1\" content=\"2 minutes\" \/>\n<script type=\"application\/ld+json\" class=\"yoast-schema-graph\">{\"@context\":\"https:\/\/schema.org\",\"@graph\":[{\"@type\":\"Organization\",\"@id\":\"https:\/\/sadeoncubakliyat.com\/#organization\",\"name\":\"Sade \\u00d6nc\\u00fc Bakliyat\",\"url\":\"https:\/\/sadeoncubakliyat.com\/\",\"sameAs\":[],\"logo\":{\"@type\":\"ImageObject\",\"@id\":\"https:\/\/sadeoncubakliyat.com\/#logo\",\"inLanguage\":\"en-US\",\"url\":\"https:\/\/sadeoncubakliyat.com\/wp-content\/uploads\/2021\/12\/sade_oncu_bakliyat_logo-3.png\",\"contentUrl\":\"https:\/\/sadeoncubakliyat.com\/wp-content\/uploads\/2021\/12\/sade_oncu_bakliyat_logo-3.png\",\"width\":512,\"height\":512,\"caption\":\"Sade \\u00d6nc\\u00fc Bakliyat\"},\"image\":{\"@id\":\"https:\/\/sadeoncubakliyat.com\/#logo\"}},{\"@type\":\"WebSite\",\"@id\":\"https:\/\/sadeoncubakliyat.com\/#website\",\"url\":\"https:\/\/sadeoncubakliyat.com\/\",\"name\":\"Sade \\u00d6nc\\u00fc Bakliyat\",\"description\":\"Kalitede ve Sadelikte \\u00d6nc\\u00fc\",\"publisher\":{\"@id\":\"https:\/\/sadeoncubakliyat.com\/#organization\"},\"potentialAction\":[{\"@type\":\"SearchAction\",\"target\":{\"@type\":\"EntryPoint\",\"urlTemplate\":\"https:\/\/sadeoncubakliyat.com\/?s={search_term_string}\"},\"query-input\":\"required name=search_term_string\"}],\"inLanguage\":\"en-US\"},{\"@type\":\"ImageObject\",\"@id\":\"https:\/\/sadeoncubakliyat.com\/bakla\/#primaryimage\",\"inLanguage\":\"en-US\",\"url\":\"https:\/\/sadeoncubakliyat.com\/tr\/wp-content\/uploads\/2021\/12\/bakla-2-300x300.jpg\",\"contentUrl\":\"https:\/\/sadeoncubakliyat.com\/tr\/wp-content\/uploads\/2021\/12\/bakla-2-300x300.jpg\"},{\"@type\":\"WebPage\",\"@id\":\"https:\/\/sadeoncubakliyat.com\/bakla\/#webpage\",\"url\":\"https:\/\/sadeoncubakliyat.com\/bakla\/\",\"name\":\"Bakla - Sade \\u00d6nc\\u00fc Bakliyat\",\"isPartOf\":{\"@id\":\"https:\/\/sadeoncubakliyat.com\/#website\"},\"primaryImageOfPage\":{\"@id\":\"https:\/\/sadeoncubakliyat.com\/bakla\/#primaryimage\"},\"datePublished\":\"2022-01-03T16:13:29+00:00\",\"dateModified\":\"2022-01-08T07:55:04+00:00\",\"breadcrumb\":{\"@id\":\"https:\/\/sadeoncubakliyat.com\/bakla\/#breadcrumb\"},\"inLanguage\":\"en-US\",\"potentialAction\":[{\"@type\":\"ReadAction\",\"target\":[\"https:\/\/sadeoncubakliyat.com\/bakla\/\"]}]},{\"@type\":\"BreadcrumbList\",\"@id\":\"https:\/\/sadeoncubakliyat.com\/bakla\/#breadcrumb\",\"itemListElement\":[{\"@type\":\"ListItem\",\"position\":1,\"name\":\"Anasayfa\",\"item\":\"https:\/\/sadeoncubakliyat.com\/\"},{\"@type\":\"ListItem\",\"position\":2,\"name\":\"Bakla\"}]}]}<\/script>\n<!-- \/ Yoast SEO Premium plugin. -->","yoast_head_json":{"title":"Bakla - Sade \u00d6nc\u00fc Bakliyat","robots":{"index":"index","follow":"follow","max-snippet":"max-snippet:-1","max-image-preview":"max-image-preview:large","max-video-preview":"max-video-preview:-1"},"canonical":"https:\/\/sadeoncubakliyat.com\/en\/bakla\/","og_locale":"en_US","og_type":"article","og_title":"Bakla","og_url":"https:\/\/sadeoncubakliyat.com\/en\/bakla\/","og_site_name":"Sade \u00d6nc\u00fc Bakliyat","article_modified_time":"2022-01-08T07:55:04+00:00","og_image":[{"url":"https:\/\/sadeoncubakliyat.com\/tr\/wp-content\/uploads\/2021\/12\/bakla-2-300x300.jpg"}],"twitter_card":"summary","twitter_misc":{"Est. reading time":"2 minutes"},"schema":{"@context":"https:\/\/schema.org","@graph":[{"@type":"Organization","@id":"https:\/\/sadeoncubakliyat.com\/#organization","name":"Sade \u00d6nc\u00fc Bakliyat","url":"https:\/\/sadeoncubakliyat.com\/","sameAs":[],"logo":{"@type":"ImageObject","@id":"https:\/\/sadeoncubakliyat.com\/#logo","inLanguage":"en-US","url":"https:\/\/sadeoncubakliyat.com\/wp-content\/uploads\/2021\/12\/sade_oncu_bakliyat_logo-3.png","contentUrl":"https:\/\/sadeoncubakliyat.com\/wp-content\/uploads\/2021\/12\/sade_oncu_bakliyat_logo-3.png","width":512,"height":512,"caption":"Sade \u00d6nc\u00fc Bakliyat"},"image":{"@id":"https:\/\/sadeoncubakliyat.com\/#logo"}},{"@type":"WebSite","@id":"https:\/\/sadeoncubakliyat.com\/#website","url":"https:\/\/sadeoncubakliyat.com\/","name":"Sade \u00d6nc\u00fc Bakliyat","description":"Kalitede ve Sadelikte \u00d6nc\u00fc","publisher":{"@id":"https:\/\/sadeoncubakliyat.com\/#organization"},"potentialAction":[{"@type":"SearchAction","target":{"@type":"EntryPoint","urlTemplate":"https:\/\/sadeoncubakliyat.com\/?s={search_term_string}"},"query-input":"required name=search_term_string"}],"inLanguage":"en-US"},{"@type":"ImageObject","@id":"https:\/\/sadeoncubakliyat.com\/bakla\/#primaryimage","inLanguage":"en-US","url":"https:\/\/sadeoncubakliyat.com\/tr\/wp-content\/uploads\/2021\/12\/bakla-2-300x300.jpg","contentUrl":"https:\/\/sadeoncubakliyat.com\/tr\/wp-content\/uploads\/2021\/12\/bakla-2-300x300.jpg"},{"@type":"WebPage","@id":"https:\/\/sadeoncubakliyat.com\/bakla\/#webpage","url":"https:\/\/sadeoncubakliyat.com\/bakla\/","name":"Bakla - Sade \u00d6nc\u00fc Bakliyat","isPartOf":{"@id":"https:\/\/sadeoncubakliyat.com\/#website"},"primaryImageOfPage":{"@id":"https:\/\/sadeoncubakliyat.com\/bakla\/#primaryimage"},"datePublished":"2022-01-03T16:13:29+00:00","dateModified":"2022-01-08T07:55:04+00:00","breadcrumb":{"@id":"https:\/\/sadeoncubakliyat.com\/bakla\/#breadcrumb"},"inLanguage":"en-US","potentialAction":[{"@type":"ReadAction","target":["https:\/\/sadeoncubakliyat.com\/bakla\/"]}]},{"@type":"BreadcrumbList","@id":"https:\/\/sadeoncubakliyat.com\/bakla\/#breadcrumb","itemListElement":[{"@type":"ListItem","position":1,"name":"Anasayfa","item":"https:\/\/sadeoncubakliyat.com\/"},{"@type":"ListItem","position":2,"name":"Bakla"}]}]}},"_links":{"self":[{"href":"https:\/\/sadeoncubakliyat.com\/en\/wp-json\/wp\/v2\/pages\/1108"}],"collection":[{"href":"https:\/\/sadeoncubakliyat.com\/en\/wp-json\/wp\/v2\/pages"}],"about":[{"href":"https:\/\/sadeoncubakliyat.com\/en\/wp-json\/wp\/v2\/types\/page"}],"author":[{"embeddable":true,"href":"https:\/\/sadeoncubakliyat.com\/en\/wp-json\/wp\/v2\/users\/1"}],"replies":[{"embeddable":true,"href":"https:\/\/sadeoncubakliyat.com\/en\/wp-json\/wp\/v2\/comments?post=1108"}],"version-history":[{"count":3,"href":"https:\/\/sadeoncubakliyat.com\/en\/wp-json\/wp\/v2\/pages\/1108\/revisions"}],"predecessor-version":[{"id":1204,"href":"https:\/\/sadeoncubakliyat.com\/en\/wp-json\/wp\/v2\/pages\/1108\/revisions\/1204"}],"wp:attachment":[{"href":"https:\/\/sadeoncubakliyat.com\/en\/wp-json\/wp\/v2\/media?parent=1108"}],"curies":[{"name":"wp","href":"https:\/\/api.w.org\/{rel}","templated":true}]}}