{"id":1073,"date":"2022-01-03T17:42:55","date_gmt":"2022-01-03T14:42:55","guid":{"rendered":"https:\/\/sadeoncubakliyat.com\/tr\/?page_id=1073"},"modified":"2022-01-07T22:20:37","modified_gmt":"2022-01-07T19:20:37","slug":"nohut","status":"publish","type":"page","link":"https:\/\/sadeoncubakliyat.com\/ru\/nohut\/","title":{"rendered":"\u041d\u0443\u0442"},"content":{"rendered":"<div class=\"vc_row wpb_row vc_custom_1641219515782 porto-inner-container\"><div class=\"porto-wrap-container container\"><div class=\"row\"><div class=\"vc_column_container col-md-12\"><div class=\"wpb_wrapper vc_column-inner\">\n\t<div class=\"wpb_text_column wpb_content_element\" >\n\t\t<div class=\"wpb_wrapper\">\n\t\t\t<p><img loading=\"lazy\" class=\"alignleft wp-image-998\" src=\"https:\/\/sadeoncubakliyat.com\/tr\/wp-content\/uploads\/2021\/12\/nohut-1.jpg\" alt=\"\" width=\"400\" height=\"400\" srcset=\"https:\/\/sadeoncubakliyat.com\/wp-content\/uploads\/2021\/12\/nohut-1-400x400.jpg 400w, https:\/\/sadeoncubakliyat.com\/wp-content\/uploads\/2021\/12\/nohut-1-367x367.jpg 367w\" sizes=\"(max-width: 400px) 100vw, 400px\" \/>\u041d\u0443\u0442 \u2013 \u044d\u0442\u043e \u0440\u0430\u0437\u043d\u043e\u0432\u0438\u0434\u043d\u043e\u0441\u0442\u044c \u0431\u043e\u0431\u043e\u0432\u044b\u0445. \u0412\u0438\u0434\u043d\u043e, \u0447\u0442\u043e \u0435\u0433\u043e \u0432\u044b\u0440\u0430\u0449\u0438\u0432\u0430\u044e\u0442 \u043f\u043e\u0447\u0442\u0438 \u0432\u043e \u0432\u0441\u0435\u0445 \u0443\u0433\u043e\u043b\u043a\u0430\u0445 \u043d\u0430\u0448\u0435\u0439 \u0441\u0442\u0440\u0430\u043d\u044b. \u0412 \u0437\u0430\u0432\u0438\u0441\u0438\u043c\u043e\u0441\u0442\u0438 \u043e\u0442 \u0442\u0438\u043f\u0430 \u043f\u043e\u0447\u0432\u044b, \u0432 \u043a\u043e\u0442\u043e\u0440\u043e\u0439 \u043e\u043d \u0440\u0430\u0441\u0442\u0435\u0442, \u043e\u043d \u0433\u043e\u0442\u043e\u0432\u0438\u0442\u0441\u044f \u043f\u043e\u0437\u0434\u043d\u043e \u0438\u043b\u0438 \u0431\u044b\u0441\u0442\u0440\u043e. \u0414\u043b\u0438\u043d\u0430 \u043d\u0443\u0442\u0430 \u043c\u043e\u0436\u0435\u0442 \u0434\u043e\u0441\u0442\u0438\u0433\u0430\u0442\u044c \u0434\u043e 50 \u0441\u043c. \u042d\u0442\u043e \u043e\u0434\u043d\u043e \u0438\u0437 \u0441\u0430\u043c\u044b\u0445 \u043f\u0440\u043e\u0441\u0442\u044b\u0445 \u0432 \u0432\u044b\u0440\u0430\u0449\u0438\u0432\u0430\u043d\u0438\u0438 \u0440\u0430\u0441\u0442\u0435\u043d\u0438\u0439. \u0415\u0433\u043e \u0432\u044b\u0440\u0430\u0449\u0438\u0432\u0430\u044e\u0442 \u0432 \u0431\u0435\u0441\u043f\u043b\u043e\u0434\u043d\u044b\u0445 \u0440\u0430\u0439\u043e\u043d\u0430\u0445 \u0410\u043d\u0430\u0442\u043e\u043b\u0438\u0438. \u0415\u0433\u043e \u043b\u0438\u0441\u0442\u044c\u044f \u0438\u043c\u0435\u044e\u0442 \u0440\u0430\u0437\u043c\u0435\u0440 \u043e\u0442 5 \u043c\u043c \u0434\u043e 15 \u043c\u043c. \u0421\u0435\u043c\u0435\u043d\u0430 \u043d\u0443\u0442\u0430 \u043c\u043e\u0436\u043d\u043e \u0435\u0441\u0442\u044c \u0431\u0435\u0437 \u043f\u0440\u043e\u0441\u0443\u0448\u043a\u0438. \u041e\u0434\u043d\u0430\u043a\u043e \u0438\u0437\u0432\u0435\u0441\u0442\u043d\u043e, \u0447\u0442\u043e \u0441\u0443\u0448\u0435\u043d\u044b\u0439 \u043d\u0443\u0442 \u0438\u0441\u043f\u043e\u043b\u044c\u0437\u0443\u0435\u0442\u0441\u044f \u0432\u043e \u043c\u043d\u043e\u0433\u0438\u0445 \u0431\u043b\u044e\u0434\u0430\u0445. \u0427\u0442\u043e \u043a\u0430\u0441\u0430\u0435\u0442\u0441\u044f \u0441\u044b\u0440\u043e\u0433\u043e \u043d\u0443\u0442\u0430, \u0431\u044b\u043b\u043e \u0437\u0430\u043c\u0435\u0447\u0435\u043d\u043e, \u0447\u0442\u043e \u043e\u043d \u0441\u043e\u0434\u0435\u0440\u0436\u0438\u0442 \u0442\u043e\u043a\u0441\u0438\u0447\u043d\u044b\u0435 \u0432\u0435\u0449\u0435\u0441\u0442\u0432\u0430. \u041d\u0443\u0442 \u043e\u0431\u044b\u0447\u043d\u043e \u043f\u0440\u043e\u0434\u0430\u0435\u0442\u0441\u044f \u0432 \u0441\u0443\u0445\u043e\u043c \u0438\u043b\u0438 \u043a\u043e\u043d\u0441\u0435\u0440\u0432\u0438\u0440\u043e\u0432\u0430\u043d\u043d\u043e\u043c \u0432\u0438\u0434\u0435. \u041d\u0443\u0442, \u043e\u0431\u043b\u0430\u0434\u0430\u044e\u0449\u0438\u0439 \u043e\u0447\u0435\u043d\u044c \u0432\u044b\u0441\u043e\u043a\u043e\u0439 \u043a\u0430\u043b\u043e\u0440\u0438\u0439\u043d\u043e\u0441\u0442\u044c\u044e \u0438 \u043f\u0438\u0449\u0435\u0432\u043e\u0439 \u0446\u0435\u043d\u043d\u043e\u0441\u0442\u044c\u044e, \u0441\u043e\u0434\u0435\u0440\u0436\u0438\u0442 \u043a\u0430\u043b\u0438\u0439, \u0444\u043e\u0441\u0444\u043e\u0440, \u0436\u0435\u043b\u0435\u0437\u043e, \u0431\u0435\u043b\u043e\u043a \u0438 \u0434\u0440. \u0434\u043e\u0441\u0442\u0443\u043f\u043d\u044b.<\/p>\n<p><img loading=\"lazy\" class=\"alignright size-full wp-image-1074\" src=\"https:\/\/sadeoncubakliyat.com\/tr\/wp-content\/uploads\/2022\/01\/nohut_nedir_ve_nasil_pisirilir_h39029_4d687.jpg\" alt=\"\" width=\"706\" height=\"431\" srcset=\"https:\/\/sadeoncubakliyat.com\/wp-content\/uploads\/2022\/01\/nohut_nedir_ve_nasil_pisirilir_h39029_4d687.jpg 706w, https:\/\/sadeoncubakliyat.com\/wp-content\/uploads\/2022\/01\/nohut_nedir_ve_nasil_pisirilir_h39029_4d687-640x391.jpg 640w, https:\/\/sadeoncubakliyat.com\/wp-content\/uploads\/2022\/01\/nohut_nedir_ve_nasil_pisirilir_h39029_4d687-400x244.jpg 400w, https:\/\/sadeoncubakliyat.com\/wp-content\/uploads\/2022\/01\/nohut_nedir_ve_nasil_pisirilir_h39029_4d687-367x224.jpg 367w\" sizes=\"(max-width: 706px) 100vw, 706px\" \/><\/p>\n<h3><strong>\u041f\u0440\u0435\u0438\u043c\u0443\u0449\u0435\u0441\u0442\u0432\u0430 \u043d\u0443\u0442\u0430<\/strong><\/h3>\n<p class=\" translation-block\">\u2013 \u0423\u043a\u0440\u0435\u043f\u043b\u044f\u0435\u0442 \u0442\u0435\u043b\u043e \u0447\u0435\u043b\u043e\u0432\u0435\u043a\u0430.<br>\n\u2013 \u0423\u043a\u0440\u0435\u043f\u043b\u044f\u0435\u0442 \u0436\u0435\u043b\u0443\u0434\u043e\u043a.<br>\n\u2013 \u0414\u043e\u0441\u0442\u0443\u043f\u043d\u0430 \u0444\u0443\u043d\u043a\u0446\u0438\u044f \u00ab\u0410\u043f\u043f\u0435\u0442\u0438\u0442\u00bb.<br>\n\u2013 \u041e\u0447\u0438\u0449\u0430\u0435\u0442 \u043c\u043e\u0447\u0435\u0432\u044b\u0432\u043e\u0434\u044f\u0449\u0438\u0435 \u043f\u0443\u0442\u0438.<br>\n\u2013 \u0421\u043d\u0438\u043c\u0430\u0435\u0442 \u0443\u043c\u0441\u0442\u0432\u0435\u043d\u043d\u0443\u044e \u0443\u0441\u0442\u0430\u043b\u043e\u0441\u0442\u044c.<br>\n\u2013 \u041e\u043d \u043e\u0442\u043a\u0440\u044b\u0432\u0430\u0435\u0442 \u0432\u0435\u043d\u044b \u0432 \u0447\u0435\u043b\u043e\u0432\u0435\u0447\u0435\u0441\u043a\u043e\u043c \u0442\u0435\u043b\u0435.<br>\n\u2013 \u042d\u0444\u0444\u0435\u043a\u0442 \u0443\u0432\u0435\u043b\u0438\u0447\u0435\u043d\u0438\u044f \u0441\u0435\u043a\u0441\u0443\u0430\u043b\u044c\u043d\u043e\u0439 \u0441\u0438\u043b\u044b.<br>\n\u2013 \u041e\u0431\u043b\u0430\u0434\u0430\u0435\u0442 \u0437\u0430\u0449\u0438\u0442\u043d\u044b\u043c\u0438 \u0441\u0432\u043e\u0439\u0441\u0442\u0432\u0430\u043c\u0438, \u043e\u0441\u043e\u0431\u0435\u043d\u043d\u043e \u043f\u0440\u043e\u0442\u0438\u0432 \u0440\u0430\u043a\u0430 \u043c\u043e\u043b\u043e\u0447\u043d\u043e\u0439 \u0436\u0435\u043b\u0435\u0437\u044b.<br>\n\u2013 \u042d\u0442\u043e \u043e\u0447\u0435\u043d\u044c \u043f\u043e\u043b\u0435\u0437\u043d\u044b\u0439 \u0441\u043e\u0440\u0442 \u0440\u0430\u0441\u0442\u0435\u043d\u0438\u044f \u0432 \u043f\u0435\u0440\u0438\u043e\u0434 \u043c\u0435\u043d\u043e\u043f\u0430\u0443\u0437\u044b \u0443 \u0436\u0435\u043d\u0449\u0438\u043d.<br>\n\u2013 \u0425\u043e\u0440\u043e\u0448\u0438\u0435 \u0440\u0435\u0437\u0443\u043b\u044c\u0442\u0430\u0442\u044b \u043c\u043e\u0436\u043d\u043e \u043f\u043e\u043b\u0443\u0447\u0438\u0442\u044c, \u0435\u0441\u043b\u0438 \u043d\u0430 \u0440\u0430\u043d\u044b \u043d\u0430 \u043a\u043e\u0436\u0435 \u043d\u0430\u043d\u043e\u0441\u0438\u0442\u044c \u043f\u043e\u0440\u043e\u0448\u043e\u043a \u0438\u0437 \u043d\u0443\u0442\u0430.<br>\n\u2013 \u041a\u043e\u0433\u0434\u0430 \u043d\u0443\u0442 \u0438\u0437\u043c\u0435\u043b\u044c\u0447\u0430\u044e\u0442 \u0432 \u043f\u043e\u0440\u043e\u0448\u043e\u043a \u0438 \u043f\u0440\u0438\u043a\u043b\u0430\u0434\u044b\u0432\u0430\u044e\u0442 \u043a \u0440\u0430\u043d\u0430\u043c \u043d\u0430 \u043a\u043e\u0436\u0435, \u043d\u0430\u0431\u043b\u044e\u0434\u0430\u0435\u0442\u0441\u044f \u0435\u0433\u043e \u043f\u043e\u043b\u043e\u0436\u0438\u0442\u0435\u043b\u044c\u043d\u044b\u0439 \u044d\u0444\u0444\u0435\u043a\u0442.<\/p>\n<p>\u041d\u0438\u043a\u0430\u043a\u0438\u0445 \u043f\u043e\u0431\u043e\u0447\u043d\u044b\u0445 \u044d\u0444\u0444\u0435\u043a\u0442\u043e\u0432 \u043e\u0442 \u043d\u0443\u0442\u0430 \u043d\u0435 \u043d\u0430\u0431\u043b\u044e\u0434\u0430\u043b\u043e\u0441\u044c. \u041d\u0443\u0442, \u043a\u043e\u0442\u043e\u0440\u044b\u0439 \u0438\u0441\u043f\u043e\u043b\u044c\u0437\u0443\u0435\u0442\u0441\u044f \u0432 \u043f\u0438\u0449\u0443 \u0432 \u043a\u0430\u0447\u0435\u0441\u0442\u0432\u0435 \u043e\u0432\u043e\u0449\u0430, \u0442\u0430\u043a\u0436\u0435 \u043c\u043e\u0436\u0435\u0442 \u0431\u044b\u0442\u044c \u0438\u0441\u043f\u043e\u043b\u044c\u0437\u043e\u0432\u0430\u043d \u0434\u043b\u044f \u043f\u0440\u043e\u0438\u0437\u0432\u043e\u0434\u0441\u0442\u0432\u0430 \u043d\u0443\u0442\u0430.<\/p>\n\n\t\t<\/div>\n\t<\/div>\n<\/div><\/div><\/div><\/div><\/div>","protected":false},"excerpt":{"rendered":"Nohut bir baklagil t\u00fcr\u00fcd\u00fcr. \u00dclkemizin hemen hemen her yerinde yeti\u015fti\u011fi g\u00f6r\u00fclmektedir. Yeti\u015fti\u011fi topra\u011f\u0131n cinsine g\u00f6re de ge\u00e7 ya da \u00e7abuk pi\u015fmektedir. Nohutun boyu 50 cm\u2019ye kadar varabilmektedir. Yeti\u015ftirilmesi en kolay bitkilerden bir tanesidir. Anadolu\u2019nun k\u0131ra\u00e7 alanlar\u0131nda yeti\u015ftirilmektedir. Yapraklar\u0131 5 mm \u2013 15 mm aras\u0131 b\u00fcy\u00fckl\u00fc\u011f\u00fcndedir. Nohutun tohumlar\u0131 kurumadan da yenilebilmektedir. Ancak kurutulmu\u015f nohutun bir \u00e7ok [...]","protected":false},"author":1,"featured_media":0,"parent":0,"menu_order":0,"comment_status":"closed","ping_status":"closed","template":"","meta":{"_mi_skip_tracking":false},"yoast_head":"<!-- This site is optimized with the Yoast SEO Premium plugin v17.7 (Yoast SEO v17.7) - https:\/\/yoast.com\/wordpress\/plugins\/seo\/ -->\n<title>Nohut - Sade \u00d6nc\u00fc Bakliyat<\/title>\n<meta name=\"robots\" content=\"index, follow, max-snippet:-1, max-image-preview:large, max-video-preview:-1\" \/>\n<link rel=\"canonical\" href=\"https:\/\/sadeoncubakliyat.com\/ru\/nohut\/\" \/>\n<meta property=\"og:locale\" content=\"ru_RU\" \/>\n<meta property=\"og:type\" content=\"article\" \/>\n<meta property=\"og:title\" content=\"Nohut\" \/>\n<meta property=\"og:url\" content=\"https:\/\/sadeoncubakliyat.com\/ru\/nohut\/\" \/>\n<meta property=\"og:site_name\" content=\"Sade \u00d6nc\u00fc Bakliyat\" \/>\n<meta property=\"article:modified_time\" content=\"2022-01-07T19:20:37+00:00\" \/>\n<meta property=\"og:image\" content=\"https:\/\/sadeoncubakliyat.com\/tr\/wp-content\/uploads\/2021\/12\/nohut-1.jpg\" \/>\n<meta name=\"twitter:card\" content=\"summary\" \/>\n<meta name=\"twitter:label1\" content=\"\u041f\u0440\u0438\u043c\u0435\u0440\u043d\u043e\u0435 \u0432\u0440\u0435\u043c\u044f \u0434\u043b\u044f \u0447\u0442\u0435\u043d\u0438\u044f\" \/>\n\t<meta name=\"twitter:data1\" content=\"1 \u043c\u0438\u043d\u0443\u0442\u0430\" \/>\n<script type=\"application\/ld+json\" class=\"yoast-schema-graph\">{\"@context\":\"https:\/\/schema.org\",\"@graph\":[{\"@type\":\"Organization\",\"@id\":\"https:\/\/sadeoncubakliyat.com\/#organization\",\"name\":\"Sade \\u00d6nc\\u00fc Bakliyat\",\"url\":\"https:\/\/sadeoncubakliyat.com\/\",\"sameAs\":[],\"logo\":{\"@type\":\"ImageObject\",\"@id\":\"https:\/\/sadeoncubakliyat.com\/#logo\",\"inLanguage\":\"ru-RU\",\"url\":\"https:\/\/sadeoncubakliyat.com\/wp-content\/uploads\/2021\/12\/sade_oncu_bakliyat_logo-3.png\",\"contentUrl\":\"https:\/\/sadeoncubakliyat.com\/wp-content\/uploads\/2021\/12\/sade_oncu_bakliyat_logo-3.png\",\"width\":512,\"height\":512,\"caption\":\"Sade \\u00d6nc\\u00fc Bakliyat\"},\"image\":{\"@id\":\"https:\/\/sadeoncubakliyat.com\/#logo\"}},{\"@type\":\"WebSite\",\"@id\":\"https:\/\/sadeoncubakliyat.com\/#website\",\"url\":\"https:\/\/sadeoncubakliyat.com\/\",\"name\":\"Sade \\u00d6nc\\u00fc Bakliyat\",\"description\":\"Kalitede ve Sadelikte \\u00d6nc\\u00fc\",\"publisher\":{\"@id\":\"https:\/\/sadeoncubakliyat.com\/#organization\"},\"potentialAction\":[{\"@type\":\"SearchAction\",\"target\":{\"@type\":\"EntryPoint\",\"urlTemplate\":\"https:\/\/sadeoncubakliyat.com\/?s={search_term_string}\"},\"query-input\":\"required name=search_term_string\"}],\"inLanguage\":\"ru-RU\"},{\"@type\":\"ImageObject\",\"@id\":\"https:\/\/sadeoncubakliyat.com\/nohut\/#primaryimage\",\"inLanguage\":\"ru-RU\",\"url\":\"https:\/\/sadeoncubakliyat.com\/tr\/wp-content\/uploads\/2021\/12\/nohut-1.jpg\",\"contentUrl\":\"https:\/\/sadeoncubakliyat.com\/tr\/wp-content\/uploads\/2021\/12\/nohut-1.jpg\"},{\"@type\":\"WebPage\",\"@id\":\"https:\/\/sadeoncubakliyat.com\/nohut\/#webpage\",\"url\":\"https:\/\/sadeoncubakliyat.com\/nohut\/\",\"name\":\"Nohut - Sade \\u00d6nc\\u00fc Bakliyat\",\"isPartOf\":{\"@id\":\"https:\/\/sadeoncubakliyat.com\/#website\"},\"primaryImageOfPage\":{\"@id\":\"https:\/\/sadeoncubakliyat.com\/nohut\/#primaryimage\"},\"datePublished\":\"2022-01-03T14:42:55+00:00\",\"dateModified\":\"2022-01-07T19:20:37+00:00\",\"breadcrumb\":{\"@id\":\"https:\/\/sadeoncubakliyat.com\/nohut\/#breadcrumb\"},\"inLanguage\":\"ru-RU\",\"potentialAction\":[{\"@type\":\"ReadAction\",\"target\":[\"https:\/\/sadeoncubakliyat.com\/nohut\/\"]}]},{\"@type\":\"BreadcrumbList\",\"@id\":\"https:\/\/sadeoncubakliyat.com\/nohut\/#breadcrumb\",\"itemListElement\":[{\"@type\":\"ListItem\",\"position\":1,\"name\":\"Anasayfa\",\"item\":\"https:\/\/sadeoncubakliyat.com\/\"},{\"@type\":\"ListItem\",\"position\":2,\"name\":\"Nohut\"}]}]}<\/script>\n<!-- \/ Yoast SEO Premium plugin. -->","yoast_head_json":{"title":"Nohut - Sade \u00d6nc\u00fc Bakliyat","robots":{"index":"index","follow":"follow","max-snippet":"max-snippet:-1","max-image-preview":"max-image-preview:large","max-video-preview":"max-video-preview:-1"},"canonical":"https:\/\/sadeoncubakliyat.com\/ru\/nohut\/","og_locale":"ru_RU","og_type":"article","og_title":"Nohut","og_url":"https:\/\/sadeoncubakliyat.com\/ru\/nohut\/","og_site_name":"Sade \u00d6nc\u00fc Bakliyat","article_modified_time":"2022-01-07T19:20:37+00:00","og_image":[{"url":"https:\/\/sadeoncubakliyat.com\/tr\/wp-content\/uploads\/2021\/12\/nohut-1.jpg"}],"twitter_card":"summary","twitter_misc":{"\u041f\u0440\u0438\u043c\u0435\u0440\u043d\u043e\u0435 \u0432\u0440\u0435\u043c\u044f \u0434\u043b\u044f \u0447\u0442\u0435\u043d\u0438\u044f":"1 \u043c\u0438\u043d\u0443\u0442\u0430"},"schema":{"@context":"https:\/\/schema.org","@graph":[{"@type":"Organization","@id":"https:\/\/sadeoncubakliyat.com\/#organization","name":"Sade \u00d6nc\u00fc Bakliyat","url":"https:\/\/sadeoncubakliyat.com\/","sameAs":[],"logo":{"@type":"ImageObject","@id":"https:\/\/sadeoncubakliyat.com\/#logo","inLanguage":"ru-RU","url":"https:\/\/sadeoncubakliyat.com\/wp-content\/uploads\/2021\/12\/sade_oncu_bakliyat_logo-3.png","contentUrl":"https:\/\/sadeoncubakliyat.com\/wp-content\/uploads\/2021\/12\/sade_oncu_bakliyat_logo-3.png","width":512,"height":512,"caption":"Sade \u00d6nc\u00fc Bakliyat"},"image":{"@id":"https:\/\/sadeoncubakliyat.com\/#logo"}},{"@type":"WebSite","@id":"https:\/\/sadeoncubakliyat.com\/#website","url":"https:\/\/sadeoncubakliyat.com\/","name":"Sade \u00d6nc\u00fc Bakliyat","description":"Kalitede ve Sadelikte \u00d6nc\u00fc","publisher":{"@id":"https:\/\/sadeoncubakliyat.com\/#organization"},"potentialAction":[{"@type":"SearchAction","target":{"@type":"EntryPoint","urlTemplate":"https:\/\/sadeoncubakliyat.com\/?s={search_term_string}"},"query-input":"required name=search_term_string"}],"inLanguage":"ru-RU"},{"@type":"ImageObject","@id":"https:\/\/sadeoncubakliyat.com\/nohut\/#primaryimage","inLanguage":"ru-RU","url":"https:\/\/sadeoncubakliyat.com\/tr\/wp-content\/uploads\/2021\/12\/nohut-1.jpg","contentUrl":"https:\/\/sadeoncubakliyat.com\/tr\/wp-content\/uploads\/2021\/12\/nohut-1.jpg"},{"@type":"WebPage","@id":"https:\/\/sadeoncubakliyat.com\/nohut\/#webpage","url":"https:\/\/sadeoncubakliyat.com\/nohut\/","name":"Nohut - Sade \u00d6nc\u00fc Bakliyat","isPartOf":{"@id":"https:\/\/sadeoncubakliyat.com\/#website"},"primaryImageOfPage":{"@id":"https:\/\/sadeoncubakliyat.com\/nohut\/#primaryimage"},"datePublished":"2022-01-03T14:42:55+00:00","dateModified":"2022-01-07T19:20:37+00:00","breadcrumb":{"@id":"https:\/\/sadeoncubakliyat.com\/nohut\/#breadcrumb"},"inLanguage":"ru-RU","potentialAction":[{"@type":"ReadAction","target":["https:\/\/sadeoncubakliyat.com\/nohut\/"]}]},{"@type":"BreadcrumbList","@id":"https:\/\/sadeoncubakliyat.com\/nohut\/#breadcrumb","itemListElement":[{"@type":"ListItem","position":1,"name":"Anasayfa","item":"https:\/\/sadeoncubakliyat.com\/"},{"@type":"ListItem","position":2,"name":"Nohut"}]}]}},"_links":{"self":[{"href":"https:\/\/sadeoncubakliyat.com\/ru\/wp-json\/wp\/v2\/pages\/1073"}],"collection":[{"href":"https:\/\/sadeoncubakliyat.com\/ru\/wp-json\/wp\/v2\/pages"}],"about":[{"href":"https:\/\/sadeoncubakliyat.com\/ru\/wp-json\/wp\/v2\/types\/page"}],"author":[{"embeddable":true,"href":"https:\/\/sadeoncubakliyat.com\/ru\/wp-json\/wp\/v2\/users\/1"}],"replies":[{"embeddable":true,"href":"https:\/\/sadeoncubakliyat.com\/ru\/wp-json\/wp\/v2\/comments?post=1073"}],"version-history":[{"count":3,"href":"https:\/\/sadeoncubakliyat.com\/ru\/wp-json\/wp\/v2\/pages\/1073\/revisions"}],"predecessor-version":[{"id":1190,"href":"https:\/\/sadeoncubakliyat.com\/ru\/wp-json\/wp\/v2\/pages\/1073\/revisions\/1190"}],"wp:attachment":[{"href":"https:\/\/sadeoncubakliyat.com\/ru\/wp-json\/wp\/v2\/media?parent=1073"}],"curies":[{"name":"wp","href":"https:\/\/api.w.org\/{rel}","templated":true}]}}