{"id":1085,"date":"2022-01-03T18:04:35","date_gmt":"2022-01-03T15:04:35","guid":{"rendered":"https:\/\/sadeoncubakliyat.com\/tr\/?page_id=1085"},"modified":"2022-01-08T10:08:18","modified_gmt":"2022-01-08T07:08:18","slug":"bezelye","status":"publish","type":"page","link":"https:\/\/sadeoncubakliyat.com\/ru\/bezelye\/","title":{"rendered":"\u0413\u043e\u0440\u043e\u0445"},"content":{"rendered":"<div class=\"vc_row wpb_row vc_custom_1641219515782 porto-inner-container\"><div class=\"porto-wrap-container container\"><div class=\"row\"><div class=\"vc_column_container col-md-12\"><div class=\"wpb_wrapper vc_column-inner\">\n\t<div class=\"wpb_text_column wpb_content_element\" >\n\t\t<div class=\"wpb_wrapper\">\n\t\t\t<p><img loading=\"lazy\" class=\"alignleft wp-image-995\" src=\"https:\/\/sadeoncubakliyat.com\/tr\/wp-content\/uploads\/2021\/12\/bezelye-1-300x300.jpg\" alt=\"\" width=\"400\" height=\"400\" srcset=\"https:\/\/sadeoncubakliyat.com\/wp-content\/uploads\/2021\/12\/bezelye-1-400x400.jpg 400w, https:\/\/sadeoncubakliyat.com\/wp-content\/uploads\/2021\/12\/bezelye-1-367x367.jpg 367w\" sizes=\"(max-width: 400px) 100vw, 400px\" \/>\u0420\u0430\u0441\u0442\u0435\u043d\u0438\u0435 \u0433\u043e\u0440\u043e\u0445, \u043a\u043e\u0442\u043e\u0440\u043e\u0435 \u0432\u0435\u0441\u043d\u043e\u0439 \u0438 \u043b\u0435\u0442\u043e\u043c \u0434\u0430\u0435\u0442 \u0432\u043a\u0443\u0441\u043d\u044b\u0439 \u0438 \u043e\u0447\u0435\u043d\u044c \u043f\u0438\u0442\u0430\u0442\u0435\u043b\u044c\u043d\u044b\u0439 \u043e\u0432\u043e\u0449 \u043f\u043e\u0434 \u043d\u0430\u0437\u0432\u0430\u043d\u0438\u0435\u043c \u0433\u043e\u0440\u043e\u0445, \u043f\u0440\u043e\u0438\u0441\u0445\u043e\u0434\u0438\u0442 \u0438\u0437 \u0431\u043e\u0431\u043e\u0432\u044b\u0445. \u0420\u0430\u0441\u0442\u0435\u043d\u0438\u0435 \u0433\u043e\u0440\u043e\u0445, \u0440\u043e\u0434\u0438\u043d\u0430 \u043a\u043e\u0442\u043e\u0440\u043e\u0433\u043e \u043d\u0435\u0438\u0437\u0432\u0435\u0441\u0442\u043d\u0430, \u0438\u0437\u0434\u0430\u0432\u043d\u0430 \u0432\u043e\u0437\u0434\u0435\u043b\u044b\u0432\u0430\u043b\u0438 \u0432 \u0415\u0432\u0440\u0430\u0437\u0438\u0438. \u0421\u0435\u0433\u043e\u0434\u043d\u044f, \u043a\u0430\u043a \u0438 \u0432\u043e \u043c\u043d\u043e\u0433\u0438\u0445 \u0447\u0430\u0441\u0442\u044f\u0445 \u043c\u0438\u0440\u0430, \u0432 \u0422\u0443\u0440\u0446\u0438\u0438 \u0435\u0433\u043e \u0442\u0430\u043a\u0436\u0435 \u0432\u044b\u0440\u0430\u0449\u0438\u0432\u0430\u044e\u0442 \u0432 \u0438\u0437\u043e\u0431\u0438\u043b\u0438\u0438.<\/p>\n<p>\u0421\u0443\u0449\u0435\u0441\u0442\u0432\u0443\u0435\u0442 \u043c\u043d\u043e\u0433\u043e \u0440\u0430\u0437\u043d\u043e\u0432\u0438\u0434\u043d\u043e\u0441\u0442\u0435\u0439 \u044d\u0442\u043e\u0433\u043e \u043e\u0434\u043d\u043e\u043b\u0435\u0442\u043d\u0435\u0433\u043e \u0442\u0440\u0430\u0432\u044f\u043d\u0438\u0441\u0442\u043e\u0433\u043e \u0440\u0430\u0441\u0442\u0435\u043d\u0438\u044f, \u043d\u0430\u0437\u044b\u0432\u0430\u0435\u043c\u043e\u0433\u043e \u0433\u043e\u0440\u043e\u0445\u043e\u043c \u043f\u043e\u0441\u0435\u0432\u043d\u044b\u043c (P. sativum): \u043d\u0435\u043a\u043e\u0442\u043e\u0440\u044b\u0435 \u0438\u0437 \u043d\u0438\u0445 \u043a\u0430\u0440\u043b\u0438\u043a\u043e\u0432\u044b\u0435 \u0438 \u0432\u044b\u0440\u0430\u0441\u0442\u0430\u044e\u0442 \u0434\u043e 30-40 \u0441\u043c. \u043e\u043d \u0440\u0430\u0441\u0442\u0435\u0442 \u0438 \u0441\u0442\u0435\u043b\u0435\u0442\u0441\u044f \u043f\u043e \u0437\u0435\u043c\u043b\u0435 \u0441\u0432\u043e\u0438\u043c\u0438 \u0437\u0435\u043b\u0435\u043d\u044b\u043c\u0438 \u043b\u0438\u0441\u0442\u044c\u044f\u043c\u0438 \u0438 \u043f\u043e\u043a\u0440\u044b\u0432\u0430\u0435\u0442 \u0437\u0435\u043c\u043b\u044e. \u0414\u0440\u0443\u0433\u043e\u0439 \u0441\u043e\u0440\u0442, \u043d\u0430\u0437\u044b\u0432\u0430\u0435\u043c\u044b\u0439 \u0433\u043e\u0440\u043e\u0445\u043e\u043c, \u043f\u0440\u0435\u0434\u0441\u0442\u0430\u0432\u043b\u044f\u0435\u0442 \u0441\u043e\u0431\u043e\u0439 \u0432\u044c\u044e\u0449\u0435\u0435\u0441\u044f \u0440\u0430\u0441\u0442\u0435\u043d\u0438\u0435, \u043a\u043e\u0442\u043e\u0440\u043e\u0435 \u0446\u0435\u043f\u043b\u044f\u0435\u0442\u0441\u044f \u0437\u0430 \u0432\u0441\u0435, \u0447\u0442\u043e \u043d\u0430\u0445\u043e\u0434\u0438\u0442 \u0432\u044b\u0441\u043e\u043a\u0438\u043c, \u0441 \u043f\u043e\u043c\u043e\u0449\u044c\u044e \u043f\u0438\u044f\u0432\u043e\u043a, \u043a\u043e\u0442\u043e\u0440\u044b\u0435 \u043e\u043d\u043e \u0443\u0434\u0430\u043b\u044f\u0435\u0442 \u0441\u043e \u0441\u0442\u0435\u0431\u043b\u044f. \u0418\u0445 \u043d\u0443\u0436\u043d\u043e \u043f\u043e\u0434\u0434\u0435\u0440\u0436\u0438\u0432\u0430\u0442\u044c \u0441 \u044d\u043d\u0442\u0443\u0437\u0438\u0430\u0437\u043c\u043e\u043c. \u0412 \u043f\u0438\u0449\u0443 \u0443\u043f\u043e\u0442\u0440\u0435\u0431\u043b\u044f\u044e\u0442 \u0442\u043e\u043b\u044c\u043a\u043e \u0437\u0435\u0440\u043d\u0430 \u043d\u0435\u043a\u043e\u0442\u043e\u0440\u044b\u0445 \u0441\u043e\u0440\u0442\u043e\u0432 \u0433\u043e\u0440\u043e\u0445\u0430. \u041e\u0434\u043d\u0430\u043a\u043e \u0443 \u043d\u0435\u043a\u043e\u0442\u043e\u0440\u044b\u0445 \u0433\u043e\u0440\u043e\u0445\u043e\u0432 \u043d\u0435\u0442 \u0442\u0432\u0435\u0440\u0434\u043e\u0433\u043e \u0441\u043b\u043e\u044f, \u043d\u0430\u0437\u044b\u0432\u0430\u0435\u043c\u043e\u0433\u043e \u043f\u0435\u0440\u0433\u0430\u043c\u0435\u043d\u0442\u043e\u043c.<\/p>\n<p>\u042d\u0442\u043e\u0442 \u0432\u0438\u0434 \u0433\u043e\u0440\u043e\u0445\u0430, \u043d\u0430\u0437\u044b\u0432\u0430\u0435\u043c\u044b\u0439 \u0441\u0443\u043b\u0442\u0430\u043d\u0441\u043a\u0438\u043c \u0433\u043e\u0440\u043e\u0445\u043e\u043c, \u0435\u0434\u044f\u0442 \u0432\u043c\u0435\u0441\u0442\u0435 \u0441\u043e \u0441\u043a\u043e\u0440\u043b\u0443\u043f\u043e\u0439. \u0415\u0449\u0435 \u043e\u0434\u043d\u0438\u043c \u0432\u0430\u0436\u043d\u044b\u043c \u0441\u043e\u0440\u0442\u043e\u043c \u044f\u0432\u043b\u044f\u0435\u0442\u0441\u044f \u0433\u043e\u0440\u043e\u0445 \u0430\u0440\u0430\u043a\u0430 \u0441 \u043a\u0440\u0443\u043f\u043d\u044b\u043c\u0438 \u0437\u0435\u0440\u043d\u0430\u043c\u0438. \u0413\u043e\u0440\u043e\u0445 \u043b\u044e\u0431\u044f\u0442 \u0441\u0432\u0435\u0436\u0438\u043c \u0438 \u0435\u0434\u044f\u0442 \u0432 \u0441\u0430\u043c\u044b\u0445 \u0440\u0430\u0437\u043d\u044b\u0445 \u0431\u043b\u044e\u0434\u0430\u0445, \u0430 \u0442\u0430\u043a\u0436\u0435 \u0441\u0443\u0448\u0430\u0442, \u0437\u0430\u043c\u043e\u0440\u0430\u0436\u0438\u0432\u0430\u044e\u0442, \u043a\u043e\u043d\u0441\u0435\u0440\u0432\u0438\u0440\u0443\u044e\u0442 \u0438 \u0445\u0440\u0430\u043d\u044f\u0442 \u0434\u043b\u044f \u0443\u043f\u043e\u0442\u0440\u0435\u0431\u043b\u0435\u043d\u0438\u044f \u0432\u043f\u0440\u043e\u043a. \u041c\u0443\u043a\u0430 \u0438\u0437 \u0441\u0443\u0448\u0435\u043d\u043e\u0433\u043e \u0433\u043e\u0440\u043e\u0445\u0430 \u0438\u0441\u043f\u043e\u043b\u044c\u0437\u0443\u0435\u0442\u0441\u044f \u043f\u0440\u0438 \u043f\u0440\u0438\u0433\u043e\u0442\u043e\u0432\u043b\u0435\u043d\u0438\u0438 \u0432\u043a\u0443\u0441\u043d\u043e\u0433\u043e \u0433\u043e\u0440\u043e\u0445\u043e\u0432\u043e\u0433\u043e \u0441\u0443\u043f\u0430 \u0438 \u043d\u0435\u043a\u043e\u0442\u043e\u0440\u044b\u0445 \u0431\u043b\u044e\u0434. \u0421\u0443\u0449\u0435\u0441\u0442\u0432\u0443\u044e\u0442 \u0442\u0430\u043a\u0436\u0435 \u0440\u0430\u0437\u043d\u043e\u0432\u0438\u0434\u043d\u043e\u0441\u0442\u0438 \u043a\u043e\u0440\u043c\u043e\u0432\u043e\u0433\u043e \u0433\u043e\u0440\u043e\u0445\u0430, \u0432\u044b\u0440\u0430\u0449\u0438\u0432\u0430\u0435\u043c\u044b\u0435 \u0438\u0441\u043a\u043b\u044e\u0447\u0438\u0442\u0435\u043b\u044c\u043d\u043e \u0434\u043b\u044f \u0438\u0441\u043f\u043e\u043b\u044c\u0437\u043e\u0432\u0430\u043d\u0438\u044f \u0432 \u043a\u0430\u0447\u0435\u0441\u0442\u0432\u0435 \u043a\u043e\u0440\u043c\u0430 \u0434\u043b\u044f \u0436\u0438\u0432\u043e\u0442\u043d\u044b\u0445.<\/p>\n<h2>\u041f\u0418\u0422\u0410\u0422\u0415\u041b\u042c\u041d\u0410\u042f \u0426\u0415\u041d\u041d\u041e\u0421\u0422\u042c<\/h2>\n<h3><b><img loading=\"lazy\" class=\"wp-image-1086 alignright\" src=\"https:\/\/sadeoncubakliyat.com\/tr\/wp-content\/uploads\/2022\/01\/ezelye.jpg\" alt=\"\" width=\"349\" height=\"218\" \/><\/b><\/h3>\n<p>100 \u0433\u0440. \u041f\u0438\u0449\u0435\u0432\u0430\u044f \u0446\u0435\u043d\u043d\u043e\u0441\u0442\u044c \u0441\u044b\u0440\u043e\u0433\u043e (\u043d\u0435\u043f\u0440\u0438\u0433\u043e\u0442\u043e\u0432\u043b\u0435\u043d\u043d\u043e\u0433\u043e) \u0441\u0432\u0435\u0436\u0435\u0433\u043e \u0433\u043e\u0440\u043e\u0445\u0430 \u043c\u043e\u0436\u0435\u0442 \u0431\u044b\u0442\u044c \u0443\u043a\u0430\u0437\u0430\u043d\u0430 \u0441\u043b\u0435\u0434\u0443\u044e\u0449\u0438\u043c \u043e\u0431\u0440\u0430\u0437\u043e\u043c: 84 \u043a\u0430\u043b\u043e\u0440\u0438\u0438; 6,3 \u0433\u0440. \u0431\u0435\u043b\u043e\u043a; 14,4 \u0433\u0440. \u0443\u0433\u043b\u0435\u0432\u043e\u0434; 0 \u0445\u043e\u043b\u0435\u0441\u0442\u0435\u0440\u0438\u043d; 0,4 \u0433\u0440. \u043c\u0430\u0441\u043b\u043e; 2 \u0433\u0440. \u0432\u043e\u043b\u043e\u043a\u043d\u043e; 116 \u043c\u0433. \u0444\u043e\u0441\u0444\u043e\u0440; 26 \u043c\u0433. \u043a\u0430\u043b\u044c\u0446\u0438\u0439; 1,9 \u043c\u0433. \u0436\u0435\u043b\u0435\u0437\u043e: 2 \u043c\u0433. \u043d\u0430\u0442\u0440\u0438\u0439; 316 \u043c\u0433. \u043a\u0430\u043b\u0438\u0439; 35 \u043c\u0433. \u043c\u0430\u0433\u043d\u0438\u0439; 640 \u041c\u0415 \u0432\u0438\u0442\u0430\u043c\u0438\u043d\u0430 \u0410; 0,35 \u043c\u0433. \u0432\u0438\u0442\u0430\u043c\u0438\u043d \u04121; 0,14 \u043c\u0433. \u0432\u0438\u0442\u0430\u043c\u0438\u043d \u04122; 2,9 \u043c\u0433. \u0412\u0438\u0442\u0430\u043c\u0438\u043d B3: 0,16 \u043c\u0433. \u0432\u0438\u0442\u0430\u043c\u0438\u043d \u04126; 35,5 \u043c\u043a\u0433. \u0444\u043e\u043b\u0438\u0435\u0432\u0430\u044f \u043a\u0438\u0441\u043b\u043e\u0442\u0430; 27 \u043c\u0433. \u0432\u0438\u0442\u0430\u043c\u0438\u043d\u0430 \u0421 \u0438 2,1 \u043c\u0433. \u0412\u0438\u0442\u0430\u043c\u0438\u043d \u0415.<\/p>\n<p>\u0413\u043e\u0440\u043e\u0445 \u0440\u0430\u0437\u043c\u043d\u043e\u0436\u0430\u044e\u0442 \u0441\u0435\u043c\u0435\u043d\u0430\u043c\u0438 (\u0432\u044b\u0441\u0443\u0448\u0435\u043d\u043d\u044b\u043c\u0438 \u0437\u0435\u0440\u043d\u0430\u043c\u0438). \u042d\u0442\u0438 \u0441\u0435\u043c\u0435\u043d\u0430 \u0432\u044b\u0441\u0435\u0432\u0430\u044e\u0442 \u043d\u0435\u043f\u043e\u0441\u0440\u0435\u0434\u0441\u0442\u0432\u0435\u043d\u043d\u043e \u0432 \u043e\u0433\u043e\u0440\u043e\u0434 \u0438\u043b\u0438 \u043f\u043e\u043b\u0435, \u0433\u0434\u0435 \u0431\u0443\u0434\u0435\u0442 \u043f\u0440\u043e\u0438\u0441\u0445\u043e\u0434\u0438\u0442\u044c \u0432\u044b\u0440\u0430\u0449\u0438\u0432\u0430\u043d\u0438\u0435 \u0433\u043e\u0440\u043e\u0445\u0430. \u0413\u043e\u0440\u043e\u0445, \u043a\u043e\u0442\u043e\u0440\u044b\u0439 \u0431\u0443\u0434\u0435\u0442 \u0441\u043e\u0431\u0438\u0440\u0430\u0442\u044c\u0441\u044f \u0432\u0435\u0441\u043d\u043e\u0439, \u0441\u0430\u0436\u0430\u044e\u0442 \u0432 \u043e\u043a\u0442\u044f\u0431\u0440\u0435-\u043d\u043e\u044f\u0431\u0440\u0435-\u0434\u0435\u043a\u0430\u0431\u0440\u0435, \u0430 \u0442\u0435, \u043a\u043e\u0442\u043e\u0440\u044b\u0435 \u0431\u0443\u0434\u0443\u0442 \u0441\u043e\u0431\u0438\u0440\u0430\u0442\u044c \u043b\u0435\u0442\u043e\u043c, \u0441\u0430\u0436\u0430\u044e\u0442 \u0432\u0435\u0441\u043d\u043e\u0439. \u0421\u0435\u043c\u0435\u043d\u0430 \u0433\u043e\u0440\u043e\u0445\u0430 \u043d\u0438\u043a\u043e\u0433\u0434\u0430 \u043d\u0435 \u0441\u043b\u0435\u0434\u0443\u0435\u0442 \u0441\u0430\u0436\u0430\u0442\u044c \u0432 \u0445\u043e\u043b\u043e\u0434\u043d\u0443\u044e \u0438 \u0432\u043b\u0430\u0436\u043d\u0443\u044e \u043f\u043e\u0447\u0432\u0443, \u0438 \u0441\u043b\u0435\u0434\u0443\u0435\u0442 \u0441\u043b\u0435\u0434\u0438\u0442\u044c \u0437\u0430 \u0442\u0435\u043c, \u0447\u0442\u043e\u0431\u044b \u0432\u044b\u0440\u0430\u0449\u0438\u0432\u0430\u043d\u0438\u0435 \u0433\u043e\u0440\u043e\u0445\u0430 \u043d\u0435 \u043f\u0440\u043e\u0438\u0437\u0432\u043e\u0434\u0438\u043b\u043e\u0441\u044c \u0432 \u043e\u0434\u043d\u043e\u0439 \u0438 \u0442\u043e\u0439 \u0436\u0435 \u043f\u043e\u0447\u0432\u0435 \u0432 \u0442\u0435\u0447\u0435\u043d\u0438\u0435 \u0434\u0432\u0443\u0445 \u043b\u0435\u0442. \u041f\u0440\u0438 \u0440\u0443\u0447\u043d\u043e\u043c \u043f\u043e\u0441\u0435\u0432\u0435 \u0441\u0435\u043c\u0435\u043d\u0430 \u0441\u043b\u0435\u0434\u0443\u0435\u0442 \u043f\u043b\u043e\u0442\u043d\u043e \u043f\u0440\u0438\u0436\u0430\u0442\u044c \u0443\u0434\u043e\u0431\u0440\u044f\u044e\u0449\u0438\u043c \u0440\u0430\u0441\u0442\u0432\u043e\u0440\u043e\u043c.<\/p>\n\n\t\t<\/div>\n\t<\/div>\n<\/div><\/div><\/div><\/div><\/div>","protected":false},"excerpt":{"rendered":"Bezelye\u00a0adl\u0131 lezzetli ve \u00e7ok besleyici sebzeyi ilkbaharda ve yaz\u0131n veren Bezelye bitkisi,\u00a0Baklagiller'dendir. Anayurdu bilinmeyen bezelye bitkisi \u00e7ok eski \u00e7a\u011flardan beri Avrasya'da yeti\u015ftirilmi\u015ftir. G\u00fcn\u00fcm\u00fczde d\u00fcnyan\u0131n pek \u00e7ok yerinde oldu\u011fu gibi\u00a0T\u00fcrkiye'de de bol bol yeti\u015ftirilmektedir. Bah\u00e7e bezelyesi (P. sativum) ad\u0131 verilen bu biry\u0131ll\u0131k otsu bitkinin bir\u00e7ok \u00e7e\u015fidi vard\u0131r: Bunlardan baz\u0131s\u0131 bodur olup en \u00e7ok 30-40 cm. boylanarak [...]","protected":false},"author":1,"featured_media":0,"parent":0,"menu_order":0,"comment_status":"closed","ping_status":"closed","template":"","meta":{"_mi_skip_tracking":false},"yoast_head":"<!-- This site is optimized with the Yoast SEO Premium plugin v17.7 (Yoast SEO v17.7) - https:\/\/yoast.com\/wordpress\/plugins\/seo\/ -->\n<title>Bezelye - Sade \u00d6nc\u00fc Bakliyat<\/title>\n<meta name=\"robots\" content=\"index, follow, max-snippet:-1, max-image-preview:large, max-video-preview:-1\" \/>\n<link rel=\"canonical\" href=\"https:\/\/sadeoncubakliyat.com\/ru\/bezelye\/\" \/>\n<meta property=\"og:locale\" content=\"ru_RU\" \/>\n<meta property=\"og:type\" content=\"article\" \/>\n<meta property=\"og:title\" content=\"Bezelye\" \/>\n<meta property=\"og:url\" content=\"https:\/\/sadeoncubakliyat.com\/ru\/bezelye\/\" \/>\n<meta property=\"og:site_name\" content=\"Sade \u00d6nc\u00fc Bakliyat\" \/>\n<meta property=\"article:modified_time\" content=\"2022-01-08T07:08:18+00:00\" \/>\n<meta property=\"og:image\" content=\"https:\/\/sadeoncubakliyat.com\/tr\/wp-content\/uploads\/2021\/12\/bezelye-1-300x300.jpg\" \/>\n<meta name=\"twitter:card\" content=\"summary\" \/>\n<meta name=\"twitter:label1\" content=\"\u041f\u0440\u0438\u043c\u0435\u0440\u043d\u043e\u0435 \u0432\u0440\u0435\u043c\u044f \u0434\u043b\u044f \u0447\u0442\u0435\u043d\u0438\u044f\" \/>\n\t<meta name=\"twitter:data1\" content=\"2 \u043c\u0438\u043d\u0443\u0442\u044b\" \/>\n<script type=\"application\/ld+json\" class=\"yoast-schema-graph\">{\"@context\":\"https:\/\/schema.org\",\"@graph\":[{\"@type\":\"Organization\",\"@id\":\"https:\/\/sadeoncubakliyat.com\/#organization\",\"name\":\"Sade \\u00d6nc\\u00fc Bakliyat\",\"url\":\"https:\/\/sadeoncubakliyat.com\/\",\"sameAs\":[],\"logo\":{\"@type\":\"ImageObject\",\"@id\":\"https:\/\/sadeoncubakliyat.com\/#logo\",\"inLanguage\":\"ru-RU\",\"url\":\"https:\/\/sadeoncubakliyat.com\/wp-content\/uploads\/2021\/12\/sade_oncu_bakliyat_logo-3.png\",\"contentUrl\":\"https:\/\/sadeoncubakliyat.com\/wp-content\/uploads\/2021\/12\/sade_oncu_bakliyat_logo-3.png\",\"width\":512,\"height\":512,\"caption\":\"Sade \\u00d6nc\\u00fc Bakliyat\"},\"image\":{\"@id\":\"https:\/\/sadeoncubakliyat.com\/#logo\"}},{\"@type\":\"WebSite\",\"@id\":\"https:\/\/sadeoncubakliyat.com\/#website\",\"url\":\"https:\/\/sadeoncubakliyat.com\/\",\"name\":\"Sade \\u00d6nc\\u00fc Bakliyat\",\"description\":\"Kalitede ve Sadelikte \\u00d6nc\\u00fc\",\"publisher\":{\"@id\":\"https:\/\/sadeoncubakliyat.com\/#organization\"},\"potentialAction\":[{\"@type\":\"SearchAction\",\"target\":{\"@type\":\"EntryPoint\",\"urlTemplate\":\"https:\/\/sadeoncubakliyat.com\/?s={search_term_string}\"},\"query-input\":\"required name=search_term_string\"}],\"inLanguage\":\"ru-RU\"},{\"@type\":\"ImageObject\",\"@id\":\"https:\/\/sadeoncubakliyat.com\/bezelye\/#primaryimage\",\"inLanguage\":\"ru-RU\",\"url\":\"https:\/\/sadeoncubakliyat.com\/tr\/wp-content\/uploads\/2021\/12\/bezelye-1-300x300.jpg\",\"contentUrl\":\"https:\/\/sadeoncubakliyat.com\/tr\/wp-content\/uploads\/2021\/12\/bezelye-1-300x300.jpg\"},{\"@type\":\"WebPage\",\"@id\":\"https:\/\/sadeoncubakliyat.com\/bezelye\/#webpage\",\"url\":\"https:\/\/sadeoncubakliyat.com\/bezelye\/\",\"name\":\"Bezelye - Sade \\u00d6nc\\u00fc Bakliyat\",\"isPartOf\":{\"@id\":\"https:\/\/sadeoncubakliyat.com\/#website\"},\"primaryImageOfPage\":{\"@id\":\"https:\/\/sadeoncubakliyat.com\/bezelye\/#primaryimage\"},\"datePublished\":\"2022-01-03T15:04:35+00:00\",\"dateModified\":\"2022-01-08T07:08:18+00:00\",\"breadcrumb\":{\"@id\":\"https:\/\/sadeoncubakliyat.com\/bezelye\/#breadcrumb\"},\"inLanguage\":\"ru-RU\",\"potentialAction\":[{\"@type\":\"ReadAction\",\"target\":[\"https:\/\/sadeoncubakliyat.com\/bezelye\/\"]}]},{\"@type\":\"BreadcrumbList\",\"@id\":\"https:\/\/sadeoncubakliyat.com\/bezelye\/#breadcrumb\",\"itemListElement\":[{\"@type\":\"ListItem\",\"position\":1,\"name\":\"Anasayfa\",\"item\":\"https:\/\/sadeoncubakliyat.com\/\"},{\"@type\":\"ListItem\",\"position\":2,\"name\":\"Bezelye\"}]}]}<\/script>\n<!-- \/ Yoast SEO Premium plugin. -->","yoast_head_json":{"title":"Bezelye - Sade \u00d6nc\u00fc Bakliyat","robots":{"index":"index","follow":"follow","max-snippet":"max-snippet:-1","max-image-preview":"max-image-preview:large","max-video-preview":"max-video-preview:-1"},"canonical":"https:\/\/sadeoncubakliyat.com\/ru\/bezelye\/","og_locale":"ru_RU","og_type":"article","og_title":"Bezelye","og_url":"https:\/\/sadeoncubakliyat.com\/ru\/bezelye\/","og_site_name":"Sade \u00d6nc\u00fc Bakliyat","article_modified_time":"2022-01-08T07:08:18+00:00","og_image":[{"url":"https:\/\/sadeoncubakliyat.com\/tr\/wp-content\/uploads\/2021\/12\/bezelye-1-300x300.jpg"}],"twitter_card":"summary","twitter_misc":{"\u041f\u0440\u0438\u043c\u0435\u0440\u043d\u043e\u0435 \u0432\u0440\u0435\u043c\u044f \u0434\u043b\u044f \u0447\u0442\u0435\u043d\u0438\u044f":"2 \u043c\u0438\u043d\u0443\u0442\u044b"},"schema":{"@context":"https:\/\/schema.org","@graph":[{"@type":"Organization","@id":"https:\/\/sadeoncubakliyat.com\/#organization","name":"Sade \u00d6nc\u00fc Bakliyat","url":"https:\/\/sadeoncubakliyat.com\/","sameAs":[],"logo":{"@type":"ImageObject","@id":"https:\/\/sadeoncubakliyat.com\/#logo","inLanguage":"ru-RU","url":"https:\/\/sadeoncubakliyat.com\/wp-content\/uploads\/2021\/12\/sade_oncu_bakliyat_logo-3.png","contentUrl":"https:\/\/sadeoncubakliyat.com\/wp-content\/uploads\/2021\/12\/sade_oncu_bakliyat_logo-3.png","width":512,"height":512,"caption":"Sade \u00d6nc\u00fc Bakliyat"},"image":{"@id":"https:\/\/sadeoncubakliyat.com\/#logo"}},{"@type":"WebSite","@id":"https:\/\/sadeoncubakliyat.com\/#website","url":"https:\/\/sadeoncubakliyat.com\/","name":"Sade \u00d6nc\u00fc Bakliyat","description":"Kalitede ve Sadelikte \u00d6nc\u00fc","publisher":{"@id":"https:\/\/sadeoncubakliyat.com\/#organization"},"potentialAction":[{"@type":"SearchAction","target":{"@type":"EntryPoint","urlTemplate":"https:\/\/sadeoncubakliyat.com\/?s={search_term_string}"},"query-input":"required name=search_term_string"}],"inLanguage":"ru-RU"},{"@type":"ImageObject","@id":"https:\/\/sadeoncubakliyat.com\/bezelye\/#primaryimage","inLanguage":"ru-RU","url":"https:\/\/sadeoncubakliyat.com\/tr\/wp-content\/uploads\/2021\/12\/bezelye-1-300x300.jpg","contentUrl":"https:\/\/sadeoncubakliyat.com\/tr\/wp-content\/uploads\/2021\/12\/bezelye-1-300x300.jpg"},{"@type":"WebPage","@id":"https:\/\/sadeoncubakliyat.com\/bezelye\/#webpage","url":"https:\/\/sadeoncubakliyat.com\/bezelye\/","name":"Bezelye - Sade \u00d6nc\u00fc Bakliyat","isPartOf":{"@id":"https:\/\/sadeoncubakliyat.com\/#website"},"primaryImageOfPage":{"@id":"https:\/\/sadeoncubakliyat.com\/bezelye\/#primaryimage"},"datePublished":"2022-01-03T15:04:35+00:00","dateModified":"2022-01-08T07:08:18+00:00","breadcrumb":{"@id":"https:\/\/sadeoncubakliyat.com\/bezelye\/#breadcrumb"},"inLanguage":"ru-RU","potentialAction":[{"@type":"ReadAction","target":["https:\/\/sadeoncubakliyat.com\/bezelye\/"]}]},{"@type":"BreadcrumbList","@id":"https:\/\/sadeoncubakliyat.com\/bezelye\/#breadcrumb","itemListElement":[{"@type":"ListItem","position":1,"name":"Anasayfa","item":"https:\/\/sadeoncubakliyat.com\/"},{"@type":"ListItem","position":2,"name":"Bezelye"}]}]}},"_links":{"self":[{"href":"https:\/\/sadeoncubakliyat.com\/ru\/wp-json\/wp\/v2\/pages\/1085"}],"collection":[{"href":"https:\/\/sadeoncubakliyat.com\/ru\/wp-json\/wp\/v2\/pages"}],"about":[{"href":"https:\/\/sadeoncubakliyat.com\/ru\/wp-json\/wp\/v2\/types\/page"}],"author":[{"embeddable":true,"href":"https:\/\/sadeoncubakliyat.com\/ru\/wp-json\/wp\/v2\/users\/1"}],"replies":[{"embeddable":true,"href":"https:\/\/sadeoncubakliyat.com\/ru\/wp-json\/wp\/v2\/comments?post=1085"}],"version-history":[{"count":6,"href":"https:\/\/sadeoncubakliyat.com\/ru\/wp-json\/wp\/v2\/pages\/1085\/revisions"}],"predecessor-version":[{"id":1197,"href":"https:\/\/sadeoncubakliyat.com\/ru\/wp-json\/wp\/v2\/pages\/1085\/revisions\/1197"}],"wp:attachment":[{"href":"https:\/\/sadeoncubakliyat.com\/ru\/wp-json\/wp\/v2\/media?parent=1085"}],"curies":[{"name":"wp","href":"https:\/\/api.w.org\/{rel}","templated":true}]}}