{"id":1097,"date":"2022-01-03T18:12:45","date_gmt":"2022-01-03T15:12:45","guid":{"rendered":"https:\/\/sadeoncubakliyat.com\/tr\/?page_id=1097"},"modified":"2022-01-08T10:43:03","modified_gmt":"2022-01-08T07:43:03","slug":"misir","status":"publish","type":"page","link":"https:\/\/sadeoncubakliyat.com\/ru\/misir\/","title":{"rendered":"\u0441\u043b\u0430\u0434\u043a\u0430\u044f \u043a\u0443\u043a\u0443\u0440\u0443\u0437\u0430"},"content":{"rendered":"<div class=\"vc_row wpb_row vc_custom_1641219515782 porto-inner-container\"><div class=\"porto-wrap-container container\"><div class=\"row\"><div class=\"vc_column_container col-md-12\"><div class=\"wpb_wrapper vc_column-inner\">\n\t<div class=\"wpb_text_column wpb_content_element\" >\n\t\t<div class=\"wpb_wrapper\">\n\t\t\t<h2><img loading=\"lazy\" class=\"alignright wp-image-994\" src=\"https:\/\/sadeoncubakliyat.com\/tr\/wp-content\/uploads\/2021\/12\/misir-1-300x300.jpg\" alt=\"\" width=\"400\" height=\"400\" srcset=\"https:\/\/sadeoncubakliyat.com\/wp-content\/uploads\/2021\/12\/misir-1-400x400.jpg 400w, https:\/\/sadeoncubakliyat.com\/wp-content\/uploads\/2021\/12\/misir-1-367x367.jpg 367w\" sizes=\"(max-width: 400px) 100vw, 400px\" \/>\u0427\u0442\u043e \u0442\u0430\u043a\u043e\u0435 \u043a\u0443\u043a\u0443\u0440\u0443\u0437\u0430? \u041a\u0430\u043a\u043e\u0432\u044b \u043f\u0440\u0435\u0438\u043c\u0443\u0449\u0435\u0441\u0442\u0432\u0430?<\/h2>\n<p class=\" translation-block\"><strong>\u0411\u043e\u0442\u0430\u043d\u0438\u0447\u0435\u0441\u043a\u0430\u044f \u0438\u043d\u0444\u043e\u0440\u043c\u0430\u0446\u0438\u044f:<\/strong> \u043f\u0440\u0438\u043d\u0430\u0434\u043b\u0435\u0436\u0438\u0442 \u043a \u0441\u0435\u043c\u0435\u0439\u0441\u0442\u0432\u0443 \u043f\u044b\u0440\u0435\u0439\u043d\u044b\u0445. \u042d\u0442\u043e \u043e\u0434\u043d\u043e\u043b\u0435\u0442\u043d\u0435\u0435 \u0442\u0440\u0430\u0432\u044f\u043d\u0438\u0441\u0442\u043e\u0435 \u0440\u0430\u0441\u0442\u0435\u043d\u0438\u0435, \u0434\u043b\u0438\u043d\u0430 \u043a\u043e\u0442\u043e\u0440\u043e\u0433\u043e \u043c\u043e\u0436\u0435\u0442 \u0441\u043e\u0441\u0442\u0430\u0432\u043b\u044f\u0442\u044c \u043e\u0442 1,5 \u0434\u043e 3 \u043c\u0435\u0442\u0440\u043e\u0432 \u0432 \u0437\u0430\u0432\u0438\u0441\u0438\u043c\u043e\u0441\u0442\u0438 \u043e\u0442 \u0440\u0435\u0433\u0438\u043e\u043d\u0430 \u043f\u0440\u043e\u0438\u0437\u0440\u0430\u0441\u0442\u0430\u043d\u0438\u044f. \u041b\u0438\u0441\u0442\u044c\u044f \u0438\u043c\u0435\u044e\u0442 \u0444\u043e\u0440\u043c\u0443 \u0434\u043b\u0438\u043d\u043d\u043e\u0433\u043e \u0442\u043e\u043d\u043a\u043e\u0433\u043e \u043a\u043e\u043f\u044c\u044f, \u0441\u0443\u0436\u0430\u044e\u0449\u0435\u0433\u043e\u0441\u044f \u043a \u043a\u043e\u043d\u0447\u0438\u043a\u0443. \u041a\u0440\u0430\u044f \u043b\u0438\u0441\u0442\u044c\u0435\u0432 \u0446\u0435\u043b\u044c\u043d\u043e\u043a\u0440\u0430\u0439\u043d\u0438\u0435, \u0432\u043e\u043b\u043d\u0438\u0441\u0442\u044b\u0435, \u0441 \u0438\u0434\u0443\u0449\u0435\u0439 \u043e\u0442 \u0446\u0435\u043d\u0442\u0440\u0430 \u0441\u0435\u0440\u043e\u0432\u0430\u0442\u043e-\u0431\u0435\u043b\u043e\u0439 \u043a\u0440\u0443\u043f\u043d\u043e\u0439 \u0433\u043b\u0430\u0432\u043d\u043e\u0439 \u0436\u0438\u043b\u043a\u043e\u0439 \u0438 \u043f\u0430\u0440\u0430\u043b\u043b\u0435\u043b\u044c\u043d\u044b\u043c\u0438 \u0435\u0439 \u0434\u0435\u0441\u044f\u0442\u043a\u043e\u043c \u043b\u0435\u0432\u044b\u0445 \u0438 \u043f\u0440\u0430\u0432\u044b\u0445 \u0431\u043e\u043a\u043e\u0432\u044b\u0445 \u0436\u0438\u043b\u043e\u043a. \u041c\u0443\u0436\u0441\u043a\u0438\u0435 \u0438 \u0436\u0435\u043d\u0441\u043a\u0438\u0435 \u0446\u0432\u0435\u0442\u043a\u0438 \u0441\u0442\u043e\u044f\u0442 \u043e\u0442\u0434\u0435\u043b\u044c\u043d\u043e, \u043d\u043e \u043d\u0430 \u043e\u0434\u043d\u043e\u043c \u0440\u0430\u0441\u0442\u0435\u043d\u0438\u0438. \u0416\u0435\u043d\u0441\u043a\u0438\u0435 \u0446\u0432\u0435\u0442\u043a\u0438 \u043f\u0440\u0435\u0434\u0441\u0442\u0430\u0432\u043b\u044f\u044e\u0442 \u0441\u043e\u0431\u043e\u0439 \u043a\u0438\u0441\u0442\u043e\u0447\u043a\u0438, \u0432\u044b\u0445\u043e\u0434\u044f\u0449\u0438\u0435 \u0438\u0437 \u043f\u043e\u0447\u0430\u0442\u043a\u0430. \u0415\u0433\u043e \u043f\u043b\u043e\u0434 \u0434\u043b\u044f \u043a\u0440\u0430\u0442\u043a\u043e\u0441\u0442\u0438 \u043d\u0430\u0437\u044b\u0432\u0430\u0435\u0442\u0441\u044f \u043a\u0443\u043a\u0443\u0440\u0443\u0437\u043d\u044b\u043c \u043f\u043e\u0447\u0430\u0442\u043a\u043e\u043c, \u0438 \u043d\u0430 \u044d\u0442\u043e\u043c \u043c\u0443\u0436\u0435 \u0432\u044b\u0441\u0442\u0440\u0430\u0438\u0432\u0430\u0435\u0442\u0441\u044f 100-200 \u0441\u0435\u043c\u044f\u043d \u043a\u0443\u043a\u0443\u0440\u0443\u0437\u044b.<\/p>\n<p><img loading=\"lazy\" class=\"alignleft\" title=\"misir.gif\" src=\"https:\/\/www.saglikaktuel.com\/d\/encyclopedia\/misir.gif\" alt=\"misir.gif\" width=\"390\" height=\"312\" \/><strong>\u041e\u043a\u0443\u043b\u044c\u0442\u0443\u0440\u0435\u043d\u043d\u044b\u0435 \u043c\u0435\u0441\u0442\u0430:<\/strong>\u00a0\u041a\u0443\u043a\u0443\u0440\u0443\u0437\u0430, \u0440\u043e\u0434\u0438\u043d\u043e\u0439 \u043a\u043e\u0442\u043e\u0440\u043e\u0439 \u044f\u0432\u043b\u044f\u0435\u0442\u0441\u044f \u042e\u0436\u043d\u0430\u044f \u0410\u043c\u0435\u0440\u0438\u043a\u0430, \u0431\u044b\u043b\u0430 \u0437\u0430\u0432\u0435\u0437\u0435\u043d\u0430 \u0432 \u0415\u0432\u0440\u043e\u043f\u0443 \u043c\u043e\u0440\u0435\u043f\u043b\u0430\u0432\u0430\u0442\u0435\u043b\u044f\u043c\u0438 \u043f\u043e\u0441\u043b\u0435 \u043e\u0442\u043a\u0440\u044b\u0442\u0438\u044f \u0410\u043c\u0435\u0440\u0438\u043a\u0438. \u041e\u0442\u0441\u044e\u0434\u0430 \u0438 \u0441\u0447\u0438\u0442\u0430\u0435\u0442\u0441\u044f, \u0447\u0442\u043e \u044d\u0442\u043e \u0440\u0430\u0441\u0442\u0435\u043d\u0438\u0435 \u043d\u0430 \u043d\u0430\u0448\u0435\u043c \u044f\u0437\u044b\u043a\u0435 \u043d\u0430\u0437\u044b\u0432\u0430\u0435\u0442\u0441\u044f \u043a\u0443\u043a\u0443\u0440\u0443\u0437\u043e\u0439, \u0442\u0430\u043a \u043a\u0430\u043a \u043e\u043d\u043e \u0431\u044b\u043b\u043e \u0437\u0430\u0432\u0435\u0437\u0435\u043d\u043e \u0432 \u043d\u0430\u0448\u0443 \u0441\u0442\u0440\u0430\u043d\u0443 \u0441 \u043c\u0430\u0442\u0435\u0440\u0438\u043a\u043e\u0432\u043e\u0439 \u0447\u0430\u0441\u0442\u0438 \u0410\u0444\u0440\u0438\u043a\u0438 \u0447\u0435\u0440\u0435\u0437 \u0415\u0433\u0438\u043f\u0435\u0442. \u041a\u043b\u0438\u043c\u0430\u0442 \u0422\u0443\u0440\u0446\u0438\u0438 \u0432\u043f\u043e\u043b\u043d\u0435 \u043f\u043e\u0434\u0445\u043e\u0434\u0438\u0442 \u0434\u043b\u044f \u0415\u0433\u0438\u043f\u0442\u0430, \u043f\u043e\u044d\u0442\u043e\u043c\u0443 \u0435\u0433\u043e \u0432\u044b\u0440\u0430\u0449\u0438\u0432\u0430\u044e\u0442 \u043d\u0430 \u043e\u0431\u0448\u0438\u0440\u043d\u043e\u0439 \u0442\u0435\u0440\u0440\u0438\u0442\u043e\u0440\u0438\u0438.<\/p>\n<p class=\" translation-block\"><strong>\u0421\u0431\u043e\u0440 - \u0425\u0440\u0430\u043d\u0435\u043d\u0438\u0435:<\/strong>\u00a0\u0441\u043e\u0437\u0440\u0435\u0432\u0448\u0438\u0435 \u043f\u043e\u0447\u0430\u0442\u043a\u0438 \u043a\u0443\u043a\u0443\u0440\u0443\u0437\u044b \u0441\u043e\u0431\u0438\u0440\u0430\u044e\u0442, \u0441\u0443\u0448\u0430\u0442 \u0438 \u0438\u0437 \u043d\u0438\u0445 \u043f\u043e\u043b\u0443\u0447\u0430\u044e\u0442 \u043a\u0440\u0430\u0445\u043c\u0430\u043b \u0438\u043b\u0438 \u043c\u0430\u0441\u043b\u043e. \u041a\u0443\u043a\u0443\u0440\u0443\u0437\u043d\u044b\u0435 \u043a\u0438\u0441\u0442\u043e\u0447\u043a\u0438 \u0441\u043e\u0431\u0438\u0440\u0430\u044e\u0442 \u0432 \u0438\u044e\u043d\u0435 \u0438\u043b\u0438 \u0438\u044e\u043b\u0435, \u0441\u0443\u0448\u0430\u0442 \u0432 \u0442\u0435\u043d\u0438 \u0438 \u0445\u0440\u0430\u043d\u044f\u0442 \u0432 \u0441\u043f\u0435\u0446\u0438\u0430\u043b\u044c\u043d\u044b\u0445 \u0437\u0430\u043a\u0440\u044b\u0442\u044b\u0445 \u0435\u043c\u043a\u043e\u0441\u0442\u044f\u0445.<\/p>\n<p class=\" translation-block\"><strong>\u0418\u0437\u0432\u0435\u0441\u0442\u043d\u044b\u0439 \u0441\u043e\u0441\u0442\u0430\u0432:<\/strong>\u00a0\u0437\u0435\u0440\u043d\u0430 \u043a\u0443\u043a\u0443\u0440\u0443\u0437\u044b \u0441\u043e\u0434\u0435\u0440\u0436\u0430\u0442 \u0432\u044b\u0441\u043e\u043a\u0438\u0439 \u043f\u0440\u043e\u0446\u0435\u043d\u0442 \u043a\u0440\u0430\u0445\u043c\u0430\u043b\u0430, \u043d\u0435\u043d\u0430\u0441\u044b\u0449\u0435\u043d\u043d\u044b\u0445 \u0436\u0438\u0440\u043d\u044b\u0445 \u043a\u0438\u0441\u043b\u043e\u0442, \u0432\u0438\u0442\u0430\u043c\u0438\u043d\u0430 \u0410 \u0438 \u0441\u0442\u0435\u0440\u043e\u043b\u043e\u0432. \u0418\u043d\u0433\u0440\u0435\u0434\u0438\u0435\u043d\u0442\u044b \u043a\u0443\u043a\u0443\u0440\u0443\u0437\u043d\u044b\u0445 \u0440\u044b\u043b\u0435\u0446, \u0438\u0441\u043f\u043e\u043b\u044c\u0437\u0443\u0435\u043c\u044b\u0445 \u0432 \u043a\u0430\u0447\u0435\u0441\u0442\u0432\u0435 \u043b\u0435\u043a\u0430\u0440\u0441\u0442\u0432\u0430, \u0441\u043b\u0435\u0434\u0443\u044e\u0449\u0438\u0435: \u0441\u0430\u0445\u0430\u0440\u0430, \u0442\u0430\u043a\u0438\u0435 \u043a\u0430\u043a \u0433\u043b\u044e\u043a\u043e\u0437\u0430 \u0438 \u043c\u0430\u043b\u044c\u0442\u043e\u0437\u0430, \u0441\u0442\u0435\u0440\u043e\u043b\u044b, \u0441\u043c\u043e\u043b\u0430, \u0441\u043e\u043b\u0438 \u043a\u0430\u043b\u0438\u044f \u0438 \u044d\u0444\u0438\u0440\u043d\u043e\u0435 \u043c\u0430\u0441\u043b\u043e.<\/p>\n<p class=\" translation-block\"><strong>\u041c\u0435\u0441\u0442\u0430 \u0438\u0441\u043f\u043e\u043b\u044c\u0437\u043e\u0432\u0430\u043d\u0438\u044f:<\/strong>\u00a0\u041a\u0443\u043a\u0443\u0440\u0443\u0437\u043d\u043e\u0435 \u043c\u0430\u0441\u043b\u043e, \u043f\u043e\u043b\u0443\u0447\u0435\u043d\u043d\u043e\u0435 \u0438\u0437 \u0437\u0435\u0440\u0435\u043d \u043a\u0443\u043a\u0443\u0440\u0443\u0437\u044b, \u0432 \u043a\u0430\u0447\u0435\u0441\u0442\u0432\u0435 \u0436\u0438\u0434\u043a\u043e\u0433\u043e \u0440\u0430\u0441\u0442\u0438\u0442\u0435\u043b\u044c\u043d\u043e\u0433\u043e \u043c\u0430\u0441\u043b\u0430 \u0434\u043b\u044f \u0436\u0430\u0440\u043a\u0438, \u043a\u0430\u043a \u0438\u0437\u0432\u0435\u0441\u0442\u043d\u043e, \u043f\u0440\u0435\u0434\u043e\u0442\u0432\u0440\u0430\u0449\u0430\u0435\u0442 \u0430\u0442\u0435\u0440\u043e\u0441\u043a\u043b\u0435\u0440\u043e\u0437. \u041a\u0440\u043e\u043c\u0435 \u0442\u043e\u0433\u043e, \u0431\u043b\u0430\u0433\u043e\u0434\u0430\u0440\u044f \u0441\u0432\u043e\u0435\u0439 \u043f\u0438\u0442\u0430\u0442\u0435\u043b\u044c\u043d\u043e\u0439 \u0446\u0435\u043d\u043d\u043e\u0441\u0442\u0438 \u0437\u0435\u0440\u043d\u0430 \u043a\u0443\u043a\u0443\u0440\u0443\u0437\u044b \u0442\u0430\u043a\u0436\u0435 \u0438\u0441\u043f\u043e\u043b\u044c\u0437\u0443\u044e\u0442\u0441\u044f \u0432 \u043a\u043e\u043c\u0431\u0438\u043a\u043e\u0440\u043c\u043e\u0432\u043e\u0439 \u043f\u0440\u043e\u043c\u044b\u0448\u043b\u0435\u043d\u043d\u043e\u0441\u0442\u0438 \u0434\u043b\u044f \u0436\u0438\u0432\u043e\u0442\u043d\u044b\u0445. \u041c\u0443\u043a\u0443 \u043f\u043e\u043b\u0443\u0447\u0430\u044e\u0442 \u0438\u0437 \u0435\u0435 \u0437\u0435\u0440\u0435\u043d. \u0414\u0430\u0436\u0435 \u0441\u0435\u0433\u043e\u0434\u043d\u044f \u0435\u0433\u043e \u0438\u0441\u043f\u043e\u043b\u044c\u0437\u043e\u0432\u0430\u043d\u0438\u0435 \u0448\u0438\u0440\u043e\u043a\u043e \u0440\u0430\u0441\u043f\u0440\u043e\u0441\u0442\u0440\u0430\u043d\u0435\u043d\u043e.<\/p>\n<p class=\" translation-block\"><strong>\u041f\u0440\u0435\u0438\u043c\u0443\u0449\u0435\u0441\u0442\u0432\u0430:<\/strong> \u044d\u0444\u0444\u0435\u043a\u0442\u0438\u0432\u0435\u043d \u043f\u0440\u0438 \u043b\u0435\u0447\u0435\u043d\u0438\u0438 \u0443\u0440\u0435\u0442\u0440\u0438\u0442\u0430 (\u0438\u043d\u0444\u0435\u043a\u0446\u0438\u0438 \u043c\u043e\u0447\u0435\u0432\u044b\u0432\u043e\u0434\u044f\u0449\u0438\u0445 \u043f\u0443\u0442\u0435\u0439), \u0446\u0438\u0441\u0442\u0438\u0442\u0430 (\u0438\u043d\u0444\u0435\u043a\u0446\u0438\u0438 \u043c\u043e\u0447\u0435\u0432\u043e\u0433\u043e \u043f\u0443\u0437\u044b\u0440\u044f) \u0438 \u043f\u0440\u043e\u0441\u0442\u0430\u0442\u0438\u0442\u0430 (\u0438\u043d\u0444\u0435\u043a\u0446\u0438\u0438 \u043f\u0440\u0435\u0434\u0441\u0442\u0430\u0442\u0435\u043b\u044c\u043d\u043e\u0439 \u0436\u0435\u043b\u0435\u0437\u044b). \u042d\u0442\u043e \u043f\u043e\u043c\u043e\u0433\u0430\u0435\u0442 \u043f\u0440\u0435\u043e\u0434\u043e\u043b\u0435\u0442\u044c \u043f\u0440\u043e\u0431\u043b\u0435\u043c\u044b \u0441 \u043f\u043e\u0447\u043a\u0430\u043c\u0438 \u0443 \u0434\u0435\u0442\u0435\u0439. \u041e\u0431\u043b\u0430\u0434\u0430\u0435\u0442 \u043c\u043e\u0447\u0435\u0433\u043e\u043d\u043d\u044b\u043c \u0434\u0435\u0439\u0441\u0442\u0432\u0438\u0435\u043c, \u0443\u043c\u0435\u043d\u044c\u0448\u0430\u0435\u0442 \u043a\u0430\u043c\u043d\u0438 \u0432 \u043c\u043e\u0447\u0435\u0432\u043e\u043c \u043f\u0443\u0437\u044b\u0440\u0435. \u042d\u0442\u043e \u0442\u043e\u043d\u0438\u043a, \u043a\u043e\u0442\u043e\u0440\u044b\u0439 \u0443\u043a\u0440\u0435\u043f\u043b\u044f\u0435\u0442 \u0442\u0435\u043b\u043e, \u0443\u0441\u043f\u043e\u043a\u0430\u0438\u0432\u0430\u0435\u0442. \u041f\u043e\u043c\u043e\u0433\u0430\u0435\u0442 \u043f\u0440\u0438 \u043b\u0435\u0447\u0435\u043d\u0438\u0438 \u0440\u0435\u0432\u043c\u0430\u0442\u0438\u0437\u043c\u0430.<\/p>\n\n\t\t<\/div>\n\t<\/div>\n<\/div><\/div><\/div><\/div><\/div>","protected":false},"excerpt":{"rendered":"M\u0131s\u0131r nedir? Faydalar\u0131 nelerdir? Botanik Bilgi :\u00a0Bu\u011fdaygiller familyas\u0131ndand\u0131r. Bir y\u0131ll\u0131k otsu bir bitki olup yeti\u015fti\u011fi b\u00f6lgeye g\u00f6re boyu 1,5-3 metre aras\u0131nda olabilir. Yapraklar\u0131 uca do\u011fru gittik\u00e7e sivrilerek, uzun ince bir m\u0131zrak \u015feklindedir. Yapraklar\u0131n kenarlar\u0131 b\u00fct\u00fcn, dalgal\u0131, ortas\u0131ndan grimsi beyaz b\u00fcy\u00fck bir ana damar ve ona paralele olarak bir d\u00fczine sa\u011fl\u0131, sollu yan damarlar uzan\u0131r. \u00c7i\u00e7ekleri [...]","protected":false},"author":1,"featured_media":0,"parent":0,"menu_order":0,"comment_status":"closed","ping_status":"closed","template":"","meta":{"_mi_skip_tracking":false},"yoast_head":"<!-- This site is optimized with the Yoast SEO Premium plugin v17.7 (Yoast SEO v17.7) - https:\/\/yoast.com\/wordpress\/plugins\/seo\/ -->\n<title>M\u0131s\u0131r - Sade \u00d6nc\u00fc Bakliyat<\/title>\n<meta name=\"robots\" content=\"index, follow, max-snippet:-1, max-image-preview:large, max-video-preview:-1\" \/>\n<link rel=\"canonical\" href=\"https:\/\/sadeoncubakliyat.com\/ru\/misir\/\" \/>\n<meta property=\"og:locale\" content=\"ru_RU\" \/>\n<meta property=\"og:type\" content=\"article\" \/>\n<meta property=\"og:title\" content=\"M\u0131s\u0131r\" \/>\n<meta property=\"og:url\" content=\"https:\/\/sadeoncubakliyat.com\/ru\/misir\/\" \/>\n<meta property=\"og:site_name\" content=\"Sade \u00d6nc\u00fc Bakliyat\" \/>\n<meta property=\"article:modified_time\" content=\"2022-01-08T07:43:03+00:00\" \/>\n<meta property=\"og:image\" content=\"https:\/\/sadeoncubakliyat.com\/tr\/wp-content\/uploads\/2021\/12\/misir-1-300x300.jpg\" \/>\n<meta name=\"twitter:card\" content=\"summary\" \/>\n<meta name=\"twitter:label1\" content=\"\u041f\u0440\u0438\u043c\u0435\u0440\u043d\u043e\u0435 \u0432\u0440\u0435\u043c\u044f \u0434\u043b\u044f \u0447\u0442\u0435\u043d\u0438\u044f\" \/>\n\t<meta name=\"twitter:data1\" content=\"2 \u043c\u0438\u043d\u0443\u0442\u044b\" \/>\n<script type=\"application\/ld+json\" class=\"yoast-schema-graph\">{\"@context\":\"https:\/\/schema.org\",\"@graph\":[{\"@type\":\"Organization\",\"@id\":\"https:\/\/sadeoncubakliyat.com\/#organization\",\"name\":\"Sade \\u00d6nc\\u00fc Bakliyat\",\"url\":\"https:\/\/sadeoncubakliyat.com\/\",\"sameAs\":[],\"logo\":{\"@type\":\"ImageObject\",\"@id\":\"https:\/\/sadeoncubakliyat.com\/#logo\",\"inLanguage\":\"ru-RU\",\"url\":\"https:\/\/sadeoncubakliyat.com\/wp-content\/uploads\/2021\/12\/sade_oncu_bakliyat_logo-3.png\",\"contentUrl\":\"https:\/\/sadeoncubakliyat.com\/wp-content\/uploads\/2021\/12\/sade_oncu_bakliyat_logo-3.png\",\"width\":512,\"height\":512,\"caption\":\"Sade \\u00d6nc\\u00fc Bakliyat\"},\"image\":{\"@id\":\"https:\/\/sadeoncubakliyat.com\/#logo\"}},{\"@type\":\"WebSite\",\"@id\":\"https:\/\/sadeoncubakliyat.com\/#website\",\"url\":\"https:\/\/sadeoncubakliyat.com\/\",\"name\":\"Sade \\u00d6nc\\u00fc Bakliyat\",\"description\":\"Kalitede ve Sadelikte \\u00d6nc\\u00fc\",\"publisher\":{\"@id\":\"https:\/\/sadeoncubakliyat.com\/#organization\"},\"potentialAction\":[{\"@type\":\"SearchAction\",\"target\":{\"@type\":\"EntryPoint\",\"urlTemplate\":\"https:\/\/sadeoncubakliyat.com\/?s={search_term_string}\"},\"query-input\":\"required name=search_term_string\"}],\"inLanguage\":\"ru-RU\"},{\"@type\":\"ImageObject\",\"@id\":\"https:\/\/sadeoncubakliyat.com\/misir\/#primaryimage\",\"inLanguage\":\"ru-RU\",\"url\":\"https:\/\/sadeoncubakliyat.com\/tr\/wp-content\/uploads\/2021\/12\/misir-1-300x300.jpg\",\"contentUrl\":\"https:\/\/sadeoncubakliyat.com\/tr\/wp-content\/uploads\/2021\/12\/misir-1-300x300.jpg\"},{\"@type\":\"WebPage\",\"@id\":\"https:\/\/sadeoncubakliyat.com\/misir\/#webpage\",\"url\":\"https:\/\/sadeoncubakliyat.com\/misir\/\",\"name\":\"M\\u0131s\\u0131r - Sade \\u00d6nc\\u00fc Bakliyat\",\"isPartOf\":{\"@id\":\"https:\/\/sadeoncubakliyat.com\/#website\"},\"primaryImageOfPage\":{\"@id\":\"https:\/\/sadeoncubakliyat.com\/misir\/#primaryimage\"},\"datePublished\":\"2022-01-03T15:12:45+00:00\",\"dateModified\":\"2022-01-08T07:43:03+00:00\",\"breadcrumb\":{\"@id\":\"https:\/\/sadeoncubakliyat.com\/misir\/#breadcrumb\"},\"inLanguage\":\"ru-RU\",\"potentialAction\":[{\"@type\":\"ReadAction\",\"target\":[\"https:\/\/sadeoncubakliyat.com\/misir\/\"]}]},{\"@type\":\"BreadcrumbList\",\"@id\":\"https:\/\/sadeoncubakliyat.com\/misir\/#breadcrumb\",\"itemListElement\":[{\"@type\":\"ListItem\",\"position\":1,\"name\":\"Anasayfa\",\"item\":\"https:\/\/sadeoncubakliyat.com\/\"},{\"@type\":\"ListItem\",\"position\":2,\"name\":\"M\\u0131s\\u0131r\"}]}]}<\/script>\n<!-- \/ Yoast SEO Premium plugin. -->","yoast_head_json":{"title":"M\u0131s\u0131r - Sade \u00d6nc\u00fc Bakliyat","robots":{"index":"index","follow":"follow","max-snippet":"max-snippet:-1","max-image-preview":"max-image-preview:large","max-video-preview":"max-video-preview:-1"},"canonical":"https:\/\/sadeoncubakliyat.com\/ru\/misir\/","og_locale":"ru_RU","og_type":"article","og_title":"M\u0131s\u0131r","og_url":"https:\/\/sadeoncubakliyat.com\/ru\/misir\/","og_site_name":"Sade \u00d6nc\u00fc Bakliyat","article_modified_time":"2022-01-08T07:43:03+00:00","og_image":[{"url":"https:\/\/sadeoncubakliyat.com\/tr\/wp-content\/uploads\/2021\/12\/misir-1-300x300.jpg"}],"twitter_card":"summary","twitter_misc":{"\u041f\u0440\u0438\u043c\u0435\u0440\u043d\u043e\u0435 \u0432\u0440\u0435\u043c\u044f \u0434\u043b\u044f \u0447\u0442\u0435\u043d\u0438\u044f":"2 \u043c\u0438\u043d\u0443\u0442\u044b"},"schema":{"@context":"https:\/\/schema.org","@graph":[{"@type":"Organization","@id":"https:\/\/sadeoncubakliyat.com\/#organization","name":"Sade \u00d6nc\u00fc Bakliyat","url":"https:\/\/sadeoncubakliyat.com\/","sameAs":[],"logo":{"@type":"ImageObject","@id":"https:\/\/sadeoncubakliyat.com\/#logo","inLanguage":"ru-RU","url":"https:\/\/sadeoncubakliyat.com\/wp-content\/uploads\/2021\/12\/sade_oncu_bakliyat_logo-3.png","contentUrl":"https:\/\/sadeoncubakliyat.com\/wp-content\/uploads\/2021\/12\/sade_oncu_bakliyat_logo-3.png","width":512,"height":512,"caption":"Sade \u00d6nc\u00fc Bakliyat"},"image":{"@id":"https:\/\/sadeoncubakliyat.com\/#logo"}},{"@type":"WebSite","@id":"https:\/\/sadeoncubakliyat.com\/#website","url":"https:\/\/sadeoncubakliyat.com\/","name":"Sade \u00d6nc\u00fc Bakliyat","description":"Kalitede ve Sadelikte \u00d6nc\u00fc","publisher":{"@id":"https:\/\/sadeoncubakliyat.com\/#organization"},"potentialAction":[{"@type":"SearchAction","target":{"@type":"EntryPoint","urlTemplate":"https:\/\/sadeoncubakliyat.com\/?s={search_term_string}"},"query-input":"required name=search_term_string"}],"inLanguage":"ru-RU"},{"@type":"ImageObject","@id":"https:\/\/sadeoncubakliyat.com\/misir\/#primaryimage","inLanguage":"ru-RU","url":"https:\/\/sadeoncubakliyat.com\/tr\/wp-content\/uploads\/2021\/12\/misir-1-300x300.jpg","contentUrl":"https:\/\/sadeoncubakliyat.com\/tr\/wp-content\/uploads\/2021\/12\/misir-1-300x300.jpg"},{"@type":"WebPage","@id":"https:\/\/sadeoncubakliyat.com\/misir\/#webpage","url":"https:\/\/sadeoncubakliyat.com\/misir\/","name":"M\u0131s\u0131r - Sade \u00d6nc\u00fc Bakliyat","isPartOf":{"@id":"https:\/\/sadeoncubakliyat.com\/#website"},"primaryImageOfPage":{"@id":"https:\/\/sadeoncubakliyat.com\/misir\/#primaryimage"},"datePublished":"2022-01-03T15:12:45+00:00","dateModified":"2022-01-08T07:43:03+00:00","breadcrumb":{"@id":"https:\/\/sadeoncubakliyat.com\/misir\/#breadcrumb"},"inLanguage":"ru-RU","potentialAction":[{"@type":"ReadAction","target":["https:\/\/sadeoncubakliyat.com\/misir\/"]}]},{"@type":"BreadcrumbList","@id":"https:\/\/sadeoncubakliyat.com\/misir\/#breadcrumb","itemListElement":[{"@type":"ListItem","position":1,"name":"Anasayfa","item":"https:\/\/sadeoncubakliyat.com\/"},{"@type":"ListItem","position":2,"name":"M\u0131s\u0131r"}]}]}},"_links":{"self":[{"href":"https:\/\/sadeoncubakliyat.com\/ru\/wp-json\/wp\/v2\/pages\/1097"}],"collection":[{"href":"https:\/\/sadeoncubakliyat.com\/ru\/wp-json\/wp\/v2\/pages"}],"about":[{"href":"https:\/\/sadeoncubakliyat.com\/ru\/wp-json\/wp\/v2\/types\/page"}],"author":[{"embeddable":true,"href":"https:\/\/sadeoncubakliyat.com\/ru\/wp-json\/wp\/v2\/users\/1"}],"replies":[{"embeddable":true,"href":"https:\/\/sadeoncubakliyat.com\/ru\/wp-json\/wp\/v2\/comments?post=1097"}],"version-history":[{"count":6,"href":"https:\/\/sadeoncubakliyat.com\/ru\/wp-json\/wp\/v2\/pages\/1097\/revisions"}],"predecessor-version":[{"id":1201,"href":"https:\/\/sadeoncubakliyat.com\/ru\/wp-json\/wp\/v2\/pages\/1097\/revisions\/1201"}],"wp:attachment":[{"href":"https:\/\/sadeoncubakliyat.com\/ru\/wp-json\/wp\/v2\/media?parent=1097"}],"curies":[{"name":"wp","href":"https:\/\/api.w.org\/{rel}","templated":true}]}}