{"id":1101,"date":"2022-01-03T18:56:13","date_gmt":"2022-01-03T15:56:13","guid":{"rendered":"https:\/\/sadeoncubakliyat.com\/tr\/?page_id=1101"},"modified":"2022-01-08T10:50:10","modified_gmt":"2022-01-08T07:50:10","slug":"pirinc","status":"publish","type":"page","link":"https:\/\/sadeoncubakliyat.com\/ru\/pirinc\/","title":{"rendered":"\u0420\u0438\u0441"},"content":{"rendered":"<div class=\"vc_row wpb_row vc_custom_1641219515782 porto-inner-container\"><div class=\"porto-wrap-container container\"><div class=\"row\"><div class=\"vc_column_container col-md-12\"><div class=\"wpb_wrapper vc_column-inner\">\n\t<div class=\"wpb_text_column wpb_content_element\" >\n\t\t<div class=\"wpb_wrapper\">\n\t\t\t<p><img loading=\"lazy\" class=\"alignleft wp-image-1003\" src=\"https:\/\/sadeoncubakliyat.com\/tr\/wp-content\/uploads\/2021\/12\/pirinc-1-300x300.jpg\" alt=\"\" width=\"400\" height=\"400\" srcset=\"https:\/\/sadeoncubakliyat.com\/wp-content\/uploads\/2021\/12\/pirinc-1-400x400.jpg 400w, https:\/\/sadeoncubakliyat.com\/wp-content\/uploads\/2021\/12\/pirinc-1-367x367.jpg 367w\" sizes=\"(max-width: 400px) 100vw, 400px\" \/>\u0420\u0438\u0441, \u043e\u0441\u043e\u0431\u0435\u043d\u043d\u043e \u0432 \u0410\u0437\u0438\u0438, \u0441\u043e\u0441\u0442\u0430\u0432\u043b\u044f\u0435\u0442 \u0431\u043e\u043b\u044c\u0448\u0443\u044e \u0447\u0430\u0441\u0442\u044c \u043c\u0438\u0440\u043e\u0432\u043e\u0433\u043e \u043f\u0440\u043e\u0438\u0437\u0432\u043e\u0434\u0441\u0442\u0432\u0430 \u0440\u0438\u0441\u0430 \u0438, \u0442\u0430\u043a\u0438\u043c \u043e\u0431\u0440\u0430\u0437\u043e\u043c, \u044f\u0432\u043b\u044f\u0435\u0442\u0441\u044f \u043e\u0434\u043d\u0438\u043c \u0438\u0437 \u0441\u0430\u043c\u044b\u0445 \u043f\u043e\u043f\u0443\u043b\u044f\u0440\u043d\u044b\u0445 \u0441\u0435\u043b\u044c\u0441\u043a\u043e\u0445\u043e\u0437\u044f\u0439\u0441\u0442\u0432\u0435\u043d\u043d\u044b\u0445 \u043f\u0440\u043e\u0434\u0443\u043a\u0442\u043e\u0432 \u0432 \u0410\u0437\u0438\u0438. \u0420\u0438\u0441 \u0432\u044b\u0440\u0430\u0449\u0438\u0432\u0430\u044e\u0442 \u0431\u043e\u043b\u0435\u0435 \u0447\u0435\u043c \u0432 110 \u0441\u0442\u0440\u0430\u043d\u0430\u0445 \u043c\u0438\u0440\u0430. \u0412 \u043f\u0435\u0440\u0432\u0443\u044e \u043f\u044f\u0442\u0435\u0440\u043a\u0443 \u0441\u0442\u0440\u0430\u043d-\u043f\u0440\u043e\u0438\u0437\u0432\u043e\u0434\u0438\u0442\u0435\u043b\u0435\u0439 \u0440\u0438\u0441\u0430 \u0432 \u043c\u0438\u0440\u0435 \u0432\u0445\u043e\u0434\u044f\u0442 \u041a\u0438\u0442\u0430\u0439, \u0418\u043d\u0434\u0438\u044f, \u0418\u043d\u0434\u043e\u043d\u0435\u0437\u0438\u044f, \u0411\u0430\u043d\u0433\u043b\u0430\u0434\u0435\u0448 \u0438 \u0412\u044c\u0435\u0442\u043d\u0430\u043c. \u0422\u0430\u043a\u0436\u0435 \u0432\u0435\u0434\u0443\u0449\u0438\u043c\u0438 \u0441\u0442\u0440\u0430\u043d\u0430\u043c\u0438 \u043f\u043e \u044d\u043a\u0441\u043f\u043e\u0440\u0442\u0443 \u0440\u0438\u0441\u0430 \u044f\u0432\u043b\u044f\u044e\u0442\u0441\u044f \u0418\u043d\u0434\u0438\u044f, \u0422\u0430\u0438\u043b\u0430\u043d\u0434, \u0421\u0428\u0410, \u041f\u0430\u043a\u0438\u0441\u0442\u0430\u043d \u0438 \u0412\u044c\u0435\u0442\u043d\u0430\u043c. \u041a\u0440\u043e\u043c\u0435 \u0442\u043e\u0433\u043e, \u0440\u0438\u0441 \u0443\u0441\u043f\u0435\u0448\u043d\u043e \u0432\u044b\u0440\u0430\u0449\u0438\u0432\u0430\u044e\u0442 \u0432 \u0441\u0442\u0440\u0430\u043d\u0430\u0445 \u0421\u0440\u0435\u0434\u0438\u0437\u0435\u043c\u043d\u043e\u043c\u043e\u0440\u044c\u044f (\u0418\u0442\u0430\u043b\u0438\u044f, \u041c\u0430\u0440\u043e\u043a\u043a\u043e, \u0413\u0440\u0435\u0446\u0438\u044f), \u041b\u0430\u0442\u0438\u043d\u0441\u043a\u043e\u0439 \u0410\u043c\u0435\u0440\u0438\u043a\u0438 (\u0423\u0440\u0443\u0433\u0432\u0430\u0439, \u041f\u0430\u0440\u0430\u0433\u0432\u0430\u0439, \u0411\u0440\u0430\u0437\u0438\u043b\u0438\u044f, \u0410\u0440\u0433\u0435\u043d\u0442\u0438\u043d\u0430) \u0438 \u0434\u0430\u0436\u0435 \u0432 \u0426\u0435\u043d\u0442\u0440\u0430\u043b\u044c\u043d\u043e\u0439 \u0415\u0432\u0440\u043e\u043f\u0435 (\u0411\u0435\u043b\u044c\u0433\u0438\u044f, \u041d\u0438\u0434\u0435\u0440\u043b\u0430\u043d\u0434\u044b). \u0420\u0438\u0441 \u0441\u0447\u0438\u0442\u0430\u0435\u0442\u0441\u044f \u0442\u0440\u0435\u0442\u044c\u0438\u043c \u043f\u043e \u0432\u0430\u0436\u043d\u043e\u0441\u0442\u0438 \u0441\u0435\u043b\u044c\u0441\u043a\u043e\u0445\u043e\u0437\u044f\u0439\u0441\u0442\u0432\u0435\u043d\u043d\u044b\u043c \u043f\u0440\u043e\u0434\u0443\u043a\u0442\u043e\u043c \u043f\u043e\u0441\u043b\u0435 \u0441\u0430\u0445\u0430\u0440\u0430 \u0438 \u043a\u0443\u043a\u0443\u0440\u0443\u0437\u044b.<\/p>\n<h2><b>\u0418\u043d\u0444\u043e\u0440\u043c\u0430\u0446\u0438\u044f \u043e \u0440\u0438\u0441\u043e\u0432\u043e\u043c \u0437\u0430\u0432\u043e\u0434\u0435<\/b><\/h2>\n<p class=\" translation-block\">\u0420\u0438\u0441 \u0438\u043b\u0438 \u0440\u0438\u0441 (<em>Oryza sativa<\/em>) \u2014 \u043e\u0434\u043d\u043e\u043b\u0435\u0442\u043d\u0435\u0435 \u043e\u0434\u043d\u043e\u0434\u043e\u043b\u044c\u043d\u043e\u0435 \u0440\u0430\u0441\u0442\u0435\u043d\u0438\u0435, \u043f\u0440\u0438\u043d\u0430\u0434\u043b\u0435\u0436\u0430\u0449\u0435\u0435 \u043a \u0441\u0435\u043c\u0435\u0439\u0441\u0442\u0432\u0443 Poaceae (Gramineae). \u0421\u043e\u0440\u0442\u0430 \u0440\u0438\u0441\u0430 Oryza \u0432\u044b\u0440\u0430\u0449\u0438\u0432\u0430\u044e\u0442 \u0434\u043b\u044f \u0443\u043f\u043e\u0442\u0440\u0435\u0431\u043b\u0435\u043d\u0438\u044f \u0432 \u043f\u0438\u0449\u0443, \u0430 \u0441\u0435\u043c\u0435\u043d\u0430 \u0440\u0430\u0441\u0442\u0435\u043d\u0438\u0439 \u0441\u043e\u0431\u0438\u0440\u0430\u044e\u0442. \u041f\u043e \u0431\u043e\u043b\u044c\u0448\u0435\u0439 \u0447\u0430\u0441\u0442\u0438 \u0440\u0438\u0441 \u044f\u0432\u043b\u044f\u0435\u0442\u0441\u044f \u043e\u0434\u043d\u043e\u043b\u0435\u0442\u043d\u0435\u0439 \u0442\u0440\u0430\u0432\u043e\u0439. \u041e\u0434\u043d\u0430\u043a\u043e \u0440\u0435\u0434\u043a\u043e \u0440\u0438\u0441 \u0440\u0430\u0441\u0442\u0435\u0442 \u043a\u0430\u043a \u043c\u043d\u043e\u0433\u043e\u043b\u0435\u0442\u043d\u0438\u043a \u0438 \u043c\u043e\u0436\u0435\u0442 \u0436\u0438\u0442\u044c 10 \u0438 \u0431\u043e\u043b\u0435\u0435 \u043b\u0435\u0442. \u0412\u0435\u0433\u0435\u0442\u0430\u0446\u0438\u043e\u043d\u043d\u044b\u0439 \u043f\u0435\u0440\u0438\u043e\u0434 (\u043e\u0442 \u0432\u0441\u0445\u043e\u0434\u043e\u0432 \u0434\u043e \u0441\u0431\u043e\u0440\u0430 \u0443\u0440\u043e\u0436\u0430\u044f) \u043e\u0434\u043d\u043e\u043b\u0435\u0442\u043d\u0435\u0433\u043e \u0440\u0430\u0441\u0442\u0435\u043d\u0438\u044f \u0440\u0438\u0441\u0430 \u043a\u043e\u043b\u0435\u0431\u043b\u0435\u0442\u0441\u044f \u043e\u0442 95 \u0434\u043d\u0435\u0439 (\u0440\u0430\u043d\u043d\u0438\u0435 \u0441\u043e\u0440\u0442\u0430) \u0434\u043e \u043f\u0440\u0438\u043c\u0435\u0440\u043d\u043e 250 \u0434\u043d\u0435\u0439 (\u043f\u043e\u0437\u0434\u043d\u0438\u0435 \u0441\u043e\u0440\u0442\u0430). \u0421\u0440\u0435\u0434\u043d\u0435\u0440\u0430\u043d\u043d\u0438\u0435 \u0441\u043e\u0440\u0442\u0430 \u043c\u043e\u0436\u043d\u043e \u0441\u043e\u0431\u0438\u0440\u0430\u0442\u044c \u0447\u0435\u0440\u0435\u0437 120-150 \u0434\u043d\u0435\u0439 \u043f\u043e\u0441\u043b\u0435 \u043f\u043e\u0441\u0435\u0432\u0430.<\/p>\n<p>\u0420\u0430\u0441\u0442\u0435\u043d\u0438\u0435 \u0440\u0438\u0441\u0430 \u0441\u043e\u0441\u0442\u043e\u0438\u0442 \u0438\u0437 \u043a\u043e\u0440\u043d\u044f, \u0441\u0442\u0435\u0431\u043b\u044f, \u043b\u0438\u0441\u0442\u044c\u0435\u0432 \u0438 \u0441\u043e\u0446\u0432\u0435\u0442\u0438\u0439. \u0414\u043b\u0438\u043d\u0430 \u043a\u043e\u0440\u043d\u0435\u0432\u043e\u0439 \u0441\u0438\u0441\u0442\u0435\u043c\u044b \u0440\u0430\u0441\u0442\u0435\u043d\u0438\u044f \u043e\u0442 25-30 \u0441\u043c \u0434\u043e 100 \u0441\u043c. \u0421\u0435\u043c\u044f \u0440\u0438\u0441\u0430 \u0447\u0430\u0441\u0442\u043e \u043d\u0430\u0437\u044b\u0432\u0430\u044e\u0442 \u0437\u0435\u0440\u043d\u043e\u043c. \u041a\u043e\u0433\u0434\u0430 \u0433\u0440\u043e\u0437\u0434\u0438 \u0441\u043e\u0437\u0440\u0435\u043b\u0438, \u043a\u0430\u0436\u0434\u043e\u0435 \u0440\u0430\u0441\u0442\u0435\u043d\u0438\u0435 \u0440\u0438\u0441\u0430 \u043e\u0431\u044b\u0447\u043d\u043e \u0441\u043e\u0434\u0435\u0440\u0436\u0438\u0442 50-60 \u0438\u043b\u0438 \u0431\u043e\u043b\u0435\u0435 120 \u0437\u0435\u0440\u0435\u043d. \u0417\u0435\u0440\u043d\u043e \u0441\u043e\u0441\u0442\u043e\u0438\u0442 \u0438\u0437 \u0442\u0440\u0435\u0445 \u043e\u0441\u043d\u043e\u0432\u043d\u044b\u0445 \u0447\u0430\u0441\u0442\u0435\u0439; \u044d\u043d\u0434\u043e\u0441\u043f\u0435\u0440\u043c, \u0441\u043e\u0434\u0435\u0440\u0436\u0430\u0449\u0438\u0439 \u0448\u0435\u043b\u0443\u0445\u0443, \u043e\u0442\u0440\u0443\u0431\u0438 \u0438 \u0437\u0430\u0440\u043e\u0434\u044b\u0448.<\/p>\n\n\t\t<\/div>\n\t<\/div>\n<\/div><\/div><\/div><\/div><\/div>","protected":false},"excerpt":{"rendered":"Pirin\u00e7, \u00f6zellikle Asya\u2019da d\u00fcnya \u00e7ap\u0131nda pirin\u00e7 \u00fcretiminin b\u00fcy\u00fck bir k\u0131sm\u0131 ger\u00e7ekle\u015fir ve dolay\u0131s\u0131yla Asya\u2019da en pop\u00fcler tar\u0131m \u00fcr\u00fcnlerinden biridir. Pirin\u00e7 110\u2019dan fazla \u00fclkede yeti\u015ftirilir. D\u00fcnya \u00e7ap\u0131nda pirin\u00e7 \u00fcreten ilk 5 \u00fclke \u00c7in, Hindistan, Endonezya, Banglade\u015f ve Vietnam\u2019d\u0131r. Ayr\u0131ca, pirin\u00e7 ihracat\u0131nda \u00f6nde gelen \u00fclkeler Hindistan, Tayland, ABD, Pakistan ve Vietnam\u2019d\u0131r. Bunun yan\u0131 s\u0131ra, Akdeniz \u00fclkelerinde (\u0130talya, [...]","protected":false},"author":1,"featured_media":0,"parent":0,"menu_order":0,"comment_status":"closed","ping_status":"closed","template":"","meta":{"_mi_skip_tracking":false},"yoast_head":"<!-- This site is optimized with the Yoast SEO Premium plugin v17.7 (Yoast SEO v17.7) - https:\/\/yoast.com\/wordpress\/plugins\/seo\/ -->\n<title>Pirin\u00e7 - Sade \u00d6nc\u00fc Bakliyat<\/title>\n<meta name=\"robots\" content=\"index, follow, max-snippet:-1, max-image-preview:large, max-video-preview:-1\" \/>\n<link rel=\"canonical\" href=\"https:\/\/sadeoncubakliyat.com\/ru\/pirinc\/\" \/>\n<meta property=\"og:locale\" content=\"ru_RU\" \/>\n<meta property=\"og:type\" content=\"article\" \/>\n<meta property=\"og:title\" content=\"Pirin\u00e7\" \/>\n<meta property=\"og:url\" content=\"https:\/\/sadeoncubakliyat.com\/ru\/pirinc\/\" \/>\n<meta property=\"og:site_name\" content=\"Sade \u00d6nc\u00fc Bakliyat\" \/>\n<meta property=\"article:modified_time\" content=\"2022-01-08T07:50:10+00:00\" \/>\n<meta property=\"og:image\" content=\"https:\/\/sadeoncubakliyat.com\/tr\/wp-content\/uploads\/2021\/12\/pirinc-1-300x300.jpg\" \/>\n<meta name=\"twitter:card\" content=\"summary\" \/>\n<meta name=\"twitter:label1\" content=\"\u041f\u0440\u0438\u043c\u0435\u0440\u043d\u043e\u0435 \u0432\u0440\u0435\u043c\u044f \u0434\u043b\u044f \u0447\u0442\u0435\u043d\u0438\u044f\" \/>\n\t<meta name=\"twitter:data1\" content=\"2 \u043c\u0438\u043d\u0443\u0442\u044b\" \/>\n<script type=\"application\/ld+json\" class=\"yoast-schema-graph\">{\"@context\":\"https:\/\/schema.org\",\"@graph\":[{\"@type\":\"Organization\",\"@id\":\"https:\/\/sadeoncubakliyat.com\/#organization\",\"name\":\"Sade \\u00d6nc\\u00fc Bakliyat\",\"url\":\"https:\/\/sadeoncubakliyat.com\/\",\"sameAs\":[],\"logo\":{\"@type\":\"ImageObject\",\"@id\":\"https:\/\/sadeoncubakliyat.com\/#logo\",\"inLanguage\":\"ru-RU\",\"url\":\"https:\/\/sadeoncubakliyat.com\/wp-content\/uploads\/2021\/12\/sade_oncu_bakliyat_logo-3.png\",\"contentUrl\":\"https:\/\/sadeoncubakliyat.com\/wp-content\/uploads\/2021\/12\/sade_oncu_bakliyat_logo-3.png\",\"width\":512,\"height\":512,\"caption\":\"Sade \\u00d6nc\\u00fc Bakliyat\"},\"image\":{\"@id\":\"https:\/\/sadeoncubakliyat.com\/#logo\"}},{\"@type\":\"WebSite\",\"@id\":\"https:\/\/sadeoncubakliyat.com\/#website\",\"url\":\"https:\/\/sadeoncubakliyat.com\/\",\"name\":\"Sade \\u00d6nc\\u00fc Bakliyat\",\"description\":\"Kalitede ve Sadelikte \\u00d6nc\\u00fc\",\"publisher\":{\"@id\":\"https:\/\/sadeoncubakliyat.com\/#organization\"},\"potentialAction\":[{\"@type\":\"SearchAction\",\"target\":{\"@type\":\"EntryPoint\",\"urlTemplate\":\"https:\/\/sadeoncubakliyat.com\/?s={search_term_string}\"},\"query-input\":\"required name=search_term_string\"}],\"inLanguage\":\"ru-RU\"},{\"@type\":\"ImageObject\",\"@id\":\"https:\/\/sadeoncubakliyat.com\/pirinc\/#primaryimage\",\"inLanguage\":\"ru-RU\",\"url\":\"https:\/\/sadeoncubakliyat.com\/tr\/wp-content\/uploads\/2021\/12\/pirinc-1-300x300.jpg\",\"contentUrl\":\"https:\/\/sadeoncubakliyat.com\/tr\/wp-content\/uploads\/2021\/12\/pirinc-1-300x300.jpg\"},{\"@type\":\"WebPage\",\"@id\":\"https:\/\/sadeoncubakliyat.com\/pirinc\/#webpage\",\"url\":\"https:\/\/sadeoncubakliyat.com\/pirinc\/\",\"name\":\"Pirin\\u00e7 - Sade \\u00d6nc\\u00fc Bakliyat\",\"isPartOf\":{\"@id\":\"https:\/\/sadeoncubakliyat.com\/#website\"},\"primaryImageOfPage\":{\"@id\":\"https:\/\/sadeoncubakliyat.com\/pirinc\/#primaryimage\"},\"datePublished\":\"2022-01-03T15:56:13+00:00\",\"dateModified\":\"2022-01-08T07:50:10+00:00\",\"breadcrumb\":{\"@id\":\"https:\/\/sadeoncubakliyat.com\/pirinc\/#breadcrumb\"},\"inLanguage\":\"ru-RU\",\"potentialAction\":[{\"@type\":\"ReadAction\",\"target\":[\"https:\/\/sadeoncubakliyat.com\/pirinc\/\"]}]},{\"@type\":\"BreadcrumbList\",\"@id\":\"https:\/\/sadeoncubakliyat.com\/pirinc\/#breadcrumb\",\"itemListElement\":[{\"@type\":\"ListItem\",\"position\":1,\"name\":\"Anasayfa\",\"item\":\"https:\/\/sadeoncubakliyat.com\/\"},{\"@type\":\"ListItem\",\"position\":2,\"name\":\"Pirin\\u00e7\"}]}]}<\/script>\n<!-- \/ Yoast SEO Premium plugin. -->","yoast_head_json":{"title":"Pirin\u00e7 - Sade \u00d6nc\u00fc Bakliyat","robots":{"index":"index","follow":"follow","max-snippet":"max-snippet:-1","max-image-preview":"max-image-preview:large","max-video-preview":"max-video-preview:-1"},"canonical":"https:\/\/sadeoncubakliyat.com\/ru\/pirinc\/","og_locale":"ru_RU","og_type":"article","og_title":"Pirin\u00e7","og_url":"https:\/\/sadeoncubakliyat.com\/ru\/pirinc\/","og_site_name":"Sade \u00d6nc\u00fc Bakliyat","article_modified_time":"2022-01-08T07:50:10+00:00","og_image":[{"url":"https:\/\/sadeoncubakliyat.com\/tr\/wp-content\/uploads\/2021\/12\/pirinc-1-300x300.jpg"}],"twitter_card":"summary","twitter_misc":{"\u041f\u0440\u0438\u043c\u0435\u0440\u043d\u043e\u0435 \u0432\u0440\u0435\u043c\u044f \u0434\u043b\u044f \u0447\u0442\u0435\u043d\u0438\u044f":"2 \u043c\u0438\u043d\u0443\u0442\u044b"},"schema":{"@context":"https:\/\/schema.org","@graph":[{"@type":"Organization","@id":"https:\/\/sadeoncubakliyat.com\/#organization","name":"Sade \u00d6nc\u00fc Bakliyat","url":"https:\/\/sadeoncubakliyat.com\/","sameAs":[],"logo":{"@type":"ImageObject","@id":"https:\/\/sadeoncubakliyat.com\/#logo","inLanguage":"ru-RU","url":"https:\/\/sadeoncubakliyat.com\/wp-content\/uploads\/2021\/12\/sade_oncu_bakliyat_logo-3.png","contentUrl":"https:\/\/sadeoncubakliyat.com\/wp-content\/uploads\/2021\/12\/sade_oncu_bakliyat_logo-3.png","width":512,"height":512,"caption":"Sade \u00d6nc\u00fc Bakliyat"},"image":{"@id":"https:\/\/sadeoncubakliyat.com\/#logo"}},{"@type":"WebSite","@id":"https:\/\/sadeoncubakliyat.com\/#website","url":"https:\/\/sadeoncubakliyat.com\/","name":"Sade \u00d6nc\u00fc Bakliyat","description":"Kalitede ve Sadelikte \u00d6nc\u00fc","publisher":{"@id":"https:\/\/sadeoncubakliyat.com\/#organization"},"potentialAction":[{"@type":"SearchAction","target":{"@type":"EntryPoint","urlTemplate":"https:\/\/sadeoncubakliyat.com\/?s={search_term_string}"},"query-input":"required name=search_term_string"}],"inLanguage":"ru-RU"},{"@type":"ImageObject","@id":"https:\/\/sadeoncubakliyat.com\/pirinc\/#primaryimage","inLanguage":"ru-RU","url":"https:\/\/sadeoncubakliyat.com\/tr\/wp-content\/uploads\/2021\/12\/pirinc-1-300x300.jpg","contentUrl":"https:\/\/sadeoncubakliyat.com\/tr\/wp-content\/uploads\/2021\/12\/pirinc-1-300x300.jpg"},{"@type":"WebPage","@id":"https:\/\/sadeoncubakliyat.com\/pirinc\/#webpage","url":"https:\/\/sadeoncubakliyat.com\/pirinc\/","name":"Pirin\u00e7 - Sade \u00d6nc\u00fc Bakliyat","isPartOf":{"@id":"https:\/\/sadeoncubakliyat.com\/#website"},"primaryImageOfPage":{"@id":"https:\/\/sadeoncubakliyat.com\/pirinc\/#primaryimage"},"datePublished":"2022-01-03T15:56:13+00:00","dateModified":"2022-01-08T07:50:10+00:00","breadcrumb":{"@id":"https:\/\/sadeoncubakliyat.com\/pirinc\/#breadcrumb"},"inLanguage":"ru-RU","potentialAction":[{"@type":"ReadAction","target":["https:\/\/sadeoncubakliyat.com\/pirinc\/"]}]},{"@type":"BreadcrumbList","@id":"https:\/\/sadeoncubakliyat.com\/pirinc\/#breadcrumb","itemListElement":[{"@type":"ListItem","position":1,"name":"Anasayfa","item":"https:\/\/sadeoncubakliyat.com\/"},{"@type":"ListItem","position":2,"name":"Pirin\u00e7"}]}]}},"_links":{"self":[{"href":"https:\/\/sadeoncubakliyat.com\/ru\/wp-json\/wp\/v2\/pages\/1101"}],"collection":[{"href":"https:\/\/sadeoncubakliyat.com\/ru\/wp-json\/wp\/v2\/pages"}],"about":[{"href":"https:\/\/sadeoncubakliyat.com\/ru\/wp-json\/wp\/v2\/types\/page"}],"author":[{"embeddable":true,"href":"https:\/\/sadeoncubakliyat.com\/ru\/wp-json\/wp\/v2\/users\/1"}],"replies":[{"embeddable":true,"href":"https:\/\/sadeoncubakliyat.com\/ru\/wp-json\/wp\/v2\/comments?post=1101"}],"version-history":[{"count":3,"href":"https:\/\/sadeoncubakliyat.com\/ru\/wp-json\/wp\/v2\/pages\/1101\/revisions"}],"predecessor-version":[{"id":1202,"href":"https:\/\/sadeoncubakliyat.com\/ru\/wp-json\/wp\/v2\/pages\/1101\/revisions\/1202"}],"wp:attachment":[{"href":"https:\/\/sadeoncubakliyat.com\/ru\/wp-json\/wp\/v2\/media?parent=1101"}],"curies":[{"name":"wp","href":"https:\/\/api.w.org\/{rel}","templated":true}]}}