{"id":1108,"date":"2022-01-03T19:13:29","date_gmt":"2022-01-03T16:13:29","guid":{"rendered":"https:\/\/sadeoncubakliyat.com\/tr\/?page_id=1108"},"modified":"2022-01-08T10:55:04","modified_gmt":"2022-01-08T07:55:04","slug":"bakla","status":"publish","type":"page","link":"https:\/\/sadeoncubakliyat.com\/ru\/bakla\/","title":{"rendered":"\u0431\u043e\u0431\u044b"},"content":{"rendered":"<div class=\"vc_row wpb_row vc_custom_1641219515782 porto-inner-container\"><div class=\"porto-wrap-container container\"><div class=\"row\"><div class=\"vc_column_container col-md-12\"><div class=\"wpb_wrapper vc_column-inner\">\n\t<div class=\"wpb_text_column wpb_content_element\" >\n\t\t<div class=\"wpb_wrapper\">\n\t\t\t<p><img loading=\"lazy\" class=\"alignleft wp-image-1006\" src=\"https:\/\/sadeoncubakliyat.com\/tr\/wp-content\/uploads\/2021\/12\/bakla-2-300x300.jpg\" alt=\"\" width=\"400\" height=\"400\" srcset=\"https:\/\/sadeoncubakliyat.com\/wp-content\/uploads\/2021\/12\/bakla-2-400x400.jpg 400w, https:\/\/sadeoncubakliyat.com\/wp-content\/uploads\/2021\/12\/bakla-2-367x367.jpg 367w\" sizes=\"(max-width: 400px) 100vw, 400px\" \/>\u0411\u043e\u0431\u044b \u2014 \u043e\u0434\u043d\u043e\u043b\u0435\u0442\u043d\u0435\u0435 \u0440\u0430\u0441\u0442\u0435\u043d\u0438\u0435, \u0434\u0430\u0432\u0448\u0435\u0435 \u043d\u0430\u0437\u0432\u0430\u043d\u0438\u0435 \u0441\u0435\u043c\u0435\u0439\u0441\u0442\u0432\u0443 \u0431\u043e\u0431\u043e\u0432\u044b\u0445, \u043a\u0443\u043b\u044c\u0442\u0438\u0432\u0438\u0440\u0443\u0435\u043c\u043e\u0435 \u043a\u0430\u043a \u043f\u0438\u0449\u0435\u0432\u043e\u0435 \u0438 \u043a\u043e\u0440\u043c\u043e\u0432\u043e\u0435 \u0440\u0430\u0441\u0442\u0435\u043d\u0438\u0435. \u0411\u043e\u0431\u044b \u043f\u0440\u043e\u0438\u0441\u0445\u043e\u0434\u044f\u0442 \u0438\u0437 \u0421\u0440\u0435\u0434\u0438\u0437\u0435\u043c\u043d\u043e\u043c\u043e\u0440\u044c\u044f \u0438 \u042e\u0433\u043e-\u0417\u0430\u043f\u0430\u0434\u043d\u043e\u0439 \u0410\u0437\u0438\u0438, \u0432\u043a\u043b\u044e\u0447\u0430\u044f \u0422\u0443\u0440\u0446\u0438\u044e. \u041e\u043d \u0438\u0441\u043f\u043e\u043b\u044c\u0437\u0443\u0435\u0442\u0441\u044f \u0432 \u043a\u0430\u0447\u0435\u0441\u0442\u0432\u0435 \u043e\u0441\u043d\u043e\u0432\u043d\u043e\u0433\u043e \u0438\u0441\u0442\u043e\u0447\u043d\u0438\u043a\u0430 \u0431\u0435\u043b\u043a\u0430 \u0431\u0435\u0434\u043d\u044f\u043a\u0430\u043c\u0438 \u0432 \u043d\u0435\u043a\u043e\u0442\u043e\u0440\u044b\u0445 \u0430\u0437\u0438\u0430\u0442\u0441\u043a\u0438\u0445 \u0438 \u0441\u0440\u0435\u0434\u0438\u0437\u0435\u043c\u043d\u043e\u043c\u043e\u0440\u0441\u043a\u0438\u0445 \u0441\u0442\u0440\u0430\u043d\u0430\u0445, \u0442\u0430\u043a\u0438\u0445 \u043a\u0430\u043a \u0415\u0433\u0438\u043f\u0435\u0442. \u0428\u0438\u0440\u043e\u043a\u043e \u043f\u0440\u043e\u0438\u0437\u0432\u043e\u0434\u0438\u0442\u0441\u044f \u0432 \u0415\u0433\u0438\u043f\u0442\u0435, \u041c\u0430\u0440\u043e\u043a\u043a\u043e, \u0418\u0441\u043f\u0430\u043d\u0438\u0438, \u0418\u0442\u0430\u043b\u0438\u0438, \u0422\u0443\u0440\u0446\u0438\u0438, \u0410\u0437\u0438\u0438 \u0438 \u041a\u0438\u0442\u0430\u0435.<\/p>\n<p><strong>\u041a\u0430\u043a \u0432\u044b\u0440\u0430\u0449\u0438\u0432\u0430\u044e\u0442 \u0431\u043e\u0431\u044b?<\/strong><\/p>\n<p>\u0412\u044b\u0440\u0430\u0449\u0438\u0432\u0430\u043d\u0438\u0435 \u043a\u043e\u0440\u043c\u043e\u0432\u043e\u0439 \u0444\u0430\u0441\u043e\u043b\u0438, \u0440\u0430\u0441\u0442\u0435\u043d\u0438\u044f \u0443\u043c\u0435\u0440\u0435\u043d\u043d\u043e\u0433\u043e \u043a\u043b\u0438\u043c\u0430\u0442\u0430, \u0432 \u0422\u0443\u0440\u0446\u0438\u0438 \u0432 \u043e\u0441\u043d\u043e\u0432\u043d\u043e\u043c \u043f\u0440\u043e\u0438\u0437\u0432\u043e\u0434\u0438\u0442\u0441\u044f \u0437\u0438\u043c\u043e\u0439, \u0430 \u0432\u0435\u0441\u043d\u043e\u0439 \u0435\u0435 \u0443\u043f\u043e\u0442\u0440\u0435\u0431\u043b\u044f\u044e\u0442 \u0432 \u0441\u0432\u0435\u0436\u0435\u043c \u0432\u0438\u0434\u0435. \u042d\u0442\u043e \u0444\u0430\u0432\u043e\u0440\u0438\u0442 \u0444\u0435\u0440\u043c\u0435\u0440\u043e\u0432 \u0438\u0437-\u0437\u0430 \u0442\u043e\u0433\u043e, \u0447\u0442\u043e \u043d\u0435\u0431\u043e\u043b\u044c\u0448\u0438\u0435 \u043a\u043b\u0443\u0431\u043d\u0438, \u043e\u0431\u0440\u0430\u0437\u0443\u044e\u0449\u0438\u0435\u0441\u044f \u043d\u0430 \u0435\u0433\u043e \u043a\u043e\u0440\u043d\u044f\u0445, \u0432\u043d\u043e\u0441\u044f\u0442 \u0430\u0437\u043e\u0442 \u0432 \u043f\u043e\u0447\u0432\u0443. \u0415\u0433\u043e \u0432\u044b\u0441\u0430\u0436\u0438\u0432\u0430\u044e\u0442 \u043f\u043e\u043f\u0435\u0440\u0435\u043c\u0435\u043d\u043d\u043e \u0441\u043e \u0437\u043b\u0430\u043a\u0430\u043c\u0438 \u0438\u043b\u0438 \u043b\u0435\u0442\u043d\u0438\u043c\u0438 \u043e\u0432\u043e\u0449\u0430\u043c\u0438. \u0415\u0433\u043e \u0432\u044b\u0440\u0430\u0449\u0438\u0432\u0430\u044e\u0442 \u043a\u0430\u043a \u0437\u0435\u043b\u0435\u043d\u043e\u0435 \u0443\u0434\u043e\u0431\u0440\u0435\u043d\u0438\u0435 \u043f\u0443\u0442\u0435\u043c \u0432\u0441\u043f\u0430\u0448\u043a\u0438 \u0434\u043e \u0446\u0432\u0435\u0442\u0435\u043d\u0438\u044f \u0438 \u043a\u0430\u043a \u043a\u043e\u0440\u043c \u0434\u043b\u044f \u0436\u0438\u0432\u043e\u0442\u043d\u044b\u0445 \u043f\u043e\u0441\u043b\u0435 \u0441\u0431\u043e\u0440\u0430 \u0443\u0440\u043e\u0436\u0430\u044f. \u0421\u0442\u0440\u0443\u0447\u043a\u0438 \u043e\u0431\u044b\u0447\u043d\u043e \u0438\u043c\u0435\u044e\u0442 \u0441\u043b\u043e\u0436\u043d\u044b\u0435 \u043b\u0438\u0441\u0442\u044c\u044f \u0438 \u0431\u0435\u043b\u044b\u0435 \u0446\u0432\u0435\u0442\u044b \u043d\u0430 \u0434\u043b\u0438\u043d\u043d\u043e\u043c, \u043f\u043e\u043b\u043e\u043c \u0438 \u0443\u0433\u043b\u043e\u0432\u0430\u0442\u043e\u043c \u0441\u0442\u0435\u0431\u043b\u0435. \u0418\u0437 \u044d\u0442\u0438\u0445 \u0441\u0430\u043c\u043e\u043e\u043f\u044b\u043b\u044f\u044e\u0449\u0438\u0445\u0441\u044f \u0446\u0432\u0435\u0442\u043a\u043e\u0432 \u043e\u0431\u0440\u0430\u0437\u0443\u044e\u0442\u0441\u044f \u043f\u043b\u043e\u0434\u044b \u0440\u0430\u0441\u0442\u0435\u043d\u0438\u044f, \u043d\u0430\u0437\u044b\u0432\u0430\u0435\u043c\u043e\u0433\u043e \u0441\u0442\u0440\u0443\u0447\u043a\u0430\u043c\u0438 \u0438\u043b\u0438 \u0431\u0430\u0434\u0438\u0447\u0435\u043c. \u041a\u0430\u0436\u0434\u044b\u0439 \u0441\u0442\u0440\u0443\u0447\u043e\u043a \u0441\u043e\u0434\u0435\u0440\u0436\u0438\u0442 8-10 \u0441\u0435\u043c\u044f\u043d, \u0442\u0430\u043a\u0436\u0435 \u043d\u0430\u0437\u044b\u0432\u0430\u0435\u043c\u044b\u0445 \u00ab\u0441\u0442\u0440\u0443\u0447\u043a\u0430\u043c\u0438 \u0444\u0430\u0441\u043e\u043b\u0438\u00bb \u0438\u043b\u0438 \u00ab\u0432\u043d\u0443\u0442\u0440\u0438 \u0431\u043e\u0431\u043e\u0432\u00bb.<\/p>\n<p><strong>\u041f\u0438\u0449\u0435\u0432\u0430\u044f \u0446\u0435\u043d\u043d\u043e\u0441\u0442\u044c \u0441\u0442\u0440\u0443\u0447\u043a\u043e\u0432\u043e\u0439 \u0444\u0430\u0441\u043e\u043b\u0438<\/strong><\/p>\n<p>\u0431\u043e\u0431\u044b; \u041e\u043d \u0441\u043e\u0434\u0435\u0440\u0436\u0438\u0442 \u0446\u0438\u043d\u043a, \u043c\u0430\u0440\u0433\u0430\u043d\u0435\u0446, \u043c\u0430\u0433\u043d\u0438\u0439, \u0444\u043e\u0441\u0444\u043e\u0440, \u043c\u0435\u0434\u044c, \u0436\u0435\u043b\u0435\u0437\u043e, \u043a\u0430\u043b\u0438\u0439, \u0441\u0435\u043b\u0435\u043d, \u043c\u0438\u043d\u0435\u0440\u0430\u043b\u044b \u043a\u0430\u043b\u044c\u0446\u0438\u044f, \u0442\u0438\u0430\u043c\u0438\u043d (\u0432\u0438\u0442\u0430\u043c\u0438\u043d \u04121), \u0444\u043e\u043b\u0438\u0435\u0432\u0443\u044e \u043a\u0438\u0441\u043b\u043e\u0442\u0443 (\u0432\u0438\u0442\u0430\u043c\u0438\u043d \u04129) \u0438 \u043f\u043e\u0447\u0442\u0438 \u0432\u0441\u0435 \u0432\u0438\u0442\u0430\u043c\u0438\u043d\u044b \u0433\u0440\u0443\u043f\u043f\u044b \u0412. 100 \u0433\u0440\u0430\u043c\u043c \u0432\u0430\u0440\u0435\u043d\u043e\u0439 \u0441\u0442\u0440\u0443\u0447\u043a\u043e\u0432\u043e\u0439 \u0444\u0430\u0441\u043e\u043b\u0438; \u041e\u043d \u0441\u043e\u0434\u0435\u0440\u0436\u0438\u0442 \u043e\u043a\u043e\u043b\u043e 8 \u0433\u0440\u0430\u043c\u043c\u043e\u0432 \u0431\u0435\u043b\u043a\u0430, 5 \u0433\u0440\u0430\u043c\u043c\u043e\u0432 \u043a\u043b\u0435\u0442\u0447\u0430\u0442\u043a\u0438 \u0438 \u0441\u043e\u0441\u0442\u0430\u0432\u043b\u044f\u0435\u0442 110 \u043a\u0430\u043b\u043e\u0440\u0438\u0439. \u041a\u0440\u043e\u043c\u0435 \u0442\u043e\u0433\u043e, \u0431\u043e\u0431\u044b \u0441\u043e\u0434\u0435\u0440\u0436\u0430\u0442 \u043c\u043d\u043e\u0433\u043e \u0430\u0437\u043e\u0442\u0430 \u0438 \u043a\u0440\u0430\u0445\u043c\u0430\u043b\u0430.<\/p>\n<p><strong>\u041f\u043e\u043b\u044c\u0437\u0430 \u0444\u0430\u0441\u043e\u043b\u0438<\/strong><\/p>\n<p>\u062a\u0633\u0627\u0639\u062f \u0623\u0646\u0648\u0627\u0639 \u0627\u0644\u0641\u0627\u0635\u0648\u0644\u064a\u0627 \u0627\u0644\u0639\u0631\u064a\u0636\u0629 \u060c \u062e\u0627\u0635\u0629 \u0645\u0639 \u0645\u062d\u062a\u0648\u0627\u0647\u0627 \u0645\u0646 \u0627\u0644\u0623\u0644\u064a\u0627\u0641 \u060c \u0639\u0644\u0649 \u062a\u0633\u0631\u064a\u0639 \u0639\u0645\u0644\u064a\u0629 \u0627\u0644\u062a\u0645\u062b\u064a\u0644 \u0627\u0644\u063a\u0630\u0627\u0626\u064a \u0648\u0641\u0642\u062f\u0627\u0646 \u0627\u0644\u0648\u0632\u0646. \u064a\u0633\u0627\u0639\u062f \u0625\u0641\u0633\u0627\u062d \u0627\u0644\u0645\u062c\u0627\u0644 \u0644\u0644\u0641\u0627\u0635\u0648\u0644\u064a\u0627 \u0627\u0644\u0639\u0631\u064a\u0636\u0629 \u0641\u064a \u0646\u0638\u0627\u0645\u0643 \u0627\u0644\u063a\u0630\u0627\u0626\u064a \u0639\u0644\u0649 \u062a\u0642\u0648\u064a\u0629 \u062c\u0647\u0627\u0632 \u0627\u0644\u0645\u0646\u0627\u0639\u0629 \u0644\u062f\u064a\u0643. \u064a\u062e\u0641\u0636 \u0645\u0633\u062a\u0648\u0649 \u0627\u0644\u0643\u0648\u0644\u0633\u062a\u0631\u0648\u0644 \u0627\u0644\u0633\u064a\u0626 \u0641\u064a \u0627\u0644\u062c\u0633\u0645. \u064a\u0646\u0638\u0645 \u0627\u0644\u0641\u0627\u0635\u0648\u0644\u064a\u0627 \u0646\u0633\u0628\u0629 \u0627\u0644\u0633\u0643\u0631 \u0641\u064a \u0627\u0644\u062f\u0645 \u0645\u0639 \u0627\u0644\u0623\u0646\u0633\u0648\u0644\u064a\u0646 \u0627\u0644\u0630\u064a \u064a\u062d\u062a\u0648\u064a \u0639\u0644\u064a\u0647. \u064a\u062e\u0641\u0641 \u0622\u0644\u0627\u0645 \u0627\u0644\u0643\u0644\u0649 \u060c \u0648\u064a\u0633\u0627\u0639\u062f \u0639\u0644\u0649 \u0627\u0644\u062a\u062e\u0644\u0635 \u0645\u0646 \u062d\u0635\u0649 \u0648\u062d\u0635\u0649 \u0627\u0644\u0643\u0644\u0649. \u0648\u0647\u0648 \u0645\u0641\u064a\u062f \u0644\u0623\u0645\u0631\u0627\u0636 \u0627\u0644\u0635\u062f\u0631 \u0648\u0627\u0644\u0633\u0639\u0627\u0644. \u064a\u062e\u0641\u0641 \u0622\u0644\u0627\u0645 \u0627\u0644\u0638\u0647\u0631 \u0648\u0627\u0644\u0631\u0648\u0645\u0627\u062a\u064a\u0632\u0645 \u0648\u0639\u0631\u0642 \u0627\u0644\u0646\u0633\u0627 \u0648\u0627\u0644\u062a\u0634\u0627\u0628\u0643.<\/p>\n\n\t\t<\/div>\n\t<\/div>\n<\/div><\/div><\/div><\/div><\/div>","protected":false},"excerpt":{"rendered":"Bakla, baklagiller familyas\u0131na ad\u0131n\u0131 veren, g\u0131da ve yem bitkisi olarak tar\u0131m\u0131 yap\u0131lan tek y\u0131ll\u0131k bir bitkidir. Bakla, Akdeniz ve T\u00fcrkiye'nin de i\u00e7inde yer ald\u0131\u011f\u0131 g\u00fcneybat\u0131 Asya k\u00f6kenlidir. M\u0131s\u0131r gibi baz\u0131 Asya ve Akdeniz \u00fclkelerinde yoksullar\u0131n temel protein kayna\u011f\u0131 olarak kullan\u0131l\u0131r. M\u0131s\u0131r, Fas, \u0130spanya, \u0130talya, T\u00fcrkiye, Asya ve \u00c7in'de yayg\u0131n olarak \u00fcretilmektedir. Bakla nas\u0131l yeti\u015ftirilir? Il\u0131man [...]","protected":false},"author":1,"featured_media":0,"parent":0,"menu_order":0,"comment_status":"closed","ping_status":"closed","template":"","meta":{"_mi_skip_tracking":false},"yoast_head":"<!-- This site is optimized with the Yoast SEO Premium plugin v17.7 (Yoast SEO v17.7) - https:\/\/yoast.com\/wordpress\/plugins\/seo\/ -->\n<title>Bakla - Sade \u00d6nc\u00fc Bakliyat<\/title>\n<meta name=\"robots\" content=\"index, follow, max-snippet:-1, max-image-preview:large, max-video-preview:-1\" \/>\n<link rel=\"canonical\" href=\"https:\/\/sadeoncubakliyat.com\/ru\/bakla\/\" \/>\n<meta property=\"og:locale\" content=\"ru_RU\" \/>\n<meta property=\"og:type\" content=\"article\" \/>\n<meta property=\"og:title\" content=\"Bakla\" \/>\n<meta property=\"og:url\" content=\"https:\/\/sadeoncubakliyat.com\/ru\/bakla\/\" \/>\n<meta property=\"og:site_name\" content=\"Sade \u00d6nc\u00fc Bakliyat\" \/>\n<meta property=\"article:modified_time\" content=\"2022-01-08T07:55:04+00:00\" \/>\n<meta property=\"og:image\" content=\"https:\/\/sadeoncubakliyat.com\/tr\/wp-content\/uploads\/2021\/12\/bakla-2-300x300.jpg\" \/>\n<meta name=\"twitter:card\" content=\"summary\" \/>\n<meta name=\"twitter:label1\" content=\"\u041f\u0440\u0438\u043c\u0435\u0440\u043d\u043e\u0435 \u0432\u0440\u0435\u043c\u044f \u0434\u043b\u044f \u0447\u0442\u0435\u043d\u0438\u044f\" \/>\n\t<meta name=\"twitter:data1\" content=\"2 \u043c\u0438\u043d\u0443\u0442\u044b\" \/>\n<script type=\"application\/ld+json\" class=\"yoast-schema-graph\">{\"@context\":\"https:\/\/schema.org\",\"@graph\":[{\"@type\":\"Organization\",\"@id\":\"https:\/\/sadeoncubakliyat.com\/#organization\",\"name\":\"Sade \\u00d6nc\\u00fc Bakliyat\",\"url\":\"https:\/\/sadeoncubakliyat.com\/\",\"sameAs\":[],\"logo\":{\"@type\":\"ImageObject\",\"@id\":\"https:\/\/sadeoncubakliyat.com\/#logo\",\"inLanguage\":\"ru-RU\",\"url\":\"https:\/\/sadeoncubakliyat.com\/wp-content\/uploads\/2021\/12\/sade_oncu_bakliyat_logo-3.png\",\"contentUrl\":\"https:\/\/sadeoncubakliyat.com\/wp-content\/uploads\/2021\/12\/sade_oncu_bakliyat_logo-3.png\",\"width\":512,\"height\":512,\"caption\":\"Sade \\u00d6nc\\u00fc Bakliyat\"},\"image\":{\"@id\":\"https:\/\/sadeoncubakliyat.com\/#logo\"}},{\"@type\":\"WebSite\",\"@id\":\"https:\/\/sadeoncubakliyat.com\/#website\",\"url\":\"https:\/\/sadeoncubakliyat.com\/\",\"name\":\"Sade \\u00d6nc\\u00fc Bakliyat\",\"description\":\"Kalitede ve Sadelikte \\u00d6nc\\u00fc\",\"publisher\":{\"@id\":\"https:\/\/sadeoncubakliyat.com\/#organization\"},\"potentialAction\":[{\"@type\":\"SearchAction\",\"target\":{\"@type\":\"EntryPoint\",\"urlTemplate\":\"https:\/\/sadeoncubakliyat.com\/?s={search_term_string}\"},\"query-input\":\"required name=search_term_string\"}],\"inLanguage\":\"ru-RU\"},{\"@type\":\"ImageObject\",\"@id\":\"https:\/\/sadeoncubakliyat.com\/bakla\/#primaryimage\",\"inLanguage\":\"ru-RU\",\"url\":\"https:\/\/sadeoncubakliyat.com\/tr\/wp-content\/uploads\/2021\/12\/bakla-2-300x300.jpg\",\"contentUrl\":\"https:\/\/sadeoncubakliyat.com\/tr\/wp-content\/uploads\/2021\/12\/bakla-2-300x300.jpg\"},{\"@type\":\"WebPage\",\"@id\":\"https:\/\/sadeoncubakliyat.com\/bakla\/#webpage\",\"url\":\"https:\/\/sadeoncubakliyat.com\/bakla\/\",\"name\":\"Bakla - Sade \\u00d6nc\\u00fc Bakliyat\",\"isPartOf\":{\"@id\":\"https:\/\/sadeoncubakliyat.com\/#website\"},\"primaryImageOfPage\":{\"@id\":\"https:\/\/sadeoncubakliyat.com\/bakla\/#primaryimage\"},\"datePublished\":\"2022-01-03T16:13:29+00:00\",\"dateModified\":\"2022-01-08T07:55:04+00:00\",\"breadcrumb\":{\"@id\":\"https:\/\/sadeoncubakliyat.com\/bakla\/#breadcrumb\"},\"inLanguage\":\"ru-RU\",\"potentialAction\":[{\"@type\":\"ReadAction\",\"target\":[\"https:\/\/sadeoncubakliyat.com\/bakla\/\"]}]},{\"@type\":\"BreadcrumbList\",\"@id\":\"https:\/\/sadeoncubakliyat.com\/bakla\/#breadcrumb\",\"itemListElement\":[{\"@type\":\"ListItem\",\"position\":1,\"name\":\"Anasayfa\",\"item\":\"https:\/\/sadeoncubakliyat.com\/\"},{\"@type\":\"ListItem\",\"position\":2,\"name\":\"Bakla\"}]}]}<\/script>\n<!-- \/ Yoast SEO Premium plugin. -->","yoast_head_json":{"title":"Bakla - Sade \u00d6nc\u00fc Bakliyat","robots":{"index":"index","follow":"follow","max-snippet":"max-snippet:-1","max-image-preview":"max-image-preview:large","max-video-preview":"max-video-preview:-1"},"canonical":"https:\/\/sadeoncubakliyat.com\/ru\/bakla\/","og_locale":"ru_RU","og_type":"article","og_title":"Bakla","og_url":"https:\/\/sadeoncubakliyat.com\/ru\/bakla\/","og_site_name":"Sade \u00d6nc\u00fc Bakliyat","article_modified_time":"2022-01-08T07:55:04+00:00","og_image":[{"url":"https:\/\/sadeoncubakliyat.com\/tr\/wp-content\/uploads\/2021\/12\/bakla-2-300x300.jpg"}],"twitter_card":"summary","twitter_misc":{"\u041f\u0440\u0438\u043c\u0435\u0440\u043d\u043e\u0435 \u0432\u0440\u0435\u043c\u044f \u0434\u043b\u044f \u0447\u0442\u0435\u043d\u0438\u044f":"2 \u043c\u0438\u043d\u0443\u0442\u044b"},"schema":{"@context":"https:\/\/schema.org","@graph":[{"@type":"Organization","@id":"https:\/\/sadeoncubakliyat.com\/#organization","name":"Sade \u00d6nc\u00fc Bakliyat","url":"https:\/\/sadeoncubakliyat.com\/","sameAs":[],"logo":{"@type":"ImageObject","@id":"https:\/\/sadeoncubakliyat.com\/#logo","inLanguage":"ru-RU","url":"https:\/\/sadeoncubakliyat.com\/wp-content\/uploads\/2021\/12\/sade_oncu_bakliyat_logo-3.png","contentUrl":"https:\/\/sadeoncubakliyat.com\/wp-content\/uploads\/2021\/12\/sade_oncu_bakliyat_logo-3.png","width":512,"height":512,"caption":"Sade \u00d6nc\u00fc Bakliyat"},"image":{"@id":"https:\/\/sadeoncubakliyat.com\/#logo"}},{"@type":"WebSite","@id":"https:\/\/sadeoncubakliyat.com\/#website","url":"https:\/\/sadeoncubakliyat.com\/","name":"Sade \u00d6nc\u00fc Bakliyat","description":"Kalitede ve Sadelikte \u00d6nc\u00fc","publisher":{"@id":"https:\/\/sadeoncubakliyat.com\/#organization"},"potentialAction":[{"@type":"SearchAction","target":{"@type":"EntryPoint","urlTemplate":"https:\/\/sadeoncubakliyat.com\/?s={search_term_string}"},"query-input":"required name=search_term_string"}],"inLanguage":"ru-RU"},{"@type":"ImageObject","@id":"https:\/\/sadeoncubakliyat.com\/bakla\/#primaryimage","inLanguage":"ru-RU","url":"https:\/\/sadeoncubakliyat.com\/tr\/wp-content\/uploads\/2021\/12\/bakla-2-300x300.jpg","contentUrl":"https:\/\/sadeoncubakliyat.com\/tr\/wp-content\/uploads\/2021\/12\/bakla-2-300x300.jpg"},{"@type":"WebPage","@id":"https:\/\/sadeoncubakliyat.com\/bakla\/#webpage","url":"https:\/\/sadeoncubakliyat.com\/bakla\/","name":"Bakla - Sade \u00d6nc\u00fc Bakliyat","isPartOf":{"@id":"https:\/\/sadeoncubakliyat.com\/#website"},"primaryImageOfPage":{"@id":"https:\/\/sadeoncubakliyat.com\/bakla\/#primaryimage"},"datePublished":"2022-01-03T16:13:29+00:00","dateModified":"2022-01-08T07:55:04+00:00","breadcrumb":{"@id":"https:\/\/sadeoncubakliyat.com\/bakla\/#breadcrumb"},"inLanguage":"ru-RU","potentialAction":[{"@type":"ReadAction","target":["https:\/\/sadeoncubakliyat.com\/bakla\/"]}]},{"@type":"BreadcrumbList","@id":"https:\/\/sadeoncubakliyat.com\/bakla\/#breadcrumb","itemListElement":[{"@type":"ListItem","position":1,"name":"Anasayfa","item":"https:\/\/sadeoncubakliyat.com\/"},{"@type":"ListItem","position":2,"name":"Bakla"}]}]}},"_links":{"self":[{"href":"https:\/\/sadeoncubakliyat.com\/ru\/wp-json\/wp\/v2\/pages\/1108"}],"collection":[{"href":"https:\/\/sadeoncubakliyat.com\/ru\/wp-json\/wp\/v2\/pages"}],"about":[{"href":"https:\/\/sadeoncubakliyat.com\/ru\/wp-json\/wp\/v2\/types\/page"}],"author":[{"embeddable":true,"href":"https:\/\/sadeoncubakliyat.com\/ru\/wp-json\/wp\/v2\/users\/1"}],"replies":[{"embeddable":true,"href":"https:\/\/sadeoncubakliyat.com\/ru\/wp-json\/wp\/v2\/comments?post=1108"}],"version-history":[{"count":3,"href":"https:\/\/sadeoncubakliyat.com\/ru\/wp-json\/wp\/v2\/pages\/1108\/revisions"}],"predecessor-version":[{"id":1204,"href":"https:\/\/sadeoncubakliyat.com\/ru\/wp-json\/wp\/v2\/pages\/1108\/revisions\/1204"}],"wp:attachment":[{"href":"https:\/\/sadeoncubakliyat.com\/ru\/wp-json\/wp\/v2\/media?parent=1108"}],"curies":[{"name":"wp","href":"https:\/\/api.w.org\/{rel}","templated":true}]}}